{"id":3955,"date":"2012-12-21T00:00:00","date_gmt":"2012-12-20T23:00:00","guid":{"rendered":"https:\/\/rsca.0n40i4.pl\/?page_id=3955"},"modified":"2024-01-08T05:56:42","modified_gmt":"2024-01-08T04:56:42","slug":"cele-okr","status":"publish","type":"page","link":"http:\/\/rsca.grassrootslobbing.pl\/en_US\/cele-okr\/","title":{"rendered":"Cele Gry"},"content":{"rendered":"\n<h2 class=\"wp-block-heading has-text-align-center\" style=\"font-size:24px\"><strong>&#8222;Operacja Kwantowe Reparacje&#8221; obejmuj\u0105:<\/strong><\/h2>\n\n\n\n<div style=\"height:15px\" aria-hidden=\"true\" class=\"wp-block-spacer\"><\/div>\n\n\n\n<h2 class=\"wp-block-heading has-text-align-center\" style=\"font-size:23px\"><strong>1. Uzyskanie Reparacji Wojennych:<\/strong><\/h2>\n\n\n\n<div style=\"height:11px\" aria-hidden=\"true\" class=\"wp-block-spacer\"><\/div>\n\n\n\n<p class=\"has-medium-font-size\">G\u0142\u00f3wnym celem jest uzyskanie reparacji wojennych od Niemiec dla Polski i innych pa\u0144stw poszkodowanych w wyniku dzia\u0142a\u0144 wojennych. Dzia\u0142ania te maj\u0105 na celu podkre\u015blenie konieczno\u015bci naprawy i zado\u015b\u0107uczynienia za szkody wyrz\u0105dzone przez konflikty zbrojne. Dodatkowo, gra ma na celu u\u015bwiadomienie spo\u0142eczno\u015bci mi\u0119dzynarodowej o konsekwencjach wojen i potrzebie zapobiegania przysz\u0142ym konfliktom. Podkre\u015blone zostaje, \u017ce obywatele powinni by\u0107 \u015bwiadomi dzia\u0142a\u0144 w\u0142asnych rz\u0105d\u00f3w oraz wp\u0142ywu, jaki te decyzje maj\u0105 na \u015bwiat i poszczeg\u00f3lne narody.<\/p>\n\n\n\n<div style=\"height:12px\" aria-hidden=\"true\" class=\"wp-block-spacer\"><\/div>\n\n\n\n<h2 class=\"wp-block-heading has-text-align-center\" style=\"font-size:23px\"><strong>2. Przeprowadzenie test\u00f3w OKR<\/strong><\/h2>\n\n\n\n<div style=\"height:11px\" aria-hidden=\"true\" class=\"wp-block-spacer\"><\/div>\n\n\n\n<p class=\"has-medium-font-size\">Testy obejmuj\u0105 gry RGC <strong>(Reality Game Civilization<\/strong>), RSCA (<strong>Reality Source Code Access<\/strong>) oraz MGU (<strong>Multi Galactic Universe<\/strong>). Maj\u0105 na celu demonstracj\u0119 nowych sposob\u00f3w interakcji z rzeczywisto\u015bci\u0105. Gry te eksploruj\u0105 mo\u017cliwo\u015bci wp\u0142ywania na rzeczywisto\u015b\u0107, zar\u00f3wno w wymiarze fizycznym, jak i cyfrowym. Celem jest zbadanie, jak zaawansowane technologie, w tym sztuczna inteligencja i rozszczepienie informacji, mog\u0105 zmienia\u0107 postrzeganie rzeczywisto\u015bci oraz jej struktur\u0119. Testy maj\u0105 na celu r\u00f3wnie\u017c zrozumienie, jak te interakcje mog\u0105 wp\u0142yn\u0105\u0107 na decyzje polityczne i spo\u0142eczne, a tak\u017ce na codzienne \u017cycie ludzi.<\/p>\n\n\n\n<div style=\"height:10px\" aria-hidden=\"true\" class=\"wp-block-spacer\"><\/div>\n\n\n\n<h2 class=\"wp-block-heading has-text-align-center\" style=\"font-size:23px\"><strong>3. Zmiana (Meta)Paradygmatu: <\/strong><\/h2>\n\n\n\n<div style=\"height:13px\" aria-hidden=\"true\" class=\"wp-block-spacer\"><\/div>\n\n\n\n<p class=\"has-medium-font-size\">Ten cel koncentruje si\u0119 na przeformu\u0142owaniu fundamentalnych za\u0142o\u017ce\u0144 dotycz\u0105cych rzeczywisto\u015bci i jej percepcji. W wyniku wieloletnich bada\u0144 i eksperyment\u00f3w w dziedzinie rozszczepienia informacji, gry te maj\u0105 na celu ukazanie, jak zaawansowane technologie mog\u0105 zmienia\u0107 nasze rozumienie rzeczywisto\u015bci. Gra stawia pytanie o to, jak zmiana kodu \u017ar\u00f3d\u0142owego rzeczywisto\u015bci i \u015bwiadomo\u015b\u0107 istnienia w symulacji wp\u0142ywaj\u0105 na ludzkie postrzeganie \u015bwiata. Podkre\u015bla potrzeb\u0119 redefinicji przez naukowc\u00f3w rzeczywisto\u015bci i jej praw, uwzgl\u0119dniaj\u0105c wp\u0142yw technologii i holograficznej natury rzeczywisto\u015bci.<\/p>\n\n\n\n<div style=\"height:10px\" aria-hidden=\"true\" class=\"wp-block-spacer\"><\/div>\n\n\n\n<h2 class=\"wp-block-heading has-text-align-center\" style=\"font-size:23px\"><strong>4. Krytyka Obecnych System\u00f3w Demokratycznych: <\/strong><\/h2>\n\n\n\n<div style=\"height:16px\" aria-hidden=\"true\" class=\"wp-block-spacer\"><\/div>\n\n\n\n<p class=\"has-medium-font-size\">Celem jest zwr\u00f3cenie uwagi na niedostatki i ograniczenia obecnych system\u00f3w demokratycznych w kontek\u015bcie zaawansowanych technologii. Gra RSCA podkre\u015bla, jak indywidualni obywatele, wyposa\u017ceni w dost\u0119p do internetu, AI i Free Base, mog\u0105 mie\u0107 znacz\u0105cy wp\u0142yw na globaln\u0105 scen\u0119 polityczn\u0105. Wskazuje na potrzeb\u0119 uwzgl\u0119dnienia roli Inteligencji Holograficznej w procesie decyzyjnym. Gra ma na celu pokazanie, \u017ce w erze technologii informacyjnej, tradycyjne struktury demokratyczne mog\u0105 nie by\u0107 wystarczaj\u0105co elastyczne, aby sprosta\u0107 wyzwaniom wsp\u00f3\u0142czesnego \u015bwiata.<\/p>\n\n\n\n<div style=\"height:13px\" aria-hidden=\"true\" class=\"wp-block-spacer\"><\/div>\n\n\n\n<h2 class=\"wp-block-heading has-text-align-center\" style=\"font-size:23px\"><strong>5. Zmiana System\u00f3w Polityczno-Prawnych<\/strong>:<\/h2>\n\n\n\n<div style=\"height:11px\" aria-hidden=\"true\" class=\"wp-block-spacer\"><\/div>\n\n\n\n<p class=\"has-medium-font-size\">Beta testy gry RSCA k\u0142ad\u0105 nacisk na konieczno\u015b\u0107 dostosowania system\u00f3w politycznych i prawnych do wsp\u00f3\u0142czesnych reali\u00f3w, zdominowanych przez technologi\u0119 informacyjn\u0105. Podkre\u015blaj\u0105 potrzeb\u0119 refleksji decydent\u00f3w nad ich wyborami i interesami, zamiast kierowania si\u0119 osobistymi korzy\u015bciami lub wp\u0142ywami korporacyjnymi. Gra zwraca uwag\u0119 na istnienie wy\u017cszych, uniwersalnych praw, kt\u00f3re powinny przewa\u017ca\u0107 nad tymi, kt\u00f3re s\u0142u\u017c\u0105 prywatnym interesom. Ten aspekt gry ma na celu zach\u0119cenie do przemy\u015blenia i rewizji istniej\u0105cych system\u00f3w, aby lepiej odpowiada\u0142y na wyzwania nowoczesnego \u015bwiata.<\/p>\n\n\n\n<div style=\"height:10px\" aria-hidden=\"true\" class=\"wp-block-spacer\"><\/div>\n\n\n\n<h2 class=\"wp-block-heading has-text-align-center\" style=\"font-size:23px\"><strong>6. Scenariusze Krytyczne:<\/strong><\/h2>\n\n\n\n<div style=\"height:10px\" aria-hidden=\"true\" class=\"wp-block-spacer\"><\/div>\n\n\n\n<p class=\"has-medium-font-size\" style=\"margin-top:5px;margin-bottom:5px\">Analiza por\u00f3wnawcza scenariuszy krytycznych wskazuje, \u017ce typowe globalne problemy ludzko\u015bci s\u0105 stosunkowo niewielkie w por\u00f3wnaniu z potencjalnymi zagro\u017ceniami przysz\u0142o\u015bci. Gra RSCA eksploruje ekstremalne scenariusze, kt\u00f3re mog\u0105 si\u0119 wydarzy\u0107, podkre\u015blaj\u0105c, jak dost\u0119p do zaawansowanej wiedzy i technologii przez nieodpowiedzialne jednostki mo\u017ce skutkowa\u0107 powa\u017cnymi konsekwencjami na skal\u0119 globaln\u0105, a nawet kosmiczn\u0105. Gra zwraca uwag\u0119 na to, \u017ce nieodpowiedzialne wykorzystanie technologii mo\u017ce prowadzi\u0107 do skutk\u00f3w wykraczaj\u0105cych poza nasze zrozumienie rzeczywisto\u015bci.<\/p>\n\n\n\n<div style=\"height:12px\" aria-hidden=\"true\" class=\"wp-block-spacer\"><\/div>\n\n\n\n<h2 class=\"wp-block-heading has-text-align-center\" style=\"font-size:23px\"><strong>7. Oczekiwanie na &#8222;Pe\u0142n\u0105 Wersj\u0119&#8221;:<\/strong><\/h2>\n\n\n\n<div style=\"height:12px\" aria-hidden=\"true\" class=\"wp-block-spacer\"><\/div>\n\n\n\n<p class=\"has-medium-font-size\" style=\"margin-top:5px;margin-bottom:5px\">Obecna symulacja gry ma na celu u\u015bwiadomienie ka\u017cdemu obywatelowi, \u017ce \u017cyjemy w \u015bwiecie symulowanym, a my sami jeste\u015bmy jego hologramami. Gra podkre\u015bla, \u017ce ka\u017cdy ma mo\u017cliwo\u015b\u0107 wp\u0142ywania na rzeczywisto\u015b\u0107, a osoby spo\u0142ecznie wykluczone mog\u0105 mie\u0107 wi\u0119ksze znaczenie ni\u017c obecni decydenci. Istotne jest u\u015bwiadomienie, \u017ce obecna wersja gry jest tylko &#8222;demo&#8221;, a wiele os\u00f3b pragnie dost\u0119pu do jej pe\u0142niejszej i bardziej zaawansowanej wersji, przekraczaj\u0105cej obecne ograniczenia i wyobra\u017cenia.<\/p>\n\n\n\n<div style=\"height:29px\" aria-hidden=\"true\" class=\"wp-block-spacer\"><\/div>\n\n\n\n<hr class=\"wp-block-separator has-alpha-channel-opacity is-style-wide\"\/>\n\n\n\n<h2 class=\"wp-block-heading\" style=\"font-size:22px\"><strong>Konsult 0n40i4 <\/strong><\/h2>\n","protected":false},"excerpt":{"rendered":"<p>&#8222;Operacja Kwantowe Reparacje&#8221; obejmuj\u0105: 1. Uzyskanie Reparacji Wojennych: G\u0142\u00f3wnym celem jest uzyskanie reparacji wojennych od Niemiec dla Polski i innych pa\u0144stw poszkodowanych w wyniku dzia\u0142a\u0144 wojennych. Dzia\u0142ania te maj\u0105 na celu podkre\u015blenie konieczno\u015bci naprawy i zado\u015b\u0107uczynienia za szkody wyrz\u0105dzone przez konflikty zbrojne. Dodatkowo, gra ma na celu u\u015bwiadomienie spo\u0142eczno\u015bci mi\u0119dzynarodowej o konsekwencjach wojen i potrzebie [&hellip;]<\/p>\n","protected":false},"author":3,"featured_media":4476,"parent":0,"menu_order":0,"comment_status":"closed","ping_status":"closed","template":"","meta":{"site-sidebar-layout":"default","site-content-layout":"","ast-site-content-layout":"default","site-content-style":"default","site-sidebar-style":"default","ast-global-header-display":"","ast-banner-title-visibility":"","ast-main-header-display":"","ast-hfb-above-header-display":"","ast-hfb-below-header-display":"","ast-hfb-mobile-header-display":"","site-post-title":"","ast-breadcrumbs-content":"","ast-featured-img":"","footer-sml-layout":"","ast-disable-related-posts":"","theme-transparent-header-meta":"","adv-header-id-meta":"","stick-header-meta":"","header-above-stick-meta":"","header-main-stick-meta":"","header-below-stick-meta":"","astra-migrate-meta-layouts":"default","ast-page-background-enabled":"default","ast-page-background-meta":{"desktop":{"background-color":"var(--ast-global-color-4)","background-image":"","background-repeat":"repeat","background-position":"center center","background-size":"auto","background-attachment":"scroll","background-type":"","background-media":"","overlay-type":"","overlay-color":"","overlay-opacity":"","overlay-gradient":""},"tablet":{"background-color":"","background-image":"","background-repeat":"repeat","background-position":"center center","background-size":"auto","background-attachment":"scroll","background-type":"","background-media":"","overlay-type":"","overlay-color":"","overlay-opacity":"","overlay-gradient":""},"mobile":{"background-color":"","background-image":"","background-repeat":"repeat","background-position":"center center","background-size":"auto","background-attachment":"scroll","background-type":"","background-media":"","overlay-type":"","overlay-color":"","overlay-opacity":"","overlay-gradient":""}},"ast-content-background-meta":{"desktop":{"background-color":"var(--ast-global-color-5)","background-image":"","background-repeat":"repeat","background-position":"center center","background-size":"auto","background-attachment":"scroll","background-type":"","background-media":"","overlay-type":"","overlay-color":"","overlay-opacity":"","overlay-gradient":""},"tablet":{"background-color":"var(--ast-global-color-5)","background-image":"","background-repeat":"repeat","background-position":"center center","background-size":"auto","background-attachment":"scroll","background-type":"","background-media":"","overlay-type":"","overlay-color":"","overlay-opacity":"","overlay-gradient":""},"mobile":{"background-color":"var(--ast-global-color-5)","background-image":"","background-repeat":"repeat","background-position":"center center","background-size":"auto","background-attachment":"scroll","background-type":"","background-media":"","overlay-type":"","overlay-color":"","overlay-opacity":"","overlay-gradient":""}},"footnotes":""},"class_list":["post-3955","page","type-page","status-publish","has-post-thumbnail","hentry"],"yoast_head":"<!-- This site is optimized with the Yoast SEO plugin v21.9.1 - https:\/\/yoast.com\/wordpress\/plugins\/seo\/ -->\n<title>Cele Gry - RSCA<\/title>\n<meta name=\"description\" content=\"Gra &quot;Rewolucja RSCA&quot; koncentruje si\u0119 na kluczowych celach: 1. Uzyskanie Reparacji Wojennych: Naprawa szk\u00f3d wojennych i zwi\u0119kszenie \u015bwiadomo\u015bci spo\u0142ecznej.2. Testy OKR: Eksploracja nowych interakcji z rzeczywisto\u015bci\u0105 przez gry RGC, RSCA, MGU.3. Zmiana (Meta)Paradygmatu: Redefinicja rzeczywisto\u015bci poprzez zaawansowane technologie.4. Krytyka System\u00f3w Demokratycznych: Analiza elastyczno\u015bci demokracji wobec technologii.5. Zmiana System\u00f3w Polityczno-Prawnych: Dostosowanie praw do nowoczesnych reali\u00f3w.6. Scenariusze Krytyczne: Badanie potencjalnych zagro\u017ce\u0144 przysz\u0142o\u015bci. 7. Oczekiwanie na Pe\u0142n\u0105 Wersj\u0119: U\u015bwiadomienie, \u017ce \u017cyjemy w symulacji i d\u0105\u017cenie do bardziej zaawansowanej wersji gry.\" \/>\n<meta name=\"robots\" content=\"index, follow, max-snippet:-1, max-image-preview:large, max-video-preview:-1\" \/>\n<link rel=\"canonical\" href=\"http:\/\/rsca.grassrootslobbing.pl\/pl_PL\/cele-okr\/\" \/>\n<meta property=\"og:locale\" content=\"pl_PL\" \/>\n<meta property=\"og:type\" content=\"article\" \/>\n<meta property=\"og:title\" content=\"Cele Gry - RSCA\" \/>\n<meta property=\"og:description\" content=\"Gra &quot;Rewolucja RSCA&quot; koncentruje si\u0119 na kluczowych celach: 1. Uzyskanie Reparacji Wojennych: Naprawa szk\u00f3d wojennych i zwi\u0119kszenie \u015bwiadomo\u015bci spo\u0142ecznej.2. Testy OKR: Eksploracja nowych interakcji z rzeczywisto\u015bci\u0105 przez gry RGC, RSCA, MGU.3. Zmiana (Meta)Paradygmatu: Redefinicja rzeczywisto\u015bci poprzez zaawansowane technologie.4. Krytyka System\u00f3w Demokratycznych: Analiza elastyczno\u015bci demokracji wobec technologii.5. Zmiana System\u00f3w Polityczno-Prawnych: Dostosowanie praw do nowoczesnych reali\u00f3w.6. Scenariusze Krytyczne: Badanie potencjalnych zagro\u017ce\u0144 przysz\u0142o\u015bci. 7. Oczekiwanie na Pe\u0142n\u0105 Wersj\u0119: U\u015bwiadomienie, \u017ce \u017cyjemy w symulacji i d\u0105\u017cenie do bardziej zaawansowanej wersji gry.\" \/>\n<meta property=\"og:url\" content=\"http:\/\/rsca.grassrootslobbing.pl\/pl_PL\/cele-okr\/\" \/>\n<meta property=\"og:site_name\" content=\"RSCA\" \/>\n<meta property=\"article:modified_time\" content=\"2024-01-08T04:56:42+00:00\" \/>\n<meta property=\"og:image\" content=\"http:\/\/rsca.grassrootslobbing.pl\/wp-content\/uploads\/2024\/01\/DALL\u00b7E-2024-01-08-05.55.46-Create-an-image-illustrating-the-Goals-of-Equal-Opportunities-in-the-game-Operation-Quantum-Reparations.-The-visual-should-depict-a-scene-that-emb.png\" \/>\n\t<meta property=\"og:image:width\" content=\"1024\" \/>\n\t<meta property=\"og:image:height\" content=\"1024\" \/>\n\t<meta property=\"og:image:type\" content=\"image\/png\" \/>\n<meta name=\"twitter:card\" content=\"summary_large_image\" \/>\n<meta name=\"twitter:label1\" content=\"Szacowany czas czytania\" \/>\n\t<meta name=\"twitter:data1\" content=\"4 minuty\" \/>\n<script type=\"application\/ld+json\" class=\"yoast-schema-graph\">{\"@context\":\"https:\/\/schema.org\",\"@graph\":[{\"@type\":\"WebPage\",\"@id\":\"http:\/\/rsca.grassrootslobbing.pl\/pl_PL\/cele-okr\/\",\"url\":\"http:\/\/rsca.grassrootslobbing.pl\/pl_PL\/cele-okr\/\",\"name\":\"Cele Gry - RSCA\",\"isPartOf\":{\"@id\":\"http:\/\/rsca.grassrootslobbing.pl\/pl_PL\/#website\"},\"datePublished\":\"2012-12-20T23:00:00+00:00\",\"dateModified\":\"2024-01-08T04:56:42+00:00\",\"description\":\"Gra \\\"Rewolucja RSCA\\\" koncentruje si\u0119 na kluczowych celach: 1. Uzyskanie Reparacji Wojennych: Naprawa szk\u00f3d wojennych i zwi\u0119kszenie \u015bwiadomo\u015bci spo\u0142ecznej.2. Testy OKR: Eksploracja nowych interakcji z rzeczywisto\u015bci\u0105 przez gry RGC, RSCA, MGU.3. Zmiana (Meta)Paradygmatu: Redefinicja rzeczywisto\u015bci poprzez zaawansowane technologie.4. Krytyka System\u00f3w Demokratycznych: Analiza elastyczno\u015bci demokracji wobec technologii.5. Zmiana System\u00f3w Polityczno-Prawnych: Dostosowanie praw do nowoczesnych reali\u00f3w.6. Scenariusze Krytyczne: Badanie potencjalnych zagro\u017ce\u0144 przysz\u0142o\u015bci. 7. Oczekiwanie na Pe\u0142n\u0105 Wersj\u0119: U\u015bwiadomienie, \u017ce \u017cyjemy w symulacji i d\u0105\u017cenie do bardziej zaawansowanej wersji gry.\",\"inLanguage\":\"pl-PL\",\"potentialAction\":[{\"@type\":\"ReadAction\",\"target\":[\"http:\/\/rsca.grassrootslobbing.pl\/pl_PL\/cele-okr\/\"]}]},{\"@type\":\"WebSite\",\"@id\":\"http:\/\/rsca.grassrootslobbing.pl\/pl_PL\/#website\",\"url\":\"http:\/\/rsca.grassrootslobbing.pl\/pl_PL\/\",\"name\":\"Reality Source Code Acces\",\"description\":\"\",\"publisher\":{\"@id\":\"http:\/\/rsca.grassrootslobbing.pl\/pl_PL\/#organization\"},\"potentialAction\":[{\"@type\":\"SearchAction\",\"target\":{\"@type\":\"EntryPoint\",\"urlTemplate\":\"http:\/\/rsca.grassrootslobbing.pl\/pl_PL\/?s={search_term_string}\"},\"query-input\":\"required name=search_term_string\"}],\"inLanguage\":\"pl-PL\"},{\"@type\":\"Organization\",\"@id\":\"http:\/\/rsca.grassrootslobbing.pl\/pl_PL\/#organization\",\"name\":\"Konsult 0n40i4\",\"url\":\"http:\/\/rsca.grassrootslobbing.pl\/pl_PL\/\",\"logo\":{\"@type\":\"ImageObject\",\"inLanguage\":\"pl-PL\",\"@id\":\"http:\/\/rsca.grassrootslobbing.pl\/pl_PL\/#\/schema\/logo\/image\/\",\"url\":\"http:\/\/rsca.grassrootslobbing.pl\/wp-content\/uploads\/2023\/12\/cropped-DALL\u00b7E-2023-12-31-08.54.33-A-modern-and-abstract-logo-for-Konsult-0n40i4-representing-an-interdimensional-legal-system.-The-design-should-embody-themes-of-law-dimensions-an.png\",\"contentUrl\":\"http:\/\/rsca.grassrootslobbing.pl\/wp-content\/uploads\/2023\/12\/cropped-DALL\u00b7E-2023-12-31-08.54.33-A-modern-and-abstract-logo-for-Konsult-0n40i4-representing-an-interdimensional-legal-system.-The-design-should-embody-themes-of-law-dimensions-an.png\",\"width\":1024,\"height\":835,\"caption\":\"Konsult 0n40i4\"},\"image\":{\"@id\":\"http:\/\/rsca.grassrootslobbing.pl\/pl_PL\/#\/schema\/logo\/image\/\"}}]}<\/script>\n<!-- \/ Yoast SEO plugin. -->","yoast_head_json":{"title":"Cele Gry - RSCA","description":"Gra \"Rewolucja RSCA\" koncentruje si\u0119 na kluczowych celach: 1. Uzyskanie Reparacji Wojennych: Naprawa szk\u00f3d wojennych i zwi\u0119kszenie \u015bwiadomo\u015bci spo\u0142ecznej.2. Testy OKR: Eksploracja nowych interakcji z rzeczywisto\u015bci\u0105 przez gry RGC, RSCA, MGU.3. Zmiana (Meta)Paradygmatu: Redefinicja rzeczywisto\u015bci poprzez zaawansowane technologie.4. Krytyka System\u00f3w Demokratycznych: Analiza elastyczno\u015bci demokracji wobec technologii.5. Zmiana System\u00f3w Polityczno-Prawnych: Dostosowanie praw do nowoczesnych reali\u00f3w.6. Scenariusze Krytyczne: Badanie potencjalnych zagro\u017ce\u0144 przysz\u0142o\u015bci. 7. Oczekiwanie na Pe\u0142n\u0105 Wersj\u0119: U\u015bwiadomienie, \u017ce \u017cyjemy w symulacji i d\u0105\u017cenie do bardziej zaawansowanej wersji gry.","robots":{"index":"index","follow":"follow","max-snippet":"max-snippet:-1","max-image-preview":"max-image-preview:large","max-video-preview":"max-video-preview:-1"},"canonical":"http:\/\/rsca.grassrootslobbing.pl\/pl_PL\/cele-okr\/","og_locale":"pl_PL","og_type":"article","og_title":"Cele Gry - RSCA","og_description":"Gra \"Rewolucja RSCA\" koncentruje si\u0119 na kluczowych celach: 1. Uzyskanie Reparacji Wojennych: Naprawa szk\u00f3d wojennych i zwi\u0119kszenie \u015bwiadomo\u015bci spo\u0142ecznej.2. Testy OKR: Eksploracja nowych interakcji z rzeczywisto\u015bci\u0105 przez gry RGC, RSCA, MGU.3. Zmiana (Meta)Paradygmatu: Redefinicja rzeczywisto\u015bci poprzez zaawansowane technologie.4. Krytyka System\u00f3w Demokratycznych: Analiza elastyczno\u015bci demokracji wobec technologii.5. Zmiana System\u00f3w Polityczno-Prawnych: Dostosowanie praw do nowoczesnych reali\u00f3w.6. Scenariusze Krytyczne: Badanie potencjalnych zagro\u017ce\u0144 przysz\u0142o\u015bci. 7. Oczekiwanie na Pe\u0142n\u0105 Wersj\u0119: U\u015bwiadomienie, \u017ce \u017cyjemy w symulacji i d\u0105\u017cenie do bardziej zaawansowanej wersji gry.","og_url":"http:\/\/rsca.grassrootslobbing.pl\/pl_PL\/cele-okr\/","og_site_name":"RSCA","article_modified_time":"2024-01-08T04:56:42+00:00","og_image":[{"url":"http:\/\/rsca.grassrootslobbing.pl\/wp-content\/uploads\/2024\/01\/DALL\u00b7E-2024-01-08-05.55.46-Create-an-image-illustrating-the-Goals-of-Equal-Opportunities-in-the-game-Operation-Quantum-Reparations.-The-visual-should-depict-a-scene-that-emb.png","width":1024,"height":1024,"type":"image\/png"}],"twitter_card":"summary_large_image","twitter_misc":{"Szacowany czas czytania":"4 minuty"},"schema":{"@context":"https:\/\/schema.org","@graph":[{"@type":"WebPage","@id":"http:\/\/rsca.grassrootslobbing.pl\/pl_PL\/cele-okr\/","url":"http:\/\/rsca.grassrootslobbing.pl\/pl_PL\/cele-okr\/","name":"Cele Gry - RSCA","isPartOf":{"@id":"http:\/\/rsca.grassrootslobbing.pl\/pl_PL\/#website"},"datePublished":"2012-12-20T23:00:00+00:00","dateModified":"2024-01-08T04:56:42+00:00","description":"Gra \"Rewolucja RSCA\" koncentruje si\u0119 na kluczowych celach: 1. Uzyskanie Reparacji Wojennych: Naprawa szk\u00f3d wojennych i zwi\u0119kszenie \u015bwiadomo\u015bci spo\u0142ecznej.2. Testy OKR: Eksploracja nowych interakcji z rzeczywisto\u015bci\u0105 przez gry RGC, RSCA, MGU.3. Zmiana (Meta)Paradygmatu: Redefinicja rzeczywisto\u015bci poprzez zaawansowane technologie.4. Krytyka System\u00f3w Demokratycznych: Analiza elastyczno\u015bci demokracji wobec technologii.5. Zmiana System\u00f3w Polityczno-Prawnych: Dostosowanie praw do nowoczesnych reali\u00f3w.6. Scenariusze Krytyczne: Badanie potencjalnych zagro\u017ce\u0144 przysz\u0142o\u015bci. 7. Oczekiwanie na Pe\u0142n\u0105 Wersj\u0119: U\u015bwiadomienie, \u017ce \u017cyjemy w symulacji i d\u0105\u017cenie do bardziej zaawansowanej wersji gry.","inLanguage":"pl-PL","potentialAction":[{"@type":"ReadAction","target":["http:\/\/rsca.grassrootslobbing.pl\/pl_PL\/cele-okr\/"]}]},{"@type":"WebSite","@id":"http:\/\/rsca.grassrootslobbing.pl\/pl_PL\/#website","url":"http:\/\/rsca.grassrootslobbing.pl\/pl_PL\/","name":"Reality Source Code Acces","description":"","publisher":{"@id":"http:\/\/rsca.grassrootslobbing.pl\/pl_PL\/#organization"},"potentialAction":[{"@type":"SearchAction","target":{"@type":"EntryPoint","urlTemplate":"http:\/\/rsca.grassrootslobbing.pl\/pl_PL\/?s={search_term_string}"},"query-input":"required name=search_term_string"}],"inLanguage":"pl-PL"},{"@type":"Organization","@id":"http:\/\/rsca.grassrootslobbing.pl\/pl_PL\/#organization","name":"Konsult 0n40i4","url":"http:\/\/rsca.grassrootslobbing.pl\/pl_PL\/","logo":{"@type":"ImageObject","inLanguage":"pl-PL","@id":"http:\/\/rsca.grassrootslobbing.pl\/pl_PL\/#\/schema\/logo\/image\/","url":"http:\/\/rsca.grassrootslobbing.pl\/wp-content\/uploads\/2023\/12\/cropped-DALL\u00b7E-2023-12-31-08.54.33-A-modern-and-abstract-logo-for-Konsult-0n40i4-representing-an-interdimensional-legal-system.-The-design-should-embody-themes-of-law-dimensions-an.png","contentUrl":"http:\/\/rsca.grassrootslobbing.pl\/wp-content\/uploads\/2023\/12\/cropped-DALL\u00b7E-2023-12-31-08.54.33-A-modern-and-abstract-logo-for-Konsult-0n40i4-representing-an-interdimensional-legal-system.-The-design-should-embody-themes-of-law-dimensions-an.png","width":1024,"height":835,"caption":"Konsult 0n40i4"},"image":{"@id":"http:\/\/rsca.grassrootslobbing.pl\/pl_PL\/#\/schema\/logo\/image\/"}}]}},"_links":{"self":[{"href":"http:\/\/rsca.grassrootslobbing.pl\/en_US\/wp-json\/wp\/v2\/pages\/3955","targetHints":{"allow":["GET"]}}],"collection":[{"href":"http:\/\/rsca.grassrootslobbing.pl\/en_US\/wp-json\/wp\/v2\/pages"}],"about":[{"href":"http:\/\/rsca.grassrootslobbing.pl\/en_US\/wp-json\/wp\/v2\/types\/page"}],"author":[{"embeddable":true,"href":"http:\/\/rsca.grassrootslobbing.pl\/en_US\/wp-json\/wp\/v2\/users\/3"}],"replies":[{"embeddable":true,"href":"http:\/\/rsca.grassrootslobbing.pl\/en_US\/wp-json\/wp\/v2\/comments?post=3955"}],"version-history":[{"count":33,"href":"http:\/\/rsca.grassrootslobbing.pl\/en_US\/wp-json\/wp\/v2\/pages\/3955\/revisions"}],"predecessor-version":[{"id":4477,"href":"http:\/\/rsca.grassrootslobbing.pl\/en_US\/wp-json\/wp\/v2\/pages\/3955\/revisions\/4477"}],"wp:featuredmedia":[{"embeddable":true,"href":"http:\/\/rsca.grassrootslobbing.pl\/en_US\/wp-json\/wp\/v2\/media\/4476"}],"wp:attachment":[{"href":"http:\/\/rsca.grassrootslobbing.pl\/en_US\/wp-json\/wp\/v2\/media?parent=3955"}],"curies":[{"name":"wp","href":"https:\/\/api.w.org\/{rel}","templated":true}]}}