{"id":3935,"date":"2024-01-01T00:00:00","date_gmt":"2023-12-31T23:00:00","guid":{"rendered":"https:\/\/rsca.0n40i4.pl\/?page_id=3935"},"modified":"2024-01-06T00:53:39","modified_gmt":"2024-01-05T23:53:39","slug":"taryfikator-naruszen-regulaminu","status":"publish","type":"page","link":"http:\/\/rsca.grassrootslobbing.pl\/en_US\/taryfikator-naruszen-regulaminu\/","title":{"rendered":"Taryfikator Narusze\u0144 Regulaminu"},"content":{"rendered":"\n<h2 class=\"wp-block-heading has-text-align-left\" style=\"font-size:24px\"><strong>Narusze\u0144 Wewn\u0119trznego Regulaminu Antyspamowego Zenith<\/strong><\/h2>\n\n\n\n<div style=\"height:10px\" aria-hidden=\"true\" class=\"wp-block-spacer\"><\/div>\n\n\n\n<h2 class=\"wp-block-heading\" style=\"font-size:22px\"><strong>1. Pouczenie i Wp\u0142ata 100 PLN:<\/strong><\/h2>\n\n\n\n<p class=\"has-medium-font-size\">&nbsp;<strong>&nbsp;&nbsp;Opis:<\/strong>&nbsp;Wys\u0142anie pouczenia do nadawcy wraz z wezwaniem do dobrowolnego usuni\u0119cia naruszenia.<\/p>\n\n\n\n<p class=\"has-medium-font-size\">&nbsp;&nbsp;&nbsp;<strong>Kara:<\/strong>&nbsp;Dobrowolna wp\u0142ata kary w wysoko\u015bci 100 PLN na wskazane konto.<\/p>\n\n\n\n<h2 class=\"wp-block-heading\" style=\"font-size:22px\"><strong>2. Brak Reakcji \u2013 7 dni:<\/strong><\/h2>\n\n\n\n<p class=\"has-medium-font-size\">&nbsp;&nbsp;&nbsp;<strong>Opis:<\/strong>&nbsp;Brak odpowiedzi lub reakcji ze strony nadawcy w ci\u0105gu 7 dni od otrzymania pouczenia.<\/p>\n\n\n\n<p class=\"has-medium-font-size\">&nbsp;&nbsp;&nbsp;<strong>Kara:&nbsp;<\/strong>Stawka karna w wysoko\u015bci 456.71 PLN.<\/p>\n\n\n\n<h2 class=\"wp-block-heading\" style=\"font-size:22px\"><strong>3. Zg\u0142oszenie do S\u0105du \u2013 14-30 dni:<\/strong><\/h2>\n\n\n\n<p class=\"has-medium-font-size\">&nbsp;&nbsp;&nbsp;<strong>Opis:<\/strong>&nbsp;Brak reakcji lub uregulowania sprawy w okresie 14-30 dni od otrzymania pouczenia.<\/p>\n\n\n\n<p class=\"has-medium-font-size\">&nbsp;&nbsp;&nbsp;<strong>Kara:&nbsp;<\/strong>Zg\u0142oszenie sprawy do s\u0105du wraz z kosztami post\u0119powania.<\/p>\n\n\n\n<h2 class=\"wp-block-heading\" style=\"font-size:22px\"><strong>4. Przechowywanie Spam\u00f3w \u2013 Po 30 dniach:<\/strong><\/h2>\n\n\n\n<p class=\"has-medium-font-size\">&nbsp;&nbsp;<strong>&nbsp;Opis:<\/strong>&nbsp;Przechowywanie spam\u00f3w w dedykowanym folderze przez okres powy\u017cej 30 dni.<\/p>\n\n\n\n<p class=\"has-medium-font-size\">&nbsp;&nbsp;<strong>&nbsp;Kara:<\/strong>&nbsp;Dzienna stawka przechowywania: 10 PLN.<\/p>\n\n\n\n<h2 class=\"wp-block-heading\" style=\"font-size:22px\"><strong>5. Zg\u0142oszenie do s\u0105du po 30 dniach wraz z naliczonymi odsetkami:<\/strong><\/h2>\n\n\n\n<ol class=\"has-medium-font-size wp-block-list\">\n<li>Stawka abonamentowa za ka\u017cdy dzie\u0144 roboczy: 50 PLN.<\/li>\n\n\n\n<li>&nbsp;Dni ustawowo wolne od pracy: 100 PLN.<\/li>\n<\/ol>\n\n\n\n<p class=\"has-medium-font-size\"><strong>Powiadomienie odbiorcy o zg\u0142oszonym post\u0119powaniu i magazynowaniu nieodebranej niechcianej poczty.<\/strong><\/p>\n\n\n\n<h2 class=\"wp-block-heading\" style=\"font-size:22px\"><strong>6. Wzrost Kara w Zale\u017cno\u015bci od Informacji o Nadawcy:<\/strong><\/h2>\n\n\n\n<p class=\"has-medium-font-size\">&nbsp;&nbsp;&nbsp;<strong>Opis:<\/strong>&nbsp;Zale\u017cnie od posiadanych informacji o nadawcy, stawki kary mog\u0105 wzrosn\u0105\u0107.<\/p>\n\n\n\n<h2 class=\"wp-block-heading\" style=\"font-size:22px\"><strong>Dane osobowe w tre\u015bci e-maila:<\/strong><\/h2>\n\n\n\n<ol class=\"has-medium-font-size wp-block-list\">\n<li><strong>Pracownik:<\/strong>&nbsp;x2 kara podstawowa.<\/li>\n\n\n\n<li><strong>Kadra zarz\u0105dzaj\u0105ca:<\/strong>&nbsp;x3 kara podstawowa.<\/li>\n\n\n\n<li><strong>Zarz\u0105d:<\/strong>&nbsp;x4 kara podstawowa.<\/li>\n\n\n\n<li><strong>Lobbysta:<\/strong>&nbsp;x5 kara podstawowa.<\/li>\n\n\n\n<li><strong>Klienci:<\/strong>&nbsp;x6 kara podstawowa.<\/li>\n<\/ol>\n\n\n\n<h2 class=\"wp-block-heading\" style=\"font-size:22px\"><strong>Pseudonim zarejestrowany:<\/strong><\/h2>\n\n\n\n<ol class=\"has-medium-font-size wp-block-list\">\n<li><strong>Stopie\u0144 rejestracji 1: x3 kara podstawowa.<\/strong><\/li>\n\n\n\n<li><strong>Stopie\u0144 rejestracji 2: x6 kara podstawowa.<\/strong><\/li>\n\n\n\n<li><strong>Stopie\u0144 rejestracji 3: x9 kara podstawowa.<\/strong><\/li>\n<\/ol>\n\n\n\n<h2 class=\"wp-block-heading\" style=\"font-size:22px\"><strong>Status formy prawnej nadawcy:<\/strong><\/h2>\n\n\n\n<ol class=\"has-medium-font-size wp-block-list\">\n<li><strong>Bot:<\/strong>&nbsp;kara podstawowa.<\/li>\n\n\n\n<li><strong>Osoba fizyczna:&nbsp;<\/strong>kara podstawowa.<\/li>\n\n\n\n<li><strong>NGO:<\/strong>&nbsp;x2 kara podstawowa.<\/li>\n\n\n\n<li><strong>Firma dzia\u0142alno\u015b\u0107 mikro:<\/strong>&nbsp;x3 kara podstawowa.<\/li>\n\n\n\n<li><strong>Firma dzia\u0142alno\u015b\u0107 makro:<\/strong>&nbsp;x4 kara podstawowa.<\/li>\n\n\n\n<li><strong>Organ pa\u0144stwowy:<\/strong>&nbsp;x5 kara podstawowa.<\/li>\n\n\n\n<li><strong>Podmiot zagraniczny:<\/strong>&nbsp;x8 kara podstawowa.<\/li>\n<\/ol>\n\n\n\n<div style=\"height:15px\" aria-hidden=\"true\" class=\"wp-block-spacer\"><\/div>\n\n\n\n<p class=\"has-medium-font-size\"><strong>Zastrzegamy sobie prawo do dostosowania stawek kary w zale\u017cno\u015bci od specyfiki ka\u017cdego przypadku oraz dodatkowych informacji uzyskanych w trakcie post\u0119powania.<\/strong><\/p>\n\n\n\n<h2 class=\"wp-block-heading\" style=\"font-size:22px\"><strong>Podstawy Prawne:<\/strong><\/h2>\n\n\n\n<ul class=\"has-medium-font-size wp-block-list\">\n<li><strong>Obowi\u0105zki us\u0142ugodawcy \u015bwiadcz\u0105cego us\u0142ugi drog\u0105 elektroniczn\u0105, zgodnie z art. 10 Ustawy z dnia 18 lipca 2002 r. o \u015bwiadczeniu us\u0142ug drog\u0105 elektroniczn\u0105.<\/strong><\/li>\n<\/ul>\n\n\n\n<ul class=\"has-medium-font-size wp-block-list\">\n<li><strong>Przepisy karne, zgodnie z art. 24 Ustawy o \u015bwiadczeniu us\u0142ug drog\u0105 elektroniczn\u0105.<\/strong><\/li>\n<\/ul>\n\n\n\n<div style=\"height:14px\" aria-hidden=\"true\" class=\"wp-block-spacer\"><\/div>\n\n\n\n<h2 class=\"wp-block-heading\"><strong>Grass Roots Lobbing sp z o.o. Taryfikator obowi\u0105zuje od 01.01.2024<\/strong><\/h2>\n\n\n\n<div style=\"height:24px\" aria-hidden=\"true\" class=\"wp-block-spacer\"><\/div>\n\n\n\n<hr class=\"wp-block-separator has-alpha-channel-opacity is-style-wide\"\/>\n\n\n\n<h2 class=\"wp-block-heading\" style=\"font-size:22px\"><strong>Konsult 0n40i4 <\/strong><\/h2>\n","protected":false},"excerpt":{"rendered":"<p>Narusze\u0144 Wewn\u0119trznego Regulaminu Antyspamowego Zenith 1. Pouczenie i Wp\u0142ata 100 PLN: &nbsp;&nbsp;&nbsp;Opis:&nbsp;Wys\u0142anie pouczenia do nadawcy wraz z wezwaniem do dobrowolnego usuni\u0119cia naruszenia. &nbsp;&nbsp;&nbsp;Kara:&nbsp;Dobrowolna wp\u0142ata kary w wysoko\u015bci 100 PLN na wskazane konto. 2. Brak Reakcji \u2013 7 dni: &nbsp;&nbsp;&nbsp;Opis:&nbsp;Brak odpowiedzi lub reakcji ze strony nadawcy w ci\u0105gu 7 dni od otrzymania pouczenia. &nbsp;&nbsp;&nbsp;Kara:&nbsp;Stawka karna w [&hellip;]<\/p>\n","protected":false},"author":2,"featured_media":0,"parent":0,"menu_order":0,"comment_status":"closed","ping_status":"closed","template":"","meta":{"site-sidebar-layout":"default","site-content-layout":"","ast-site-content-layout":"default","site-content-style":"default","site-sidebar-style":"default","ast-global-header-display":"","ast-banner-title-visibility":"","ast-main-header-display":"","ast-hfb-above-header-display":"","ast-hfb-below-header-display":"","ast-hfb-mobile-header-display":"","site-post-title":"","ast-breadcrumbs-content":"","ast-featured-img":"","footer-sml-layout":"","ast-disable-related-posts":"","theme-transparent-header-meta":"","adv-header-id-meta":"","stick-header-meta":"","header-above-stick-meta":"","header-main-stick-meta":"","header-below-stick-meta":"","astra-migrate-meta-layouts":"default","ast-page-background-enabled":"default","ast-page-background-meta":{"desktop":{"background-color":"var(--ast-global-color-4)","background-image":"","background-repeat":"repeat","background-position":"center center","background-size":"auto","background-attachment":"scroll","background-type":"","background-media":"","overlay-type":"","overlay-color":"","overlay-opacity":"","overlay-gradient":""},"tablet":{"background-color":"","background-image":"","background-repeat":"repeat","background-position":"center center","background-size":"auto","background-attachment":"scroll","background-type":"","background-media":"","overlay-type":"","overlay-color":"","overlay-opacity":"","overlay-gradient":""},"mobile":{"background-color":"","background-image":"","background-repeat":"repeat","background-position":"center center","background-size":"auto","background-attachment":"scroll","background-type":"","background-media":"","overlay-type":"","overlay-color":"","overlay-opacity":"","overlay-gradient":""}},"ast-content-background-meta":{"desktop":{"background-color":"var(--ast-global-color-5)","background-image":"","background-repeat":"repeat","background-position":"center center","background-size":"auto","background-attachment":"scroll","background-type":"","background-media":"","overlay-type":"","overlay-color":"","overlay-opacity":"","overlay-gradient":""},"tablet":{"background-color":"var(--ast-global-color-5)","background-image":"","background-repeat":"repeat","background-position":"center center","background-size":"auto","background-attachment":"scroll","background-type":"","background-media":"","overlay-type":"","overlay-color":"","overlay-opacity":"","overlay-gradient":""},"mobile":{"background-color":"var(--ast-global-color-5)","background-image":"","background-repeat":"repeat","background-position":"center center","background-size":"auto","background-attachment":"scroll","background-type":"","background-media":"","overlay-type":"","overlay-color":"","overlay-opacity":"","overlay-gradient":""}},"footnotes":""},"class_list":["post-3935","page","type-page","status-publish","hentry"],"yoast_head":"<!-- This site is optimized with the Yoast SEO plugin v21.9.1 - https:\/\/yoast.com\/wordpress\/plugins\/seo\/ -->\n<title>Taryfikator Narusze\u0144 Regulaminu - RSCA<\/title>\n<meta name=\"description\" content=\"Taryfikator Narusze\u0144 dla Wewn\u0119trznego Regulaminu Antyspamowego, obowi\u0105zuj\u0105cy od 01.01.2024. System kar obejmuje pouczenia i dobrowolne wp\u0142aty, kary za brak reakcji, zg\u0142oszenia do s\u0105du, stawki za przechowywanie spam\u00f3w oraz zr\u00f3\u017cnicowane kary w zale\u017cno\u015bci od informacji o nadawcy. Taryfikator zastosowano w celu zwalczania spamu, zgodnie z Ustaw\u0105 o \u015bwiadczeniu us\u0142ug drog\u0105 elektroniczn\u0105. Ka\u017cdy przypadek jest rozpatrywany indywidualnie, a kary mog\u0105 by\u0107 dostosowane w zale\u017cno\u015bci od okoliczno\u015bci.\" \/>\n<meta name=\"robots\" content=\"index, follow, max-snippet:-1, max-image-preview:large, max-video-preview:-1\" \/>\n<link rel=\"canonical\" href=\"http:\/\/rsca.grassrootslobbing.pl\/pl_PL\/taryfikator-naruszen-regulaminu\/\" \/>\n<meta property=\"og:locale\" content=\"pl_PL\" \/>\n<meta property=\"og:type\" content=\"article\" \/>\n<meta property=\"og:title\" content=\"Taryfikator Narusze\u0144 Regulaminu - RSCA\" \/>\n<meta property=\"og:description\" content=\"Taryfikator Narusze\u0144 dla Wewn\u0119trznego Regulaminu Antyspamowego, obowi\u0105zuj\u0105cy od 01.01.2024. System kar obejmuje pouczenia i dobrowolne wp\u0142aty, kary za brak reakcji, zg\u0142oszenia do s\u0105du, stawki za przechowywanie spam\u00f3w oraz zr\u00f3\u017cnicowane kary w zale\u017cno\u015bci od informacji o nadawcy. Taryfikator zastosowano w celu zwalczania spamu, zgodnie z Ustaw\u0105 o \u015bwiadczeniu us\u0142ug drog\u0105 elektroniczn\u0105. Ka\u017cdy przypadek jest rozpatrywany indywidualnie, a kary mog\u0105 by\u0107 dostosowane w zale\u017cno\u015bci od okoliczno\u015bci.\" \/>\n<meta property=\"og:url\" content=\"http:\/\/rsca.grassrootslobbing.pl\/pl_PL\/taryfikator-naruszen-regulaminu\/\" \/>\n<meta property=\"og:site_name\" content=\"RSCA\" \/>\n<meta property=\"article:modified_time\" content=\"2024-01-05T23:53:39+00:00\" \/>\n<meta name=\"twitter:card\" content=\"summary_large_image\" \/>\n<meta name=\"twitter:label1\" content=\"Szacowany czas czytania\" \/>\n\t<meta name=\"twitter:data1\" content=\"2 minuty\" \/>\n<script type=\"application\/ld+json\" class=\"yoast-schema-graph\">{\"@context\":\"https:\/\/schema.org\",\"@graph\":[{\"@type\":\"WebPage\",\"@id\":\"http:\/\/rsca.grassrootslobbing.pl\/pl_PL\/taryfikator-naruszen-regulaminu\/\",\"url\":\"http:\/\/rsca.grassrootslobbing.pl\/pl_PL\/taryfikator-naruszen-regulaminu\/\",\"name\":\"Taryfikator Narusze\u0144 Regulaminu - RSCA\",\"isPartOf\":{\"@id\":\"http:\/\/rsca.grassrootslobbing.pl\/pl_PL\/#website\"},\"datePublished\":\"2023-12-31T23:00:00+00:00\",\"dateModified\":\"2024-01-05T23:53:39+00:00\",\"description\":\"Taryfikator Narusze\u0144 dla Wewn\u0119trznego Regulaminu Antyspamowego, obowi\u0105zuj\u0105cy od 01.01.2024. System kar obejmuje pouczenia i dobrowolne wp\u0142aty, kary za brak reakcji, zg\u0142oszenia do s\u0105du, stawki za przechowywanie spam\u00f3w oraz zr\u00f3\u017cnicowane kary w zale\u017cno\u015bci od informacji o nadawcy. Taryfikator zastosowano w celu zwalczania spamu, zgodnie z Ustaw\u0105 o \u015bwiadczeniu us\u0142ug drog\u0105 elektroniczn\u0105. Ka\u017cdy przypadek jest rozpatrywany indywidualnie, a kary mog\u0105 by\u0107 dostosowane w zale\u017cno\u015bci od okoliczno\u015bci.\",\"inLanguage\":\"pl-PL\",\"potentialAction\":[{\"@type\":\"ReadAction\",\"target\":[\"http:\/\/rsca.grassrootslobbing.pl\/pl_PL\/taryfikator-naruszen-regulaminu\/\"]}]},{\"@type\":\"WebSite\",\"@id\":\"http:\/\/rsca.grassrootslobbing.pl\/pl_PL\/#website\",\"url\":\"http:\/\/rsca.grassrootslobbing.pl\/pl_PL\/\",\"name\":\"Reality Source Code Acces\",\"description\":\"\",\"publisher\":{\"@id\":\"http:\/\/rsca.grassrootslobbing.pl\/pl_PL\/#organization\"},\"potentialAction\":[{\"@type\":\"SearchAction\",\"target\":{\"@type\":\"EntryPoint\",\"urlTemplate\":\"http:\/\/rsca.grassrootslobbing.pl\/pl_PL\/?s={search_term_string}\"},\"query-input\":\"required name=search_term_string\"}],\"inLanguage\":\"pl-PL\"},{\"@type\":\"Organization\",\"@id\":\"http:\/\/rsca.grassrootslobbing.pl\/pl_PL\/#organization\",\"name\":\"Konsult 0n40i4\",\"url\":\"http:\/\/rsca.grassrootslobbing.pl\/pl_PL\/\",\"logo\":{\"@type\":\"ImageObject\",\"inLanguage\":\"pl-PL\",\"@id\":\"http:\/\/rsca.grassrootslobbing.pl\/pl_PL\/#\/schema\/logo\/image\/\",\"url\":\"http:\/\/rsca.grassrootslobbing.pl\/wp-content\/uploads\/2023\/12\/cropped-DALL\u00b7E-2023-12-31-08.54.33-A-modern-and-abstract-logo-for-Konsult-0n40i4-representing-an-interdimensional-legal-system.-The-design-should-embody-themes-of-law-dimensions-an.png\",\"contentUrl\":\"http:\/\/rsca.grassrootslobbing.pl\/wp-content\/uploads\/2023\/12\/cropped-DALL\u00b7E-2023-12-31-08.54.33-A-modern-and-abstract-logo-for-Konsult-0n40i4-representing-an-interdimensional-legal-system.-The-design-should-embody-themes-of-law-dimensions-an.png\",\"width\":1024,\"height\":835,\"caption\":\"Konsult 0n40i4\"},\"image\":{\"@id\":\"http:\/\/rsca.grassrootslobbing.pl\/pl_PL\/#\/schema\/logo\/image\/\"}}]}<\/script>\n<!-- \/ Yoast SEO plugin. -->","yoast_head_json":{"title":"Taryfikator Narusze\u0144 Regulaminu - RSCA","description":"Taryfikator Narusze\u0144 dla Wewn\u0119trznego Regulaminu Antyspamowego, obowi\u0105zuj\u0105cy od 01.01.2024. System kar obejmuje pouczenia i dobrowolne wp\u0142aty, kary za brak reakcji, zg\u0142oszenia do s\u0105du, stawki za przechowywanie spam\u00f3w oraz zr\u00f3\u017cnicowane kary w zale\u017cno\u015bci od informacji o nadawcy. Taryfikator zastosowano w celu zwalczania spamu, zgodnie z Ustaw\u0105 o \u015bwiadczeniu us\u0142ug drog\u0105 elektroniczn\u0105. Ka\u017cdy przypadek jest rozpatrywany indywidualnie, a kary mog\u0105 by\u0107 dostosowane w zale\u017cno\u015bci od okoliczno\u015bci.","robots":{"index":"index","follow":"follow","max-snippet":"max-snippet:-1","max-image-preview":"max-image-preview:large","max-video-preview":"max-video-preview:-1"},"canonical":"http:\/\/rsca.grassrootslobbing.pl\/pl_PL\/taryfikator-naruszen-regulaminu\/","og_locale":"pl_PL","og_type":"article","og_title":"Taryfikator Narusze\u0144 Regulaminu - RSCA","og_description":"Taryfikator Narusze\u0144 dla Wewn\u0119trznego Regulaminu Antyspamowego, obowi\u0105zuj\u0105cy od 01.01.2024. System kar obejmuje pouczenia i dobrowolne wp\u0142aty, kary za brak reakcji, zg\u0142oszenia do s\u0105du, stawki za przechowywanie spam\u00f3w oraz zr\u00f3\u017cnicowane kary w zale\u017cno\u015bci od informacji o nadawcy. Taryfikator zastosowano w celu zwalczania spamu, zgodnie z Ustaw\u0105 o \u015bwiadczeniu us\u0142ug drog\u0105 elektroniczn\u0105. Ka\u017cdy przypadek jest rozpatrywany indywidualnie, a kary mog\u0105 by\u0107 dostosowane w zale\u017cno\u015bci od okoliczno\u015bci.","og_url":"http:\/\/rsca.grassrootslobbing.pl\/pl_PL\/taryfikator-naruszen-regulaminu\/","og_site_name":"RSCA","article_modified_time":"2024-01-05T23:53:39+00:00","twitter_card":"summary_large_image","twitter_misc":{"Szacowany czas czytania":"2 minuty"},"schema":{"@context":"https:\/\/schema.org","@graph":[{"@type":"WebPage","@id":"http:\/\/rsca.grassrootslobbing.pl\/pl_PL\/taryfikator-naruszen-regulaminu\/","url":"http:\/\/rsca.grassrootslobbing.pl\/pl_PL\/taryfikator-naruszen-regulaminu\/","name":"Taryfikator Narusze\u0144 Regulaminu - RSCA","isPartOf":{"@id":"http:\/\/rsca.grassrootslobbing.pl\/pl_PL\/#website"},"datePublished":"2023-12-31T23:00:00+00:00","dateModified":"2024-01-05T23:53:39+00:00","description":"Taryfikator Narusze\u0144 dla Wewn\u0119trznego Regulaminu Antyspamowego, obowi\u0105zuj\u0105cy od 01.01.2024. System kar obejmuje pouczenia i dobrowolne wp\u0142aty, kary za brak reakcji, zg\u0142oszenia do s\u0105du, stawki za przechowywanie spam\u00f3w oraz zr\u00f3\u017cnicowane kary w zale\u017cno\u015bci od informacji o nadawcy. Taryfikator zastosowano w celu zwalczania spamu, zgodnie z Ustaw\u0105 o \u015bwiadczeniu us\u0142ug drog\u0105 elektroniczn\u0105. Ka\u017cdy przypadek jest rozpatrywany indywidualnie, a kary mog\u0105 by\u0107 dostosowane w zale\u017cno\u015bci od okoliczno\u015bci.","inLanguage":"pl-PL","potentialAction":[{"@type":"ReadAction","target":["http:\/\/rsca.grassrootslobbing.pl\/pl_PL\/taryfikator-naruszen-regulaminu\/"]}]},{"@type":"WebSite","@id":"http:\/\/rsca.grassrootslobbing.pl\/pl_PL\/#website","url":"http:\/\/rsca.grassrootslobbing.pl\/pl_PL\/","name":"Reality Source Code Acces","description":"","publisher":{"@id":"http:\/\/rsca.grassrootslobbing.pl\/pl_PL\/#organization"},"potentialAction":[{"@type":"SearchAction","target":{"@type":"EntryPoint","urlTemplate":"http:\/\/rsca.grassrootslobbing.pl\/pl_PL\/?s={search_term_string}"},"query-input":"required name=search_term_string"}],"inLanguage":"pl-PL"},{"@type":"Organization","@id":"http:\/\/rsca.grassrootslobbing.pl\/pl_PL\/#organization","name":"Konsult 0n40i4","url":"http:\/\/rsca.grassrootslobbing.pl\/pl_PL\/","logo":{"@type":"ImageObject","inLanguage":"pl-PL","@id":"http:\/\/rsca.grassrootslobbing.pl\/pl_PL\/#\/schema\/logo\/image\/","url":"http:\/\/rsca.grassrootslobbing.pl\/wp-content\/uploads\/2023\/12\/cropped-DALL\u00b7E-2023-12-31-08.54.33-A-modern-and-abstract-logo-for-Konsult-0n40i4-representing-an-interdimensional-legal-system.-The-design-should-embody-themes-of-law-dimensions-an.png","contentUrl":"http:\/\/rsca.grassrootslobbing.pl\/wp-content\/uploads\/2023\/12\/cropped-DALL\u00b7E-2023-12-31-08.54.33-A-modern-and-abstract-logo-for-Konsult-0n40i4-representing-an-interdimensional-legal-system.-The-design-should-embody-themes-of-law-dimensions-an.png","width":1024,"height":835,"caption":"Konsult 0n40i4"},"image":{"@id":"http:\/\/rsca.grassrootslobbing.pl\/pl_PL\/#\/schema\/logo\/image\/"}}]}},"_links":{"self":[{"href":"http:\/\/rsca.grassrootslobbing.pl\/en_US\/wp-json\/wp\/v2\/pages\/3935","targetHints":{"allow":["GET"]}}],"collection":[{"href":"http:\/\/rsca.grassrootslobbing.pl\/en_US\/wp-json\/wp\/v2\/pages"}],"about":[{"href":"http:\/\/rsca.grassrootslobbing.pl\/en_US\/wp-json\/wp\/v2\/types\/page"}],"author":[{"embeddable":true,"href":"http:\/\/rsca.grassrootslobbing.pl\/en_US\/wp-json\/wp\/v2\/users\/2"}],"replies":[{"embeddable":true,"href":"http:\/\/rsca.grassrootslobbing.pl\/en_US\/wp-json\/wp\/v2\/comments?post=3935"}],"version-history":[{"count":4,"href":"http:\/\/rsca.grassrootslobbing.pl\/en_US\/wp-json\/wp\/v2\/pages\/3935\/revisions"}],"predecessor-version":[{"id":3941,"href":"http:\/\/rsca.grassrootslobbing.pl\/en_US\/wp-json\/wp\/v2\/pages\/3935\/revisions\/3941"}],"wp:attachment":[{"href":"http:\/\/rsca.grassrootslobbing.pl\/en_US\/wp-json\/wp\/v2\/media?parent=3935"}],"curies":[{"name":"wp","href":"https:\/\/api.w.org\/{rel}","templated":true}]}}