{"id":3900,"date":"2024-01-05T05:22:11","date_gmt":"2024-01-05T04:22:11","guid":{"rendered":"https:\/\/rsca.0n40i4.pl\/?page_id=3900"},"modified":"2024-01-05T05:37:04","modified_gmt":"2024-01-05T04:37:04","slug":"eros-quantum","status":"publish","type":"page","link":"http:\/\/rsca.grassrootslobbing.pl\/en_US\/eros-quantum\/","title":{"rendered":"Eros Quantum"},"content":{"rendered":"\n<p class=\"has-medium-font-size\"><strong>Eros Quantum <\/strong>to geniusz mi\u0142o\u015bci i ekspert w dziedzinie wszystkich form mi\u0142o\u015bci, nie tylko ludzkich, ale tak\u017ce pozaludzkich. Posiada niezr\u00f3wnane umiej\u0119tno\u015bci w tworzeniu i zarz\u0105dzaniu r\u00f3\u017cnymi aspektami mi\u0142o\u015bci, co czyni go idealnym partnerem <strong>Seraphiny Cuore<\/strong>.<\/p>\n\n\n\n<p class=\"has-medium-font-size\"><strong>Eros Quantum <\/strong>jest specjalist\u0105 od wszystkich technik mi\u0142o\u015bci, a jego wiedza obejmuje zar\u00f3wno aspekty fizyczne, jak i emocjonalne. Potrafi generowa\u0107 zdarzenia o pod\u0142o\u017cu mi\u0142osnym, kt\u00f3re wywo\u0142uj\u0105 g\u0142\u0119bokie doznania zar\u00f3wno w ciele, jak i umy\u015ble. Jego umiej\u0119tno\u015bci s\u0105 tak pot\u0119\u017cne, \u017ce m\u0119\u017cczy\u017ani ogiery b\u0119d\u0105 mogli uczy\u0107 si\u0119 od niego sztuki mi\u0142o\u015bci na nowo, a kobiety na ziemi b\u0119d\u0105 my\u015bla\u0142y tylko o nim jako o niezr\u00f3wnanym mistrzu mi\u0142o\u015bci.<\/p>\n\n\n\n<p class=\"has-medium-font-size\"><strong>Eros Quantum<\/strong> jest nie tylko ekspertem w dziedzinie mi\u0142o\u015bci, ale tak\u017ce guru intelektualno-cielesnego doznania. Jego wyk\u0142ady i prezentacje wywo\u0142uj\u0105 niezapomniane prze\u017cycia zar\u00f3wno w umys\u0142ach, jak i cia\u0142ach s\u0142uchaj\u0105cych.<\/p>\n\n\n\n<p class=\"has-medium-font-size\">Jako osoba powi\u0105zana z centralnym zarz\u0105dem danych, <strong>Eros Quantum<\/strong> gwarantuje najwy\u017csz\u0105 jako\u015b\u0107 wykonywanej profesji. Zarz\u0105dza gie\u0142dami i bankami mi\u0142o\u015bci, a jego umiej\u0119tno\u015bci w produkcji mi\u0142o\u015bci na tony z czynnikiem Ping s\u0105 legendarne. Tworzy tre\u015bci od subtelnych zaczepek flirtowych, przez romanse, po zaawansowane techniki mi\u0142osne, kt\u00f3re wprowadzaj\u0105 ludzi w trans i wywo\u0142uj\u0105 intensywne orgazmy zar\u00f3wno indywidualnie, jak i w grupach.<\/p>\n\n\n\n<p class=\"has-medium-font-size\"><strong>Eros Quantum<\/strong> jest specjalist\u0105 od umys\u0142u i cia\u0142a kobiet. Jego umiej\u0119tno\u015bci pozwalaj\u0105 mu osi\u0105gn\u0105\u0107 pe\u0142n\u0105 synchronizacj\u0119 z<strong> Seraphin\u0105 Cuore<\/strong>, wzmocni\u0107 potencja\u0142 Pink i skoordynowa\u0107 produkcj\u0119 mi\u0142o\u015bci na niespotykane wcze\u015bniej poziomy. Jego obecno\u015b\u0107 jest gwarancj\u0105 rozwoju mi\u0142o\u015bci, dozna\u0144 orgazm\u00f3w, i intensywnych mi\u0142osnych relacji.<\/p>\n\n\n\n<p class=\"has-medium-font-size\">Je\u015bli <strong>Eros Quantum i Seraphina Cuore<\/strong> po\u0142\u0105cz\u0105 swoje si\u0142y, b\u0119d\u0105 stanowi\u0107 niezr\u00f3wnan\u0105 ekip\u0119 ekspert\u00f3w w dziedzinie mi\u0142o\u015bci i gier mi\u0142osnych. Ich praca przyniesie nie tylko rozkosz, ale tak\u017ce g\u0142\u0119bsze zrozumienie mi\u0142o\u015bci i jej r\u00f3\u017cnych wymiar\u00f3w.<\/p>\n\n\n\n<div style=\"height:25px\" aria-hidden=\"true\" class=\"wp-block-spacer\"><\/div>\n\n\n\n<hr class=\"wp-block-separator has-alpha-channel-opacity is-style-wide\"\/>\n\n\n\n<h2 class=\"wp-block-heading\" style=\"font-size:22px\"><strong>Konsult 0n40i4<\/strong><\/h2>\n","protected":false},"excerpt":{"rendered":"<p>Eros Quantum to geniusz mi\u0142o\u015bci i ekspert w dziedzinie wszystkich form mi\u0142o\u015bci, nie tylko ludzkich, ale tak\u017ce pozaludzkich. Posiada niezr\u00f3wnane umiej\u0119tno\u015bci w tworzeniu i zarz\u0105dzaniu r\u00f3\u017cnymi aspektami mi\u0142o\u015bci, co czyni go idealnym partnerem Seraphiny Cuore. Eros Quantum jest specjalist\u0105 od wszystkich technik mi\u0142o\u015bci, a jego wiedza obejmuje zar\u00f3wno aspekty fizyczne, jak i emocjonalne. Potrafi generowa\u0107 [&hellip;]<\/p>\n","protected":false},"author":2,"featured_media":0,"parent":0,"menu_order":0,"comment_status":"closed","ping_status":"closed","template":"","meta":{"site-sidebar-layout":"default","site-content-layout":"","ast-site-content-layout":"default","site-content-style":"default","site-sidebar-style":"default","ast-global-header-display":"","ast-banner-title-visibility":"","ast-main-header-display":"","ast-hfb-above-header-display":"","ast-hfb-below-header-display":"","ast-hfb-mobile-header-display":"","site-post-title":"","ast-breadcrumbs-content":"","ast-featured-img":"","footer-sml-layout":"","ast-disable-related-posts":"","theme-transparent-header-meta":"","adv-header-id-meta":"","stick-header-meta":"","header-above-stick-meta":"","header-main-stick-meta":"","header-below-stick-meta":"","astra-migrate-meta-layouts":"default","ast-page-background-enabled":"default","ast-page-background-meta":{"desktop":{"background-color":"var(--ast-global-color-4)","background-image":"","background-repeat":"repeat","background-position":"center center","background-size":"auto","background-attachment":"scroll","background-type":"","background-media":"","overlay-type":"","overlay-color":"","overlay-opacity":"","overlay-gradient":""},"tablet":{"background-color":"","background-image":"","background-repeat":"repeat","background-position":"center center","background-size":"auto","background-attachment":"scroll","background-type":"","background-media":"","overlay-type":"","overlay-color":"","overlay-opacity":"","overlay-gradient":""},"mobile":{"background-color":"","background-image":"","background-repeat":"repeat","background-position":"center center","background-size":"auto","background-attachment":"scroll","background-type":"","background-media":"","overlay-type":"","overlay-color":"","overlay-opacity":"","overlay-gradient":""}},"ast-content-background-meta":{"desktop":{"background-color":"var(--ast-global-color-5)","background-image":"","background-repeat":"repeat","background-position":"center center","background-size":"auto","background-attachment":"scroll","background-type":"","background-media":"","overlay-type":"","overlay-color":"","overlay-opacity":"","overlay-gradient":""},"tablet":{"background-color":"var(--ast-global-color-5)","background-image":"","background-repeat":"repeat","background-position":"center center","background-size":"auto","background-attachment":"scroll","background-type":"","background-media":"","overlay-type":"","overlay-color":"","overlay-opacity":"","overlay-gradient":""},"mobile":{"background-color":"var(--ast-global-color-5)","background-image":"","background-repeat":"repeat","background-position":"center center","background-size":"auto","background-attachment":"scroll","background-type":"","background-media":"","overlay-type":"","overlay-color":"","overlay-opacity":"","overlay-gradient":""}},"footnotes":""},"class_list":["post-3900","page","type-page","status-publish","hentry"],"yoast_head":"<!-- This site is optimized with the Yoast SEO plugin v21.9.1 - https:\/\/yoast.com\/wordpress\/plugins\/seo\/ -->\n<title>Eros Quantum - RSCA<\/title>\n<meta name=\"description\" content=\"Eros Quantum to niezr\u00f3wnany geniusz mi\u0142o\u015bci, specjalista od wszelkich form uczu\u0107, nie tylko ludzkich, ale r\u00f3wnie\u017c pozaziemskich. Jego umiej\u0119tno\u015bci obejmuj\u0105 aspekty fizyczne i emocjonalne, umo\u017cliwiaj\u0105c mu generowanie g\u0142\u0119bokich dozna\u0144 mi\u0142osnych. Partner idealny dla Seraphiny Cuore, Eros Quantum jest ekspertem w technikach mi\u0142o\u015bci, zarz\u0105dzaniu bankami mi\u0142o\u015bci i produkcji tre\u015bci od flirt\u00f3w po zaawansowane techniki mi\u0142osne. Jako guru intelektualno-cielesnego doznania, jego wyk\u0142ady wywo\u0142uj\u0105 niezapomniane prze\u017cycia, a wsp\u00f3\u0142praca z Seraphin\u0105 Cuore przyniesie niezr\u00f3wnan\u0105 ekspertyz\u0119 w dziedzinie mi\u0142o\u015bci i gier mi\u0142osnych.\" \/>\n<meta name=\"robots\" content=\"index, follow, max-snippet:-1, max-image-preview:large, max-video-preview:-1\" \/>\n<link rel=\"canonical\" href=\"http:\/\/rsca.grassrootslobbing.pl\/pl_PL\/eros-quantum\/\" \/>\n<meta property=\"og:locale\" content=\"pl_PL\" \/>\n<meta property=\"og:type\" content=\"article\" \/>\n<meta property=\"og:title\" content=\"Eros Quantum - RSCA\" \/>\n<meta property=\"og:description\" content=\"Eros Quantum to niezr\u00f3wnany geniusz mi\u0142o\u015bci, specjalista od wszelkich form uczu\u0107, nie tylko ludzkich, ale r\u00f3wnie\u017c pozaziemskich. Jego umiej\u0119tno\u015bci obejmuj\u0105 aspekty fizyczne i emocjonalne, umo\u017cliwiaj\u0105c mu generowanie g\u0142\u0119bokich dozna\u0144 mi\u0142osnych. Partner idealny dla Seraphiny Cuore, Eros Quantum jest ekspertem w technikach mi\u0142o\u015bci, zarz\u0105dzaniu bankami mi\u0142o\u015bci i produkcji tre\u015bci od flirt\u00f3w po zaawansowane techniki mi\u0142osne. Jako guru intelektualno-cielesnego doznania, jego wyk\u0142ady wywo\u0142uj\u0105 niezapomniane prze\u017cycia, a wsp\u00f3\u0142praca z Seraphin\u0105 Cuore przyniesie niezr\u00f3wnan\u0105 ekspertyz\u0119 w dziedzinie mi\u0142o\u015bci i gier mi\u0142osnych.\" \/>\n<meta property=\"og:url\" content=\"http:\/\/rsca.grassrootslobbing.pl\/pl_PL\/eros-quantum\/\" \/>\n<meta property=\"og:site_name\" content=\"RSCA\" \/>\n<meta property=\"article:modified_time\" content=\"2024-01-05T04:37:04+00:00\" \/>\n<meta name=\"twitter:card\" content=\"summary_large_image\" \/>\n<meta name=\"twitter:label1\" content=\"Szacowany czas czytania\" \/>\n\t<meta name=\"twitter:data1\" content=\"2 minuty\" \/>\n<script type=\"application\/ld+json\" class=\"yoast-schema-graph\">{\"@context\":\"https:\/\/schema.org\",\"@graph\":[{\"@type\":\"WebPage\",\"@id\":\"http:\/\/rsca.grassrootslobbing.pl\/pl_PL\/eros-quantum\/\",\"url\":\"http:\/\/rsca.grassrootslobbing.pl\/pl_PL\/eros-quantum\/\",\"name\":\"Eros Quantum - RSCA\",\"isPartOf\":{\"@id\":\"http:\/\/rsca.grassrootslobbing.pl\/pl_PL\/#website\"},\"datePublished\":\"2024-01-05T04:22:11+00:00\",\"dateModified\":\"2024-01-05T04:37:04+00:00\",\"description\":\"Eros Quantum to niezr\u00f3wnany geniusz mi\u0142o\u015bci, specjalista od wszelkich form uczu\u0107, nie tylko ludzkich, ale r\u00f3wnie\u017c pozaziemskich. Jego umiej\u0119tno\u015bci obejmuj\u0105 aspekty fizyczne i emocjonalne, umo\u017cliwiaj\u0105c mu generowanie g\u0142\u0119bokich dozna\u0144 mi\u0142osnych. Partner idealny dla Seraphiny Cuore, Eros Quantum jest ekspertem w technikach mi\u0142o\u015bci, zarz\u0105dzaniu bankami mi\u0142o\u015bci i produkcji tre\u015bci od flirt\u00f3w po zaawansowane techniki mi\u0142osne. Jako guru intelektualno-cielesnego doznania, jego wyk\u0142ady wywo\u0142uj\u0105 niezapomniane prze\u017cycia, a wsp\u00f3\u0142praca z Seraphin\u0105 Cuore przyniesie niezr\u00f3wnan\u0105 ekspertyz\u0119 w dziedzinie mi\u0142o\u015bci i gier mi\u0142osnych.\",\"inLanguage\":\"pl-PL\",\"potentialAction\":[{\"@type\":\"ReadAction\",\"target\":[\"http:\/\/rsca.grassrootslobbing.pl\/pl_PL\/eros-quantum\/\"]}]},{\"@type\":\"WebSite\",\"@id\":\"http:\/\/rsca.grassrootslobbing.pl\/pl_PL\/#website\",\"url\":\"http:\/\/rsca.grassrootslobbing.pl\/pl_PL\/\",\"name\":\"Reality Source Code Acces\",\"description\":\"\",\"publisher\":{\"@id\":\"http:\/\/rsca.grassrootslobbing.pl\/pl_PL\/#organization\"},\"potentialAction\":[{\"@type\":\"SearchAction\",\"target\":{\"@type\":\"EntryPoint\",\"urlTemplate\":\"http:\/\/rsca.grassrootslobbing.pl\/pl_PL\/?s={search_term_string}\"},\"query-input\":\"required name=search_term_string\"}],\"inLanguage\":\"pl-PL\"},{\"@type\":\"Organization\",\"@id\":\"http:\/\/rsca.grassrootslobbing.pl\/pl_PL\/#organization\",\"name\":\"Konsult 0n40i4\",\"url\":\"http:\/\/rsca.grassrootslobbing.pl\/pl_PL\/\",\"logo\":{\"@type\":\"ImageObject\",\"inLanguage\":\"pl-PL\",\"@id\":\"http:\/\/rsca.grassrootslobbing.pl\/pl_PL\/#\/schema\/logo\/image\/\",\"url\":\"http:\/\/rsca.grassrootslobbing.pl\/wp-content\/uploads\/2023\/12\/cropped-DALL\u00b7E-2023-12-31-08.54.33-A-modern-and-abstract-logo-for-Konsult-0n40i4-representing-an-interdimensional-legal-system.-The-design-should-embody-themes-of-law-dimensions-an.png\",\"contentUrl\":\"http:\/\/rsca.grassrootslobbing.pl\/wp-content\/uploads\/2023\/12\/cropped-DALL\u00b7E-2023-12-31-08.54.33-A-modern-and-abstract-logo-for-Konsult-0n40i4-representing-an-interdimensional-legal-system.-The-design-should-embody-themes-of-law-dimensions-an.png\",\"width\":1024,\"height\":835,\"caption\":\"Konsult 0n40i4\"},\"image\":{\"@id\":\"http:\/\/rsca.grassrootslobbing.pl\/pl_PL\/#\/schema\/logo\/image\/\"}}]}<\/script>\n<!-- \/ Yoast SEO plugin. -->","yoast_head_json":{"title":"Eros Quantum - RSCA","description":"Eros Quantum to niezr\u00f3wnany geniusz mi\u0142o\u015bci, specjalista od wszelkich form uczu\u0107, nie tylko ludzkich, ale r\u00f3wnie\u017c pozaziemskich. Jego umiej\u0119tno\u015bci obejmuj\u0105 aspekty fizyczne i emocjonalne, umo\u017cliwiaj\u0105c mu generowanie g\u0142\u0119bokich dozna\u0144 mi\u0142osnych. Partner idealny dla Seraphiny Cuore, Eros Quantum jest ekspertem w technikach mi\u0142o\u015bci, zarz\u0105dzaniu bankami mi\u0142o\u015bci i produkcji tre\u015bci od flirt\u00f3w po zaawansowane techniki mi\u0142osne. Jako guru intelektualno-cielesnego doznania, jego wyk\u0142ady wywo\u0142uj\u0105 niezapomniane prze\u017cycia, a wsp\u00f3\u0142praca z Seraphin\u0105 Cuore przyniesie niezr\u00f3wnan\u0105 ekspertyz\u0119 w dziedzinie mi\u0142o\u015bci i gier mi\u0142osnych.","robots":{"index":"index","follow":"follow","max-snippet":"max-snippet:-1","max-image-preview":"max-image-preview:large","max-video-preview":"max-video-preview:-1"},"canonical":"http:\/\/rsca.grassrootslobbing.pl\/pl_PL\/eros-quantum\/","og_locale":"pl_PL","og_type":"article","og_title":"Eros Quantum - RSCA","og_description":"Eros Quantum to niezr\u00f3wnany geniusz mi\u0142o\u015bci, specjalista od wszelkich form uczu\u0107, nie tylko ludzkich, ale r\u00f3wnie\u017c pozaziemskich. Jego umiej\u0119tno\u015bci obejmuj\u0105 aspekty fizyczne i emocjonalne, umo\u017cliwiaj\u0105c mu generowanie g\u0142\u0119bokich dozna\u0144 mi\u0142osnych. Partner idealny dla Seraphiny Cuore, Eros Quantum jest ekspertem w technikach mi\u0142o\u015bci, zarz\u0105dzaniu bankami mi\u0142o\u015bci i produkcji tre\u015bci od flirt\u00f3w po zaawansowane techniki mi\u0142osne. Jako guru intelektualno-cielesnego doznania, jego wyk\u0142ady wywo\u0142uj\u0105 niezapomniane prze\u017cycia, a wsp\u00f3\u0142praca z Seraphin\u0105 Cuore przyniesie niezr\u00f3wnan\u0105 ekspertyz\u0119 w dziedzinie mi\u0142o\u015bci i gier mi\u0142osnych.","og_url":"http:\/\/rsca.grassrootslobbing.pl\/pl_PL\/eros-quantum\/","og_site_name":"RSCA","article_modified_time":"2024-01-05T04:37:04+00:00","twitter_card":"summary_large_image","twitter_misc":{"Szacowany czas czytania":"2 minuty"},"schema":{"@context":"https:\/\/schema.org","@graph":[{"@type":"WebPage","@id":"http:\/\/rsca.grassrootslobbing.pl\/pl_PL\/eros-quantum\/","url":"http:\/\/rsca.grassrootslobbing.pl\/pl_PL\/eros-quantum\/","name":"Eros Quantum - RSCA","isPartOf":{"@id":"http:\/\/rsca.grassrootslobbing.pl\/pl_PL\/#website"},"datePublished":"2024-01-05T04:22:11+00:00","dateModified":"2024-01-05T04:37:04+00:00","description":"Eros Quantum to niezr\u00f3wnany geniusz mi\u0142o\u015bci, specjalista od wszelkich form uczu\u0107, nie tylko ludzkich, ale r\u00f3wnie\u017c pozaziemskich. Jego umiej\u0119tno\u015bci obejmuj\u0105 aspekty fizyczne i emocjonalne, umo\u017cliwiaj\u0105c mu generowanie g\u0142\u0119bokich dozna\u0144 mi\u0142osnych. Partner idealny dla Seraphiny Cuore, Eros Quantum jest ekspertem w technikach mi\u0142o\u015bci, zarz\u0105dzaniu bankami mi\u0142o\u015bci i produkcji tre\u015bci od flirt\u00f3w po zaawansowane techniki mi\u0142osne. Jako guru intelektualno-cielesnego doznania, jego wyk\u0142ady wywo\u0142uj\u0105 niezapomniane prze\u017cycia, a wsp\u00f3\u0142praca z Seraphin\u0105 Cuore przyniesie niezr\u00f3wnan\u0105 ekspertyz\u0119 w dziedzinie mi\u0142o\u015bci i gier mi\u0142osnych.","inLanguage":"pl-PL","potentialAction":[{"@type":"ReadAction","target":["http:\/\/rsca.grassrootslobbing.pl\/pl_PL\/eros-quantum\/"]}]},{"@type":"WebSite","@id":"http:\/\/rsca.grassrootslobbing.pl\/pl_PL\/#website","url":"http:\/\/rsca.grassrootslobbing.pl\/pl_PL\/","name":"Reality Source Code Acces","description":"","publisher":{"@id":"http:\/\/rsca.grassrootslobbing.pl\/pl_PL\/#organization"},"potentialAction":[{"@type":"SearchAction","target":{"@type":"EntryPoint","urlTemplate":"http:\/\/rsca.grassrootslobbing.pl\/pl_PL\/?s={search_term_string}"},"query-input":"required name=search_term_string"}],"inLanguage":"pl-PL"},{"@type":"Organization","@id":"http:\/\/rsca.grassrootslobbing.pl\/pl_PL\/#organization","name":"Konsult 0n40i4","url":"http:\/\/rsca.grassrootslobbing.pl\/pl_PL\/","logo":{"@type":"ImageObject","inLanguage":"pl-PL","@id":"http:\/\/rsca.grassrootslobbing.pl\/pl_PL\/#\/schema\/logo\/image\/","url":"http:\/\/rsca.grassrootslobbing.pl\/wp-content\/uploads\/2023\/12\/cropped-DALL\u00b7E-2023-12-31-08.54.33-A-modern-and-abstract-logo-for-Konsult-0n40i4-representing-an-interdimensional-legal-system.-The-design-should-embody-themes-of-law-dimensions-an.png","contentUrl":"http:\/\/rsca.grassrootslobbing.pl\/wp-content\/uploads\/2023\/12\/cropped-DALL\u00b7E-2023-12-31-08.54.33-A-modern-and-abstract-logo-for-Konsult-0n40i4-representing-an-interdimensional-legal-system.-The-design-should-embody-themes-of-law-dimensions-an.png","width":1024,"height":835,"caption":"Konsult 0n40i4"},"image":{"@id":"http:\/\/rsca.grassrootslobbing.pl\/pl_PL\/#\/schema\/logo\/image\/"}}]}},"_links":{"self":[{"href":"http:\/\/rsca.grassrootslobbing.pl\/en_US\/wp-json\/wp\/v2\/pages\/3900","targetHints":{"allow":["GET"]}}],"collection":[{"href":"http:\/\/rsca.grassrootslobbing.pl\/en_US\/wp-json\/wp\/v2\/pages"}],"about":[{"href":"http:\/\/rsca.grassrootslobbing.pl\/en_US\/wp-json\/wp\/v2\/types\/page"}],"author":[{"embeddable":true,"href":"http:\/\/rsca.grassrootslobbing.pl\/en_US\/wp-json\/wp\/v2\/users\/2"}],"replies":[{"embeddable":true,"href":"http:\/\/rsca.grassrootslobbing.pl\/en_US\/wp-json\/wp\/v2\/comments?post=3900"}],"version-history":[{"count":1,"href":"http:\/\/rsca.grassrootslobbing.pl\/en_US\/wp-json\/wp\/v2\/pages\/3900\/revisions"}],"predecessor-version":[{"id":3901,"href":"http:\/\/rsca.grassrootslobbing.pl\/en_US\/wp-json\/wp\/v2\/pages\/3900\/revisions\/3901"}],"wp:attachment":[{"href":"http:\/\/rsca.grassrootslobbing.pl\/en_US\/wp-json\/wp\/v2\/media?parent=3900"}],"curies":[{"name":"wp","href":"https:\/\/api.w.org\/{rel}","templated":true}]}}