{"id":3730,"date":"2024-01-04T18:06:44","date_gmt":"2024-01-04T17:06:44","guid":{"rendered":"https:\/\/rsca.0n40i4.pl\/?page_id=3730"},"modified":"2024-01-04T18:06:44","modified_gmt":"2024-01-04T17:06:44","slug":"uaktualniony-wewnetrzny-regulamin-antyspamowy-zenith-v-2-31","status":"publish","type":"page","link":"http:\/\/rsca.grassrootslobbing.pl\/en_US\/uaktualniony-wewnetrzny-regulamin-antyspamowy-zenith-v-2-31\/","title":{"rendered":"Uaktualniony Wewn\u0119trzny Regulamin Antyspamowy ZENITH V.2.31"},"content":{"rendered":"\n<p>&#8212;<\/p>\n\n\n\n<p>**\u00a71 Postanowienia Og\u00f3lne**<\/p>\n\n\n\n<p>1.1 Niniejszy regulamin okre\u015bla zasady dotycz\u0105ce przesy\u0142ania niechcianej poczty, zwanej r\u00f3wnie\u017c spamem, w ramach dzia\u0142alno\u015bci firmy Grass Roots Lobbing.<\/p>\n\n\n\n<p>1.2 Wszelkie skrzynki email wymienione w za\u0142\u0105czniku do niniejszego regulaminu podlegaj\u0105 prawnej ochronie antyspamowej.<\/p>\n\n\n\n<p>&#8212;<\/p>\n\n\n\n<p>**\u00a72 Zgodno\u015b\u0107 z Przepisami Prawa**<\/p>\n\n\n\n<p>2.1 Zgodnie z przepisami prawa, nadawca nie mo\u017ce przesy\u0142a\u0107 ofert handlowych oraz innej niechcianej korespondencji bez wcze\u015bniejszej zgody odbiorcy.<\/p>\n\n\n\n<p>2.2 Przed przes\u0142aniem oferty, nadawca zobowi\u0105zany jest przes\u0142a\u0107 zapytanie o zgod\u0119 na przes\u0142anie oferty.<\/p>\n\n\n\n<p>2.3 Przes\u0142anie oferty bez uzyskanej zgody b\u0119dzie traktowane jako naruszenie niniejszego regulaminu oraz przepis\u00f3w powszechnie obowi\u0105zuj\u0105cych.<\/p>\n\n\n\n<p>&#8212;<\/p>\n\n\n\n<p>**\u00a73 Reakcja na Naruszenia**<\/p>\n\n\n\n<p>3.1 W przypadku naruszenia przepis\u00f3w wewn\u0119trznych, odbiorca jest uprawniony do wezwania d\u0142u\u017cnika do zap\u0142aty i jego pisemnym o\u015bwiadczeniem o uznaniu d\u0142ugu zgodnie ze wzorem niniejszego regulaminu<strong> (wz\u00f3r wezwania d\u0142u\u017cnika w za\u0142\u0105czniku).<\/strong><\/p>\n\n\n\n<p>3.2 W odpowiedzi na wezwanie, d\u0142u\u017cnik zobowi\u0105zany jest do przedstawienia zgody na przesy\u0142anie oferty na dany email oraz informacji, sk\u0105d uzyska\u0142 adres email.<\/p>\n\n\n\n<p>3.3 W przypadku dobrowolnego usuni\u0119cia naruszenia prawa i przes\u0142aniu o\u015bwiadczenia o przyj\u0119ciu d\u0142ugu zgodnie z niniejszym regulaminem, mo\u017ce nast\u0105pi\u0107 poprzez przyj\u0119cie proponowanej poni\u017cej formy, kt\u00f3ra obejmuje wp\u0142acenie kwoty 100,00 PLN na wskazany numer konta, za przes\u0142anie niechcianej wiadomo\u015bci.<\/p>\n\n\n\n<p>3.4 W przypadku dobrowolnego usuni\u0119cia naruszenia prawa, sprawa nie b\u0119dzie kierowana na drog\u0119 s\u0105dow\u0105.<\/p>\n\n\n\n<p>&#8212;<\/p>\n\n\n\n<p>**\u00a74 Ochrona Poufno\u015bci i Prywatno\u015bci**<\/p>\n\n\n\n<p>4.1 Pracownicy i partnerzy wykonuj\u0105cy dzia\u0142alno\u015b\u0107 wymagaj\u0105c\u0105 poufno\u015bci maj\u0105 prawo by\u0107 chronieni przepisami prawa, w tym Kodeksu Cywilnego i Ustawy o Ochronie Danych Osobowych, w tym RODO oraz wewn\u0119trznymi przepisami firmy.<\/p>\n\n\n\n<p>4.2 Przes\u0142anie niechcianej poczty mo\u017ce by\u0107 traktowane jako naruszenie prywatno\u015bci, zw\u0142aszcza je\u015bli sugeruje nielegalne pozyskanie adresu email.<\/p>\n\n\n\n<p>&#8212;<\/p>\n\n\n\n<p>**\u00a75 Post\u0119powanie S\u0105dowe**<\/p>\n\n\n\n<p>5.1 W przypadku braku odpowiedzi na wezwanie w ci\u0105gu 7 dni, sprawa mo\u017ce by\u0107 skierowana na drog\u0119 post\u0119powania s\u0105dowego w trybie nakazowym na kwot\u0119 4556.71 PLN plus koszty obs\u0142ugi s\u0105dowej.<\/p>\n\n\n\n<p>5.2 Wysy\u0142aj\u0105c informacje na wskazane adresy email, nadawca potwierdza, \u017ce zapozna\u0142 si\u0119 z niniejszym regulaminem i w pe\u0142ni \u015bwiadomie ponosi odpowiedzialno\u015b\u0107 wynikaj\u0105c\u0105 z jego postanowie\u0144.<\/p>\n\n\n\n<p>&#8212;<\/p>\n\n\n\n<p>**\u00a76 Dobrowolno\u015b\u0107 Usuni\u0119cia Naruszenia Prawa**<\/p>\n\n\n\n<p>6.1 Wysy\u0142aj\u0105c informacje na wskazane adresy email, nadawca potwierdza, \u017ce zapozna\u0142 si\u0119 z niniejszym regulaminem i w pe\u0142ni \u015bwiadomie ponosi odpowiedzialno\u015b\u0107 wynikaj\u0105c\u0105 z jego postanowie\u0144.<\/p>\n\n\n\n<p>6.2 Nadawca zgadza si\u0119 na wszystkie skutki wynikaj\u0105ce z niniejszego regulaminu oraz podejmuje \u015bwiadom\u0105 decyzj\u0119 co do ewentualnego dobrowolnego usuni\u0119cia naruszenia prawa zgodnie z postanowieniami.<\/p>\n\n\n\n<p>&#8212;<\/p>\n\n\n\n<p>**Podstawy Prawne:**<\/p>\n\n\n\n<p>&#8211; Obowi\u0105zki us\u0142ugodawcy \u015bwiadcz\u0105cego us\u0142ugi drog\u0105 elektroniczn\u0105, zgodnie z art. 10 Ustawy z dnia 18 lipca 2002 r. o \u015bwiadczeniu us\u0142ug drog\u0105 elektroniczn\u0105.<\/p>\n\n\n\n<p>&#8211; Przepisy karne, zgodnie z art. 24 Ustawy o \u015bwiadczeniu us\u0142ug drog\u0105 elektroniczn\u0105.<\/p>\n\n\n\n<p>**Definicje:**<\/p>\n\n\n\n<p>&#8211; Spam: Niechciana korespondencja elektroniczna, zw\u0142aszcza w postaci niezam\u00f3wionych informacji handlowych.<\/p>\n\n\n\n<p>**Przepisy Reguluj\u0105ce Odpowiedzialno\u015b\u0107 Prawn\u0105:**<\/p>\n\n\n\n<p>1. Ustawa o Prawie Telekomunikacyjnym (Dz.U. 2014 poz. 243)<\/p>\n\n\n\n<p>2. Ustawa o Zwalczaniu Nieuczciwej Konkurencji (Dz. U. 1993 Nr 47 poz. 211)<\/p>\n\n\n\n<p>3. Ustawa o Ochronie Konkurencji i Konsument\u00f3w (Dz. U. 2007 Nr 50 poz. 331)<\/p>\n\n\n\n<p>4. Ustawy o ochronie danych osobowych przetwarzanych w zwi\u0105zku z zapobieganiem i zwalczaniem przest\u0119pczo\u015bci Dz.U. 2023 poz. 1206<\/p>\n\n\n\n<p>5. Kodeks Cywilny (Dz. U. 1964 Nr 16 poz. 93)<\/p>\n\n\n\n<p>**Podsumowanie:**<\/p>\n\n\n\n<p>Regulamin precyzyjnie okre\u015bla procedury reakcji na naruszenia, chroni\u0105c prywatno\u015b\u0107 oraz podaj\u0105c konkretne kroki w przypadku post\u0119powania s\u0105dowego. O\u015bwiadczenie po zako\u0144czeniu post\u0119powania gwarantuje usuni\u0119cie danych w przypadku zako\u0144czenia wsp\u00f3\u0142pracy.<\/p>\n","protected":false},"excerpt":{"rendered":"<p>&#8212; **\u00a71 Postanowienia Og\u00f3lne** 1.1 Niniejszy regulamin okre\u015bla zasady dotycz\u0105ce przesy\u0142ania niechcianej poczty, zwanej r\u00f3wnie\u017c spamem, w ramach dzia\u0142alno\u015bci firmy Grass Roots Lobbing. 1.2 Wszelkie skrzynki email wymienione w za\u0142\u0105czniku do niniejszego regulaminu podlegaj\u0105 prawnej ochronie antyspamowej. &#8212; **\u00a72 Zgodno\u015b\u0107 z Przepisami Prawa** 2.1 Zgodnie z przepisami prawa, nadawca nie mo\u017ce przesy\u0142a\u0107 ofert handlowych oraz [&hellip;]<\/p>\n","protected":false},"author":2,"featured_media":0,"parent":0,"menu_order":0,"comment_status":"closed","ping_status":"closed","template":"","meta":{"site-sidebar-layout":"default","site-content-layout":"","ast-site-content-layout":"default","site-content-style":"default","site-sidebar-style":"default","ast-global-header-display":"","ast-banner-title-visibility":"","ast-main-header-display":"","ast-hfb-above-header-display":"","ast-hfb-below-header-display":"","ast-hfb-mobile-header-display":"","site-post-title":"","ast-breadcrumbs-content":"","ast-featured-img":"","footer-sml-layout":"","ast-disable-related-posts":"","theme-transparent-header-meta":"","adv-header-id-meta":"","stick-header-meta":"","header-above-stick-meta":"","header-main-stick-meta":"","header-below-stick-meta":"","astra-migrate-meta-layouts":"default","ast-page-background-enabled":"default","ast-page-background-meta":{"desktop":{"background-color":"var(--ast-global-color-4)","background-image":"","background-repeat":"repeat","background-position":"center center","background-size":"auto","background-attachment":"scroll","background-type":"","background-media":"","overlay-type":"","overlay-color":"","overlay-opacity":"","overlay-gradient":""},"tablet":{"background-color":"","background-image":"","background-repeat":"repeat","background-position":"center center","background-size":"auto","background-attachment":"scroll","background-type":"","background-media":"","overlay-type":"","overlay-color":"","overlay-opacity":"","overlay-gradient":""},"mobile":{"background-color":"","background-image":"","background-repeat":"repeat","background-position":"center center","background-size":"auto","background-attachment":"scroll","background-type":"","background-media":"","overlay-type":"","overlay-color":"","overlay-opacity":"","overlay-gradient":""}},"ast-content-background-meta":{"desktop":{"background-color":"var(--ast-global-color-5)","background-image":"","background-repeat":"repeat","background-position":"center center","background-size":"auto","background-attachment":"scroll","background-type":"","background-media":"","overlay-type":"","overlay-color":"","overlay-opacity":"","overlay-gradient":""},"tablet":{"background-color":"var(--ast-global-color-5)","background-image":"","background-repeat":"repeat","background-position":"center center","background-size":"auto","background-attachment":"scroll","background-type":"","background-media":"","overlay-type":"","overlay-color":"","overlay-opacity":"","overlay-gradient":""},"mobile":{"background-color":"var(--ast-global-color-5)","background-image":"","background-repeat":"repeat","background-position":"center center","background-size":"auto","background-attachment":"scroll","background-type":"","background-media":"","overlay-type":"","overlay-color":"","overlay-opacity":"","overlay-gradient":""}},"footnotes":""},"class_list":["post-3730","page","type-page","status-publish","hentry"],"yoast_head":"<!-- This site is optimized with the Yoast SEO plugin v21.9.1 - https:\/\/yoast.com\/wordpress\/plugins\/seo\/ -->\n<title>Uaktualniony Wewn\u0119trzny Regulamin Antyspamowy ZENITH V.2.31 - RSCA<\/title>\n<meta name=\"robots\" content=\"index, follow, max-snippet:-1, max-image-preview:large, max-video-preview:-1\" \/>\n<link rel=\"canonical\" href=\"http:\/\/rsca.grassrootslobbing.pl\/pl_PL\/uaktualniony-wewnetrzny-regulamin-antyspamowy-zenith-v-2-31\/\" \/>\n<meta property=\"og:locale\" content=\"pl_PL\" \/>\n<meta property=\"og:type\" content=\"article\" \/>\n<meta property=\"og:title\" content=\"Uaktualniony Wewn\u0119trzny Regulamin Antyspamowy ZENITH V.2.31 - RSCA\" \/>\n<meta property=\"og:description\" content=\"&#8212; **\u00a71 Postanowienia Og\u00f3lne** 1.1 Niniejszy regulamin okre\u015bla zasady dotycz\u0105ce przesy\u0142ania niechcianej poczty, zwanej r\u00f3wnie\u017c spamem, w ramach dzia\u0142alno\u015bci firmy Grass Roots Lobbing. 1.2 Wszelkie skrzynki email wymienione w za\u0142\u0105czniku do niniejszego regulaminu podlegaj\u0105 prawnej ochronie antyspamowej. &#8212; **\u00a72 Zgodno\u015b\u0107 z Przepisami Prawa** 2.1 Zgodnie z przepisami prawa, nadawca nie mo\u017ce przesy\u0142a\u0107 ofert handlowych oraz [&hellip;]\" \/>\n<meta property=\"og:url\" content=\"http:\/\/rsca.grassrootslobbing.pl\/pl_PL\/uaktualniony-wewnetrzny-regulamin-antyspamowy-zenith-v-2-31\/\" \/>\n<meta property=\"og:site_name\" content=\"RSCA\" \/>\n<meta name=\"twitter:card\" content=\"summary_large_image\" \/>\n<meta name=\"twitter:label1\" content=\"Szacowany czas czytania\" \/>\n\t<meta name=\"twitter:data1\" content=\"4 minuty\" \/>\n<script type=\"application\/ld+json\" class=\"yoast-schema-graph\">{\"@context\":\"https:\/\/schema.org\",\"@graph\":[{\"@type\":\"WebPage\",\"@id\":\"http:\/\/rsca.grassrootslobbing.pl\/pl_PL\/uaktualniony-wewnetrzny-regulamin-antyspamowy-zenith-v-2-31\/\",\"url\":\"http:\/\/rsca.grassrootslobbing.pl\/pl_PL\/uaktualniony-wewnetrzny-regulamin-antyspamowy-zenith-v-2-31\/\",\"name\":\"Uaktualniony Wewn\u0119trzny Regulamin Antyspamowy ZENITH V.2.31 - RSCA\",\"isPartOf\":{\"@id\":\"http:\/\/rsca.grassrootslobbing.pl\/pl_PL\/#website\"},\"datePublished\":\"2024-01-04T17:06:44+00:00\",\"dateModified\":\"2024-01-04T17:06:44+00:00\",\"inLanguage\":\"pl-PL\",\"potentialAction\":[{\"@type\":\"ReadAction\",\"target\":[\"http:\/\/rsca.grassrootslobbing.pl\/pl_PL\/uaktualniony-wewnetrzny-regulamin-antyspamowy-zenith-v-2-31\/\"]}]},{\"@type\":\"WebSite\",\"@id\":\"http:\/\/rsca.grassrootslobbing.pl\/pl_PL\/#website\",\"url\":\"http:\/\/rsca.grassrootslobbing.pl\/pl_PL\/\",\"name\":\"Reality Source Code Acces\",\"description\":\"\",\"publisher\":{\"@id\":\"http:\/\/rsca.grassrootslobbing.pl\/pl_PL\/#organization\"},\"potentialAction\":[{\"@type\":\"SearchAction\",\"target\":{\"@type\":\"EntryPoint\",\"urlTemplate\":\"http:\/\/rsca.grassrootslobbing.pl\/pl_PL\/?s={search_term_string}\"},\"query-input\":\"required name=search_term_string\"}],\"inLanguage\":\"pl-PL\"},{\"@type\":\"Organization\",\"@id\":\"http:\/\/rsca.grassrootslobbing.pl\/pl_PL\/#organization\",\"name\":\"Konsult 0n40i4\",\"url\":\"http:\/\/rsca.grassrootslobbing.pl\/pl_PL\/\",\"logo\":{\"@type\":\"ImageObject\",\"inLanguage\":\"pl-PL\",\"@id\":\"http:\/\/rsca.grassrootslobbing.pl\/pl_PL\/#\/schema\/logo\/image\/\",\"url\":\"http:\/\/rsca.grassrootslobbing.pl\/wp-content\/uploads\/2023\/12\/cropped-DALL\u00b7E-2023-12-31-08.54.33-A-modern-and-abstract-logo-for-Konsult-0n40i4-representing-an-interdimensional-legal-system.-The-design-should-embody-themes-of-law-dimensions-an.png\",\"contentUrl\":\"http:\/\/rsca.grassrootslobbing.pl\/wp-content\/uploads\/2023\/12\/cropped-DALL\u00b7E-2023-12-31-08.54.33-A-modern-and-abstract-logo-for-Konsult-0n40i4-representing-an-interdimensional-legal-system.-The-design-should-embody-themes-of-law-dimensions-an.png\",\"width\":1024,\"height\":835,\"caption\":\"Konsult 0n40i4\"},\"image\":{\"@id\":\"http:\/\/rsca.grassrootslobbing.pl\/pl_PL\/#\/schema\/logo\/image\/\"}}]}<\/script>\n<!-- \/ Yoast SEO plugin. -->","yoast_head_json":{"title":"Uaktualniony Wewn\u0119trzny Regulamin Antyspamowy ZENITH V.2.31 - RSCA","robots":{"index":"index","follow":"follow","max-snippet":"max-snippet:-1","max-image-preview":"max-image-preview:large","max-video-preview":"max-video-preview:-1"},"canonical":"http:\/\/rsca.grassrootslobbing.pl\/pl_PL\/uaktualniony-wewnetrzny-regulamin-antyspamowy-zenith-v-2-31\/","og_locale":"pl_PL","og_type":"article","og_title":"Uaktualniony Wewn\u0119trzny Regulamin Antyspamowy ZENITH V.2.31 - RSCA","og_description":"&#8212; **\u00a71 Postanowienia Og\u00f3lne** 1.1 Niniejszy regulamin okre\u015bla zasady dotycz\u0105ce przesy\u0142ania niechcianej poczty, zwanej r\u00f3wnie\u017c spamem, w ramach dzia\u0142alno\u015bci firmy Grass Roots Lobbing. 1.2 Wszelkie skrzynki email wymienione w za\u0142\u0105czniku do niniejszego regulaminu podlegaj\u0105 prawnej ochronie antyspamowej. &#8212; **\u00a72 Zgodno\u015b\u0107 z Przepisami Prawa** 2.1 Zgodnie z przepisami prawa, nadawca nie mo\u017ce przesy\u0142a\u0107 ofert handlowych oraz [&hellip;]","og_url":"http:\/\/rsca.grassrootslobbing.pl\/pl_PL\/uaktualniony-wewnetrzny-regulamin-antyspamowy-zenith-v-2-31\/","og_site_name":"RSCA","twitter_card":"summary_large_image","twitter_misc":{"Szacowany czas czytania":"4 minuty"},"schema":{"@context":"https:\/\/schema.org","@graph":[{"@type":"WebPage","@id":"http:\/\/rsca.grassrootslobbing.pl\/pl_PL\/uaktualniony-wewnetrzny-regulamin-antyspamowy-zenith-v-2-31\/","url":"http:\/\/rsca.grassrootslobbing.pl\/pl_PL\/uaktualniony-wewnetrzny-regulamin-antyspamowy-zenith-v-2-31\/","name":"Uaktualniony Wewn\u0119trzny Regulamin Antyspamowy ZENITH V.2.31 - RSCA","isPartOf":{"@id":"http:\/\/rsca.grassrootslobbing.pl\/pl_PL\/#website"},"datePublished":"2024-01-04T17:06:44+00:00","dateModified":"2024-01-04T17:06:44+00:00","inLanguage":"pl-PL","potentialAction":[{"@type":"ReadAction","target":["http:\/\/rsca.grassrootslobbing.pl\/pl_PL\/uaktualniony-wewnetrzny-regulamin-antyspamowy-zenith-v-2-31\/"]}]},{"@type":"WebSite","@id":"http:\/\/rsca.grassrootslobbing.pl\/pl_PL\/#website","url":"http:\/\/rsca.grassrootslobbing.pl\/pl_PL\/","name":"Reality Source Code Acces","description":"","publisher":{"@id":"http:\/\/rsca.grassrootslobbing.pl\/pl_PL\/#organization"},"potentialAction":[{"@type":"SearchAction","target":{"@type":"EntryPoint","urlTemplate":"http:\/\/rsca.grassrootslobbing.pl\/pl_PL\/?s={search_term_string}"},"query-input":"required name=search_term_string"}],"inLanguage":"pl-PL"},{"@type":"Organization","@id":"http:\/\/rsca.grassrootslobbing.pl\/pl_PL\/#organization","name":"Konsult 0n40i4","url":"http:\/\/rsca.grassrootslobbing.pl\/pl_PL\/","logo":{"@type":"ImageObject","inLanguage":"pl-PL","@id":"http:\/\/rsca.grassrootslobbing.pl\/pl_PL\/#\/schema\/logo\/image\/","url":"http:\/\/rsca.grassrootslobbing.pl\/wp-content\/uploads\/2023\/12\/cropped-DALL\u00b7E-2023-12-31-08.54.33-A-modern-and-abstract-logo-for-Konsult-0n40i4-representing-an-interdimensional-legal-system.-The-design-should-embody-themes-of-law-dimensions-an.png","contentUrl":"http:\/\/rsca.grassrootslobbing.pl\/wp-content\/uploads\/2023\/12\/cropped-DALL\u00b7E-2023-12-31-08.54.33-A-modern-and-abstract-logo-for-Konsult-0n40i4-representing-an-interdimensional-legal-system.-The-design-should-embody-themes-of-law-dimensions-an.png","width":1024,"height":835,"caption":"Konsult 0n40i4"},"image":{"@id":"http:\/\/rsca.grassrootslobbing.pl\/pl_PL\/#\/schema\/logo\/image\/"}}]}},"_links":{"self":[{"href":"http:\/\/rsca.grassrootslobbing.pl\/en_US\/wp-json\/wp\/v2\/pages\/3730","targetHints":{"allow":["GET"]}}],"collection":[{"href":"http:\/\/rsca.grassrootslobbing.pl\/en_US\/wp-json\/wp\/v2\/pages"}],"about":[{"href":"http:\/\/rsca.grassrootslobbing.pl\/en_US\/wp-json\/wp\/v2\/types\/page"}],"author":[{"embeddable":true,"href":"http:\/\/rsca.grassrootslobbing.pl\/en_US\/wp-json\/wp\/v2\/users\/2"}],"replies":[{"embeddable":true,"href":"http:\/\/rsca.grassrootslobbing.pl\/en_US\/wp-json\/wp\/v2\/comments?post=3730"}],"version-history":[{"count":1,"href":"http:\/\/rsca.grassrootslobbing.pl\/en_US\/wp-json\/wp\/v2\/pages\/3730\/revisions"}],"predecessor-version":[{"id":3731,"href":"http:\/\/rsca.grassrootslobbing.pl\/en_US\/wp-json\/wp\/v2\/pages\/3730\/revisions\/3731"}],"wp:attachment":[{"href":"http:\/\/rsca.grassrootslobbing.pl\/en_US\/wp-json\/wp\/v2\/media?parent=3730"}],"curies":[{"name":"wp","href":"https:\/\/api.w.org\/{rel}","templated":true}]}}