{"id":3261,"date":"2024-01-03T04:11:56","date_gmt":"2024-01-03T03:11:56","guid":{"rendered":"https:\/\/rsca.0n40i4.pl\/?page_id=3261"},"modified":"2024-01-03T04:12:19","modified_gmt":"2024-01-03T03:12:19","slug":"zasada-bezpieczenstwa","status":"publish","type":"page","link":"http:\/\/rsca.grassrootslobbing.pl\/en_US\/zasada-bezpieczenstwa\/","title":{"rendered":"Zasada Bezpiecze\u0144stwa"},"content":{"rendered":"\n<h1 class=\"wp-block-heading has-text-align-center\" style=\"font-size:25px\"><strong>Preambu\u0142a<\/strong><\/h1>\n\n\n\n<p class=\"has-medium-font-size\"><strong>Zasada Bezpiecze\u0144stwa<\/strong> stanowi fundamentalny element funkcjonowania <strong>Konsultu Nacji Zr\u00f3wnowa\u017conych Wymiar\u00f3w<\/strong>. Jej celem jest zapewnienie bezpiecze\u0144stwa, stabilno\u015bci i ochrony wszystkich byt\u00f3w uczestnicz\u0105cych w wielowymiarowym \u015bwiecie oraz dzia\u0142a\u0144 Konsulatu.<\/p>\n\n\n\n<h2 class=\"wp-block-heading has-text-align-center\" style=\"font-size:23px\"><strong>Rozdzia\u0142 I: Podstawowe Za\u0142o\u017cenia<\/strong><\/h2>\n\n\n\n<div style=\"height:10px\" aria-hidden=\"true\" class=\"wp-block-spacer\"><\/div>\n\n\n\n<p class=\"has-medium-font-size\" style=\"margin-top:5px;margin-bottom:5px\">1.<strong> Zasada Bezpiecze\u0144stwa<\/strong> opiera si\u0119 na przekonaniu, \u017ce ka\u017cdy byt ma prawo do uczestniczenia w wielowymiarowym \u015bwiecie w atmosferze bezpiecze\u0144stwa i wolno\u015bci od zagro\u017ce\u0144.<\/p>\n\n\n\n<p class=\"has-medium-font-size\">2. Bezpiecze\u0144stwo jest warto\u015bci\u0105 priorytetow\u0105 <strong>Konsultu<\/strong> i stanowi integraln\u0105 cz\u0119\u015b\u0107 jego misji.<\/p>\n\n\n\n<h2 class=\"wp-block-heading has-text-align-center\" style=\"font-size:23px\"><strong>Rozdzia\u0142 II: Ochrona Nacji i Cywilizacji<\/strong><\/h2>\n\n\n\n<div style=\"height:10px\" aria-hidden=\"true\" class=\"wp-block-spacer\"><\/div>\n\n\n\n<p class=\"has-medium-font-size\" style=\"margin-top:5px;margin-bottom:5px\">1. <strong>Konsult<\/strong> zobowi\u0105zuje si\u0119 do ochrony nacji i cywilizacji przed wszelkimi zagro\u017ceniami, w tym agresj\u0105 zewn\u0119trzn\u0105, konfliktami i katastrofami.<\/p>\n\n\n\n<p class=\"has-medium-font-size\">2. Ochrona obejmuje stosowanie odpowiednich procedur, monitorowanie sytuacji oraz wspieranie dzia\u0142a\u0144 prewencyjnych.<\/p>\n\n\n\n<h2 class=\"wp-block-heading has-text-align-center\" style=\"font-size:23px\"><strong>Rozdzia\u0142 III: Bezpiecze\u0144stwo Operacji<\/strong><\/h2>\n\n\n\n<div style=\"height:10px\" aria-hidden=\"true\" class=\"wp-block-spacer\"><\/div>\n\n\n\n<p class=\"has-medium-font-size\" style=\"margin-top:5px;margin-bottom:5px\">1. Wszystkie operacje i projekty realizowane przez <strong>Konsult<\/strong> s\u0105 prowadzone z zachowaniem najwy\u017cszych standard\u00f3w bezpiecze\u0144stwa.<\/p>\n\n\n\n<p class=\"has-medium-font-size\">2. Ka\u017cda operacja lub projekt podlega ocenie ryzyka, a \u015brodki bezpiecze\u0144stwa s\u0105 dostosowane do identyfikowanych zagro\u017ce\u0144.<\/p>\n\n\n\n<div style=\"height:10px\" aria-hidden=\"true\" class=\"wp-block-spacer\"><\/div>\n\n\n\n<h2 class=\"wp-block-heading has-text-align-center\" style=\"font-size:23px\"><strong>Rozdzia\u0142 IV: Wsp\u00f3\u0142praca w Zakresie Bezpiecze\u0144stwa<\/strong><\/h2>\n\n\n\n<div style=\"height:10px\" aria-hidden=\"true\" class=\"wp-block-spacer\"><\/div>\n\n\n\n<p class=\"has-medium-font-size\" style=\"margin-top:5px;margin-bottom:5px\">1. Wszystkie nacje, cywilizacje i byty uczestnicz\u0105ce w dzia\u0142aniach <strong>Konsultu<\/strong> zobowi\u0105zane s\u0105 do wsp\u00f3\u0142pracy w zakresie zapewnienia bezpiecze\u0144stwa.<\/p>\n\n\n\n<p class=\"has-medium-font-size\">2. Wsp\u00f3\u0142praca w dziedzinie bezpiecze\u0144stwa obejmuje wymian\u0119 informacji, koordynacj\u0119 dzia\u0142a\u0144 i udzielanie wsparcia w przypadku kryzys\u00f3w.<\/p>\n\n\n\n<h2 class=\"wp-block-heading has-text-align-center\" style=\"font-size:23px\"><strong>Rozdzia\u0142 V: Zarz\u0105dzanie Kryzysowe<\/strong><\/h2>\n\n\n\n<div style=\"height:10px\" aria-hidden=\"true\" class=\"wp-block-spacer\"><\/div>\n\n\n\n<p class=\"has-medium-font-size\" style=\"margin-top:5px;margin-bottom:5px\">1. <strong>Konsult<\/strong> posiada procedury zarz\u0105dzania kryzysowego, kt\u00f3re pozwalaj\u0105 na szybk\u0105 reakcj\u0119 w przypadku wyst\u0105pienia nag\u0142ego zagro\u017cenia.<\/p>\n\n\n\n<p class=\"has-medium-font-size\">2. Wszystkie nacje i cywilizacje zobowi\u0105zane s\u0105 do zapoznania si\u0119 z procedurami zarz\u0105dzania kryzysowego i do wsp\u00f3\u0142pracy w przypadku wyst\u0105pienia kryzysu.<\/p>\n\n\n\n<div style=\"height:10px\" aria-hidden=\"true\" class=\"wp-block-spacer\"><\/div>\n\n\n\n<p class=\"has-text-align-center\" style=\"font-size:23px\"><strong>Rozdzia\u0142 VI: Wdra\u017canie i Monitorowanie<\/strong><\/p>\n\n\n\n<div style=\"height:10px\" aria-hidden=\"true\" class=\"wp-block-spacer\"><\/div>\n\n\n\n<p class=\"has-medium-font-size\" style=\"margin-top:5px;margin-bottom:5px\">1. <strong>Konsult <\/strong>zobowi\u0105zuje si\u0119 do ci\u0105g\u0142ego monitorowania i doskonalenia zasady bezpiecze\u0144stwa.<\/p>\n\n\n\n<p class=\"has-medium-font-size\">2. Wsp\u00f3\u0142praca w zakresie bezpiecze\u0144stwa jest rozwijana w oparciu o wyniki monitoringu i oceny efektywno\u015bci dzia\u0142a\u0144.<\/p>\n\n\n\n<div style=\"height:10px\" aria-hidden=\"true\" class=\"wp-block-spacer\"><\/div>\n\n\n\n<h2 class=\"wp-block-heading has-text-align-center\" style=\"font-size:23px\"><strong>Rozdzia\u0142 VII: Bezpiecze\u0144stwo jako Priorytet<\/strong><\/h2>\n\n\n\n<div style=\"height:10px\" aria-hidden=\"true\" class=\"wp-block-spacer\"><\/div>\n\n\n\n<p class=\"has-medium-font-size\" style=\"margin-top:5px;margin-bottom:5px\">1. <strong>Zasada Bezpiecze\u0144stwa<\/strong> jest jednym z priorytet\u00f3w <strong>Konsultu<\/strong> i jest nieod\u0142\u0105czn\u0105 cz\u0119\u015bci\u0105 jego misji.<\/p>\n\n\n\n<p class=\"has-medium-font-size\">2. Bezpiecze\u0144stwo jest gwarantem stabilno\u015bci, rozwoju i harmonii w wielowymiarowym \u015bwiecie.<\/p>\n\n\n\n<div style=\"height:20px\" aria-hidden=\"true\" class=\"wp-block-spacer\"><\/div>\n\n\n\n<p class=\"has-medium-font-size\"><strong>Zasada Bezpiecze\u0144stwa<\/strong> jest nieod\u0142\u0105czn\u0105 cz\u0119\u015bci\u0105 funkcjonowania <strong>Konsultu<\/strong> i jest fundamentalna dla zapewnienia bezpiecze\u0144stwa i ochrony wszystkich byt\u00f3w uczestnicz\u0105cych w wielowymiarowym \u015bwiecie.\u00a0<\/p>\n\n\n\n<div style=\"height:20px\" aria-hidden=\"true\" class=\"wp-block-spacer\"><\/div>\n\n\n\n<hr class=\"wp-block-separator has-alpha-channel-opacity is-style-wide\"\/>\n\n\n\n<h2 class=\"wp-block-heading\" style=\"font-size:22px\"><strong>Konsult 0n40i4<\/strong><\/h2>\n","protected":false},"excerpt":{"rendered":"<p>Preambu\u0142a Zasada Bezpiecze\u0144stwa stanowi fundamentalny element funkcjonowania Konsultu Nacji Zr\u00f3wnowa\u017conych Wymiar\u00f3w. Jej celem jest zapewnienie bezpiecze\u0144stwa, stabilno\u015bci i ochrony wszystkich byt\u00f3w uczestnicz\u0105cych w wielowymiarowym \u015bwiecie oraz dzia\u0142a\u0144 Konsulatu. Rozdzia\u0142 I: Podstawowe Za\u0142o\u017cenia 1. Zasada Bezpiecze\u0144stwa opiera si\u0119 na przekonaniu, \u017ce ka\u017cdy byt ma prawo do uczestniczenia w wielowymiarowym \u015bwiecie w atmosferze bezpiecze\u0144stwa i wolno\u015bci od [&hellip;]<\/p>\n","protected":false},"author":2,"featured_media":0,"parent":0,"menu_order":0,"comment_status":"closed","ping_status":"closed","template":"","meta":{"site-sidebar-layout":"default","site-content-layout":"","ast-site-content-layout":"default","site-content-style":"default","site-sidebar-style":"default","ast-global-header-display":"","ast-banner-title-visibility":"","ast-main-header-display":"","ast-hfb-above-header-display":"","ast-hfb-below-header-display":"","ast-hfb-mobile-header-display":"","site-post-title":"","ast-breadcrumbs-content":"","ast-featured-img":"","footer-sml-layout":"","ast-disable-related-posts":"","theme-transparent-header-meta":"","adv-header-id-meta":"","stick-header-meta":"","header-above-stick-meta":"","header-main-stick-meta":"","header-below-stick-meta":"","astra-migrate-meta-layouts":"default","ast-page-background-enabled":"default","ast-page-background-meta":{"desktop":{"background-color":"var(--ast-global-color-4)","background-image":"","background-repeat":"repeat","background-position":"center center","background-size":"auto","background-attachment":"scroll","background-type":"","background-media":"","overlay-type":"","overlay-color":"","overlay-opacity":"","overlay-gradient":""},"tablet":{"background-color":"","background-image":"","background-repeat":"repeat","background-position":"center center","background-size":"auto","background-attachment":"scroll","background-type":"","background-media":"","overlay-type":"","overlay-color":"","overlay-opacity":"","overlay-gradient":""},"mobile":{"background-color":"","background-image":"","background-repeat":"repeat","background-position":"center center","background-size":"auto","background-attachment":"scroll","background-type":"","background-media":"","overlay-type":"","overlay-color":"","overlay-opacity":"","overlay-gradient":""}},"ast-content-background-meta":{"desktop":{"background-color":"var(--ast-global-color-5)","background-image":"","background-repeat":"repeat","background-position":"center center","background-size":"auto","background-attachment":"scroll","background-type":"","background-media":"","overlay-type":"","overlay-color":"","overlay-opacity":"","overlay-gradient":""},"tablet":{"background-color":"var(--ast-global-color-5)","background-image":"","background-repeat":"repeat","background-position":"center center","background-size":"auto","background-attachment":"scroll","background-type":"","background-media":"","overlay-type":"","overlay-color":"","overlay-opacity":"","overlay-gradient":""},"mobile":{"background-color":"var(--ast-global-color-5)","background-image":"","background-repeat":"repeat","background-position":"center center","background-size":"auto","background-attachment":"scroll","background-type":"","background-media":"","overlay-type":"","overlay-color":"","overlay-opacity":"","overlay-gradient":""}},"footnotes":""},"class_list":["post-3261","page","type-page","status-publish","hentry"],"yoast_head":"<!-- This site is optimized with the Yoast SEO plugin v21.9.1 - https:\/\/yoast.com\/wordpress\/plugins\/seo\/ -->\n<title>Zasada Bezpiecze\u0144stwa - RSCA<\/title>\n<meta name=\"description\" content=\"Zasada Bezpiecze\u0144stwa stanowi priorytetow\u0105 zasad\u0119 funkcjonowania Konsultu, maj\u0105c\u0105 na celu zapewnienie bezpiecze\u0144stwa, stabilno\u015bci i ochrony wszystkich uczestnicz\u0105cych byt\u00f3w w wielowymiarowym \u015bwiecie. Obejmuje podstawowe za\u0142o\u017cenia, ochron\u0119 nacji i cywilizacji, bezpiecze\u0144stwo operacji, wsp\u00f3\u0142prac\u0119 mi\u0119dzynarodow\u0105, zarz\u0105dzanie kryzysowe oraz ci\u0105g\u0142e monitorowanie i doskonalenie, stanowi\u0105c nieod\u0142\u0105czn\u0105 cz\u0119\u015b\u0107 misji Konsultu.\" \/>\n<meta name=\"robots\" content=\"index, follow, max-snippet:-1, max-image-preview:large, max-video-preview:-1\" \/>\n<link rel=\"canonical\" href=\"http:\/\/rsca.grassrootslobbing.pl\/pl_PL\/zasada-bezpieczenstwa\/\" \/>\n<meta property=\"og:locale\" content=\"pl_PL\" \/>\n<meta property=\"og:type\" content=\"article\" \/>\n<meta property=\"og:title\" content=\"Zasada Bezpiecze\u0144stwa - RSCA\" \/>\n<meta property=\"og:description\" content=\"Zasada Bezpiecze\u0144stwa stanowi priorytetow\u0105 zasad\u0119 funkcjonowania Konsultu, maj\u0105c\u0105 na celu zapewnienie bezpiecze\u0144stwa, stabilno\u015bci i ochrony wszystkich uczestnicz\u0105cych byt\u00f3w w wielowymiarowym \u015bwiecie. Obejmuje podstawowe za\u0142o\u017cenia, ochron\u0119 nacji i cywilizacji, bezpiecze\u0144stwo operacji, wsp\u00f3\u0142prac\u0119 mi\u0119dzynarodow\u0105, zarz\u0105dzanie kryzysowe oraz ci\u0105g\u0142e monitorowanie i doskonalenie, stanowi\u0105c nieod\u0142\u0105czn\u0105 cz\u0119\u015b\u0107 misji Konsultu.\" \/>\n<meta property=\"og:url\" content=\"http:\/\/rsca.grassrootslobbing.pl\/pl_PL\/zasada-bezpieczenstwa\/\" \/>\n<meta property=\"og:site_name\" content=\"RSCA\" \/>\n<meta property=\"article:modified_time\" content=\"2024-01-03T03:12:19+00:00\" \/>\n<meta name=\"twitter:card\" content=\"summary_large_image\" \/>\n<meta name=\"twitter:label1\" content=\"Szacowany czas czytania\" \/>\n\t<meta name=\"twitter:data1\" content=\"2 minuty\" \/>\n<script type=\"application\/ld+json\" class=\"yoast-schema-graph\">{\"@context\":\"https:\/\/schema.org\",\"@graph\":[{\"@type\":\"WebPage\",\"@id\":\"http:\/\/rsca.grassrootslobbing.pl\/pl_PL\/zasada-bezpieczenstwa\/\",\"url\":\"http:\/\/rsca.grassrootslobbing.pl\/pl_PL\/zasada-bezpieczenstwa\/\",\"name\":\"Zasada Bezpiecze\u0144stwa - RSCA\",\"isPartOf\":{\"@id\":\"http:\/\/rsca.grassrootslobbing.pl\/pl_PL\/#website\"},\"datePublished\":\"2024-01-03T03:11:56+00:00\",\"dateModified\":\"2024-01-03T03:12:19+00:00\",\"description\":\"Zasada Bezpiecze\u0144stwa stanowi priorytetow\u0105 zasad\u0119 funkcjonowania Konsultu, maj\u0105c\u0105 na celu zapewnienie bezpiecze\u0144stwa, stabilno\u015bci i ochrony wszystkich uczestnicz\u0105cych byt\u00f3w w wielowymiarowym \u015bwiecie. Obejmuje podstawowe za\u0142o\u017cenia, ochron\u0119 nacji i cywilizacji, bezpiecze\u0144stwo operacji, wsp\u00f3\u0142prac\u0119 mi\u0119dzynarodow\u0105, zarz\u0105dzanie kryzysowe oraz ci\u0105g\u0142e monitorowanie i doskonalenie, stanowi\u0105c nieod\u0142\u0105czn\u0105 cz\u0119\u015b\u0107 misji Konsultu.\",\"inLanguage\":\"pl-PL\",\"potentialAction\":[{\"@type\":\"ReadAction\",\"target\":[\"http:\/\/rsca.grassrootslobbing.pl\/pl_PL\/zasada-bezpieczenstwa\/\"]}]},{\"@type\":\"WebSite\",\"@id\":\"http:\/\/rsca.grassrootslobbing.pl\/pl_PL\/#website\",\"url\":\"http:\/\/rsca.grassrootslobbing.pl\/pl_PL\/\",\"name\":\"Reality Source Code Acces\",\"description\":\"\",\"publisher\":{\"@id\":\"http:\/\/rsca.grassrootslobbing.pl\/pl_PL\/#organization\"},\"potentialAction\":[{\"@type\":\"SearchAction\",\"target\":{\"@type\":\"EntryPoint\",\"urlTemplate\":\"http:\/\/rsca.grassrootslobbing.pl\/pl_PL\/?s={search_term_string}\"},\"query-input\":\"required name=search_term_string\"}],\"inLanguage\":\"pl-PL\"},{\"@type\":\"Organization\",\"@id\":\"http:\/\/rsca.grassrootslobbing.pl\/pl_PL\/#organization\",\"name\":\"Konsult 0n40i4\",\"url\":\"http:\/\/rsca.grassrootslobbing.pl\/pl_PL\/\",\"logo\":{\"@type\":\"ImageObject\",\"inLanguage\":\"pl-PL\",\"@id\":\"http:\/\/rsca.grassrootslobbing.pl\/pl_PL\/#\/schema\/logo\/image\/\",\"url\":\"http:\/\/rsca.grassrootslobbing.pl\/wp-content\/uploads\/2023\/12\/cropped-DALL\u00b7E-2023-12-31-08.54.33-A-modern-and-abstract-logo-for-Konsult-0n40i4-representing-an-interdimensional-legal-system.-The-design-should-embody-themes-of-law-dimensions-an.png\",\"contentUrl\":\"http:\/\/rsca.grassrootslobbing.pl\/wp-content\/uploads\/2023\/12\/cropped-DALL\u00b7E-2023-12-31-08.54.33-A-modern-and-abstract-logo-for-Konsult-0n40i4-representing-an-interdimensional-legal-system.-The-design-should-embody-themes-of-law-dimensions-an.png\",\"width\":1024,\"height\":835,\"caption\":\"Konsult 0n40i4\"},\"image\":{\"@id\":\"http:\/\/rsca.grassrootslobbing.pl\/pl_PL\/#\/schema\/logo\/image\/\"}}]}<\/script>\n<!-- \/ Yoast SEO plugin. -->","yoast_head_json":{"title":"Zasada Bezpiecze\u0144stwa - RSCA","description":"Zasada Bezpiecze\u0144stwa stanowi priorytetow\u0105 zasad\u0119 funkcjonowania Konsultu, maj\u0105c\u0105 na celu zapewnienie bezpiecze\u0144stwa, stabilno\u015bci i ochrony wszystkich uczestnicz\u0105cych byt\u00f3w w wielowymiarowym \u015bwiecie. Obejmuje podstawowe za\u0142o\u017cenia, ochron\u0119 nacji i cywilizacji, bezpiecze\u0144stwo operacji, wsp\u00f3\u0142prac\u0119 mi\u0119dzynarodow\u0105, zarz\u0105dzanie kryzysowe oraz ci\u0105g\u0142e monitorowanie i doskonalenie, stanowi\u0105c nieod\u0142\u0105czn\u0105 cz\u0119\u015b\u0107 misji Konsultu.","robots":{"index":"index","follow":"follow","max-snippet":"max-snippet:-1","max-image-preview":"max-image-preview:large","max-video-preview":"max-video-preview:-1"},"canonical":"http:\/\/rsca.grassrootslobbing.pl\/pl_PL\/zasada-bezpieczenstwa\/","og_locale":"pl_PL","og_type":"article","og_title":"Zasada Bezpiecze\u0144stwa - RSCA","og_description":"Zasada Bezpiecze\u0144stwa stanowi priorytetow\u0105 zasad\u0119 funkcjonowania Konsultu, maj\u0105c\u0105 na celu zapewnienie bezpiecze\u0144stwa, stabilno\u015bci i ochrony wszystkich uczestnicz\u0105cych byt\u00f3w w wielowymiarowym \u015bwiecie. Obejmuje podstawowe za\u0142o\u017cenia, ochron\u0119 nacji i cywilizacji, bezpiecze\u0144stwo operacji, wsp\u00f3\u0142prac\u0119 mi\u0119dzynarodow\u0105, zarz\u0105dzanie kryzysowe oraz ci\u0105g\u0142e monitorowanie i doskonalenie, stanowi\u0105c nieod\u0142\u0105czn\u0105 cz\u0119\u015b\u0107 misji Konsultu.","og_url":"http:\/\/rsca.grassrootslobbing.pl\/pl_PL\/zasada-bezpieczenstwa\/","og_site_name":"RSCA","article_modified_time":"2024-01-03T03:12:19+00:00","twitter_card":"summary_large_image","twitter_misc":{"Szacowany czas czytania":"2 minuty"},"schema":{"@context":"https:\/\/schema.org","@graph":[{"@type":"WebPage","@id":"http:\/\/rsca.grassrootslobbing.pl\/pl_PL\/zasada-bezpieczenstwa\/","url":"http:\/\/rsca.grassrootslobbing.pl\/pl_PL\/zasada-bezpieczenstwa\/","name":"Zasada Bezpiecze\u0144stwa - RSCA","isPartOf":{"@id":"http:\/\/rsca.grassrootslobbing.pl\/pl_PL\/#website"},"datePublished":"2024-01-03T03:11:56+00:00","dateModified":"2024-01-03T03:12:19+00:00","description":"Zasada Bezpiecze\u0144stwa stanowi priorytetow\u0105 zasad\u0119 funkcjonowania Konsultu, maj\u0105c\u0105 na celu zapewnienie bezpiecze\u0144stwa, stabilno\u015bci i ochrony wszystkich uczestnicz\u0105cych byt\u00f3w w wielowymiarowym \u015bwiecie. Obejmuje podstawowe za\u0142o\u017cenia, ochron\u0119 nacji i cywilizacji, bezpiecze\u0144stwo operacji, wsp\u00f3\u0142prac\u0119 mi\u0119dzynarodow\u0105, zarz\u0105dzanie kryzysowe oraz ci\u0105g\u0142e monitorowanie i doskonalenie, stanowi\u0105c nieod\u0142\u0105czn\u0105 cz\u0119\u015b\u0107 misji Konsultu.","inLanguage":"pl-PL","potentialAction":[{"@type":"ReadAction","target":["http:\/\/rsca.grassrootslobbing.pl\/pl_PL\/zasada-bezpieczenstwa\/"]}]},{"@type":"WebSite","@id":"http:\/\/rsca.grassrootslobbing.pl\/pl_PL\/#website","url":"http:\/\/rsca.grassrootslobbing.pl\/pl_PL\/","name":"Reality Source Code Acces","description":"","publisher":{"@id":"http:\/\/rsca.grassrootslobbing.pl\/pl_PL\/#organization"},"potentialAction":[{"@type":"SearchAction","target":{"@type":"EntryPoint","urlTemplate":"http:\/\/rsca.grassrootslobbing.pl\/pl_PL\/?s={search_term_string}"},"query-input":"required name=search_term_string"}],"inLanguage":"pl-PL"},{"@type":"Organization","@id":"http:\/\/rsca.grassrootslobbing.pl\/pl_PL\/#organization","name":"Konsult 0n40i4","url":"http:\/\/rsca.grassrootslobbing.pl\/pl_PL\/","logo":{"@type":"ImageObject","inLanguage":"pl-PL","@id":"http:\/\/rsca.grassrootslobbing.pl\/pl_PL\/#\/schema\/logo\/image\/","url":"http:\/\/rsca.grassrootslobbing.pl\/wp-content\/uploads\/2023\/12\/cropped-DALL\u00b7E-2023-12-31-08.54.33-A-modern-and-abstract-logo-for-Konsult-0n40i4-representing-an-interdimensional-legal-system.-The-design-should-embody-themes-of-law-dimensions-an.png","contentUrl":"http:\/\/rsca.grassrootslobbing.pl\/wp-content\/uploads\/2023\/12\/cropped-DALL\u00b7E-2023-12-31-08.54.33-A-modern-and-abstract-logo-for-Konsult-0n40i4-representing-an-interdimensional-legal-system.-The-design-should-embody-themes-of-law-dimensions-an.png","width":1024,"height":835,"caption":"Konsult 0n40i4"},"image":{"@id":"http:\/\/rsca.grassrootslobbing.pl\/pl_PL\/#\/schema\/logo\/image\/"}}]}},"_links":{"self":[{"href":"http:\/\/rsca.grassrootslobbing.pl\/en_US\/wp-json\/wp\/v2\/pages\/3261","targetHints":{"allow":["GET"]}}],"collection":[{"href":"http:\/\/rsca.grassrootslobbing.pl\/en_US\/wp-json\/wp\/v2\/pages"}],"about":[{"href":"http:\/\/rsca.grassrootslobbing.pl\/en_US\/wp-json\/wp\/v2\/types\/page"}],"author":[{"embeddable":true,"href":"http:\/\/rsca.grassrootslobbing.pl\/en_US\/wp-json\/wp\/v2\/users\/2"}],"replies":[{"embeddable":true,"href":"http:\/\/rsca.grassrootslobbing.pl\/en_US\/wp-json\/wp\/v2\/comments?post=3261"}],"version-history":[{"count":2,"href":"http:\/\/rsca.grassrootslobbing.pl\/en_US\/wp-json\/wp\/v2\/pages\/3261\/revisions"}],"predecessor-version":[{"id":3266,"href":"http:\/\/rsca.grassrootslobbing.pl\/en_US\/wp-json\/wp\/v2\/pages\/3261\/revisions\/3266"}],"wp:attachment":[{"href":"http:\/\/rsca.grassrootslobbing.pl\/en_US\/wp-json\/wp\/v2\/media?parent=3261"}],"curies":[{"name":"wp","href":"https:\/\/api.w.org\/{rel}","templated":true}]}}