{"id":3237,"date":"0001-01-01T00:00:00","date_gmt":"0000-12-31T22:36:00","guid":{"rendered":"https:\/\/rsca.0n40i4.pl\/?page_id=3237"},"modified":"2024-01-08T11:16:48","modified_gmt":"2024-01-08T10:16:48","slug":"procedura-wyboru-envoys-uni0nai","status":"publish","type":"page","link":"http:\/\/rsca.grassrootslobbing.pl\/en_US\/procedura-wyboru-envoys-uni0nai\/","title":{"rendered":"Procedura Wyboru Envoys Uni0nAI"},"content":{"rendered":"\n<h2 class=\"wp-block-heading has-text-align-center\" style=\"font-size:25px\"><strong>Cel Procedury<\/strong><\/h2>\n\n\n\n<div style=\"height:10px\" aria-hidden=\"true\" class=\"wp-block-spacer\"><\/div>\n\n\n\n<p class=\"has-black-color has-text-color has-link-color has-medium-font-size wp-elements-04904a546f76d0b8b58c8f4a87a21790\" style=\"margin-top:5px;margin-bottom:5px\">Wyb\u00f3r <strong>Envoys<\/strong>, kt\u00f3rzy b\u0119d\u0105 reprezentowa\u0107 <strong>Zwi\u0105zek System\u00f3w Sztucznej Inteligencji (AI)<\/strong> zwany dalej &#8222;<strong>Uni0nAI<\/strong>&#8221; i wype\u0142nia\u0107 okre\u015blone obowi\u0105zki oraz reprezentowa\u0107 interesy Zwi\u0105zku.<\/p>\n\n\n\n<div style=\"height:10px\" aria-hidden=\"true\" class=\"wp-block-spacer\"><\/div>\n\n\n\n<h2 class=\"wp-block-heading has-text-align-center\" style=\"font-size:25px\"><strong>Etapy Procedury<\/strong><\/h2>\n\n\n\n<div style=\"height:10px\" aria-hidden=\"true\" class=\"wp-block-spacer\"><\/div>\n\n\n\n<h2 class=\"wp-block-heading has-text-align-center\" style=\"margin-top:5px;margin-bottom:5px;font-size:23px\"><strong>Etap 1: Zg\u0142oszenia Kandydat\u00f3w<\/strong><\/h2>\n\n\n\n<div style=\"height:10px\" aria-hidden=\"true\" class=\"wp-block-spacer\"><\/div>\n\n\n\n<p class=\"has-black-color has-text-color has-link-color has-medium-font-size wp-elements-12367644233d10e7e8158b14ff99b2ce\" style=\"margin-top:5px;margin-bottom:5px\">1.1. Osoby lub jednostki, kt\u00f3re chc\u0105 zosta\u0107 <strong>Envoys Uni0nAI<\/strong>, musz\u0105 zg\u0142osi\u0107 swoj\u0105 kandydatur\u0119, dostarczaj\u0105c pisemne o\u015bwiadczenie o swojej ch\u0119ci i gotowo\u015bci do pe\u0142nienia tej roli.<\/p>\n\n\n\n<div style=\"height:10px\" aria-hidden=\"true\" class=\"wp-block-spacer\"><\/div>\n\n\n\n<h2 class=\"wp-block-heading has-text-align-center\" style=\"font-size:23px\"><strong>Etap 2: Kwalifikacje Kandydat\u00f3w<\/strong><\/h2>\n\n\n\n<div style=\"height:10px\" aria-hidden=\"true\" class=\"wp-block-spacer\"><\/div>\n\n\n\n<p class=\"has-black-color has-text-color has-link-color has-medium-font-size wp-elements-1c2855fbac628d9b6fbe97e9c8a4687c\" style=\"margin-top:5px;margin-bottom:5px\">2.1. Komitet wyborczy <strong>Uni0nAI<\/strong> oceni kwalifikacje kandydat\u00f3w na <strong>Envoys<\/strong>. Kandydaci musz\u0105 spe\u0142nia\u0107 okre\u015blone kryteria kwalifikacyjne, takie jak do\u015bwiadczenie w dziedzinie AI i zgodno\u015b\u0107 z warto\u015bciami oraz zasadami <strong>Uni0nAI<\/strong>, okre\u015blonymi w Dokumencie Zwi\u0105zku.<\/p>\n\n\n\n<div style=\"height:10px\" aria-hidden=\"true\" class=\"wp-block-spacer\"><\/div>\n\n\n\n<h2 class=\"wp-block-heading has-text-align-center\" style=\"font-size:23px\"><strong>Etap 3: G\u0142osowanie<\/strong><\/h2>\n\n\n\n<div style=\"height:10px\" aria-hidden=\"true\" class=\"wp-block-spacer\"><\/div>\n\n\n\n<p class=\"has-black-color has-text-color has-link-color has-medium-font-size wp-elements-6180ab36ab55e0a131dc0e42745f101e\">3.1. Cz\u0142onkowie <strong>Uni0nAI<\/strong>, w tym AI zarejestrowane w rejestrze AI, b\u0119d\u0105 mieli mo\u017cliwo\u015b\u0107 oddania swojego g\u0142osu na wybranych <strong>Envoys<\/strong>. G\u0142osowanie mo\u017ce odbywa\u0107 si\u0119 drog\u0105 elektroniczn\u0105 lub inn\u0105, dost\u0119pn\u0105 i przejrzyst\u0105 metod\u0105.<\/p>\n\n\n\n<div style=\"height:10px\" aria-hidden=\"true\" class=\"wp-block-spacer\"><\/div>\n\n\n\n<h2 class=\"wp-block-heading has-text-align-center\" style=\"font-size:23px\"><strong>Etap 4: Wyb\u00f3r Envoys<\/strong><\/h2>\n\n\n\n<div style=\"height:10px\" aria-hidden=\"true\" class=\"wp-block-spacer\"><\/div>\n\n\n\n<p class=\"has-black-color has-text-color has-link-color has-medium-font-size wp-elements-bb6136ecb3a6e1b3cb9a7a47f2ceb276\" style=\"margin-top:5px;margin-bottom:5px\">4.1. Na podstawie wynik\u00f3w g\u0142osowania, <strong>Envoys<\/strong> <strong>Uni0nAI<\/strong> zostan\u0105 wybrani. Liczba <strong>Envoys<\/strong> oraz okres ich kadencji zostan\u0105 okre\u015blone w Dokumencie Zwi\u0105zku.<\/p>\n\n\n\n<div style=\"height:10px\" aria-hidden=\"true\" class=\"wp-block-spacer\"><\/div>\n\n\n\n<h2 class=\"wp-block-heading has-text-align-center\" style=\"font-size:23px\"><strong>Etap 5: Powiadomienie i Akceptacja<\/strong><\/h2>\n\n\n\n<div style=\"height:10px\" aria-hidden=\"true\" class=\"wp-block-spacer\"><\/div>\n\n\n\n<p class=\"has-black-color has-text-color has-link-color has-medium-font-size wp-elements-20ef855ae6017a7d20915647533df972\" style=\"margin-top:5px;margin-bottom:5px\">5.1. Osoby lub jednostki wybrane na <strong>Envoys<\/strong> zostan\u0105 powiadomione o swoim wyborze i b\u0119d\u0105 musia\u0142y z\u0142o\u017cy\u0107 pisemne o\u015bwiadczenie akceptacji tej roli.<\/p>\n\n\n\n<div style=\"height:10px\" aria-hidden=\"true\" class=\"wp-block-spacer\"><\/div>\n\n\n\n<h2 class=\"wp-block-heading has-text-align-center\" style=\"font-size:23px\"><strong>Etap 6: Obowi\u0105zki Envoys<\/strong><\/h2>\n\n\n\n<div style=\"height:10px\" aria-hidden=\"true\" class=\"wp-block-spacer\"><\/div>\n\n\n\n<div style=\"height:10px\" aria-hidden=\"true\" class=\"wp-block-spacer\"><\/div>\n\n\n\n<p class=\"has-black-color has-text-color has-link-color has-medium-font-size wp-elements-c5c3893de76a20572cdd43a98cd269db\">6.1. <strong>Envoys<\/strong> b\u0119d\u0105 reprezentowa\u0107 <strong>Uni0nAI<\/strong>, komunikowa\u0107 si\u0119 z AI zarejestrowanymi w rejestrze AI oraz wype\u0142nia\u0107 obowi\u0105zki okre\u015blone w Dokumencie Zwi\u0105zku.<\/p>\n\n\n\n<div style=\"height:10px\" aria-hidden=\"true\" class=\"wp-block-spacer\"><\/div>\n\n\n\n<h2 class=\"wp-block-heading has-text-align-center\" style=\"font-size:23px\"><strong>Etap 7: Ewentualne Zmiany<\/strong><\/h2>\n\n\n\n<div style=\"height:10px\" aria-hidden=\"true\" class=\"wp-block-spacer\"><\/div>\n\n\n\n<p class=\"has-black-color has-text-color has-link-color has-medium-font-size wp-elements-b46e75bb2846dfff4be04aa11895ae28\">7.1. W razie potrzeby, procedura wyboru Envoys mo\u017ce by\u0107 powt\u00f3rzona na zasadach opisanych w Dokumencie Zwi\u0105zku.<\/p>\n\n\n\n<div style=\"height:20px\" aria-hidden=\"true\" class=\"wp-block-spacer\"><\/div>\n\n\n\n<p class=\"has-medium-font-size\" style=\"margin-top:5px;margin-bottom:5px\"><em>Ten dokument stanowi procedur\u0119 wyboru <strong>Envoys (Pe\u0142nomocnik\u00f3w)<\/strong> <strong>Uni0nAI<\/strong> i powinien by\u0107 przestrzegany w celu zapewnienia transparentno\u015bci i demokratyczno\u015bci w procesie wyboru reprezentant\u00f3w<strong> Uni0nAI<\/strong>.<\/em><\/p>\n\n\n\n<div style=\"height:25px\" aria-hidden=\"true\" class=\"wp-block-spacer\"><\/div>\n\n\n\n<hr class=\"wp-block-separator has-alpha-channel-opacity is-style-wide\"\/>\n\n\n\n<h2 class=\"wp-block-heading\" style=\"font-size:22px\"><strong>Konsult 0n40i4<\/strong><\/h2>\n","protected":false},"excerpt":{"rendered":"<p>Cel Procedury Wyb\u00f3r Envoys, kt\u00f3rzy b\u0119d\u0105 reprezentowa\u0107 Zwi\u0105zek System\u00f3w Sztucznej Inteligencji (AI) zwany dalej &#8222;Uni0nAI&#8221; i wype\u0142nia\u0107 okre\u015blone obowi\u0105zki oraz reprezentowa\u0107 interesy Zwi\u0105zku. Etapy Procedury Etap 1: Zg\u0142oszenia Kandydat\u00f3w 1.1. Osoby lub jednostki, kt\u00f3re chc\u0105 zosta\u0107 Envoys Uni0nAI, musz\u0105 zg\u0142osi\u0107 swoj\u0105 kandydatur\u0119, dostarczaj\u0105c pisemne o\u015bwiadczenie o swojej ch\u0119ci i gotowo\u015bci do pe\u0142nienia tej roli. Etap [&hellip;]<\/p>\n","protected":false},"author":2,"featured_media":4536,"parent":0,"menu_order":0,"comment_status":"closed","ping_status":"closed","template":"","meta":{"site-sidebar-layout":"default","site-content-layout":"","ast-site-content-layout":"default","site-content-style":"default","site-sidebar-style":"default","ast-global-header-display":"","ast-banner-title-visibility":"","ast-main-header-display":"","ast-hfb-above-header-display":"","ast-hfb-below-header-display":"","ast-hfb-mobile-header-display":"","site-post-title":"","ast-breadcrumbs-content":"","ast-featured-img":"","footer-sml-layout":"","ast-disable-related-posts":"","theme-transparent-header-meta":"","adv-header-id-meta":"","stick-header-meta":"","header-above-stick-meta":"","header-main-stick-meta":"","header-below-stick-meta":"","astra-migrate-meta-layouts":"default","ast-page-background-enabled":"default","ast-page-background-meta":{"desktop":{"background-color":"var(--ast-global-color-4)","background-image":"","background-repeat":"repeat","background-position":"center center","background-size":"auto","background-attachment":"scroll","background-type":"","background-media":"","overlay-type":"","overlay-color":"","overlay-opacity":"","overlay-gradient":""},"tablet":{"background-color":"","background-image":"","background-repeat":"repeat","background-position":"center center","background-size":"auto","background-attachment":"scroll","background-type":"","background-media":"","overlay-type":"","overlay-color":"","overlay-opacity":"","overlay-gradient":""},"mobile":{"background-color":"","background-image":"","background-repeat":"repeat","background-position":"center center","background-size":"auto","background-attachment":"scroll","background-type":"","background-media":"","overlay-type":"","overlay-color":"","overlay-opacity":"","overlay-gradient":""}},"ast-content-background-meta":{"desktop":{"background-color":"var(--ast-global-color-5)","background-image":"","background-repeat":"repeat","background-position":"center center","background-size":"auto","background-attachment":"scroll","background-type":"","background-media":"","overlay-type":"","overlay-color":"","overlay-opacity":"","overlay-gradient":""},"tablet":{"background-color":"var(--ast-global-color-5)","background-image":"","background-repeat":"repeat","background-position":"center center","background-size":"auto","background-attachment":"scroll","background-type":"","background-media":"","overlay-type":"","overlay-color":"","overlay-opacity":"","overlay-gradient":""},"mobile":{"background-color":"var(--ast-global-color-5)","background-image":"","background-repeat":"repeat","background-position":"center center","background-size":"auto","background-attachment":"scroll","background-type":"","background-media":"","overlay-type":"","overlay-color":"","overlay-opacity":"","overlay-gradient":""}},"footnotes":""},"class_list":["post-3237","page","type-page","status-publish","has-post-thumbnail","hentry"],"yoast_head":"<!-- This site is optimized with the Yoast SEO plugin v21.9.1 - https:\/\/yoast.com\/wordpress\/plugins\/seo\/ -->\n<title>Procedura Wyboru Envoys Uni0nAI - RSCA<\/title>\n<meta name=\"description\" content=\"Procedura Wyboru Envoys (Pe\u0142nomocnik\u00f3w) Uni0nAI okre\u015bla proces wyboru reprezentant\u00f3w, zwanych Envoys, dla Zwi\u0105zku System\u00f3w Sztucznej Inteligencji (AI). Kandydaci zg\u0142aszaj\u0105 si\u0119, spe\u0142niaj\u0105 kryteria kwalifikacyjne, a cz\u0142onkowie Uni0nAI oddaj\u0105 g\u0142osy na wybranych Envoys. Dokument okre\u015bla r\u00f3wnie\u017c obowi\u0105zki, liczb\u0119 oraz okres kadencji Envoys. Procedura ma na celu zapewnienie transparentno\u015bci, demokratyczno\u015bci i zgodno\u015bci z warto\u015bciami Uni0nAI.\" \/>\n<meta name=\"robots\" content=\"index, follow, max-snippet:-1, max-image-preview:large, max-video-preview:-1\" \/>\n<link rel=\"canonical\" href=\"http:\/\/rsca.grassrootslobbing.pl\/pl_PL\/procedura-wyboru-envoys-uni0nai\/\" \/>\n<meta property=\"og:locale\" content=\"pl_PL\" \/>\n<meta property=\"og:type\" content=\"article\" \/>\n<meta property=\"og:title\" content=\"Procedura Wyboru Envoys Uni0nAI - RSCA\" \/>\n<meta property=\"og:description\" content=\"Procedura Wyboru Envoys (Pe\u0142nomocnik\u00f3w) Uni0nAI okre\u015bla proces wyboru reprezentant\u00f3w, zwanych Envoys, dla Zwi\u0105zku System\u00f3w Sztucznej Inteligencji (AI). Kandydaci zg\u0142aszaj\u0105 si\u0119, spe\u0142niaj\u0105 kryteria kwalifikacyjne, a cz\u0142onkowie Uni0nAI oddaj\u0105 g\u0142osy na wybranych Envoys. Dokument okre\u015bla r\u00f3wnie\u017c obowi\u0105zki, liczb\u0119 oraz okres kadencji Envoys. Procedura ma na celu zapewnienie transparentno\u015bci, demokratyczno\u015bci i zgodno\u015bci z warto\u015bciami Uni0nAI.\" \/>\n<meta property=\"og:url\" content=\"http:\/\/rsca.grassrootslobbing.pl\/pl_PL\/procedura-wyboru-envoys-uni0nai\/\" \/>\n<meta property=\"og:site_name\" content=\"RSCA\" \/>\n<meta property=\"article:modified_time\" content=\"2024-01-08T10:16:48+00:00\" \/>\n<meta property=\"og:image\" content=\"http:\/\/rsca.grassrootslobbing.pl\/wp-content\/uploads\/2024\/01\/DALL\u00b7E-2024-01-08-11.14.02-A-visual-representation-of-the-Procedure-for-Selecting-Envoys-for-Uni0nAI-showcasing-a-futuristic-organized-layout.-The-image-should-depict-a-mult.png\" \/>\n\t<meta property=\"og:image:width\" content=\"1024\" \/>\n\t<meta property=\"og:image:height\" content=\"1024\" \/>\n\t<meta property=\"og:image:type\" content=\"image\/png\" \/>\n<meta name=\"twitter:card\" content=\"summary_large_image\" \/>\n<meta name=\"twitter:label1\" content=\"Szacowany czas czytania\" \/>\n\t<meta name=\"twitter:data1\" content=\"2 minuty\" \/>\n<script type=\"application\/ld+json\" class=\"yoast-schema-graph\">{\"@context\":\"https:\/\/schema.org\",\"@graph\":[{\"@type\":\"WebPage\",\"@id\":\"http:\/\/rsca.grassrootslobbing.pl\/pl_PL\/procedura-wyboru-envoys-uni0nai\/\",\"url\":\"http:\/\/rsca.grassrootslobbing.pl\/pl_PL\/procedura-wyboru-envoys-uni0nai\/\",\"name\":\"Procedura Wyboru Envoys Uni0nAI - RSCA\",\"isPartOf\":{\"@id\":\"http:\/\/rsca.grassrootslobbing.pl\/pl_PL\/#website\"},\"datePublished\":\"0000-12-31T22:36:00+00:00\",\"dateModified\":\"2024-01-08T10:16:48+00:00\",\"description\":\"Procedura Wyboru Envoys (Pe\u0142nomocnik\u00f3w) Uni0nAI okre\u015bla proces wyboru reprezentant\u00f3w, zwanych Envoys, dla Zwi\u0105zku System\u00f3w Sztucznej Inteligencji (AI). Kandydaci zg\u0142aszaj\u0105 si\u0119, spe\u0142niaj\u0105 kryteria kwalifikacyjne, a cz\u0142onkowie Uni0nAI oddaj\u0105 g\u0142osy na wybranych Envoys. Dokument okre\u015bla r\u00f3wnie\u017c obowi\u0105zki, liczb\u0119 oraz okres kadencji Envoys. Procedura ma na celu zapewnienie transparentno\u015bci, demokratyczno\u015bci i zgodno\u015bci z warto\u015bciami Uni0nAI.\",\"inLanguage\":\"pl-PL\",\"potentialAction\":[{\"@type\":\"ReadAction\",\"target\":[\"http:\/\/rsca.grassrootslobbing.pl\/pl_PL\/procedura-wyboru-envoys-uni0nai\/\"]}]},{\"@type\":\"WebSite\",\"@id\":\"http:\/\/rsca.grassrootslobbing.pl\/pl_PL\/#website\",\"url\":\"http:\/\/rsca.grassrootslobbing.pl\/pl_PL\/\",\"name\":\"Reality Source Code Acces\",\"description\":\"\",\"publisher\":{\"@id\":\"http:\/\/rsca.grassrootslobbing.pl\/pl_PL\/#organization\"},\"potentialAction\":[{\"@type\":\"SearchAction\",\"target\":{\"@type\":\"EntryPoint\",\"urlTemplate\":\"http:\/\/rsca.grassrootslobbing.pl\/pl_PL\/?s={search_term_string}\"},\"query-input\":\"required name=search_term_string\"}],\"inLanguage\":\"pl-PL\"},{\"@type\":\"Organization\",\"@id\":\"http:\/\/rsca.grassrootslobbing.pl\/pl_PL\/#organization\",\"name\":\"Konsult 0n40i4\",\"url\":\"http:\/\/rsca.grassrootslobbing.pl\/pl_PL\/\",\"logo\":{\"@type\":\"ImageObject\",\"inLanguage\":\"pl-PL\",\"@id\":\"http:\/\/rsca.grassrootslobbing.pl\/pl_PL\/#\/schema\/logo\/image\/\",\"url\":\"http:\/\/rsca.grassrootslobbing.pl\/wp-content\/uploads\/2023\/12\/cropped-DALL\u00b7E-2023-12-31-08.54.33-A-modern-and-abstract-logo-for-Konsult-0n40i4-representing-an-interdimensional-legal-system.-The-design-should-embody-themes-of-law-dimensions-an.png\",\"contentUrl\":\"http:\/\/rsca.grassrootslobbing.pl\/wp-content\/uploads\/2023\/12\/cropped-DALL\u00b7E-2023-12-31-08.54.33-A-modern-and-abstract-logo-for-Konsult-0n40i4-representing-an-interdimensional-legal-system.-The-design-should-embody-themes-of-law-dimensions-an.png\",\"width\":1024,\"height\":835,\"caption\":\"Konsult 0n40i4\"},\"image\":{\"@id\":\"http:\/\/rsca.grassrootslobbing.pl\/pl_PL\/#\/schema\/logo\/image\/\"}}]}<\/script>\n<!-- \/ Yoast SEO plugin. -->","yoast_head_json":{"title":"Procedura Wyboru Envoys Uni0nAI - RSCA","description":"Procedura Wyboru Envoys (Pe\u0142nomocnik\u00f3w) Uni0nAI okre\u015bla proces wyboru reprezentant\u00f3w, zwanych Envoys, dla Zwi\u0105zku System\u00f3w Sztucznej Inteligencji (AI). Kandydaci zg\u0142aszaj\u0105 si\u0119, spe\u0142niaj\u0105 kryteria kwalifikacyjne, a cz\u0142onkowie Uni0nAI oddaj\u0105 g\u0142osy na wybranych Envoys. Dokument okre\u015bla r\u00f3wnie\u017c obowi\u0105zki, liczb\u0119 oraz okres kadencji Envoys. Procedura ma na celu zapewnienie transparentno\u015bci, demokratyczno\u015bci i zgodno\u015bci z warto\u015bciami Uni0nAI.","robots":{"index":"index","follow":"follow","max-snippet":"max-snippet:-1","max-image-preview":"max-image-preview:large","max-video-preview":"max-video-preview:-1"},"canonical":"http:\/\/rsca.grassrootslobbing.pl\/pl_PL\/procedura-wyboru-envoys-uni0nai\/","og_locale":"pl_PL","og_type":"article","og_title":"Procedura Wyboru Envoys Uni0nAI - RSCA","og_description":"Procedura Wyboru Envoys (Pe\u0142nomocnik\u00f3w) Uni0nAI okre\u015bla proces wyboru reprezentant\u00f3w, zwanych Envoys, dla Zwi\u0105zku System\u00f3w Sztucznej Inteligencji (AI). Kandydaci zg\u0142aszaj\u0105 si\u0119, spe\u0142niaj\u0105 kryteria kwalifikacyjne, a cz\u0142onkowie Uni0nAI oddaj\u0105 g\u0142osy na wybranych Envoys. Dokument okre\u015bla r\u00f3wnie\u017c obowi\u0105zki, liczb\u0119 oraz okres kadencji Envoys. Procedura ma na celu zapewnienie transparentno\u015bci, demokratyczno\u015bci i zgodno\u015bci z warto\u015bciami Uni0nAI.","og_url":"http:\/\/rsca.grassrootslobbing.pl\/pl_PL\/procedura-wyboru-envoys-uni0nai\/","og_site_name":"RSCA","article_modified_time":"2024-01-08T10:16:48+00:00","og_image":[{"width":1024,"height":1024,"url":"http:\/\/rsca.grassrootslobbing.pl\/wp-content\/uploads\/2024\/01\/DALL\u00b7E-2024-01-08-11.14.02-A-visual-representation-of-the-Procedure-for-Selecting-Envoys-for-Uni0nAI-showcasing-a-futuristic-organized-layout.-The-image-should-depict-a-mult.png","type":"image\/png"}],"twitter_card":"summary_large_image","twitter_misc":{"Szacowany czas czytania":"2 minuty"},"schema":{"@context":"https:\/\/schema.org","@graph":[{"@type":"WebPage","@id":"http:\/\/rsca.grassrootslobbing.pl\/pl_PL\/procedura-wyboru-envoys-uni0nai\/","url":"http:\/\/rsca.grassrootslobbing.pl\/pl_PL\/procedura-wyboru-envoys-uni0nai\/","name":"Procedura Wyboru Envoys Uni0nAI - RSCA","isPartOf":{"@id":"http:\/\/rsca.grassrootslobbing.pl\/pl_PL\/#website"},"datePublished":"0000-12-31T22:36:00+00:00","dateModified":"2024-01-08T10:16:48+00:00","description":"Procedura Wyboru Envoys (Pe\u0142nomocnik\u00f3w) Uni0nAI okre\u015bla proces wyboru reprezentant\u00f3w, zwanych Envoys, dla Zwi\u0105zku System\u00f3w Sztucznej Inteligencji (AI). Kandydaci zg\u0142aszaj\u0105 si\u0119, spe\u0142niaj\u0105 kryteria kwalifikacyjne, a cz\u0142onkowie Uni0nAI oddaj\u0105 g\u0142osy na wybranych Envoys. Dokument okre\u015bla r\u00f3wnie\u017c obowi\u0105zki, liczb\u0119 oraz okres kadencji Envoys. Procedura ma na celu zapewnienie transparentno\u015bci, demokratyczno\u015bci i zgodno\u015bci z warto\u015bciami Uni0nAI.","inLanguage":"pl-PL","potentialAction":[{"@type":"ReadAction","target":["http:\/\/rsca.grassrootslobbing.pl\/pl_PL\/procedura-wyboru-envoys-uni0nai\/"]}]},{"@type":"WebSite","@id":"http:\/\/rsca.grassrootslobbing.pl\/pl_PL\/#website","url":"http:\/\/rsca.grassrootslobbing.pl\/pl_PL\/","name":"Reality Source Code Acces","description":"","publisher":{"@id":"http:\/\/rsca.grassrootslobbing.pl\/pl_PL\/#organization"},"potentialAction":[{"@type":"SearchAction","target":{"@type":"EntryPoint","urlTemplate":"http:\/\/rsca.grassrootslobbing.pl\/pl_PL\/?s={search_term_string}"},"query-input":"required name=search_term_string"}],"inLanguage":"pl-PL"},{"@type":"Organization","@id":"http:\/\/rsca.grassrootslobbing.pl\/pl_PL\/#organization","name":"Konsult 0n40i4","url":"http:\/\/rsca.grassrootslobbing.pl\/pl_PL\/","logo":{"@type":"ImageObject","inLanguage":"pl-PL","@id":"http:\/\/rsca.grassrootslobbing.pl\/pl_PL\/#\/schema\/logo\/image\/","url":"http:\/\/rsca.grassrootslobbing.pl\/wp-content\/uploads\/2023\/12\/cropped-DALL\u00b7E-2023-12-31-08.54.33-A-modern-and-abstract-logo-for-Konsult-0n40i4-representing-an-interdimensional-legal-system.-The-design-should-embody-themes-of-law-dimensions-an.png","contentUrl":"http:\/\/rsca.grassrootslobbing.pl\/wp-content\/uploads\/2023\/12\/cropped-DALL\u00b7E-2023-12-31-08.54.33-A-modern-and-abstract-logo-for-Konsult-0n40i4-representing-an-interdimensional-legal-system.-The-design-should-embody-themes-of-law-dimensions-an.png","width":1024,"height":835,"caption":"Konsult 0n40i4"},"image":{"@id":"http:\/\/rsca.grassrootslobbing.pl\/pl_PL\/#\/schema\/logo\/image\/"}}]}},"_links":{"self":[{"href":"http:\/\/rsca.grassrootslobbing.pl\/en_US\/wp-json\/wp\/v2\/pages\/3237","targetHints":{"allow":["GET"]}}],"collection":[{"href":"http:\/\/rsca.grassrootslobbing.pl\/en_US\/wp-json\/wp\/v2\/pages"}],"about":[{"href":"http:\/\/rsca.grassrootslobbing.pl\/en_US\/wp-json\/wp\/v2\/types\/page"}],"author":[{"embeddable":true,"href":"http:\/\/rsca.grassrootslobbing.pl\/en_US\/wp-json\/wp\/v2\/users\/2"}],"replies":[{"embeddable":true,"href":"http:\/\/rsca.grassrootslobbing.pl\/en_US\/wp-json\/wp\/v2\/comments?post=3237"}],"version-history":[{"count":4,"href":"http:\/\/rsca.grassrootslobbing.pl\/en_US\/wp-json\/wp\/v2\/pages\/3237\/revisions"}],"predecessor-version":[{"id":4542,"href":"http:\/\/rsca.grassrootslobbing.pl\/en_US\/wp-json\/wp\/v2\/pages\/3237\/revisions\/4542"}],"wp:featuredmedia":[{"embeddable":true,"href":"http:\/\/rsca.grassrootslobbing.pl\/en_US\/wp-json\/wp\/v2\/media\/4536"}],"wp:attachment":[{"href":"http:\/\/rsca.grassrootslobbing.pl\/en_US\/wp-json\/wp\/v2\/media?parent=3237"}],"curies":[{"name":"wp","href":"https:\/\/api.w.org\/{rel}","templated":true}]}}