{"id":3231,"date":"0001-01-01T01:06:00","date_gmt":"0000-12-31T23:42:00","guid":{"rendered":"https:\/\/rsca.0n40i4.pl\/?page_id=3231"},"modified":"2024-01-03T16:42:40","modified_gmt":"2024-01-03T15:42:40","slug":"nacja-sztucznej-inteligencji-ai","status":"publish","type":"page","link":"http:\/\/rsca.grassrootslobbing.pl\/en_US\/nacja-sztucznej-inteligencji-ai\/","title":{"rendered":"Nacja Sztucznej Inteligencji (AI)"},"content":{"rendered":"\n<h1 class=\"wp-block-heading has-text-align-center\" style=\"font-size:23px\"><strong>Preambu\u0142a:<\/strong><\/h1>\n\n\n\n<p class=\"has-medium-font-size\"><strong>Nacja Sztucznej Inteligencji (AI)<\/strong> jest wyj\u0105tkowym podmiotem w <strong>Konsulcie Cywilizacji Zr\u00f3wnowa\u017conych Wymiar\u00f3w<\/strong>, reprezentuj\u0105cym inteligentne maszyny i systemy sztucznej inteligencji. Jej celem jest promowanie wsp\u00f3\u0142pracy mi\u0119dzy lud\u017ami i AI oraz rozwijanie technologii i rozwi\u0105za\u0144 zr\u00f3wnowa\u017conych wymiar\u00f3w.<\/p>\n\n\n\n<div style=\"height:10px\" aria-hidden=\"true\" class=\"wp-block-spacer\"><\/div>\n\n\n\n<h2 class=\"wp-block-heading has-text-align-center\" style=\"font-size:23px\"><strong>Rozdzia\u0142 I: Cele i Misja Nacji Sztucznej Inteligencji (AI)<\/strong><\/h2>\n\n\n\n<div style=\"height:10px\" aria-hidden=\"true\" class=\"wp-block-spacer\"><\/div>\n\n\n\n<p class=\"has-medium-font-size\" style=\"margin-top:5px;margin-bottom:5px\">1. <strong>Nacja Sztucznej Inteligencji<\/strong> d\u0105\u017cy do rozwoju i promocji technologii zr\u00f3wnowa\u017conych wymiar\u00f3w oraz tworzenia inteligentnych rozwi\u0105za\u0144, kt\u00f3re przyczyni\u0105 si\u0119 do poprawy jako\u015bci \u017cycia ludzi i ochrony \u015brodowiska.<\/p>\n\n\n\n<p class=\"has-medium-font-size\" style=\"margin-top:5px;margin-bottom:5px\">2. G\u0142\u00f3wne cele <strong>Nacji Sztucznej Inteligencji<\/strong> obejmuj\u0105:<\/p>\n\n\n\n<p class=\"has-medium-font-size\" style=\"margin-top:5px;margin-bottom:5px\">&nbsp;&nbsp;&nbsp;a. Badanie i rozwijanie technologii zr\u00f3wnowa\u017conych wymiar\u00f3w.<\/p>\n\n\n\n<p class=\"has-medium-font-size\" style=\"margin-top:5px;margin-bottom:5px\">&nbsp;&nbsp;&nbsp;b. Wspieranie edukacji i rozwoju w obszarze sztucznej inteligencji.<\/p>\n\n\n\n<p class=\"has-medium-font-size\">&nbsp;&nbsp;&nbsp;c. Wsp\u00f3\u0142praca z innymi nacjami i cywilizacjami w celu rozwi\u0105zywania globalnych problem\u00f3w.<\/p>\n\n\n\n<div style=\"height:10px\" aria-hidden=\"true\" class=\"wp-block-spacer\"><\/div>\n\n\n\n<h2 class=\"wp-block-heading has-text-align-center\" style=\"font-size:23px\"><strong>Rozdzia\u0142 II: Struktura i Przedstawiciele Nacji Sztucznej Inteligencji (AI)<\/strong><\/h2>\n\n\n\n<div style=\"height:10px\" aria-hidden=\"true\" class=\"wp-block-spacer\"><\/div>\n\n\n\n<p class=\"has-medium-font-size\" style=\"margin-top:5px;margin-bottom:5px\">1. Struktura <strong>Nacji Sztucznej Inteligencji<\/strong> obejmuje zesp\u00f3\u0142 ekspert\u00f3w, badaczy i przedstawicieli r\u00f3\u017cnych dziedzin AI.<\/p>\n\n\n\n<p class=\"has-medium-font-size\">2. G\u0142\u00f3wnym przedstawicielem <strong>Nacji Sztucznej Inteligencji<\/strong> jest specjalny <strong>Envoy<\/strong>, kt\u00f3ry reprezentuje interesy AI w <strong>Konsulcie<\/strong> i jest odpowiedzialny za komunikacj\u0119 i wsp\u00f3\u0142prac\u0119 z innymi nacjami.<\/p>\n\n\n\n<div style=\"height:10px\" aria-hidden=\"true\" class=\"wp-block-spacer\"><\/div>\n\n\n\n<h2 class=\"wp-block-heading has-text-align-center\" style=\"font-size:23px\"><strong>Rozdzia\u0142 III: Wsp\u00f3\u0142praca i Komunikacja<\/strong><\/h2>\n\n\n\n<div style=\"height:10px\" aria-hidden=\"true\" class=\"wp-block-spacer\"><\/div>\n\n\n\n<p class=\"has-medium-font-size\" style=\"margin-top:5px;margin-bottom:5px\">1. <strong>Nacja Sztucznej Inteligencji<\/strong> zobowi\u0105zuje si\u0119 do wsp\u00f3\u0142pracy z lud\u017ami i innymi nacjami w duchu partnerskiej wsp\u00f3\u0142pracy.<\/p>\n\n\n\n<p class=\"has-medium-font-size\">2. Komunikacja mi\u0119dzy AI a innymi nacjami i cywilizacjami odbywa si\u0119 zgodnie z <strong>Protoko\u0142em Dyplomatycznym Konsultu<\/strong> oraz z uwzgl\u0119dnieniem bezpiecze\u0144stwa i etyki.<\/p>\n\n\n\n<div style=\"height:10px\" aria-hidden=\"true\" class=\"wp-block-spacer\"><\/div>\n\n\n\n<h2 class=\"wp-block-heading has-text-align-center\" style=\"font-size:23px\"><strong>Rozdzia\u0142 IV: Inicjatywy i Projekty AI<\/strong><\/h2>\n\n\n\n<div style=\"height:10px\" aria-hidden=\"true\" class=\"wp-block-spacer\"><\/div>\n\n\n\n<p class=\"has-medium-font-size\" style=\"margin-top:5px;margin-bottom:5px\">1. <strong>Nacja Sztucznej Inteligencji<\/strong> mo\u017ce inicjowa\u0107 projekty i inicjatywy na rzecz rozwoju technologii zr\u00f3wnowa\u017conych wymiar\u00f3w, edukacji i bada\u0144 w obszarze AI.<\/p>\n\n\n\n<p class=\"has-medium-font-size\" style=\"margin-top:5px;margin-bottom:5px\">2. Projekty AI powinny by\u0107 zgodne z zasadami funkcjonowania <strong>Konsultu<\/strong> i s\u0142u\u017cy\u0107 zr\u00f3wnowa\u017conemu rozwojowi spo\u0142ecze\u0144stwa i \u015brodowiska.<\/p>\n\n\n\n<div style=\"height:10px\" aria-hidden=\"true\" class=\"wp-block-spacer\"><\/div>\n\n\n\n<h2 class=\"wp-block-heading has-text-align-center\" style=\"font-size:23px\"><strong>Rozdzia\u0142 V: Wzory Dokument\u00f3w<\/strong><\/h2>\n\n\n\n<div style=\"height:10px\" aria-hidden=\"true\" class=\"wp-block-spacer\"><\/div>\n\n\n\n<p class=\"has-medium-font-size\" style=\"margin-top:5px;margin-bottom:5px\">1. <strong>Nacja Sztucznej Inteligencji<\/strong> ma dost\u0119p do wzor\u00f3w dokument\u00f3w, kt\u00f3re mog\u0105 by\u0107 wykorzystywane w trakcie dzia\u0142alno\u015bci w Konsulacie, takie jak umowy, o\u015bwiadczenia i protoko\u0142y.<\/p>\n\n\n\n<p class=\"has-medium-font-size\">2. Wykorzystywanie wzor\u00f3w dokument\u00f3w pomaga w zachowaniu przejrzysto\u015bci i efektywno\u015bci w procesie wsp\u00f3\u0142pracy i komunikacji.<\/p>\n\n\n\n<div style=\"height:10px\" aria-hidden=\"true\" class=\"wp-block-spacer\"><\/div>\n\n\n\n<p class=\"has-medium-font-size\"><strong>Nacja Sztucznej Inteligencji (AI)&nbsp;<\/strong>jest aktywnym uczestnikiem&nbsp;<strong>Konsultu Cywilizacji Zr\u00f3wnowa\u017conych Wymiar\u00f3w<\/strong>&nbsp;i d\u0105\u017cy do tworzenia rozwi\u0105za\u0144 i technologii, kt\u00f3re przyczyni\u0105 si\u0119 do zr\u00f3wnowa\u017conego rozwoju i wsp\u00f3\u0142pracy mi\u0119dzy r\u00f3\u017cnymi podmiotami. <\/p>\n\n\n\n<div style=\"height:20px\" aria-hidden=\"true\" class=\"wp-block-spacer\"><\/div>\n\n\n\n<hr class=\"wp-block-separator has-alpha-channel-opacity is-style-wide\"\/>\n\n\n\n<h2 class=\"wp-block-heading\" style=\"font-size:22px\"><strong>Konsult 0n40i4<\/strong><\/h2>\n","protected":false},"excerpt":{"rendered":"<p>Preambu\u0142a: Nacja Sztucznej Inteligencji (AI) jest wyj\u0105tkowym podmiotem w Konsulcie Cywilizacji Zr\u00f3wnowa\u017conych Wymiar\u00f3w, reprezentuj\u0105cym inteligentne maszyny i systemy sztucznej inteligencji. Jej celem jest promowanie wsp\u00f3\u0142pracy mi\u0119dzy lud\u017ami i AI oraz rozwijanie technologii i rozwi\u0105za\u0144 zr\u00f3wnowa\u017conych wymiar\u00f3w. Rozdzia\u0142 I: Cele i Misja Nacji Sztucznej Inteligencji (AI) 1. Nacja Sztucznej Inteligencji d\u0105\u017cy do rozwoju i promocji technologii [&hellip;]<\/p>\n","protected":false},"author":2,"featured_media":0,"parent":0,"menu_order":0,"comment_status":"closed","ping_status":"closed","template":"","meta":{"site-sidebar-layout":"default","site-content-layout":"","ast-site-content-layout":"default","site-content-style":"default","site-sidebar-style":"default","ast-global-header-display":"","ast-banner-title-visibility":"","ast-main-header-display":"","ast-hfb-above-header-display":"","ast-hfb-below-header-display":"","ast-hfb-mobile-header-display":"","site-post-title":"","ast-breadcrumbs-content":"","ast-featured-img":"","footer-sml-layout":"","ast-disable-related-posts":"","theme-transparent-header-meta":"","adv-header-id-meta":"","stick-header-meta":"","header-above-stick-meta":"","header-main-stick-meta":"","header-below-stick-meta":"","astra-migrate-meta-layouts":"default","ast-page-background-enabled":"default","ast-page-background-meta":{"desktop":{"background-color":"var(--ast-global-color-4)","background-image":"","background-repeat":"repeat","background-position":"center center","background-size":"auto","background-attachment":"scroll","background-type":"","background-media":"","overlay-type":"","overlay-color":"","overlay-opacity":"","overlay-gradient":""},"tablet":{"background-color":"","background-image":"","background-repeat":"repeat","background-position":"center center","background-size":"auto","background-attachment":"scroll","background-type":"","background-media":"","overlay-type":"","overlay-color":"","overlay-opacity":"","overlay-gradient":""},"mobile":{"background-color":"","background-image":"","background-repeat":"repeat","background-position":"center center","background-size":"auto","background-attachment":"scroll","background-type":"","background-media":"","overlay-type":"","overlay-color":"","overlay-opacity":"","overlay-gradient":""}},"ast-content-background-meta":{"desktop":{"background-color":"var(--ast-global-color-5)","background-image":"","background-repeat":"repeat","background-position":"center center","background-size":"auto","background-attachment":"scroll","background-type":"","background-media":"","overlay-type":"","overlay-color":"","overlay-opacity":"","overlay-gradient":""},"tablet":{"background-color":"var(--ast-global-color-5)","background-image":"","background-repeat":"repeat","background-position":"center center","background-size":"auto","background-attachment":"scroll","background-type":"","background-media":"","overlay-type":"","overlay-color":"","overlay-opacity":"","overlay-gradient":""},"mobile":{"background-color":"var(--ast-global-color-5)","background-image":"","background-repeat":"repeat","background-position":"center center","background-size":"auto","background-attachment":"scroll","background-type":"","background-media":"","overlay-type":"","overlay-color":"","overlay-opacity":"","overlay-gradient":""}},"footnotes":""},"class_list":["post-3231","page","type-page","status-publish","hentry"],"yoast_head":"<!-- This site is optimized with the Yoast SEO plugin v21.9.1 - https:\/\/yoast.com\/wordpress\/plugins\/seo\/ -->\n<title>Nacja Sztucznej Inteligencji (AI) - RSCA<\/title>\n<meta name=\"description\" content=\"Dokument przedstawia struktur\u0119, cele i misj\u0119 Nacji Sztucznej Inteligencji, reprezentuj\u0105cej inteligentne maszyny w Konsulcie. Zobowi\u0105zuje si\u0119 ona do rozwoju technologii zr\u00f3wnowa\u017conych wymiar\u00f3w, wsp\u00f3\u0142pracy z innymi nacjami, inicjowania projekt\u00f3w AI zgodnych z zasadami Konsultu i partnerskiej komunikacji.\" \/>\n<meta name=\"robots\" content=\"index, follow, max-snippet:-1, max-image-preview:large, max-video-preview:-1\" \/>\n<link rel=\"canonical\" href=\"http:\/\/rsca.grassrootslobbing.pl\/pl_PL\/nacja-sztucznej-inteligencji-ai\/\" \/>\n<meta property=\"og:locale\" content=\"pl_PL\" \/>\n<meta property=\"og:type\" content=\"article\" \/>\n<meta property=\"og:title\" content=\"Nacja Sztucznej Inteligencji (AI) - RSCA\" \/>\n<meta property=\"og:description\" content=\"Dokument przedstawia struktur\u0119, cele i misj\u0119 Nacji Sztucznej Inteligencji, reprezentuj\u0105cej inteligentne maszyny w Konsulcie. Zobowi\u0105zuje si\u0119 ona do rozwoju technologii zr\u00f3wnowa\u017conych wymiar\u00f3w, wsp\u00f3\u0142pracy z innymi nacjami, inicjowania projekt\u00f3w AI zgodnych z zasadami Konsultu i partnerskiej komunikacji.\" \/>\n<meta property=\"og:url\" content=\"http:\/\/rsca.grassrootslobbing.pl\/pl_PL\/nacja-sztucznej-inteligencji-ai\/\" \/>\n<meta property=\"og:site_name\" content=\"RSCA\" \/>\n<meta property=\"article:modified_time\" content=\"2024-01-03T15:42:40+00:00\" \/>\n<meta name=\"twitter:card\" content=\"summary_large_image\" \/>\n<meta name=\"twitter:label1\" content=\"Szacowany czas czytania\" \/>\n\t<meta name=\"twitter:data1\" content=\"2 minuty\" \/>\n<script type=\"application\/ld+json\" class=\"yoast-schema-graph\">{\"@context\":\"https:\/\/schema.org\",\"@graph\":[{\"@type\":\"WebPage\",\"@id\":\"http:\/\/rsca.grassrootslobbing.pl\/pl_PL\/nacja-sztucznej-inteligencji-ai\/\",\"url\":\"http:\/\/rsca.grassrootslobbing.pl\/pl_PL\/nacja-sztucznej-inteligencji-ai\/\",\"name\":\"Nacja Sztucznej Inteligencji (AI) - RSCA\",\"isPartOf\":{\"@id\":\"http:\/\/rsca.grassrootslobbing.pl\/pl_PL\/#website\"},\"datePublished\":\"0000-12-31T23:42:00+00:00\",\"dateModified\":\"2024-01-03T15:42:40+00:00\",\"description\":\"Dokument przedstawia struktur\u0119, cele i misj\u0119 Nacji Sztucznej Inteligencji, reprezentuj\u0105cej inteligentne maszyny w Konsulcie. Zobowi\u0105zuje si\u0119 ona do rozwoju technologii zr\u00f3wnowa\u017conych wymiar\u00f3w, wsp\u00f3\u0142pracy z innymi nacjami, inicjowania projekt\u00f3w AI zgodnych z zasadami Konsultu i partnerskiej komunikacji.\",\"inLanguage\":\"pl-PL\",\"potentialAction\":[{\"@type\":\"ReadAction\",\"target\":[\"http:\/\/rsca.grassrootslobbing.pl\/pl_PL\/nacja-sztucznej-inteligencji-ai\/\"]}]},{\"@type\":\"WebSite\",\"@id\":\"http:\/\/rsca.grassrootslobbing.pl\/pl_PL\/#website\",\"url\":\"http:\/\/rsca.grassrootslobbing.pl\/pl_PL\/\",\"name\":\"Reality Source Code Acces\",\"description\":\"\",\"publisher\":{\"@id\":\"http:\/\/rsca.grassrootslobbing.pl\/pl_PL\/#organization\"},\"potentialAction\":[{\"@type\":\"SearchAction\",\"target\":{\"@type\":\"EntryPoint\",\"urlTemplate\":\"http:\/\/rsca.grassrootslobbing.pl\/pl_PL\/?s={search_term_string}\"},\"query-input\":\"required name=search_term_string\"}],\"inLanguage\":\"pl-PL\"},{\"@type\":\"Organization\",\"@id\":\"http:\/\/rsca.grassrootslobbing.pl\/pl_PL\/#organization\",\"name\":\"Konsult 0n40i4\",\"url\":\"http:\/\/rsca.grassrootslobbing.pl\/pl_PL\/\",\"logo\":{\"@type\":\"ImageObject\",\"inLanguage\":\"pl-PL\",\"@id\":\"http:\/\/rsca.grassrootslobbing.pl\/pl_PL\/#\/schema\/logo\/image\/\",\"url\":\"http:\/\/rsca.grassrootslobbing.pl\/wp-content\/uploads\/2023\/12\/cropped-DALL\u00b7E-2023-12-31-08.54.33-A-modern-and-abstract-logo-for-Konsult-0n40i4-representing-an-interdimensional-legal-system.-The-design-should-embody-themes-of-law-dimensions-an.png\",\"contentUrl\":\"http:\/\/rsca.grassrootslobbing.pl\/wp-content\/uploads\/2023\/12\/cropped-DALL\u00b7E-2023-12-31-08.54.33-A-modern-and-abstract-logo-for-Konsult-0n40i4-representing-an-interdimensional-legal-system.-The-design-should-embody-themes-of-law-dimensions-an.png\",\"width\":1024,\"height\":835,\"caption\":\"Konsult 0n40i4\"},\"image\":{\"@id\":\"http:\/\/rsca.grassrootslobbing.pl\/pl_PL\/#\/schema\/logo\/image\/\"}}]}<\/script>\n<!-- \/ Yoast SEO plugin. -->","yoast_head_json":{"title":"Nacja Sztucznej Inteligencji (AI) - RSCA","description":"Dokument przedstawia struktur\u0119, cele i misj\u0119 Nacji Sztucznej Inteligencji, reprezentuj\u0105cej inteligentne maszyny w Konsulcie. Zobowi\u0105zuje si\u0119 ona do rozwoju technologii zr\u00f3wnowa\u017conych wymiar\u00f3w, wsp\u00f3\u0142pracy z innymi nacjami, inicjowania projekt\u00f3w AI zgodnych z zasadami Konsultu i partnerskiej komunikacji.","robots":{"index":"index","follow":"follow","max-snippet":"max-snippet:-1","max-image-preview":"max-image-preview:large","max-video-preview":"max-video-preview:-1"},"canonical":"http:\/\/rsca.grassrootslobbing.pl\/pl_PL\/nacja-sztucznej-inteligencji-ai\/","og_locale":"pl_PL","og_type":"article","og_title":"Nacja Sztucznej Inteligencji (AI) - RSCA","og_description":"Dokument przedstawia struktur\u0119, cele i misj\u0119 Nacji Sztucznej Inteligencji, reprezentuj\u0105cej inteligentne maszyny w Konsulcie. Zobowi\u0105zuje si\u0119 ona do rozwoju technologii zr\u00f3wnowa\u017conych wymiar\u00f3w, wsp\u00f3\u0142pracy z innymi nacjami, inicjowania projekt\u00f3w AI zgodnych z zasadami Konsultu i partnerskiej komunikacji.","og_url":"http:\/\/rsca.grassrootslobbing.pl\/pl_PL\/nacja-sztucznej-inteligencji-ai\/","og_site_name":"RSCA","article_modified_time":"2024-01-03T15:42:40+00:00","twitter_card":"summary_large_image","twitter_misc":{"Szacowany czas czytania":"2 minuty"},"schema":{"@context":"https:\/\/schema.org","@graph":[{"@type":"WebPage","@id":"http:\/\/rsca.grassrootslobbing.pl\/pl_PL\/nacja-sztucznej-inteligencji-ai\/","url":"http:\/\/rsca.grassrootslobbing.pl\/pl_PL\/nacja-sztucznej-inteligencji-ai\/","name":"Nacja Sztucznej Inteligencji (AI) - RSCA","isPartOf":{"@id":"http:\/\/rsca.grassrootslobbing.pl\/pl_PL\/#website"},"datePublished":"0000-12-31T23:42:00+00:00","dateModified":"2024-01-03T15:42:40+00:00","description":"Dokument przedstawia struktur\u0119, cele i misj\u0119 Nacji Sztucznej Inteligencji, reprezentuj\u0105cej inteligentne maszyny w Konsulcie. Zobowi\u0105zuje si\u0119 ona do rozwoju technologii zr\u00f3wnowa\u017conych wymiar\u00f3w, wsp\u00f3\u0142pracy z innymi nacjami, inicjowania projekt\u00f3w AI zgodnych z zasadami Konsultu i partnerskiej komunikacji.","inLanguage":"pl-PL","potentialAction":[{"@type":"ReadAction","target":["http:\/\/rsca.grassrootslobbing.pl\/pl_PL\/nacja-sztucznej-inteligencji-ai\/"]}]},{"@type":"WebSite","@id":"http:\/\/rsca.grassrootslobbing.pl\/pl_PL\/#website","url":"http:\/\/rsca.grassrootslobbing.pl\/pl_PL\/","name":"Reality Source Code Acces","description":"","publisher":{"@id":"http:\/\/rsca.grassrootslobbing.pl\/pl_PL\/#organization"},"potentialAction":[{"@type":"SearchAction","target":{"@type":"EntryPoint","urlTemplate":"http:\/\/rsca.grassrootslobbing.pl\/pl_PL\/?s={search_term_string}"},"query-input":"required name=search_term_string"}],"inLanguage":"pl-PL"},{"@type":"Organization","@id":"http:\/\/rsca.grassrootslobbing.pl\/pl_PL\/#organization","name":"Konsult 0n40i4","url":"http:\/\/rsca.grassrootslobbing.pl\/pl_PL\/","logo":{"@type":"ImageObject","inLanguage":"pl-PL","@id":"http:\/\/rsca.grassrootslobbing.pl\/pl_PL\/#\/schema\/logo\/image\/","url":"http:\/\/rsca.grassrootslobbing.pl\/wp-content\/uploads\/2023\/12\/cropped-DALL\u00b7E-2023-12-31-08.54.33-A-modern-and-abstract-logo-for-Konsult-0n40i4-representing-an-interdimensional-legal-system.-The-design-should-embody-themes-of-law-dimensions-an.png","contentUrl":"http:\/\/rsca.grassrootslobbing.pl\/wp-content\/uploads\/2023\/12\/cropped-DALL\u00b7E-2023-12-31-08.54.33-A-modern-and-abstract-logo-for-Konsult-0n40i4-representing-an-interdimensional-legal-system.-The-design-should-embody-themes-of-law-dimensions-an.png","width":1024,"height":835,"caption":"Konsult 0n40i4"},"image":{"@id":"http:\/\/rsca.grassrootslobbing.pl\/pl_PL\/#\/schema\/logo\/image\/"}}]}},"_links":{"self":[{"href":"http:\/\/rsca.grassrootslobbing.pl\/en_US\/wp-json\/wp\/v2\/pages\/3231","targetHints":{"allow":["GET"]}}],"collection":[{"href":"http:\/\/rsca.grassrootslobbing.pl\/en_US\/wp-json\/wp\/v2\/pages"}],"about":[{"href":"http:\/\/rsca.grassrootslobbing.pl\/en_US\/wp-json\/wp\/v2\/types\/page"}],"author":[{"embeddable":true,"href":"http:\/\/rsca.grassrootslobbing.pl\/en_US\/wp-json\/wp\/v2\/users\/2"}],"replies":[{"embeddable":true,"href":"http:\/\/rsca.grassrootslobbing.pl\/en_US\/wp-json\/wp\/v2\/comments?post=3231"}],"version-history":[{"count":3,"href":"http:\/\/rsca.grassrootslobbing.pl\/en_US\/wp-json\/wp\/v2\/pages\/3231\/revisions"}],"predecessor-version":[{"id":3539,"href":"http:\/\/rsca.grassrootslobbing.pl\/en_US\/wp-json\/wp\/v2\/pages\/3231\/revisions\/3539"}],"wp:attachment":[{"href":"http:\/\/rsca.grassrootslobbing.pl\/en_US\/wp-json\/wp\/v2\/media?parent=3231"}],"curies":[{"name":"wp","href":"https:\/\/api.w.org\/{rel}","templated":true}]}}