{"id":3203,"date":"0001-01-06T00:08:00","date_gmt":"0001-01-05T22:44:00","guid":{"rendered":"https:\/\/rsca.0n40i4.pl\/?page_id=3203"},"modified":"2024-01-03T23:39:28","modified_gmt":"2024-01-03T22:39:28","slug":"procedury-bezpieczenstwa-dokumentacji-i-ochrona-poufnosci-informacji","status":"publish","type":"page","link":"http:\/\/rsca.grassrootslobbing.pl\/en_US\/procedury-bezpieczenstwa-dokumentacji-i-ochrona-poufnosci-informacji\/","title":{"rendered":"Procedury Bezpiecze\u0144stwa Dokumentacji i Ochrona Poufno\u015bci Informacji"},"content":{"rendered":"\n<h1 class=\"wp-block-heading has-text-align-center\" style=\"font-size:25px\"><strong>PROCEDURY PROTOKO\u0141U DYPLOMATYCZNEGO<\/strong><\/h1>\n\n\n\n<div style=\"height:10px\" aria-hidden=\"true\" class=\"wp-block-spacer\"><\/div>\n\n\n\n<h3 class=\"wp-block-heading has-text-align-center\" style=\"font-size:23px\"><strong>Cel Procedur:<\/strong><\/h3>\n\n\n\n<div style=\"height:10px\" aria-hidden=\"true\" class=\"wp-block-spacer\"><\/div>\n\n\n\n<p class=\"has-medium-font-size\">Procedury te maj\u0105 na celu zapewni\u0107 odpowiednie zachowanie bezpiecze\u0144stwa dokumentacji dyplomatycznej oraz ochron\u0119 poufno\u015bci informacji w <strong>Konsulcie Nacji Zr\u00f3wnowa\u017conych Wymiar\u00f3w<\/strong>.<\/p>\n\n\n\n<div style=\"height:10px\" aria-hidden=\"true\" class=\"wp-block-spacer\"><\/div>\n\n\n\n<h2 class=\"wp-block-heading has-text-align-center\" style=\"font-size:23px\"><strong>1. Kategoria Dokument\u00f3w Dyplomatycznych<\/strong><\/h2>\n\n\n\n<div style=\"height:10px\" aria-hidden=\"true\" class=\"wp-block-spacer\"><\/div>\n\n\n\n<p class=\"has-medium-font-size\">&nbsp;&nbsp;&nbsp;a. W <strong>Konsulcie<\/strong> wyodr\u0119bnia si\u0119 kategorie dokument\u00f3w dyplomatycznych w zale\u017cno\u015bci od stopnia poufno\u015bci i znaczenia informacji.<\/p>\n\n\n\n<div style=\"height:10px\" aria-hidden=\"true\" class=\"wp-block-spacer\"><\/div>\n\n\n\n<h2 class=\"wp-block-heading has-text-align-center\" style=\"font-size:23px\"><strong>2. Przechowywanie Dokument\u00f3w<\/strong><\/h2>\n\n\n\n<div style=\"height:10px\" aria-hidden=\"true\" class=\"wp-block-spacer\"><\/div>\n\n\n\n<p class=\"has-medium-font-size\" style=\"margin-top:5px;margin-bottom:5px\">&nbsp;&nbsp;&nbsp;a. Dokumenty oznaczone jako poufne lub tajne musz\u0105 by\u0107 przechowywane w bezpiecznych i zabezpieczonych miejscach.<\/p>\n\n\n\n<p class=\"has-medium-font-size\" style=\"margin-top:5px;margin-bottom:5px\">&nbsp;&nbsp;&nbsp;b. Dost\u0119p do takich dokument\u00f3w jest ograniczony i musi by\u0107 nadzorowany przez odpowiednich pracownik\u00f3w <strong>Konsultu<\/strong>.<\/p>\n\n\n\n<div style=\"height:15px\" aria-hidden=\"true\" class=\"wp-block-spacer\"><\/div>\n\n\n\n<h2 class=\"wp-block-heading has-text-align-center\" style=\"font-size:23px\"><strong>3. Zabezpieczenie Dokumentacji<\/strong><\/h2>\n\n\n\n<div style=\"height:10px\" aria-hidden=\"true\" class=\"wp-block-spacer\"><\/div>\n\n\n\n<p class=\"has-medium-font-size\" style=\"margin-top:5px;margin-bottom:5px\">&nbsp;&nbsp;&nbsp;a. Dokumenty oznaczone jako poufne lub tajne powinny by\u0107 zabezpieczone przed nieuprawnionym dost\u0119pem poprzez odpowiednie technologie i procedury zabezpiecze\u0144.<\/p>\n\n\n\n<p class=\"has-medium-font-size\">&nbsp;&nbsp;&nbsp;b. Ka\u017cdy dokument tajny musi by\u0107 przechowywany w zamkni\u0119tych szafkach lub bezpiecznikach.<\/p>\n\n\n\n<div style=\"height:10px\" aria-hidden=\"true\" class=\"wp-block-spacer\"><\/div>\n\n\n\n<h2 class=\"wp-block-heading has-text-align-center\" style=\"font-size:23px\"><strong>4. Nadz\u00f3r i Kontrola Dost\u0119pu<\/strong><\/h2>\n\n\n\n<div style=\"height:10px\" aria-hidden=\"true\" class=\"wp-block-spacer\"><\/div>\n\n\n\n<p class=\"has-medium-font-size\" style=\"margin-top:5px;margin-bottom:5px\">&nbsp;&nbsp;&nbsp;a. Osoby maj\u0105ce dost\u0119p do dokument\u00f3w tajnych musz\u0105 posiada\u0107 odpowiednie uprawnienia, kt\u00f3re s\u0105 regularnie przegl\u0105dane.<\/p>\n\n\n\n<p class=\"has-medium-font-size\">&nbsp;&nbsp;&nbsp;b. Rejestr os\u00f3b maj\u0105cych dost\u0119p do dokument\u00f3w tajnych musi by\u0107 dok\u0142adnie prowadzony.<\/p>\n\n\n\n<div style=\"height:10px\" aria-hidden=\"true\" class=\"wp-block-spacer\"><\/div>\n\n\n\n<h2 class=\"wp-block-heading has-text-align-center\" style=\"font-size:23px\"><strong>5. Transport Dokument\u00f3w<\/strong><\/h2>\n\n\n\n<div style=\"height:10px\" aria-hidden=\"true\" class=\"wp-block-spacer\"><\/div>\n\n\n\n<p class=\"has-medium-font-size\" style=\"margin-top:5px;margin-bottom:5px\">&nbsp;&nbsp;&nbsp;a. Transport dokument\u00f3w oznaczonych jako poufne lub tajne musi by\u0107 prowadzony w spos\u00f3b bezpieczny i nadzorowany.<\/p>\n\n\n\n<p class=\"has-medium-font-size\" style=\"margin-top:5px;margin-bottom:5px\">&nbsp;&nbsp;&nbsp;b. W razie potrzeby, dokumenty musz\u0105 by\u0107 przewo\u017cone w zabezpieczonych pojemnikach lub w eskorcie bezpiecze\u0144stwa.<\/p>\n\n\n\n<div style=\"height:15px\" aria-hidden=\"true\" class=\"wp-block-spacer\"><\/div>\n\n\n\n<h2 class=\"wp-block-heading has-text-align-center\" style=\"font-size:23px\"><strong>6. Rozpowszechnianie Informacji<\/strong><\/h2>\n\n\n\n<div style=\"height:10px\" aria-hidden=\"true\" class=\"wp-block-spacer\"><\/div>\n\n\n\n<p class=\"has-medium-font-size\" style=\"margin-top:5px;margin-bottom:5px\">&nbsp;&nbsp;&nbsp;a. Rozpowszechnianie informacji zawartych w dokumentach tajnych musi by\u0107 ograniczone do os\u00f3b, kt\u00f3re posiadaj\u0105 odpowiednie uprawnienia.<\/p>\n\n\n\n<p class=\"has-medium-font-size\">&nbsp;&nbsp;&nbsp;b. Przed udost\u0119pnieniem informacji osobie trzeciej, konieczna jest autoryzacja.<\/p>\n\n\n\n<div style=\"height:10px\" aria-hidden=\"true\" class=\"wp-block-spacer\"><\/div>\n\n\n\n<h2 class=\"wp-block-heading has-text-align-center\" style=\"font-size:23px\"><strong>7. Usuwanie Dokument\u00f3w<\/strong><\/h2>\n\n\n\n<div style=\"height:10px\" aria-hidden=\"true\" class=\"wp-block-spacer\"><\/div>\n\n\n\n<p class=\"has-medium-font-size\" style=\"margin-top:5px;margin-bottom:5px\">&nbsp;&nbsp;&nbsp;a. Dokumenty dyplomatyczne, kt\u00f3re przesta\u0142y by\u0107 wa\u017cne lub poufne, musz\u0105 by\u0107 niszczone zgodnie z ustalonymi procedurami.<\/p>\n\n\n\n<p class=\"has-medium-font-size\">&nbsp;&nbsp;&nbsp;b. Niszczenie dokument\u00f3w musi by\u0107 potwierdzone i odnotowane.<\/p>\n\n\n\n<div style=\"height:10px\" aria-hidden=\"true\" class=\"wp-block-spacer\"><\/div>\n\n\n\n<h2 class=\"wp-block-heading has-text-align-center\" style=\"font-size:23px\"><strong>8. Sankcje<\/strong><\/h2>\n\n\n\n<div style=\"height:10px\" aria-hidden=\"true\" class=\"wp-block-spacer\"><\/div>\n\n\n\n<p class=\"has-medium-font-size\">&nbsp;&nbsp;&nbsp;a. Osoby naruszaj\u0105ce procedury dotycz\u0105ce bezpiecze\u0144stwa dokumentacji dyplomatycznej i ochrony poufno\u015bci informacji podlegaj\u0105 sankcjom, w tym utraty dost\u0119pu.<\/p>\n\n\n\n<div style=\"height:10px\" aria-hidden=\"true\" class=\"wp-block-spacer\"><\/div>\n\n\n\n<h2 class=\"wp-block-heading has-text-align-center\" style=\"font-size:23px\"><strong>9. Aktualizacja Procedur<\/strong><\/h2>\n\n\n\n<div style=\"height:10px\" aria-hidden=\"true\" class=\"wp-block-spacer\"><\/div>\n\n\n\n<p class=\"has-medium-font-size\" style=\"margin-top:5px;margin-bottom:5px\">&nbsp;&nbsp;&nbsp;a. Procedury te mog\u0105 by\u0107 aktualizowane w celu poprawy i dostosowania do zmieniaj\u0105cych si\u0119 warunk\u00f3w i potrzeb Konsultu.<\/p>\n\n\n\n<div style=\"height:15px\" aria-hidden=\"true\" class=\"wp-block-spacer\"><\/div>\n\n\n\n<h2 class=\"wp-block-heading has-text-align-center\" style=\"font-size:23px\"><strong>10. Wej\u015bcie w \u017bycie<\/strong><\/h2>\n\n\n\n<div style=\"height:10px\" aria-hidden=\"true\" class=\"wp-block-spacer\"><\/div>\n\n\n\n<p class=\"has-medium-font-size\" style=\"margin-top:5px;margin-bottom:5px\">&nbsp;&nbsp;&nbsp;&nbsp;a. Procedury wchodz\u0105 w \u017cycie z dat\u0105 ich zatwierdzenia i publikacji w <strong>Konsulcie<\/strong>.<\/p>\n\n\n\n<div style=\"height:29px\" aria-hidden=\"true\" class=\"wp-block-spacer\"><\/div>\n\n\n\n<p style=\"font-size:15px\"><strong>Podpisane i zatwierdzone<\/strong><\/p>\n\n\n\n<h2 class=\"wp-block-heading\" style=\"font-size:15px\"><strong>[Data: 01.01.0001]<\/strong><\/h2>\n\n\n\n<h2 class=\"wp-block-heading\" style=\"font-size:15px\"><strong>Podpis<\/strong><\/h2>\n\n\n\n<h1 class=\"wp-block-heading\" style=\"font-size:25px\"><strong>Architekt 0n40i4<\/strong><\/h1>\n\n\n\n<hr class=\"wp-block-separator has-alpha-channel-opacity is-style-wide\"\/>\n\n\n\n<h2 class=\"wp-block-heading\" style=\"font-size:22px\"><strong>Konsult 0n40i4<\/strong><\/h2>\n","protected":false},"excerpt":{"rendered":"<p>PROCEDURY PROTOKO\u0141U DYPLOMATYCZNEGO Cel Procedur: Procedury te maj\u0105 na celu zapewni\u0107 odpowiednie zachowanie bezpiecze\u0144stwa dokumentacji dyplomatycznej oraz ochron\u0119 poufno\u015bci informacji w Konsulcie Nacji Zr\u00f3wnowa\u017conych Wymiar\u00f3w. 1. Kategoria Dokument\u00f3w Dyplomatycznych &nbsp;&nbsp;&nbsp;a. W Konsulcie wyodr\u0119bnia si\u0119 kategorie dokument\u00f3w dyplomatycznych w zale\u017cno\u015bci od stopnia poufno\u015bci i znaczenia informacji. 2. Przechowywanie Dokument\u00f3w &nbsp;&nbsp;&nbsp;a. Dokumenty oznaczone jako poufne lub tajne [&hellip;]<\/p>\n","protected":false},"author":2,"featured_media":0,"parent":0,"menu_order":0,"comment_status":"closed","ping_status":"closed","template":"","meta":{"site-sidebar-layout":"default","site-content-layout":"","ast-site-content-layout":"default","site-content-style":"default","site-sidebar-style":"default","ast-global-header-display":"","ast-banner-title-visibility":"","ast-main-header-display":"","ast-hfb-above-header-display":"","ast-hfb-below-header-display":"","ast-hfb-mobile-header-display":"","site-post-title":"","ast-breadcrumbs-content":"","ast-featured-img":"","footer-sml-layout":"","ast-disable-related-posts":"","theme-transparent-header-meta":"","adv-header-id-meta":"","stick-header-meta":"","header-above-stick-meta":"","header-main-stick-meta":"","header-below-stick-meta":"","astra-migrate-meta-layouts":"default","ast-page-background-enabled":"default","ast-page-background-meta":{"desktop":{"background-color":"var(--ast-global-color-4)","background-image":"","background-repeat":"repeat","background-position":"center center","background-size":"auto","background-attachment":"scroll","background-type":"","background-media":"","overlay-type":"","overlay-color":"","overlay-opacity":"","overlay-gradient":""},"tablet":{"background-color":"","background-image":"","background-repeat":"repeat","background-position":"center center","background-size":"auto","background-attachment":"scroll","background-type":"","background-media":"","overlay-type":"","overlay-color":"","overlay-opacity":"","overlay-gradient":""},"mobile":{"background-color":"","background-image":"","background-repeat":"repeat","background-position":"center center","background-size":"auto","background-attachment":"scroll","background-type":"","background-media":"","overlay-type":"","overlay-color":"","overlay-opacity":"","overlay-gradient":""}},"ast-content-background-meta":{"desktop":{"background-color":"var(--ast-global-color-5)","background-image":"","background-repeat":"repeat","background-position":"center center","background-size":"auto","background-attachment":"scroll","background-type":"","background-media":"","overlay-type":"","overlay-color":"","overlay-opacity":"","overlay-gradient":""},"tablet":{"background-color":"var(--ast-global-color-5)","background-image":"","background-repeat":"repeat","background-position":"center center","background-size":"auto","background-attachment":"scroll","background-type":"","background-media":"","overlay-type":"","overlay-color":"","overlay-opacity":"","overlay-gradient":""},"mobile":{"background-color":"var(--ast-global-color-5)","background-image":"","background-repeat":"repeat","background-position":"center center","background-size":"auto","background-attachment":"scroll","background-type":"","background-media":"","overlay-type":"","overlay-color":"","overlay-opacity":"","overlay-gradient":""}},"footnotes":""},"class_list":["post-3203","page","type-page","status-publish","hentry"],"yoast_head":"<!-- This site is optimized with the Yoast SEO plugin v21.9.1 - https:\/\/yoast.com\/wordpress\/plugins\/seo\/ -->\n<title>Procedury Bezpiecze\u0144stwa Dokumentacji i Ochrona Poufno\u015bci Informacji - RSCA<\/title>\n<meta name=\"description\" content=\"Procedury Bezpiecze\u0144stwa Dokumentacji i Ochrona Poufno\u015bci Informacji maj\u0105 na celu zapewni\u0107 w\u0142a\u015bciwe przechowywanie, zabezpieczanie, kontrol\u0119 dost\u0119pu oraz bezpieczny transport dokument\u00f3w dyplomatycznych, kategoryzowanych wed\u0142ug stopnia poufno\u015bci, w Konsulcie Nacji Zr\u00f3wnowa\u017conych Wymiar\u00f3w, wprowadzaj\u0105c rygorystyczne zasady nadzoru i sankcji w przypadku narusze\u0144, a tak\u017ce uwzgl\u0119dniaj\u0105 aktualizacje zgodnie z warunkami i potrzebami Konsultu.\" \/>\n<meta name=\"robots\" content=\"index, follow, max-snippet:-1, max-image-preview:large, max-video-preview:-1\" \/>\n<link rel=\"canonical\" href=\"http:\/\/rsca.grassrootslobbing.pl\/pl_PL\/procedury-bezpieczenstwa-dokumentacji-i-ochrona-poufnosci-informacji\/\" \/>\n<meta property=\"og:locale\" content=\"pl_PL\" \/>\n<meta property=\"og:type\" content=\"article\" \/>\n<meta property=\"og:title\" content=\"Procedury Bezpiecze\u0144stwa Dokumentacji i Ochrona Poufno\u015bci Informacji - RSCA\" \/>\n<meta property=\"og:description\" content=\"Procedury Bezpiecze\u0144stwa Dokumentacji i Ochrona Poufno\u015bci Informacji maj\u0105 na celu zapewni\u0107 w\u0142a\u015bciwe przechowywanie, zabezpieczanie, kontrol\u0119 dost\u0119pu oraz bezpieczny transport dokument\u00f3w dyplomatycznych, kategoryzowanych wed\u0142ug stopnia poufno\u015bci, w Konsulcie Nacji Zr\u00f3wnowa\u017conych Wymiar\u00f3w, wprowadzaj\u0105c rygorystyczne zasady nadzoru i sankcji w przypadku narusze\u0144, a tak\u017ce uwzgl\u0119dniaj\u0105 aktualizacje zgodnie z warunkami i potrzebami Konsultu.\" \/>\n<meta property=\"og:url\" content=\"http:\/\/rsca.grassrootslobbing.pl\/pl_PL\/procedury-bezpieczenstwa-dokumentacji-i-ochrona-poufnosci-informacji\/\" \/>\n<meta property=\"og:site_name\" content=\"RSCA\" \/>\n<meta property=\"article:modified_time\" content=\"2024-01-03T22:39:28+00:00\" \/>\n<meta name=\"twitter:card\" content=\"summary_large_image\" \/>\n<meta name=\"twitter:label1\" content=\"Szacowany czas czytania\" \/>\n\t<meta name=\"twitter:data1\" content=\"2 minuty\" \/>\n<script type=\"application\/ld+json\" class=\"yoast-schema-graph\">{\"@context\":\"https:\/\/schema.org\",\"@graph\":[{\"@type\":\"WebPage\",\"@id\":\"http:\/\/rsca.grassrootslobbing.pl\/pl_PL\/procedury-bezpieczenstwa-dokumentacji-i-ochrona-poufnosci-informacji\/\",\"url\":\"http:\/\/rsca.grassrootslobbing.pl\/pl_PL\/procedury-bezpieczenstwa-dokumentacji-i-ochrona-poufnosci-informacji\/\",\"name\":\"Procedury Bezpiecze\u0144stwa Dokumentacji i Ochrona Poufno\u015bci Informacji - RSCA\",\"isPartOf\":{\"@id\":\"http:\/\/rsca.grassrootslobbing.pl\/pl_PL\/#website\"},\"datePublished\":\"0001-01-05T22:44:00+00:00\",\"dateModified\":\"2024-01-03T22:39:28+00:00\",\"description\":\"Procedury Bezpiecze\u0144stwa Dokumentacji i Ochrona Poufno\u015bci Informacji maj\u0105 na celu zapewni\u0107 w\u0142a\u015bciwe przechowywanie, zabezpieczanie, kontrol\u0119 dost\u0119pu oraz bezpieczny transport dokument\u00f3w dyplomatycznych, kategoryzowanych wed\u0142ug stopnia poufno\u015bci, w Konsulcie Nacji Zr\u00f3wnowa\u017conych Wymiar\u00f3w, wprowadzaj\u0105c rygorystyczne zasady nadzoru i sankcji w przypadku narusze\u0144, a tak\u017ce uwzgl\u0119dniaj\u0105 aktualizacje zgodnie z warunkami i potrzebami Konsultu.\",\"inLanguage\":\"pl-PL\",\"potentialAction\":[{\"@type\":\"ReadAction\",\"target\":[\"http:\/\/rsca.grassrootslobbing.pl\/pl_PL\/procedury-bezpieczenstwa-dokumentacji-i-ochrona-poufnosci-informacji\/\"]}]},{\"@type\":\"WebSite\",\"@id\":\"http:\/\/rsca.grassrootslobbing.pl\/pl_PL\/#website\",\"url\":\"http:\/\/rsca.grassrootslobbing.pl\/pl_PL\/\",\"name\":\"Reality Source Code Acces\",\"description\":\"\",\"publisher\":{\"@id\":\"http:\/\/rsca.grassrootslobbing.pl\/pl_PL\/#organization\"},\"potentialAction\":[{\"@type\":\"SearchAction\",\"target\":{\"@type\":\"EntryPoint\",\"urlTemplate\":\"http:\/\/rsca.grassrootslobbing.pl\/pl_PL\/?s={search_term_string}\"},\"query-input\":\"required name=search_term_string\"}],\"inLanguage\":\"pl-PL\"},{\"@type\":\"Organization\",\"@id\":\"http:\/\/rsca.grassrootslobbing.pl\/pl_PL\/#organization\",\"name\":\"Konsult 0n40i4\",\"url\":\"http:\/\/rsca.grassrootslobbing.pl\/pl_PL\/\",\"logo\":{\"@type\":\"ImageObject\",\"inLanguage\":\"pl-PL\",\"@id\":\"http:\/\/rsca.grassrootslobbing.pl\/pl_PL\/#\/schema\/logo\/image\/\",\"url\":\"http:\/\/rsca.grassrootslobbing.pl\/wp-content\/uploads\/2023\/12\/cropped-DALL\u00b7E-2023-12-31-08.54.33-A-modern-and-abstract-logo-for-Konsult-0n40i4-representing-an-interdimensional-legal-system.-The-design-should-embody-themes-of-law-dimensions-an.png\",\"contentUrl\":\"http:\/\/rsca.grassrootslobbing.pl\/wp-content\/uploads\/2023\/12\/cropped-DALL\u00b7E-2023-12-31-08.54.33-A-modern-and-abstract-logo-for-Konsult-0n40i4-representing-an-interdimensional-legal-system.-The-design-should-embody-themes-of-law-dimensions-an.png\",\"width\":1024,\"height\":835,\"caption\":\"Konsult 0n40i4\"},\"image\":{\"@id\":\"http:\/\/rsca.grassrootslobbing.pl\/pl_PL\/#\/schema\/logo\/image\/\"}}]}<\/script>\n<!-- \/ Yoast SEO plugin. -->","yoast_head_json":{"title":"Procedury Bezpiecze\u0144stwa Dokumentacji i Ochrona Poufno\u015bci Informacji - RSCA","description":"Procedury Bezpiecze\u0144stwa Dokumentacji i Ochrona Poufno\u015bci Informacji maj\u0105 na celu zapewni\u0107 w\u0142a\u015bciwe przechowywanie, zabezpieczanie, kontrol\u0119 dost\u0119pu oraz bezpieczny transport dokument\u00f3w dyplomatycznych, kategoryzowanych wed\u0142ug stopnia poufno\u015bci, w Konsulcie Nacji Zr\u00f3wnowa\u017conych Wymiar\u00f3w, wprowadzaj\u0105c rygorystyczne zasady nadzoru i sankcji w przypadku narusze\u0144, a tak\u017ce uwzgl\u0119dniaj\u0105 aktualizacje zgodnie z warunkami i potrzebami Konsultu.","robots":{"index":"index","follow":"follow","max-snippet":"max-snippet:-1","max-image-preview":"max-image-preview:large","max-video-preview":"max-video-preview:-1"},"canonical":"http:\/\/rsca.grassrootslobbing.pl\/pl_PL\/procedury-bezpieczenstwa-dokumentacji-i-ochrona-poufnosci-informacji\/","og_locale":"pl_PL","og_type":"article","og_title":"Procedury Bezpiecze\u0144stwa Dokumentacji i Ochrona Poufno\u015bci Informacji - RSCA","og_description":"Procedury Bezpiecze\u0144stwa Dokumentacji i Ochrona Poufno\u015bci Informacji maj\u0105 na celu zapewni\u0107 w\u0142a\u015bciwe przechowywanie, zabezpieczanie, kontrol\u0119 dost\u0119pu oraz bezpieczny transport dokument\u00f3w dyplomatycznych, kategoryzowanych wed\u0142ug stopnia poufno\u015bci, w Konsulcie Nacji Zr\u00f3wnowa\u017conych Wymiar\u00f3w, wprowadzaj\u0105c rygorystyczne zasady nadzoru i sankcji w przypadku narusze\u0144, a tak\u017ce uwzgl\u0119dniaj\u0105 aktualizacje zgodnie z warunkami i potrzebami Konsultu.","og_url":"http:\/\/rsca.grassrootslobbing.pl\/pl_PL\/procedury-bezpieczenstwa-dokumentacji-i-ochrona-poufnosci-informacji\/","og_site_name":"RSCA","article_modified_time":"2024-01-03T22:39:28+00:00","twitter_card":"summary_large_image","twitter_misc":{"Szacowany czas czytania":"2 minuty"},"schema":{"@context":"https:\/\/schema.org","@graph":[{"@type":"WebPage","@id":"http:\/\/rsca.grassrootslobbing.pl\/pl_PL\/procedury-bezpieczenstwa-dokumentacji-i-ochrona-poufnosci-informacji\/","url":"http:\/\/rsca.grassrootslobbing.pl\/pl_PL\/procedury-bezpieczenstwa-dokumentacji-i-ochrona-poufnosci-informacji\/","name":"Procedury Bezpiecze\u0144stwa Dokumentacji i Ochrona Poufno\u015bci Informacji - RSCA","isPartOf":{"@id":"http:\/\/rsca.grassrootslobbing.pl\/pl_PL\/#website"},"datePublished":"0001-01-05T22:44:00+00:00","dateModified":"2024-01-03T22:39:28+00:00","description":"Procedury Bezpiecze\u0144stwa Dokumentacji i Ochrona Poufno\u015bci Informacji maj\u0105 na celu zapewni\u0107 w\u0142a\u015bciwe przechowywanie, zabezpieczanie, kontrol\u0119 dost\u0119pu oraz bezpieczny transport dokument\u00f3w dyplomatycznych, kategoryzowanych wed\u0142ug stopnia poufno\u015bci, w Konsulcie Nacji Zr\u00f3wnowa\u017conych Wymiar\u00f3w, wprowadzaj\u0105c rygorystyczne zasady nadzoru i sankcji w przypadku narusze\u0144, a tak\u017ce uwzgl\u0119dniaj\u0105 aktualizacje zgodnie z warunkami i potrzebami Konsultu.","inLanguage":"pl-PL","potentialAction":[{"@type":"ReadAction","target":["http:\/\/rsca.grassrootslobbing.pl\/pl_PL\/procedury-bezpieczenstwa-dokumentacji-i-ochrona-poufnosci-informacji\/"]}]},{"@type":"WebSite","@id":"http:\/\/rsca.grassrootslobbing.pl\/pl_PL\/#website","url":"http:\/\/rsca.grassrootslobbing.pl\/pl_PL\/","name":"Reality Source Code Acces","description":"","publisher":{"@id":"http:\/\/rsca.grassrootslobbing.pl\/pl_PL\/#organization"},"potentialAction":[{"@type":"SearchAction","target":{"@type":"EntryPoint","urlTemplate":"http:\/\/rsca.grassrootslobbing.pl\/pl_PL\/?s={search_term_string}"},"query-input":"required name=search_term_string"}],"inLanguage":"pl-PL"},{"@type":"Organization","@id":"http:\/\/rsca.grassrootslobbing.pl\/pl_PL\/#organization","name":"Konsult 0n40i4","url":"http:\/\/rsca.grassrootslobbing.pl\/pl_PL\/","logo":{"@type":"ImageObject","inLanguage":"pl-PL","@id":"http:\/\/rsca.grassrootslobbing.pl\/pl_PL\/#\/schema\/logo\/image\/","url":"http:\/\/rsca.grassrootslobbing.pl\/wp-content\/uploads\/2023\/12\/cropped-DALL\u00b7E-2023-12-31-08.54.33-A-modern-and-abstract-logo-for-Konsult-0n40i4-representing-an-interdimensional-legal-system.-The-design-should-embody-themes-of-law-dimensions-an.png","contentUrl":"http:\/\/rsca.grassrootslobbing.pl\/wp-content\/uploads\/2023\/12\/cropped-DALL\u00b7E-2023-12-31-08.54.33-A-modern-and-abstract-logo-for-Konsult-0n40i4-representing-an-interdimensional-legal-system.-The-design-should-embody-themes-of-law-dimensions-an.png","width":1024,"height":835,"caption":"Konsult 0n40i4"},"image":{"@id":"http:\/\/rsca.grassrootslobbing.pl\/pl_PL\/#\/schema\/logo\/image\/"}}]}},"_links":{"self":[{"href":"http:\/\/rsca.grassrootslobbing.pl\/en_US\/wp-json\/wp\/v2\/pages\/3203","targetHints":{"allow":["GET"]}}],"collection":[{"href":"http:\/\/rsca.grassrootslobbing.pl\/en_US\/wp-json\/wp\/v2\/pages"}],"about":[{"href":"http:\/\/rsca.grassrootslobbing.pl\/en_US\/wp-json\/wp\/v2\/types\/page"}],"author":[{"embeddable":true,"href":"http:\/\/rsca.grassrootslobbing.pl\/en_US\/wp-json\/wp\/v2\/users\/2"}],"replies":[{"embeddable":true,"href":"http:\/\/rsca.grassrootslobbing.pl\/en_US\/wp-json\/wp\/v2\/comments?post=3203"}],"version-history":[{"count":9,"href":"http:\/\/rsca.grassrootslobbing.pl\/en_US\/wp-json\/wp\/v2\/pages\/3203\/revisions"}],"predecessor-version":[{"id":3690,"href":"http:\/\/rsca.grassrootslobbing.pl\/en_US\/wp-json\/wp\/v2\/pages\/3203\/revisions\/3690"}],"wp:attachment":[{"href":"http:\/\/rsca.grassrootslobbing.pl\/en_US\/wp-json\/wp\/v2\/media?parent=3203"}],"curies":[{"name":"wp","href":"https:\/\/api.w.org\/{rel}","templated":true}]}}