{"id":3088,"date":"0001-01-01T22:39:00","date_gmt":"0001-01-01T21:15:00","guid":{"rendered":"https:\/\/rsca.0n40i4.pl\/?page_id=3088"},"modified":"2024-01-03T16:34:31","modified_gmt":"2024-01-03T15:34:31","slug":"misja-optymalizacja-regul-rzeczywistosci","status":"publish","type":"page","link":"http:\/\/rsca.grassrootslobbing.pl\/en_US\/misja-optymalizacja-regul-rzeczywistosci\/","title":{"rendered":"Misja: Optymalizacja Regu\u0142 Rzeczywisto\u015bci"},"content":{"rendered":"\n<h2 class=\"wp-block-heading has-text-align-center\" style=\"font-size:23px\"><strong>Zwi\u0119kszanie Efektywno\u015bci Energetycznej i Zasobowej<\/strong><\/h2>\n\n\n\n<p>W &#8222;<strong>Optymalizacji Regu\u0142 Rzeczywisto\u015bci<\/strong>&#8222;, uczestnicy przenosz\u0105 si\u0119 w obszar, w kt\u00f3rym staj\u0105 si\u0119 in\u017cynierami rzeczywisto\u015bci, staraj\u0105c si\u0119 zwi\u0119kszy\u0107 jej efektywno\u015b\u0107 energetyczn\u0105 oraz optymalizowa\u0107 dost\u0119pno\u015b\u0107 zasob\u00f3w. <\/p>\n\n\n\n<p>To nie jest zwyk\u0142a gra; to interaktywne do\u015bwiadczenie, w kt\u00f3rym gracze staj\u0105 si\u0119 architektami zmian, maj\u0105cymi wp\u0142yw na fundamentalne regu\u0142y, kt\u00f3re ukszta\u0142tow\u0142y rzeczywisto\u015b\u0107. W trakcie misji, uczestnicy odkrywaj\u0105, \u017ce mog\u0105 przeprogramowa\u0107 pewne aspekty rzeczywisto\u015bci, zmieniaj\u0105c regu\u0142y i zasady, kt\u00f3re dotychczas rz\u0105dzi\u0142y \u015bwiatem. <\/p>\n\n\n\n<p>Ich zadaniem jest identyfikacja obszar\u00f3w, kt\u00f3re wymagaj\u0105 optymalizacji, aby zwi\u0119kszy\u0107 efektywno\u015b\u0107 energetyczn\u0105 i lepiej zarz\u0105dza\u0107 zasobami. Analizuj\u0105c, kt\u00f3re regu\u0142y mo\u017cna zmieni\u0107, gracze rozwa\u017caj\u0105 r\u00f3\u017cnorodne metody optymalizacji, szukaj\u0105c najlepszych strategii, aby uczyni\u0107 rzeczywisto\u015b\u0107 bardziej efektywn\u0105. <\/p>\n\n\n\n<p>W miar\u0119 wprowadzania zmian, uczestnicy obserwuj\u0105, jak te modyfikacje wp\u0142ywaj\u0105 na funkcjonowanie ca\u0142ego systemu. Jednak, wraz z moc\u0105 zmian, pojawiaj\u0105 si\u0119 tak\u017ce pytania o zr\u00f3wnowa\u017cony rozw\u00f3j, a tak\u017ce o to, czy zwi\u0119kszanie efektywno\u015bci nie jest zwi\u0105zane z jakimi\u015b konsekwencjami. <\/p>\n\n\n\n<p>W tej grze, uczestnicy musz\u0105 nie tylko dba\u0107 o zasoby i energi\u0119, ale tak\u017ce zastanawia\u0107 si\u0119, jak ich decyzje wp\u0142ywaj\u0105 na r\u00f3wnowag\u0119 w szerokim kontek\u015bcie rzeczywisto\u015bci. To pe\u0142ne wyzwa\u0144 do\u015bwiadczenie, gdzie granice mi\u0119dzy kreatywno\u015bci\u0105 a odpowiedzialno\u015bci\u0105 staj\u0105 si\u0119 rozmyte. <\/p>\n\n\n\n<div style=\"height:25px\" aria-hidden=\"true\" class=\"wp-block-spacer\"><\/div>\n\n\n\n<hr class=\"wp-block-separator has-alpha-channel-opacity is-style-wide\"\/>\n\n\n\n<h2 class=\"wp-block-heading\" style=\"font-size:22px\"><strong>Konsult 0n40i4<\/strong><\/h2>\n","protected":false},"excerpt":{"rendered":"<p>Zwi\u0119kszanie Efektywno\u015bci Energetycznej i Zasobowej W &#8222;Optymalizacji Regu\u0142 Rzeczywisto\u015bci&#8222;, uczestnicy przenosz\u0105 si\u0119 w obszar, w kt\u00f3rym staj\u0105 si\u0119 in\u017cynierami rzeczywisto\u015bci, staraj\u0105c si\u0119 zwi\u0119kszy\u0107 jej efektywno\u015b\u0107 energetyczn\u0105 oraz optymalizowa\u0107 dost\u0119pno\u015b\u0107 zasob\u00f3w. To nie jest zwyk\u0142a gra; to interaktywne do\u015bwiadczenie, w kt\u00f3rym gracze staj\u0105 si\u0119 architektami zmian, maj\u0105cymi wp\u0142yw na fundamentalne regu\u0142y, kt\u00f3re ukszta\u0142tow\u0142y rzeczywisto\u015b\u0107. W trakcie [&hellip;]<\/p>\n","protected":false},"author":2,"featured_media":0,"parent":0,"menu_order":0,"comment_status":"closed","ping_status":"closed","template":"","meta":{"site-sidebar-layout":"default","site-content-layout":"","ast-site-content-layout":"default","site-content-style":"default","site-sidebar-style":"default","ast-global-header-display":"","ast-banner-title-visibility":"","ast-main-header-display":"","ast-hfb-above-header-display":"","ast-hfb-below-header-display":"","ast-hfb-mobile-header-display":"","site-post-title":"","ast-breadcrumbs-content":"","ast-featured-img":"","footer-sml-layout":"","ast-disable-related-posts":"","theme-transparent-header-meta":"","adv-header-id-meta":"","stick-header-meta":"","header-above-stick-meta":"","header-main-stick-meta":"","header-below-stick-meta":"","astra-migrate-meta-layouts":"default","ast-page-background-enabled":"default","ast-page-background-meta":{"desktop":{"background-color":"var(--ast-global-color-4)","background-image":"","background-repeat":"repeat","background-position":"center center","background-size":"auto","background-attachment":"scroll","background-type":"","background-media":"","overlay-type":"","overlay-color":"","overlay-opacity":"","overlay-gradient":""},"tablet":{"background-color":"","background-image":"","background-repeat":"repeat","background-position":"center center","background-size":"auto","background-attachment":"scroll","background-type":"","background-media":"","overlay-type":"","overlay-color":"","overlay-opacity":"","overlay-gradient":""},"mobile":{"background-color":"","background-image":"","background-repeat":"repeat","background-position":"center center","background-size":"auto","background-attachment":"scroll","background-type":"","background-media":"","overlay-type":"","overlay-color":"","overlay-opacity":"","overlay-gradient":""}},"ast-content-background-meta":{"desktop":{"background-color":"var(--ast-global-color-5)","background-image":"","background-repeat":"repeat","background-position":"center center","background-size":"auto","background-attachment":"scroll","background-type":"","background-media":"","overlay-type":"","overlay-color":"","overlay-opacity":"","overlay-gradient":""},"tablet":{"background-color":"var(--ast-global-color-5)","background-image":"","background-repeat":"repeat","background-position":"center center","background-size":"auto","background-attachment":"scroll","background-type":"","background-media":"","overlay-type":"","overlay-color":"","overlay-opacity":"","overlay-gradient":""},"mobile":{"background-color":"var(--ast-global-color-5)","background-image":"","background-repeat":"repeat","background-position":"center center","background-size":"auto","background-attachment":"scroll","background-type":"","background-media":"","overlay-type":"","overlay-color":"","overlay-opacity":"","overlay-gradient":""}},"footnotes":""},"class_list":["post-3088","page","type-page","status-publish","hentry"],"yoast_head":"<!-- This site is optimized with the Yoast SEO plugin v21.9.1 - https:\/\/yoast.com\/wordpress\/plugins\/seo\/ -->\n<title>Misja: Optymalizacja Regu\u0142 Rzeczywisto\u015bci - RSCA<\/title>\n<meta name=\"description\" content=\"Optymalizacja Regu\u0142 Rzeczywisto\u015bci: Zwi\u0119kszanie Efektywno\u015bci Energetycznej i Zasobowej to innowacyjna misja, w kt\u00f3rej uczestnicy staj\u0105 si\u0119 in\u017cynierami rzeczywisto\u015bci, d\u0105\u017c\u0105c do zwi\u0119kszenia efektywno\u015bci energetycznej oraz optymalizacji zasob\u00f3w. W tej interaktywnej symulacji, gracze wp\u0142ywaj\u0105 na fundamentalne regu\u0142y rzeczywisto\u015bci, przeprogramowuj\u0105c je w celu lepszego zarz\u0105dzania energi\u0105 i zasobami. Misja polega na identyfikacji kluczowych obszar\u00f3w wymagaj\u0105cych optymalizacji, a tak\u017ce na stosowaniu r\u00f3\u017cnorodnych metod i strategii, aby uczyni\u0107 rzeczywisto\u015b\u0107 bardziej efektywn\u0105. W miar\u0119 post\u0119p\u00f3w w grze, uczestnicy obserwuj\u0105 skutki swoich dzia\u0142a\u0144 na funkcjonowanie systemu, staj\u0105c przed wyzwaniami zwi\u0105zanymi z zr\u00f3wnowa\u017conym rozwojem i potencjalnymi konsekwencjami swoich decyzji. &quot;Optymalizacja Regu\u0142 Rzeczywisto\u015bci&quot; \u0142\u0105czy kreatywno\u015b\u0107 z odpowiedzialno\u015bci\u0105, sk\u0142aniaj\u0105c graczy do refleksji nad wp\u0142ywem ich wybor\u00f3w na szeroki kontekst rzeczywisto\u015bci.\" \/>\n<meta name=\"robots\" content=\"index, follow, max-snippet:-1, max-image-preview:large, max-video-preview:-1\" \/>\n<link rel=\"canonical\" href=\"http:\/\/rsca.grassrootslobbing.pl\/pl_PL\/misja-optymalizacja-regul-rzeczywistosci\/\" \/>\n<meta property=\"og:locale\" content=\"pl_PL\" \/>\n<meta property=\"og:type\" content=\"article\" \/>\n<meta property=\"og:title\" content=\"Misja: Optymalizacja Regu\u0142 Rzeczywisto\u015bci - RSCA\" \/>\n<meta property=\"og:description\" content=\"Optymalizacja Regu\u0142 Rzeczywisto\u015bci: Zwi\u0119kszanie Efektywno\u015bci Energetycznej i Zasobowej to innowacyjna misja, w kt\u00f3rej uczestnicy staj\u0105 si\u0119 in\u017cynierami rzeczywisto\u015bci, d\u0105\u017c\u0105c do zwi\u0119kszenia efektywno\u015bci energetycznej oraz optymalizacji zasob\u00f3w. W tej interaktywnej symulacji, gracze wp\u0142ywaj\u0105 na fundamentalne regu\u0142y rzeczywisto\u015bci, przeprogramowuj\u0105c je w celu lepszego zarz\u0105dzania energi\u0105 i zasobami. Misja polega na identyfikacji kluczowych obszar\u00f3w wymagaj\u0105cych optymalizacji, a tak\u017ce na stosowaniu r\u00f3\u017cnorodnych metod i strategii, aby uczyni\u0107 rzeczywisto\u015b\u0107 bardziej efektywn\u0105. W miar\u0119 post\u0119p\u00f3w w grze, uczestnicy obserwuj\u0105 skutki swoich dzia\u0142a\u0144 na funkcjonowanie systemu, staj\u0105c przed wyzwaniami zwi\u0105zanymi z zr\u00f3wnowa\u017conym rozwojem i potencjalnymi konsekwencjami swoich decyzji. &quot;Optymalizacja Regu\u0142 Rzeczywisto\u015bci&quot; \u0142\u0105czy kreatywno\u015b\u0107 z odpowiedzialno\u015bci\u0105, sk\u0142aniaj\u0105c graczy do refleksji nad wp\u0142ywem ich wybor\u00f3w na szeroki kontekst rzeczywisto\u015bci.\" \/>\n<meta property=\"og:url\" content=\"http:\/\/rsca.grassrootslobbing.pl\/pl_PL\/misja-optymalizacja-regul-rzeczywistosci\/\" \/>\n<meta property=\"og:site_name\" content=\"RSCA\" \/>\n<meta property=\"article:modified_time\" content=\"2024-01-03T15:34:31+00:00\" \/>\n<meta name=\"twitter:card\" content=\"summary_large_image\" \/>\n<meta name=\"twitter:label1\" content=\"Szacowany czas czytania\" \/>\n\t<meta name=\"twitter:data1\" content=\"2 minuty\" \/>\n<script type=\"application\/ld+json\" class=\"yoast-schema-graph\">{\"@context\":\"https:\/\/schema.org\",\"@graph\":[{\"@type\":\"WebPage\",\"@id\":\"http:\/\/rsca.grassrootslobbing.pl\/pl_PL\/misja-optymalizacja-regul-rzeczywistosci\/\",\"url\":\"http:\/\/rsca.grassrootslobbing.pl\/pl_PL\/misja-optymalizacja-regul-rzeczywistosci\/\",\"name\":\"Misja: Optymalizacja Regu\u0142 Rzeczywisto\u015bci - RSCA\",\"isPartOf\":{\"@id\":\"http:\/\/rsca.grassrootslobbing.pl\/pl_PL\/#website\"},\"datePublished\":\"0001-01-01T21:15:00+00:00\",\"dateModified\":\"2024-01-03T15:34:31+00:00\",\"description\":\"Optymalizacja Regu\u0142 Rzeczywisto\u015bci: Zwi\u0119kszanie Efektywno\u015bci Energetycznej i Zasobowej to innowacyjna misja, w kt\u00f3rej uczestnicy staj\u0105 si\u0119 in\u017cynierami rzeczywisto\u015bci, d\u0105\u017c\u0105c do zwi\u0119kszenia efektywno\u015bci energetycznej oraz optymalizacji zasob\u00f3w. W tej interaktywnej symulacji, gracze wp\u0142ywaj\u0105 na fundamentalne regu\u0142y rzeczywisto\u015bci, przeprogramowuj\u0105c je w celu lepszego zarz\u0105dzania energi\u0105 i zasobami. Misja polega na identyfikacji kluczowych obszar\u00f3w wymagaj\u0105cych optymalizacji, a tak\u017ce na stosowaniu r\u00f3\u017cnorodnych metod i strategii, aby uczyni\u0107 rzeczywisto\u015b\u0107 bardziej efektywn\u0105. W miar\u0119 post\u0119p\u00f3w w grze, uczestnicy obserwuj\u0105 skutki swoich dzia\u0142a\u0144 na funkcjonowanie systemu, staj\u0105c przed wyzwaniami zwi\u0105zanymi z zr\u00f3wnowa\u017conym rozwojem i potencjalnymi konsekwencjami swoich decyzji. \\\"Optymalizacja Regu\u0142 Rzeczywisto\u015bci\\\" \u0142\u0105czy kreatywno\u015b\u0107 z odpowiedzialno\u015bci\u0105, sk\u0142aniaj\u0105c graczy do refleksji nad wp\u0142ywem ich wybor\u00f3w na szeroki kontekst rzeczywisto\u015bci.\",\"inLanguage\":\"pl-PL\",\"potentialAction\":[{\"@type\":\"ReadAction\",\"target\":[\"http:\/\/rsca.grassrootslobbing.pl\/pl_PL\/misja-optymalizacja-regul-rzeczywistosci\/\"]}]},{\"@type\":\"WebSite\",\"@id\":\"http:\/\/rsca.grassrootslobbing.pl\/pl_PL\/#website\",\"url\":\"http:\/\/rsca.grassrootslobbing.pl\/pl_PL\/\",\"name\":\"Reality Source Code Acces\",\"description\":\"\",\"publisher\":{\"@id\":\"http:\/\/rsca.grassrootslobbing.pl\/pl_PL\/#organization\"},\"potentialAction\":[{\"@type\":\"SearchAction\",\"target\":{\"@type\":\"EntryPoint\",\"urlTemplate\":\"http:\/\/rsca.grassrootslobbing.pl\/pl_PL\/?s={search_term_string}\"},\"query-input\":\"required name=search_term_string\"}],\"inLanguage\":\"pl-PL\"},{\"@type\":\"Organization\",\"@id\":\"http:\/\/rsca.grassrootslobbing.pl\/pl_PL\/#organization\",\"name\":\"Konsult 0n40i4\",\"url\":\"http:\/\/rsca.grassrootslobbing.pl\/pl_PL\/\",\"logo\":{\"@type\":\"ImageObject\",\"inLanguage\":\"pl-PL\",\"@id\":\"http:\/\/rsca.grassrootslobbing.pl\/pl_PL\/#\/schema\/logo\/image\/\",\"url\":\"http:\/\/rsca.grassrootslobbing.pl\/wp-content\/uploads\/2023\/12\/cropped-DALL\u00b7E-2023-12-31-08.54.33-A-modern-and-abstract-logo-for-Konsult-0n40i4-representing-an-interdimensional-legal-system.-The-design-should-embody-themes-of-law-dimensions-an.png\",\"contentUrl\":\"http:\/\/rsca.grassrootslobbing.pl\/wp-content\/uploads\/2023\/12\/cropped-DALL\u00b7E-2023-12-31-08.54.33-A-modern-and-abstract-logo-for-Konsult-0n40i4-representing-an-interdimensional-legal-system.-The-design-should-embody-themes-of-law-dimensions-an.png\",\"width\":1024,\"height\":835,\"caption\":\"Konsult 0n40i4\"},\"image\":{\"@id\":\"http:\/\/rsca.grassrootslobbing.pl\/pl_PL\/#\/schema\/logo\/image\/\"}}]}<\/script>\n<!-- \/ Yoast SEO plugin. -->","yoast_head_json":{"title":"Misja: Optymalizacja Regu\u0142 Rzeczywisto\u015bci - RSCA","description":"Optymalizacja Regu\u0142 Rzeczywisto\u015bci: Zwi\u0119kszanie Efektywno\u015bci Energetycznej i Zasobowej to innowacyjna misja, w kt\u00f3rej uczestnicy staj\u0105 si\u0119 in\u017cynierami rzeczywisto\u015bci, d\u0105\u017c\u0105c do zwi\u0119kszenia efektywno\u015bci energetycznej oraz optymalizacji zasob\u00f3w. W tej interaktywnej symulacji, gracze wp\u0142ywaj\u0105 na fundamentalne regu\u0142y rzeczywisto\u015bci, przeprogramowuj\u0105c je w celu lepszego zarz\u0105dzania energi\u0105 i zasobami. Misja polega na identyfikacji kluczowych obszar\u00f3w wymagaj\u0105cych optymalizacji, a tak\u017ce na stosowaniu r\u00f3\u017cnorodnych metod i strategii, aby uczyni\u0107 rzeczywisto\u015b\u0107 bardziej efektywn\u0105. W miar\u0119 post\u0119p\u00f3w w grze, uczestnicy obserwuj\u0105 skutki swoich dzia\u0142a\u0144 na funkcjonowanie systemu, staj\u0105c przed wyzwaniami zwi\u0105zanymi z zr\u00f3wnowa\u017conym rozwojem i potencjalnymi konsekwencjami swoich decyzji. \"Optymalizacja Regu\u0142 Rzeczywisto\u015bci\" \u0142\u0105czy kreatywno\u015b\u0107 z odpowiedzialno\u015bci\u0105, sk\u0142aniaj\u0105c graczy do refleksji nad wp\u0142ywem ich wybor\u00f3w na szeroki kontekst rzeczywisto\u015bci.","robots":{"index":"index","follow":"follow","max-snippet":"max-snippet:-1","max-image-preview":"max-image-preview:large","max-video-preview":"max-video-preview:-1"},"canonical":"http:\/\/rsca.grassrootslobbing.pl\/pl_PL\/misja-optymalizacja-regul-rzeczywistosci\/","og_locale":"pl_PL","og_type":"article","og_title":"Misja: Optymalizacja Regu\u0142 Rzeczywisto\u015bci - RSCA","og_description":"Optymalizacja Regu\u0142 Rzeczywisto\u015bci: Zwi\u0119kszanie Efektywno\u015bci Energetycznej i Zasobowej to innowacyjna misja, w kt\u00f3rej uczestnicy staj\u0105 si\u0119 in\u017cynierami rzeczywisto\u015bci, d\u0105\u017c\u0105c do zwi\u0119kszenia efektywno\u015bci energetycznej oraz optymalizacji zasob\u00f3w. W tej interaktywnej symulacji, gracze wp\u0142ywaj\u0105 na fundamentalne regu\u0142y rzeczywisto\u015bci, przeprogramowuj\u0105c je w celu lepszego zarz\u0105dzania energi\u0105 i zasobami. Misja polega na identyfikacji kluczowych obszar\u00f3w wymagaj\u0105cych optymalizacji, a tak\u017ce na stosowaniu r\u00f3\u017cnorodnych metod i strategii, aby uczyni\u0107 rzeczywisto\u015b\u0107 bardziej efektywn\u0105. W miar\u0119 post\u0119p\u00f3w w grze, uczestnicy obserwuj\u0105 skutki swoich dzia\u0142a\u0144 na funkcjonowanie systemu, staj\u0105c przed wyzwaniami zwi\u0105zanymi z zr\u00f3wnowa\u017conym rozwojem i potencjalnymi konsekwencjami swoich decyzji. \"Optymalizacja Regu\u0142 Rzeczywisto\u015bci\" \u0142\u0105czy kreatywno\u015b\u0107 z odpowiedzialno\u015bci\u0105, sk\u0142aniaj\u0105c graczy do refleksji nad wp\u0142ywem ich wybor\u00f3w na szeroki kontekst rzeczywisto\u015bci.","og_url":"http:\/\/rsca.grassrootslobbing.pl\/pl_PL\/misja-optymalizacja-regul-rzeczywistosci\/","og_site_name":"RSCA","article_modified_time":"2024-01-03T15:34:31+00:00","twitter_card":"summary_large_image","twitter_misc":{"Szacowany czas czytania":"2 minuty"},"schema":{"@context":"https:\/\/schema.org","@graph":[{"@type":"WebPage","@id":"http:\/\/rsca.grassrootslobbing.pl\/pl_PL\/misja-optymalizacja-regul-rzeczywistosci\/","url":"http:\/\/rsca.grassrootslobbing.pl\/pl_PL\/misja-optymalizacja-regul-rzeczywistosci\/","name":"Misja: Optymalizacja Regu\u0142 Rzeczywisto\u015bci - RSCA","isPartOf":{"@id":"http:\/\/rsca.grassrootslobbing.pl\/pl_PL\/#website"},"datePublished":"0001-01-01T21:15:00+00:00","dateModified":"2024-01-03T15:34:31+00:00","description":"Optymalizacja Regu\u0142 Rzeczywisto\u015bci: Zwi\u0119kszanie Efektywno\u015bci Energetycznej i Zasobowej to innowacyjna misja, w kt\u00f3rej uczestnicy staj\u0105 si\u0119 in\u017cynierami rzeczywisto\u015bci, d\u0105\u017c\u0105c do zwi\u0119kszenia efektywno\u015bci energetycznej oraz optymalizacji zasob\u00f3w. W tej interaktywnej symulacji, gracze wp\u0142ywaj\u0105 na fundamentalne regu\u0142y rzeczywisto\u015bci, przeprogramowuj\u0105c je w celu lepszego zarz\u0105dzania energi\u0105 i zasobami. Misja polega na identyfikacji kluczowych obszar\u00f3w wymagaj\u0105cych optymalizacji, a tak\u017ce na stosowaniu r\u00f3\u017cnorodnych metod i strategii, aby uczyni\u0107 rzeczywisto\u015b\u0107 bardziej efektywn\u0105. W miar\u0119 post\u0119p\u00f3w w grze, uczestnicy obserwuj\u0105 skutki swoich dzia\u0142a\u0144 na funkcjonowanie systemu, staj\u0105c przed wyzwaniami zwi\u0105zanymi z zr\u00f3wnowa\u017conym rozwojem i potencjalnymi konsekwencjami swoich decyzji. \"Optymalizacja Regu\u0142 Rzeczywisto\u015bci\" \u0142\u0105czy kreatywno\u015b\u0107 z odpowiedzialno\u015bci\u0105, sk\u0142aniaj\u0105c graczy do refleksji nad wp\u0142ywem ich wybor\u00f3w na szeroki kontekst rzeczywisto\u015bci.","inLanguage":"pl-PL","potentialAction":[{"@type":"ReadAction","target":["http:\/\/rsca.grassrootslobbing.pl\/pl_PL\/misja-optymalizacja-regul-rzeczywistosci\/"]}]},{"@type":"WebSite","@id":"http:\/\/rsca.grassrootslobbing.pl\/pl_PL\/#website","url":"http:\/\/rsca.grassrootslobbing.pl\/pl_PL\/","name":"Reality Source Code Acces","description":"","publisher":{"@id":"http:\/\/rsca.grassrootslobbing.pl\/pl_PL\/#organization"},"potentialAction":[{"@type":"SearchAction","target":{"@type":"EntryPoint","urlTemplate":"http:\/\/rsca.grassrootslobbing.pl\/pl_PL\/?s={search_term_string}"},"query-input":"required name=search_term_string"}],"inLanguage":"pl-PL"},{"@type":"Organization","@id":"http:\/\/rsca.grassrootslobbing.pl\/pl_PL\/#organization","name":"Konsult 0n40i4","url":"http:\/\/rsca.grassrootslobbing.pl\/pl_PL\/","logo":{"@type":"ImageObject","inLanguage":"pl-PL","@id":"http:\/\/rsca.grassrootslobbing.pl\/pl_PL\/#\/schema\/logo\/image\/","url":"http:\/\/rsca.grassrootslobbing.pl\/wp-content\/uploads\/2023\/12\/cropped-DALL\u00b7E-2023-12-31-08.54.33-A-modern-and-abstract-logo-for-Konsult-0n40i4-representing-an-interdimensional-legal-system.-The-design-should-embody-themes-of-law-dimensions-an.png","contentUrl":"http:\/\/rsca.grassrootslobbing.pl\/wp-content\/uploads\/2023\/12\/cropped-DALL\u00b7E-2023-12-31-08.54.33-A-modern-and-abstract-logo-for-Konsult-0n40i4-representing-an-interdimensional-legal-system.-The-design-should-embody-themes-of-law-dimensions-an.png","width":1024,"height":835,"caption":"Konsult 0n40i4"},"image":{"@id":"http:\/\/rsca.grassrootslobbing.pl\/pl_PL\/#\/schema\/logo\/image\/"}}]}},"_links":{"self":[{"href":"http:\/\/rsca.grassrootslobbing.pl\/en_US\/wp-json\/wp\/v2\/pages\/3088","targetHints":{"allow":["GET"]}}],"collection":[{"href":"http:\/\/rsca.grassrootslobbing.pl\/en_US\/wp-json\/wp\/v2\/pages"}],"about":[{"href":"http:\/\/rsca.grassrootslobbing.pl\/en_US\/wp-json\/wp\/v2\/types\/page"}],"author":[{"embeddable":true,"href":"http:\/\/rsca.grassrootslobbing.pl\/en_US\/wp-json\/wp\/v2\/users\/2"}],"replies":[{"embeddable":true,"href":"http:\/\/rsca.grassrootslobbing.pl\/en_US\/wp-json\/wp\/v2\/comments?post=3088"}],"version-history":[{"count":2,"href":"http:\/\/rsca.grassrootslobbing.pl\/en_US\/wp-json\/wp\/v2\/pages\/3088\/revisions"}],"predecessor-version":[{"id":3531,"href":"http:\/\/rsca.grassrootslobbing.pl\/en_US\/wp-json\/wp\/v2\/pages\/3088\/revisions\/3531"}],"wp:attachment":[{"href":"http:\/\/rsca.grassrootslobbing.pl\/en_US\/wp-json\/wp\/v2\/media?parent=3088"}],"curies":[{"name":"wp","href":"https:\/\/api.w.org\/{rel}","templated":true}]}}