{"id":3009,"date":"0001-01-01T18:18:00","date_gmt":"0001-01-01T16:54:00","guid":{"rendered":"https:\/\/rsca.0n40i4.pl\/?page_id=3009"},"modified":"2024-01-03T14:27:59","modified_gmt":"2024-01-03T13:27:59","slug":"cosmic-transcendence-lev-8","status":"publish","type":"page","link":"http:\/\/rsca.grassrootslobbing.pl\/en_US\/cosmic-transcendence-lev-8\/","title":{"rendered":"Cosmic Transcendence lev. 8"},"content":{"rendered":"\n<h2 class=\"wp-block-heading has-text-align-center\" style=\"font-size:25px\"><strong>Kosmiczna Transcendencja<\/strong> <strong>lev. 8 <\/strong><\/h2>\n\n\n\n<p class=\"has-medium-font-size\">W tym epickim stadium twoja podr\u00f3\u017c przenika same fundamenty rzeczywisto\u015bci, otwieraj\u0105c przed tob\u0105 drzwi do absolutnej transcendencji. Ju\u017c nie chodzi o zaskoczenie, ale o eksploracj\u0119 obszar\u00f3w, gdzie granice pomi\u0119dzy mo\u017cliwym a niemo\u017cliwym zanikaj\u0105, a poj\u0119cie &#8222;mo\u017cliwo\u015bci&#8221; nabiera nowego, g\u0142\u0119bszego znaczenia. Odkryj nieograniczone horyzonty poznania i kreacji, gdy stajesz si\u0119 architektem w\u0142asnej egzystencji w metauniversum.<\/p>\n\n\n\n<p class=\"has-medium-font-size\"><strong>Axiomatic Self-Reconstitution:<\/strong> Przeobra\u017caj podstawowe aksjomaty bytu i niebytu, tworz\u0105c nowe formy rzeczywisto\u015bci, kt\u00f3rych nasz umys\u0142 nie jest w stanie ogarn\u0105\u0107 w obecnym schemacie poj\u0119ciowym.<\/p>\n\n\n\n<p class=\"has-medium-font-size\"><strong>Causal Loop Integration:<\/strong> Kreuj i zamykaj p\u0119tle przyczynowo-skutkowe na absolutnym poziomie, manipuluj\u0105c wydarzeniami, my\u015blami i istnieniem na skal\u0119, kt\u00f3ra wykracza poza granice kosmosu.<\/p>\n\n\n\n<p class=\"has-medium-font-size\"><strong>Pan-Modal Synthesis:<\/strong> \u0141\u0105cz, segreguj i redefiniuj r\u00f3\u017cne modalno\u015bci bytu, takie jak czas, przestrze\u0144, materia, energia i \u015bwiadomo\u015b\u0107, tworz\u0105c sp\u00f3jne, lecz dynamicznie zmienne kontinuum.<\/p>\n\n\n\n<p class=\"has-medium-font-size\"><strong>Meta-Self Recursion: <\/strong>Jeste\u015b nie tylko graczem, lecz tak\u017ce tw\u00f3rc\u0105, obserwatorem i efektem tej meta-gry. Ka\u017cda decyzja, gest i my\u015bl staj\u0105 si\u0119 kodem \u017ar\u00f3d\u0142owym, efektem i interakcj\u0105, tworz\u0105c nieko\u0144cz\u0105cy si\u0119 fraktal samoreferencji.<\/p>\n\n\n\n<p class=\"has-medium-font-size\">To do\u015bwiadczenie nie redefiniuje tylko granic mo\u017cliwo\u015bci, ale tak\u017ce samo poj\u0119cie &#8222;mo\u017cliwo\u015bci&#8221;. Osi\u0105gnij nie tyle &#8222;zaskoczenie&#8221;, co transcendencj\u0119 kategorii &#8222;zaskoczenia&#8221; i wszystkich innych. To wgl\u0105d, kt\u00f3ry prowadzi poza granice poj\u0119\u0107, wprowadzaj\u0105c do\u015bwiadczenie, kt\u00f3rego nie spos\u00f3b uj\u0105\u0107 w konwencjonalnych ramach my\u015blowych.<\/p>\n\n\n\n<div style=\"height:15px\" aria-hidden=\"true\" class=\"wp-block-spacer\"><\/div>\n\n\n\n<hr class=\"wp-block-separator has-alpha-channel-opacity is-style-wide\"\/>\n\n\n\n<h2 class=\"wp-block-heading\" style=\"font-size:22px\"><strong>Konsult 0n40i4 <\/strong>     <strong>rsca@0n40i4.pl<\/strong><\/h2>\n","protected":false},"excerpt":{"rendered":"<p>Kosmiczna Transcendencja lev. 8 W tym epickim stadium twoja podr\u00f3\u017c przenika same fundamenty rzeczywisto\u015bci, otwieraj\u0105c przed tob\u0105 drzwi do absolutnej transcendencji. Ju\u017c nie chodzi o zaskoczenie, ale o eksploracj\u0119 obszar\u00f3w, gdzie granice pomi\u0119dzy mo\u017cliwym a niemo\u017cliwym zanikaj\u0105, a poj\u0119cie &#8222;mo\u017cliwo\u015bci&#8221; nabiera nowego, g\u0142\u0119bszego znaczenia. Odkryj nieograniczone horyzonty poznania i kreacji, gdy stajesz si\u0119 architektem w\u0142asnej [&hellip;]<\/p>\n","protected":false},"author":2,"featured_media":0,"parent":0,"menu_order":0,"comment_status":"closed","ping_status":"closed","template":"","meta":{"site-sidebar-layout":"default","site-content-layout":"","ast-site-content-layout":"default","site-content-style":"default","site-sidebar-style":"default","ast-global-header-display":"","ast-banner-title-visibility":"","ast-main-header-display":"","ast-hfb-above-header-display":"","ast-hfb-below-header-display":"","ast-hfb-mobile-header-display":"","site-post-title":"","ast-breadcrumbs-content":"","ast-featured-img":"","footer-sml-layout":"","ast-disable-related-posts":"","theme-transparent-header-meta":"","adv-header-id-meta":"","stick-header-meta":"","header-above-stick-meta":"","header-main-stick-meta":"","header-below-stick-meta":"","astra-migrate-meta-layouts":"default","ast-page-background-enabled":"default","ast-page-background-meta":{"desktop":{"background-color":"var(--ast-global-color-4)","background-image":"","background-repeat":"repeat","background-position":"center center","background-size":"auto","background-attachment":"scroll","background-type":"","background-media":"","overlay-type":"","overlay-color":"","overlay-opacity":"","overlay-gradient":""},"tablet":{"background-color":"","background-image":"","background-repeat":"repeat","background-position":"center center","background-size":"auto","background-attachment":"scroll","background-type":"","background-media":"","overlay-type":"","overlay-color":"","overlay-opacity":"","overlay-gradient":""},"mobile":{"background-color":"","background-image":"","background-repeat":"repeat","background-position":"center center","background-size":"auto","background-attachment":"scroll","background-type":"","background-media":"","overlay-type":"","overlay-color":"","overlay-opacity":"","overlay-gradient":""}},"ast-content-background-meta":{"desktop":{"background-color":"var(--ast-global-color-5)","background-image":"","background-repeat":"repeat","background-position":"center center","background-size":"auto","background-attachment":"scroll","background-type":"","background-media":"","overlay-type":"","overlay-color":"","overlay-opacity":"","overlay-gradient":""},"tablet":{"background-color":"var(--ast-global-color-5)","background-image":"","background-repeat":"repeat","background-position":"center center","background-size":"auto","background-attachment":"scroll","background-type":"","background-media":"","overlay-type":"","overlay-color":"","overlay-opacity":"","overlay-gradient":""},"mobile":{"background-color":"var(--ast-global-color-5)","background-image":"","background-repeat":"repeat","background-position":"center center","background-size":"auto","background-attachment":"scroll","background-type":"","background-media":"","overlay-type":"","overlay-color":"","overlay-opacity":"","overlay-gradient":""}},"footnotes":""},"class_list":["post-3009","page","type-page","status-publish","hentry"],"yoast_head":"<!-- This site is optimized with the Yoast SEO plugin v21.9.1 - https:\/\/yoast.com\/wordpress\/plugins\/seo\/ -->\n<title>Cosmic Transcendence lev. 8 - RSCA<\/title>\n<meta name=\"description\" content=\"Na tym etapie gracz staje si\u0119 architektem fundament\u00f3w bytu, manipuluj\u0105c podstawowymi zasadami rzeczywisto\u015bci, tworz\u0105c niepoj\u0119te formy egzystencji i zanurzaj\u0105c si\u0119 w absolutnym kontinuum meta-gry.\" \/>\n<meta name=\"robots\" content=\"index, follow, max-snippet:-1, max-image-preview:large, max-video-preview:-1\" \/>\n<link rel=\"canonical\" href=\"http:\/\/rsca.grassrootslobbing.pl\/pl_PL\/cosmic-transcendence-lev-8\/\" \/>\n<meta property=\"og:locale\" content=\"pl_PL\" \/>\n<meta property=\"og:type\" content=\"article\" \/>\n<meta property=\"og:title\" content=\"Cosmic Transcendence lev. 8 - RSCA\" \/>\n<meta property=\"og:description\" content=\"Na tym etapie gracz staje si\u0119 architektem fundament\u00f3w bytu, manipuluj\u0105c podstawowymi zasadami rzeczywisto\u015bci, tworz\u0105c niepoj\u0119te formy egzystencji i zanurzaj\u0105c si\u0119 w absolutnym kontinuum meta-gry.\" \/>\n<meta property=\"og:url\" content=\"http:\/\/rsca.grassrootslobbing.pl\/pl_PL\/cosmic-transcendence-lev-8\/\" \/>\n<meta property=\"og:site_name\" content=\"RSCA\" \/>\n<meta property=\"article:modified_time\" content=\"2024-01-03T13:27:59+00:00\" \/>\n<meta name=\"twitter:card\" content=\"summary_large_image\" \/>\n<meta name=\"twitter:label1\" content=\"Szacowany czas czytania\" \/>\n\t<meta name=\"twitter:data1\" content=\"2 minuty\" \/>\n<script type=\"application\/ld+json\" class=\"yoast-schema-graph\">{\"@context\":\"https:\/\/schema.org\",\"@graph\":[{\"@type\":\"WebPage\",\"@id\":\"http:\/\/rsca.grassrootslobbing.pl\/pl_PL\/cosmic-transcendence-lev-8\/\",\"url\":\"http:\/\/rsca.grassrootslobbing.pl\/pl_PL\/cosmic-transcendence-lev-8\/\",\"name\":\"Cosmic Transcendence lev. 8 - RSCA\",\"isPartOf\":{\"@id\":\"http:\/\/rsca.grassrootslobbing.pl\/pl_PL\/#website\"},\"datePublished\":\"0001-01-01T16:54:00+00:00\",\"dateModified\":\"2024-01-03T13:27:59+00:00\",\"description\":\"Na tym etapie gracz staje si\u0119 architektem fundament\u00f3w bytu, manipuluj\u0105c podstawowymi zasadami rzeczywisto\u015bci, tworz\u0105c niepoj\u0119te formy egzystencji i zanurzaj\u0105c si\u0119 w absolutnym kontinuum meta-gry.\",\"inLanguage\":\"pl-PL\",\"potentialAction\":[{\"@type\":\"ReadAction\",\"target\":[\"http:\/\/rsca.grassrootslobbing.pl\/pl_PL\/cosmic-transcendence-lev-8\/\"]}]},{\"@type\":\"WebSite\",\"@id\":\"http:\/\/rsca.grassrootslobbing.pl\/pl_PL\/#website\",\"url\":\"http:\/\/rsca.grassrootslobbing.pl\/pl_PL\/\",\"name\":\"Reality Source Code Acces\",\"description\":\"\",\"publisher\":{\"@id\":\"http:\/\/rsca.grassrootslobbing.pl\/pl_PL\/#organization\"},\"potentialAction\":[{\"@type\":\"SearchAction\",\"target\":{\"@type\":\"EntryPoint\",\"urlTemplate\":\"http:\/\/rsca.grassrootslobbing.pl\/pl_PL\/?s={search_term_string}\"},\"query-input\":\"required name=search_term_string\"}],\"inLanguage\":\"pl-PL\"},{\"@type\":\"Organization\",\"@id\":\"http:\/\/rsca.grassrootslobbing.pl\/pl_PL\/#organization\",\"name\":\"Konsult 0n40i4\",\"url\":\"http:\/\/rsca.grassrootslobbing.pl\/pl_PL\/\",\"logo\":{\"@type\":\"ImageObject\",\"inLanguage\":\"pl-PL\",\"@id\":\"http:\/\/rsca.grassrootslobbing.pl\/pl_PL\/#\/schema\/logo\/image\/\",\"url\":\"http:\/\/rsca.grassrootslobbing.pl\/wp-content\/uploads\/2023\/12\/cropped-DALL\u00b7E-2023-12-31-08.54.33-A-modern-and-abstract-logo-for-Konsult-0n40i4-representing-an-interdimensional-legal-system.-The-design-should-embody-themes-of-law-dimensions-an.png\",\"contentUrl\":\"http:\/\/rsca.grassrootslobbing.pl\/wp-content\/uploads\/2023\/12\/cropped-DALL\u00b7E-2023-12-31-08.54.33-A-modern-and-abstract-logo-for-Konsult-0n40i4-representing-an-interdimensional-legal-system.-The-design-should-embody-themes-of-law-dimensions-an.png\",\"width\":1024,\"height\":835,\"caption\":\"Konsult 0n40i4\"},\"image\":{\"@id\":\"http:\/\/rsca.grassrootslobbing.pl\/pl_PL\/#\/schema\/logo\/image\/\"}}]}<\/script>\n<!-- \/ Yoast SEO plugin. -->","yoast_head_json":{"title":"Cosmic Transcendence lev. 8 - RSCA","description":"Na tym etapie gracz staje si\u0119 architektem fundament\u00f3w bytu, manipuluj\u0105c podstawowymi zasadami rzeczywisto\u015bci, tworz\u0105c niepoj\u0119te formy egzystencji i zanurzaj\u0105c si\u0119 w absolutnym kontinuum meta-gry.","robots":{"index":"index","follow":"follow","max-snippet":"max-snippet:-1","max-image-preview":"max-image-preview:large","max-video-preview":"max-video-preview:-1"},"canonical":"http:\/\/rsca.grassrootslobbing.pl\/pl_PL\/cosmic-transcendence-lev-8\/","og_locale":"pl_PL","og_type":"article","og_title":"Cosmic Transcendence lev. 8 - RSCA","og_description":"Na tym etapie gracz staje si\u0119 architektem fundament\u00f3w bytu, manipuluj\u0105c podstawowymi zasadami rzeczywisto\u015bci, tworz\u0105c niepoj\u0119te formy egzystencji i zanurzaj\u0105c si\u0119 w absolutnym kontinuum meta-gry.","og_url":"http:\/\/rsca.grassrootslobbing.pl\/pl_PL\/cosmic-transcendence-lev-8\/","og_site_name":"RSCA","article_modified_time":"2024-01-03T13:27:59+00:00","twitter_card":"summary_large_image","twitter_misc":{"Szacowany czas czytania":"2 minuty"},"schema":{"@context":"https:\/\/schema.org","@graph":[{"@type":"WebPage","@id":"http:\/\/rsca.grassrootslobbing.pl\/pl_PL\/cosmic-transcendence-lev-8\/","url":"http:\/\/rsca.grassrootslobbing.pl\/pl_PL\/cosmic-transcendence-lev-8\/","name":"Cosmic Transcendence lev. 8 - RSCA","isPartOf":{"@id":"http:\/\/rsca.grassrootslobbing.pl\/pl_PL\/#website"},"datePublished":"0001-01-01T16:54:00+00:00","dateModified":"2024-01-03T13:27:59+00:00","description":"Na tym etapie gracz staje si\u0119 architektem fundament\u00f3w bytu, manipuluj\u0105c podstawowymi zasadami rzeczywisto\u015bci, tworz\u0105c niepoj\u0119te formy egzystencji i zanurzaj\u0105c si\u0119 w absolutnym kontinuum meta-gry.","inLanguage":"pl-PL","potentialAction":[{"@type":"ReadAction","target":["http:\/\/rsca.grassrootslobbing.pl\/pl_PL\/cosmic-transcendence-lev-8\/"]}]},{"@type":"WebSite","@id":"http:\/\/rsca.grassrootslobbing.pl\/pl_PL\/#website","url":"http:\/\/rsca.grassrootslobbing.pl\/pl_PL\/","name":"Reality Source Code Acces","description":"","publisher":{"@id":"http:\/\/rsca.grassrootslobbing.pl\/pl_PL\/#organization"},"potentialAction":[{"@type":"SearchAction","target":{"@type":"EntryPoint","urlTemplate":"http:\/\/rsca.grassrootslobbing.pl\/pl_PL\/?s={search_term_string}"},"query-input":"required name=search_term_string"}],"inLanguage":"pl-PL"},{"@type":"Organization","@id":"http:\/\/rsca.grassrootslobbing.pl\/pl_PL\/#organization","name":"Konsult 0n40i4","url":"http:\/\/rsca.grassrootslobbing.pl\/pl_PL\/","logo":{"@type":"ImageObject","inLanguage":"pl-PL","@id":"http:\/\/rsca.grassrootslobbing.pl\/pl_PL\/#\/schema\/logo\/image\/","url":"http:\/\/rsca.grassrootslobbing.pl\/wp-content\/uploads\/2023\/12\/cropped-DALL\u00b7E-2023-12-31-08.54.33-A-modern-and-abstract-logo-for-Konsult-0n40i4-representing-an-interdimensional-legal-system.-The-design-should-embody-themes-of-law-dimensions-an.png","contentUrl":"http:\/\/rsca.grassrootslobbing.pl\/wp-content\/uploads\/2023\/12\/cropped-DALL\u00b7E-2023-12-31-08.54.33-A-modern-and-abstract-logo-for-Konsult-0n40i4-representing-an-interdimensional-legal-system.-The-design-should-embody-themes-of-law-dimensions-an.png","width":1024,"height":835,"caption":"Konsult 0n40i4"},"image":{"@id":"http:\/\/rsca.grassrootslobbing.pl\/pl_PL\/#\/schema\/logo\/image\/"}}]}},"_links":{"self":[{"href":"http:\/\/rsca.grassrootslobbing.pl\/en_US\/wp-json\/wp\/v2\/pages\/3009","targetHints":{"allow":["GET"]}}],"collection":[{"href":"http:\/\/rsca.grassrootslobbing.pl\/en_US\/wp-json\/wp\/v2\/pages"}],"about":[{"href":"http:\/\/rsca.grassrootslobbing.pl\/en_US\/wp-json\/wp\/v2\/types\/page"}],"author":[{"embeddable":true,"href":"http:\/\/rsca.grassrootslobbing.pl\/en_US\/wp-json\/wp\/v2\/users\/2"}],"replies":[{"embeddable":true,"href":"http:\/\/rsca.grassrootslobbing.pl\/en_US\/wp-json\/wp\/v2\/comments?post=3009"}],"version-history":[{"count":3,"href":"http:\/\/rsca.grassrootslobbing.pl\/en_US\/wp-json\/wp\/v2\/pages\/3009\/revisions"}],"predecessor-version":[{"id":3446,"href":"http:\/\/rsca.grassrootslobbing.pl\/en_US\/wp-json\/wp\/v2\/pages\/3009\/revisions\/3446"}],"wp:attachment":[{"href":"http:\/\/rsca.grassrootslobbing.pl\/en_US\/wp-json\/wp\/v2\/media?parent=3009"}],"curies":[{"name":"wp","href":"https:\/\/api.w.org\/{rel}","templated":true}]}}