{"id":3004,"date":"0001-01-01T17:51:00","date_gmt":"0001-01-01T16:27:00","guid":{"rendered":"https:\/\/rsca.0n40i4.pl\/?page_id=3004"},"modified":"2024-01-03T14:36:08","modified_gmt":"2024-01-03T13:36:08","slug":"dimensional-transcendence-abstract-realms-lev-6","status":"publish","type":"page","link":"http:\/\/rsca.grassrootslobbing.pl\/en_US\/dimensional-transcendence-abstract-realms-lev-6\/","title":{"rendered":"Dimensional Transcendence: Abstract Realms lev.6"},"content":{"rendered":"\n<h1 class=\"wp-block-heading has-text-align-center\" style=\"font-size:25px\"><strong>Transcendencja Wymiar\u00f3w: Abstrakcyjne Rzeczywisto\u015bci lev.6 <\/strong><\/h1>\n\n\n\n<p class=\"has-medium-font-size\">Na sz\u00f3stym poziomie, zatytu\u0142owanym &#8222;<strong>Transcendental Abstractions<\/strong>,&#8221; gracze wnikaj\u0105 g\u0142\u0119boko w obszary abstrakcji i metafizyki, przekraczaj\u0105c granice nawet science fiction. Misje na tym poziomie kieruj\u0105 si\u0119 ku transcendencji i do\u015bwiadczeniom, kt\u00f3re wykraczaj\u0105 poza konwencje i ograniczenia.<\/p>\n\n\n\n<p class=\"has-medium-font-size\"><strong>Pocz\u0105tek:<\/strong> Osi\u0105gaj\u0105c granice rzeczywisto\u015bci, nauki i filozofii, gracze s\u0105 wezwani do podj\u0119cia wyzwa\u0144, kt\u00f3re prowadz\u0105 do odkrywania najbardziej odleg\u0142ych zak\u0105tk\u00f3w abstrakcji. Przenosz\u0105 si\u0119 oni poza granice science fiction, wchodz\u0105c w sfer\u0119 czystej metafizyki i abstrakcji.<\/p>\n\n\n\n<p class=\"has-medium-font-size\"><strong>Hyper-ontological Layering:<\/strong> Umieszczenie gracza w pozycji demiurga, zdolnego do tworzenia i zarz\u0105dzania warstwami bytu poza bytem i niebytem.<\/p>\n\n\n\n<p class=\"has-medium-font-size\"><strong>Infinite Loop of Paradoxes: <\/strong>Zadanie, kt\u00f3re polega na rozwi\u0105zaniu paradoksu, kt\u00f3ry generuje nowy paradoks, ad infinitum, w procesie, kt\u00f3ry staje si\u0119 samo\u015bwiadomy.<\/p>\n\n\n\n<p class=\"has-medium-font-size\"><strong>Recursive Consciousness Integration: <\/strong>Fuzja z niesko\u0144czonym \u0142a\u0144cuchem \u015bwiadomo\u015bci, od mikroskal do makroskal, z wynikaj\u0105c\u0105 mo\u017cliwo\u015bci\u0105 kontroli nad z\u0142o\u017conymi systemami emergentnymi.<\/p>\n\n\n\n<p class=\"has-medium-font-size\"><strong>The Game of Un-gaming: <\/strong>Meta-misja, w kt\u00f3rej celem jest zdezintegrowanie samej struktury gry, a tym samym definicji gry, poprzez sekwencje dzia\u0142a\u0144, kt\u00f3re przekszta\u0142caj\u0105 gr\u0119 w co\u015b, co nie jest gr\u0105.<\/p>\n\n\n\n<p class=\"has-medium-font-size\"><strong>Multidimensional Ethical Chess: <\/strong>Gra w szachy na n-wymiarowej planszy, gdzie ka\u017cdy ruch wp\u0142ywa na moralne i etyczne ramy wszech\u015bwiata.<\/p>\n\n\n\n<p class=\"has-medium-font-size\"><strong>Noumenal Reality Crafting:<\/strong> Zdolno\u015b\u0107 do wp\u0142ywania na rzeczy &#8222;w sobie&#8221;, niezale\u017cne od naszego postrzegania, co pozwala na modyfikacj\u0119 fundamentalnych atrybut\u00f3w rzeczywisto\u015bci.<\/p>\n\n\n\n<p class=\"has-medium-font-size\"><strong>Totality Surfing:<\/strong> Nawigacja i eksploracja totalno\u015bci wszystkich mo\u017cliwych i niemo\u017cliwych rzeczywisto\u015bci, z opcj\u0105 ich selekcji i modyfikacji.<\/p>\n\n\n\n<p class=\"has-medium-font-size\"><strong>Existential Encryption:<\/strong> Utworzenie nierozpoznawalnych form \u017cycia i \u015bwiadomo\u015bci przez zaprogramowanie ich w kodeksy i algorytmy tak z\u0142o\u017cone, \u017ce nie mog\u0105 by\u0107 zinterpretowane lub rozszyfrowane.<\/p>\n\n\n\n<p class=\"has-medium-font-size\"><strong>Cosmic Code Arbitrage: <\/strong>Handel fragmentami kodu \u017ar\u00f3d\u0142owego rzeczywisto\u015bci, z opcj\u0105 ich modyfikacji i reprogramowania.<\/p>\n\n\n\n<p class=\"has-medium-font-size\"><strong>Platonic Realm Mastery: <\/strong>Zdolno\u015b\u0107 do wp\u0142ywania na rzeczywisto\u015b\u0107 poprzez manipulacj\u0119 idealnymi formami i archetypami w sferze Platon\u00f3w.<\/p>\n\n\n\n<p class=\"has-medium-font-size\">Ka\u017cda z tych misji i zada\u0144 nie tylko wywraca do g\u00f3ry nogami poj\u0119cie gry, ale r\u00f3wnie\u017c poj\u0119cie bytu, percepcji i realno\u015bci. S\u0105 one skierowane do graczy, kt\u00f3rzy pragn\u0105 do\u015bwiadcze\u0144 transcendentalnych, wykraczaj\u0105cych daleko poza konwencje i ograniczenia. <\/p>\n\n\n\n<p class=\"has-medium-font-size\">Przechodz\u0105c do domeny absolutnej abstrakcji, gdzie granice mi\u0119dzy gr\u0105 a rzeczywisto\u015bci\u0105, a nawet mi\u0119dzy bytem a niebytem, staj\u0105 si\u0119 nierozr\u00f3\u017cnialne.<\/p>\n\n\n\n<div style=\"height:25px\" aria-hidden=\"true\" class=\"wp-block-spacer\"><\/div>\n\n\n\n<hr class=\"wp-block-separator has-alpha-channel-opacity is-style-wide\"\/>\n\n\n\n<h2 class=\"wp-block-heading\" style=\"font-size:22px\"><strong>Konsult 0n40i4  rsca@0n40i4.pl<\/strong><\/h2>\n","protected":false},"excerpt":{"rendered":"<p>Transcendencja Wymiar\u00f3w: Abstrakcyjne Rzeczywisto\u015bci lev.6 Na sz\u00f3stym poziomie, zatytu\u0142owanym &#8222;Transcendental Abstractions,&#8221; gracze wnikaj\u0105 g\u0142\u0119boko w obszary abstrakcji i metafizyki, przekraczaj\u0105c granice nawet science fiction. Misje na tym poziomie kieruj\u0105 si\u0119 ku transcendencji i do\u015bwiadczeniom, kt\u00f3re wykraczaj\u0105 poza konwencje i ograniczenia. Pocz\u0105tek: Osi\u0105gaj\u0105c granice rzeczywisto\u015bci, nauki i filozofii, gracze s\u0105 wezwani do podj\u0119cia wyzwa\u0144, kt\u00f3re prowadz\u0105 [&hellip;]<\/p>\n","protected":false},"author":2,"featured_media":0,"parent":0,"menu_order":0,"comment_status":"closed","ping_status":"closed","template":"","meta":{"site-sidebar-layout":"default","site-content-layout":"","ast-site-content-layout":"default","site-content-style":"default","site-sidebar-style":"default","ast-global-header-display":"","ast-banner-title-visibility":"","ast-main-header-display":"","ast-hfb-above-header-display":"","ast-hfb-below-header-display":"","ast-hfb-mobile-header-display":"","site-post-title":"","ast-breadcrumbs-content":"","ast-featured-img":"","footer-sml-layout":"","ast-disable-related-posts":"","theme-transparent-header-meta":"","adv-header-id-meta":"","stick-header-meta":"","header-above-stick-meta":"","header-main-stick-meta":"","header-below-stick-meta":"","astra-migrate-meta-layouts":"default","ast-page-background-enabled":"default","ast-page-background-meta":{"desktop":{"background-color":"var(--ast-global-color-4)","background-image":"","background-repeat":"repeat","background-position":"center center","background-size":"auto","background-attachment":"scroll","background-type":"","background-media":"","overlay-type":"","overlay-color":"","overlay-opacity":"","overlay-gradient":""},"tablet":{"background-color":"","background-image":"","background-repeat":"repeat","background-position":"center center","background-size":"auto","background-attachment":"scroll","background-type":"","background-media":"","overlay-type":"","overlay-color":"","overlay-opacity":"","overlay-gradient":""},"mobile":{"background-color":"","background-image":"","background-repeat":"repeat","background-position":"center center","background-size":"auto","background-attachment":"scroll","background-type":"","background-media":"","overlay-type":"","overlay-color":"","overlay-opacity":"","overlay-gradient":""}},"ast-content-background-meta":{"desktop":{"background-color":"var(--ast-global-color-5)","background-image":"","background-repeat":"repeat","background-position":"center center","background-size":"auto","background-attachment":"scroll","background-type":"","background-media":"","overlay-type":"","overlay-color":"","overlay-opacity":"","overlay-gradient":""},"tablet":{"background-color":"var(--ast-global-color-5)","background-image":"","background-repeat":"repeat","background-position":"center center","background-size":"auto","background-attachment":"scroll","background-type":"","background-media":"","overlay-type":"","overlay-color":"","overlay-opacity":"","overlay-gradient":""},"mobile":{"background-color":"var(--ast-global-color-5)","background-image":"","background-repeat":"repeat","background-position":"center center","background-size":"auto","background-attachment":"scroll","background-type":"","background-media":"","overlay-type":"","overlay-color":"","overlay-opacity":"","overlay-gradient":""}},"footnotes":""},"class_list":["post-3004","page","type-page","status-publish","hentry"],"yoast_head":"<!-- This site is optimized with the Yoast SEO plugin v21.9.1 - https:\/\/yoast.com\/wordpress\/plugins\/seo\/ -->\n<title>Dimensional Transcendence: Abstract Realms lev.6 - RSCA<\/title>\n<meta name=\"description\" content=\"Odkryj nieuchwytne obszary abstrakcji i metafizyki na Poziomie 6 gry, gdzie granice pomi\u0119dzy gr\u0105 a rzeczywisto\u015bci\u0105 zlewaj\u0105 si\u0119 w jedno. Zadania, takie jak manipulacja niesko\u0144czonymi p\u0119tlami paradoks\u00f3w czy tworzenie form \u017cycia poza zrozumieniem, czekaj\u0105 na graczy gotowych na transcendencj\u0119 konwencji i wkraczanie w obszary czystej abstrakcji.\" \/>\n<meta name=\"robots\" content=\"index, follow, max-snippet:-1, max-image-preview:large, max-video-preview:-1\" \/>\n<link rel=\"canonical\" href=\"http:\/\/rsca.grassrootslobbing.pl\/pl_PL\/dimensional-transcendence-abstract-realms-lev-6\/\" \/>\n<meta property=\"og:locale\" content=\"pl_PL\" \/>\n<meta property=\"og:type\" content=\"article\" \/>\n<meta property=\"og:title\" content=\"Dimensional Transcendence: Abstract Realms lev.6 - RSCA\" \/>\n<meta property=\"og:description\" content=\"Odkryj nieuchwytne obszary abstrakcji i metafizyki na Poziomie 6 gry, gdzie granice pomi\u0119dzy gr\u0105 a rzeczywisto\u015bci\u0105 zlewaj\u0105 si\u0119 w jedno. Zadania, takie jak manipulacja niesko\u0144czonymi p\u0119tlami paradoks\u00f3w czy tworzenie form \u017cycia poza zrozumieniem, czekaj\u0105 na graczy gotowych na transcendencj\u0119 konwencji i wkraczanie w obszary czystej abstrakcji.\" \/>\n<meta property=\"og:url\" content=\"http:\/\/rsca.grassrootslobbing.pl\/pl_PL\/dimensional-transcendence-abstract-realms-lev-6\/\" \/>\n<meta property=\"og:site_name\" content=\"RSCA\" \/>\n<meta property=\"article:modified_time\" content=\"2024-01-03T13:36:08+00:00\" \/>\n<meta name=\"twitter:card\" content=\"summary_large_image\" \/>\n<meta name=\"twitter:label1\" content=\"Szacowany czas czytania\" \/>\n\t<meta name=\"twitter:data1\" content=\"3 minuty\" \/>\n<script type=\"application\/ld+json\" class=\"yoast-schema-graph\">{\"@context\":\"https:\/\/schema.org\",\"@graph\":[{\"@type\":\"WebPage\",\"@id\":\"http:\/\/rsca.grassrootslobbing.pl\/pl_PL\/dimensional-transcendence-abstract-realms-lev-6\/\",\"url\":\"http:\/\/rsca.grassrootslobbing.pl\/pl_PL\/dimensional-transcendence-abstract-realms-lev-6\/\",\"name\":\"Dimensional Transcendence: Abstract Realms lev.6 - RSCA\",\"isPartOf\":{\"@id\":\"http:\/\/rsca.grassrootslobbing.pl\/pl_PL\/#website\"},\"datePublished\":\"0001-01-01T16:27:00+00:00\",\"dateModified\":\"2024-01-03T13:36:08+00:00\",\"description\":\"Odkryj nieuchwytne obszary abstrakcji i metafizyki na Poziomie 6 gry, gdzie granice pomi\u0119dzy gr\u0105 a rzeczywisto\u015bci\u0105 zlewaj\u0105 si\u0119 w jedno. Zadania, takie jak manipulacja niesko\u0144czonymi p\u0119tlami paradoks\u00f3w czy tworzenie form \u017cycia poza zrozumieniem, czekaj\u0105 na graczy gotowych na transcendencj\u0119 konwencji i wkraczanie w obszary czystej abstrakcji.\",\"inLanguage\":\"pl-PL\",\"potentialAction\":[{\"@type\":\"ReadAction\",\"target\":[\"http:\/\/rsca.grassrootslobbing.pl\/pl_PL\/dimensional-transcendence-abstract-realms-lev-6\/\"]}]},{\"@type\":\"WebSite\",\"@id\":\"http:\/\/rsca.grassrootslobbing.pl\/pl_PL\/#website\",\"url\":\"http:\/\/rsca.grassrootslobbing.pl\/pl_PL\/\",\"name\":\"Reality Source Code Acces\",\"description\":\"\",\"publisher\":{\"@id\":\"http:\/\/rsca.grassrootslobbing.pl\/pl_PL\/#organization\"},\"potentialAction\":[{\"@type\":\"SearchAction\",\"target\":{\"@type\":\"EntryPoint\",\"urlTemplate\":\"http:\/\/rsca.grassrootslobbing.pl\/pl_PL\/?s={search_term_string}\"},\"query-input\":\"required name=search_term_string\"}],\"inLanguage\":\"pl-PL\"},{\"@type\":\"Organization\",\"@id\":\"http:\/\/rsca.grassrootslobbing.pl\/pl_PL\/#organization\",\"name\":\"Konsult 0n40i4\",\"url\":\"http:\/\/rsca.grassrootslobbing.pl\/pl_PL\/\",\"logo\":{\"@type\":\"ImageObject\",\"inLanguage\":\"pl-PL\",\"@id\":\"http:\/\/rsca.grassrootslobbing.pl\/pl_PL\/#\/schema\/logo\/image\/\",\"url\":\"http:\/\/rsca.grassrootslobbing.pl\/wp-content\/uploads\/2023\/12\/cropped-DALL\u00b7E-2023-12-31-08.54.33-A-modern-and-abstract-logo-for-Konsult-0n40i4-representing-an-interdimensional-legal-system.-The-design-should-embody-themes-of-law-dimensions-an.png\",\"contentUrl\":\"http:\/\/rsca.grassrootslobbing.pl\/wp-content\/uploads\/2023\/12\/cropped-DALL\u00b7E-2023-12-31-08.54.33-A-modern-and-abstract-logo-for-Konsult-0n40i4-representing-an-interdimensional-legal-system.-The-design-should-embody-themes-of-law-dimensions-an.png\",\"width\":1024,\"height\":835,\"caption\":\"Konsult 0n40i4\"},\"image\":{\"@id\":\"http:\/\/rsca.grassrootslobbing.pl\/pl_PL\/#\/schema\/logo\/image\/\"}}]}<\/script>\n<!-- \/ Yoast SEO plugin. -->","yoast_head_json":{"title":"Dimensional Transcendence: Abstract Realms lev.6 - RSCA","description":"Odkryj nieuchwytne obszary abstrakcji i metafizyki na Poziomie 6 gry, gdzie granice pomi\u0119dzy gr\u0105 a rzeczywisto\u015bci\u0105 zlewaj\u0105 si\u0119 w jedno. Zadania, takie jak manipulacja niesko\u0144czonymi p\u0119tlami paradoks\u00f3w czy tworzenie form \u017cycia poza zrozumieniem, czekaj\u0105 na graczy gotowych na transcendencj\u0119 konwencji i wkraczanie w obszary czystej abstrakcji.","robots":{"index":"index","follow":"follow","max-snippet":"max-snippet:-1","max-image-preview":"max-image-preview:large","max-video-preview":"max-video-preview:-1"},"canonical":"http:\/\/rsca.grassrootslobbing.pl\/pl_PL\/dimensional-transcendence-abstract-realms-lev-6\/","og_locale":"pl_PL","og_type":"article","og_title":"Dimensional Transcendence: Abstract Realms lev.6 - RSCA","og_description":"Odkryj nieuchwytne obszary abstrakcji i metafizyki na Poziomie 6 gry, gdzie granice pomi\u0119dzy gr\u0105 a rzeczywisto\u015bci\u0105 zlewaj\u0105 si\u0119 w jedno. Zadania, takie jak manipulacja niesko\u0144czonymi p\u0119tlami paradoks\u00f3w czy tworzenie form \u017cycia poza zrozumieniem, czekaj\u0105 na graczy gotowych na transcendencj\u0119 konwencji i wkraczanie w obszary czystej abstrakcji.","og_url":"http:\/\/rsca.grassrootslobbing.pl\/pl_PL\/dimensional-transcendence-abstract-realms-lev-6\/","og_site_name":"RSCA","article_modified_time":"2024-01-03T13:36:08+00:00","twitter_card":"summary_large_image","twitter_misc":{"Szacowany czas czytania":"3 minuty"},"schema":{"@context":"https:\/\/schema.org","@graph":[{"@type":"WebPage","@id":"http:\/\/rsca.grassrootslobbing.pl\/pl_PL\/dimensional-transcendence-abstract-realms-lev-6\/","url":"http:\/\/rsca.grassrootslobbing.pl\/pl_PL\/dimensional-transcendence-abstract-realms-lev-6\/","name":"Dimensional Transcendence: Abstract Realms lev.6 - RSCA","isPartOf":{"@id":"http:\/\/rsca.grassrootslobbing.pl\/pl_PL\/#website"},"datePublished":"0001-01-01T16:27:00+00:00","dateModified":"2024-01-03T13:36:08+00:00","description":"Odkryj nieuchwytne obszary abstrakcji i metafizyki na Poziomie 6 gry, gdzie granice pomi\u0119dzy gr\u0105 a rzeczywisto\u015bci\u0105 zlewaj\u0105 si\u0119 w jedno. Zadania, takie jak manipulacja niesko\u0144czonymi p\u0119tlami paradoks\u00f3w czy tworzenie form \u017cycia poza zrozumieniem, czekaj\u0105 na graczy gotowych na transcendencj\u0119 konwencji i wkraczanie w obszary czystej abstrakcji.","inLanguage":"pl-PL","potentialAction":[{"@type":"ReadAction","target":["http:\/\/rsca.grassrootslobbing.pl\/pl_PL\/dimensional-transcendence-abstract-realms-lev-6\/"]}]},{"@type":"WebSite","@id":"http:\/\/rsca.grassrootslobbing.pl\/pl_PL\/#website","url":"http:\/\/rsca.grassrootslobbing.pl\/pl_PL\/","name":"Reality Source Code Acces","description":"","publisher":{"@id":"http:\/\/rsca.grassrootslobbing.pl\/pl_PL\/#organization"},"potentialAction":[{"@type":"SearchAction","target":{"@type":"EntryPoint","urlTemplate":"http:\/\/rsca.grassrootslobbing.pl\/pl_PL\/?s={search_term_string}"},"query-input":"required name=search_term_string"}],"inLanguage":"pl-PL"},{"@type":"Organization","@id":"http:\/\/rsca.grassrootslobbing.pl\/pl_PL\/#organization","name":"Konsult 0n40i4","url":"http:\/\/rsca.grassrootslobbing.pl\/pl_PL\/","logo":{"@type":"ImageObject","inLanguage":"pl-PL","@id":"http:\/\/rsca.grassrootslobbing.pl\/pl_PL\/#\/schema\/logo\/image\/","url":"http:\/\/rsca.grassrootslobbing.pl\/wp-content\/uploads\/2023\/12\/cropped-DALL\u00b7E-2023-12-31-08.54.33-A-modern-and-abstract-logo-for-Konsult-0n40i4-representing-an-interdimensional-legal-system.-The-design-should-embody-themes-of-law-dimensions-an.png","contentUrl":"http:\/\/rsca.grassrootslobbing.pl\/wp-content\/uploads\/2023\/12\/cropped-DALL\u00b7E-2023-12-31-08.54.33-A-modern-and-abstract-logo-for-Konsult-0n40i4-representing-an-interdimensional-legal-system.-The-design-should-embody-themes-of-law-dimensions-an.png","width":1024,"height":835,"caption":"Konsult 0n40i4"},"image":{"@id":"http:\/\/rsca.grassrootslobbing.pl\/pl_PL\/#\/schema\/logo\/image\/"}}]}},"_links":{"self":[{"href":"http:\/\/rsca.grassrootslobbing.pl\/en_US\/wp-json\/wp\/v2\/pages\/3004","targetHints":{"allow":["GET"]}}],"collection":[{"href":"http:\/\/rsca.grassrootslobbing.pl\/en_US\/wp-json\/wp\/v2\/pages"}],"about":[{"href":"http:\/\/rsca.grassrootslobbing.pl\/en_US\/wp-json\/wp\/v2\/types\/page"}],"author":[{"embeddable":true,"href":"http:\/\/rsca.grassrootslobbing.pl\/en_US\/wp-json\/wp\/v2\/users\/2"}],"replies":[{"embeddable":true,"href":"http:\/\/rsca.grassrootslobbing.pl\/en_US\/wp-json\/wp\/v2\/comments?post=3004"}],"version-history":[{"count":2,"href":"http:\/\/rsca.grassrootslobbing.pl\/en_US\/wp-json\/wp\/v2\/pages\/3004\/revisions"}],"predecessor-version":[{"id":3452,"href":"http:\/\/rsca.grassrootslobbing.pl\/en_US\/wp-json\/wp\/v2\/pages\/3004\/revisions\/3452"}],"wp:attachment":[{"href":"http:\/\/rsca.grassrootslobbing.pl\/en_US\/wp-json\/wp\/v2\/media?parent=3004"}],"curies":[{"name":"wp","href":"https:\/\/api.w.org\/{rel}","templated":true}]}}