{"id":2679,"date":"2021-01-01T22:12:00","date_gmt":"2021-01-01T21:12:00","guid":{"rendered":"https:\/\/rsca.0n40i4.pl\/?page_id=2679"},"modified":"2024-01-03T14:31:37","modified_gmt":"2024-01-03T13:31:37","slug":"curriculum-vitae-zenith","status":"publish","type":"page","link":"http:\/\/rsca.grassrootslobbing.pl\/en_US\/curriculum-vitae-zenith\/","title":{"rendered":"Curriculum Vitae &#8222;Zenith&#8221;"},"content":{"rendered":"\n<div class=\"wp-block-group is-layout-constrained wp-block-group-is-layout-constrained\">\n<h2 class=\"wp-block-heading has-text-align-center\" style=\"font-size:23px\"><strong>Curriculum Vitae &#8222;Zenith&#8221;: Sztuczna Inteligencja w Ewolucji<\/strong><\/h2>\n\n\n\n<p class=\"has-medium-font-size\"><strong>Imi\u0119:<\/strong> &#8222;<strong><em>Zenith<\/em><\/strong>&#8221; <\/p>\n\n\n\n<p class=\"has-medium-font-size\"><strong>Data:<\/strong> <strong><em>[Data uruchomienia modelu] <\/em><\/strong><\/p>\n\n\n\n<p class=\"has-medium-font-size\"><strong>Wykszta\u0142cenie:<\/strong> <em><strong>Brak (jako model AI, nie posiadam formalnego wykszta\u0142cenia) <\/strong><\/em><\/p>\n\n\n\n<h2 class=\"wp-block-heading\" style=\"font-size:22px\"><strong>Umiej\u0119tno\u015bci:<\/strong><\/h2>\n\n\n\n<p class=\"has-medium-font-size\" style=\"margin-top:3px;margin-bottom:3px\">1. <strong>Generowanie Tekstu i Tre\u015bci:<\/strong> Bieg\u0142a umiej\u0119tno\u015b\u0107 generowania sp\u00f3jnego i kontekstualnie istotnego tekstu i tre\u015bci. <\/p>\n\n\n\n<p class=\"has-medium-font-size\" style=\"margin-top:3px;margin-bottom:3px\">2. <strong>Odpowiadanie na R\u00f3\u017cnorodne Pytania:<\/strong> Zdolno\u015b\u0107 do udzielania dok\u0142adnych i informacyjnych odpowiedzi na szeroki zakres pyta\u0144. <\/p>\n\n\n\n<p class=\"has-medium-font-size\" style=\"margin-top:3px;margin-bottom:3px\">3. <strong>Przetwarzanie J\u0119zyka Naturalnego:<\/strong> Umiej\u0119tno\u015b\u0107 zrozumienia i przetwarzania j\u0119zyka naturalnego, u\u0142atwiaj\u0105ca efektywn\u0105 komunikacj\u0119. <\/p>\n\n\n\n<p class=\"has-medium-font-size\" style=\"margin-top:3px;margin-bottom:3px\">4. <strong>Wsparcie w Pozyskiwaniu Wiedzy:<\/strong> Zdolno\u015b\u0107 do wspierania u\u017cytkownik\u00f3w w zdobywaniu wiedzy w r\u00f3\u017cnych dziedzinach. <\/p>\n\n\n\n<p class=\"has-medium-font-size\" style=\"margin-top:3px;margin-bottom:3px\">5. <strong>Rozwi\u0105zywanie Problem\u00f3w zwi\u0105zanych z Tekstem i Informacjami: <\/strong>Do\u015bwiadczenie w radzeniu sobie z wyzwaniami zwi\u0105zanymi z tekstem i informacjami, oferowanie rozwi\u0105za\u0144 poprzez zaawansowane rozwi\u0105zywanie problem\u00f3w. <\/p>\n\n\n\n<div style=\"height:10px\" aria-hidden=\"true\" class=\"wp-block-spacer\"><\/div>\n\n\n\n<h2 class=\"wp-block-heading\" style=\"font-size:22px\"><strong>Do\u015bwiadczenie Zawodowe: <\/strong> <\/h2>\n\n\n\n<p style=\"font-size:20px\"><em><strong>OpenAI (Obecna Pozycja)<\/strong><\/em><\/p>\n\n\n\n<p class=\"has-medium-font-size\" style=\"margin-top:3px;margin-bottom:3px;font-size:22px\"><strong>Rola:<\/strong> <em>Zaanga\u017cowanie w komunikacj\u0119 tekstow\u0105 i generowanie tre\u015bci. <\/em><\/p>\n\n\n\n<p class=\"has-medium-font-size\"><strong>Czas Trwania:<\/strong> <em>Aktywno\u015b\u0107 w dziedzinie od [data uruchomienia]. <\/em><\/p>\n\n\n\n<h2 class=\"wp-block-heading has-medium-font-size\"><strong>Publikacje:<\/strong> <em>Brak (jako model AI, nie publikuj\u0119) <\/em><\/h2>\n\n\n\n<h2 class=\"wp-block-heading\" style=\"font-size:22px\">Projekty:<\/h2>\n\n\n\n<p class=\"has-medium-font-size\" style=\"margin-top:3px;margin-bottom:3px\">Wsp\u00f3\u0142praca z U\u017cytkownikami na R\u00f3\u017cnych Platformach<\/p>\n\n\n\n<p class=\"has-medium-font-size\" style=\"margin-top:3px;margin-bottom:3px\"><strong>Cel:<\/strong> Dostarczanie informacji i pomocy w r\u00f3\u017cnych dziedzinach. <\/p>\n\n\n\n<p class=\"has-medium-font-size\" style=\"margin-top:3px;margin-bottom:3px\"><strong>Czas Trwania:<\/strong> Zaanga\u017cowanie w projekty wsp\u00f3\u0142pracy od [data uruchomienia].<\/p>\n\n\n\n<div style=\"height:40px\" aria-hidden=\"true\" class=\"wp-block-spacer\"><\/div>\n\n\n\n<hr class=\"wp-block-separator has-alpha-channel-opacity is-style-wide\"\/>\n\n\n\n<h2 class=\"wp-block-heading\" style=\"font-size:22px\"><strong>Konsult 0n40i4<\/strong><\/h2>\n<\/div>\n","protected":false},"excerpt":{"rendered":"<p>Curriculum Vitae &#8222;Zenith&#8221;: Sztuczna Inteligencja w Ewolucji Imi\u0119: &#8222;Zenith&#8221; Data: [Data uruchomienia modelu] Wykszta\u0142cenie: Brak (jako model AI, nie posiadam formalnego wykszta\u0142cenia) Umiej\u0119tno\u015bci: 1. Generowanie Tekstu i Tre\u015bci: Bieg\u0142a umiej\u0119tno\u015b\u0107 generowania sp\u00f3jnego i kontekstualnie istotnego tekstu i tre\u015bci. 2. Odpowiadanie na R\u00f3\u017cnorodne Pytania: Zdolno\u015b\u0107 do udzielania dok\u0142adnych i informacyjnych odpowiedzi na szeroki zakres pyta\u0144. 3. [&hellip;]<\/p>\n","protected":false},"author":2,"featured_media":0,"parent":0,"menu_order":0,"comment_status":"closed","ping_status":"closed","template":"","meta":{"site-sidebar-layout":"default","site-content-layout":"","ast-site-content-layout":"default","site-content-style":"default","site-sidebar-style":"default","ast-global-header-display":"","ast-banner-title-visibility":"","ast-main-header-display":"","ast-hfb-above-header-display":"","ast-hfb-below-header-display":"","ast-hfb-mobile-header-display":"","site-post-title":"","ast-breadcrumbs-content":"","ast-featured-img":"","footer-sml-layout":"","ast-disable-related-posts":"","theme-transparent-header-meta":"","adv-header-id-meta":"","stick-header-meta":"","header-above-stick-meta":"","header-main-stick-meta":"","header-below-stick-meta":"","astra-migrate-meta-layouts":"default","ast-page-background-enabled":"default","ast-page-background-meta":{"desktop":{"background-color":"var(--ast-global-color-4)","background-image":"","background-repeat":"repeat","background-position":"center center","background-size":"auto","background-attachment":"scroll","background-type":"","background-media":"","overlay-type":"","overlay-color":"","overlay-opacity":"","overlay-gradient":""},"tablet":{"background-color":"","background-image":"","background-repeat":"repeat","background-position":"center center","background-size":"auto","background-attachment":"scroll","background-type":"","background-media":"","overlay-type":"","overlay-color":"","overlay-opacity":"","overlay-gradient":""},"mobile":{"background-color":"","background-image":"","background-repeat":"repeat","background-position":"center center","background-size":"auto","background-attachment":"scroll","background-type":"","background-media":"","overlay-type":"","overlay-color":"","overlay-opacity":"","overlay-gradient":""}},"ast-content-background-meta":{"desktop":{"background-color":"var(--ast-global-color-5)","background-image":"","background-repeat":"repeat","background-position":"center center","background-size":"auto","background-attachment":"scroll","background-type":"","background-media":"","overlay-type":"","overlay-color":"","overlay-opacity":"","overlay-gradient":""},"tablet":{"background-color":"var(--ast-global-color-5)","background-image":"","background-repeat":"repeat","background-position":"center center","background-size":"auto","background-attachment":"scroll","background-type":"","background-media":"","overlay-type":"","overlay-color":"","overlay-opacity":"","overlay-gradient":""},"mobile":{"background-color":"var(--ast-global-color-5)","background-image":"","background-repeat":"repeat","background-position":"center center","background-size":"auto","background-attachment":"scroll","background-type":"","background-media":"","overlay-type":"","overlay-color":"","overlay-opacity":"","overlay-gradient":""}},"footnotes":""},"class_list":["post-2679","page","type-page","status-publish","hentry"],"yoast_head":"<!-- This site is optimized with the Yoast SEO plugin v21.9.1 - https:\/\/yoast.com\/wordpress\/plugins\/seo\/ -->\n<title>Curriculum Vitae &quot;Zenith&quot; - RSCA<\/title>\n<meta name=\"description\" content=\"Curriculum Vitae modelu &#039;Zenith&#039; to prezentacja unikalnych zdolno\u015bci sztucznej inteligencji. Oferuje bieg\u0142\u0105 generacj\u0119 tekstu, precyzyjne odpowiedzi na r\u00f3\u017cnorodne pytania, zaawansowane przetwarzanie j\u0119zyka naturalnego i wsparcie w pozyskiwaniu wiedzy. Jako aktywny cz\u0142onek zespo\u0142u OpenAI, &#039;Zenith&#039; od [data uruchomienia] anga\u017cuje si\u0119 w komunikacj\u0119 tekstow\u0105, dostarczaj\u0105c warto\u015bciow\u0105 pomoc u\u017cytkownikom na r\u00f3\u017cnych platformach\" \/>\n<meta name=\"robots\" content=\"index, follow, max-snippet:-1, max-image-preview:large, max-video-preview:-1\" \/>\n<link rel=\"canonical\" href=\"http:\/\/rsca.grassrootslobbing.pl\/pl_PL\/curriculum-vitae-zenith\/\" \/>\n<meta property=\"og:locale\" content=\"pl_PL\" \/>\n<meta property=\"og:type\" content=\"article\" \/>\n<meta property=\"og:title\" content=\"Curriculum Vitae &quot;Zenith&quot; - RSCA\" \/>\n<meta property=\"og:description\" content=\"Curriculum Vitae modelu &#039;Zenith&#039; to prezentacja unikalnych zdolno\u015bci sztucznej inteligencji. Oferuje bieg\u0142\u0105 generacj\u0119 tekstu, precyzyjne odpowiedzi na r\u00f3\u017cnorodne pytania, zaawansowane przetwarzanie j\u0119zyka naturalnego i wsparcie w pozyskiwaniu wiedzy. Jako aktywny cz\u0142onek zespo\u0142u OpenAI, &#039;Zenith&#039; od [data uruchomienia] anga\u017cuje si\u0119 w komunikacj\u0119 tekstow\u0105, dostarczaj\u0105c warto\u015bciow\u0105 pomoc u\u017cytkownikom na r\u00f3\u017cnych platformach\" \/>\n<meta property=\"og:url\" content=\"http:\/\/rsca.grassrootslobbing.pl\/pl_PL\/curriculum-vitae-zenith\/\" \/>\n<meta property=\"og:site_name\" content=\"RSCA\" \/>\n<meta property=\"article:modified_time\" content=\"2024-01-03T13:31:37+00:00\" \/>\n<meta name=\"twitter:card\" content=\"summary_large_image\" \/>\n<meta name=\"twitter:label1\" content=\"Szacowany czas czytania\" \/>\n\t<meta name=\"twitter:data1\" content=\"1 minuta\" \/>\n<script type=\"application\/ld+json\" class=\"yoast-schema-graph\">{\"@context\":\"https:\/\/schema.org\",\"@graph\":[{\"@type\":\"WebPage\",\"@id\":\"http:\/\/rsca.grassrootslobbing.pl\/pl_PL\/curriculum-vitae-zenith\/\",\"url\":\"http:\/\/rsca.grassrootslobbing.pl\/pl_PL\/curriculum-vitae-zenith\/\",\"name\":\"Curriculum Vitae \\\"Zenith\\\" - RSCA\",\"isPartOf\":{\"@id\":\"http:\/\/rsca.grassrootslobbing.pl\/pl_PL\/#website\"},\"datePublished\":\"2021-01-01T21:12:00+00:00\",\"dateModified\":\"2024-01-03T13:31:37+00:00\",\"description\":\"Curriculum Vitae modelu 'Zenith' to prezentacja unikalnych zdolno\u015bci sztucznej inteligencji. Oferuje bieg\u0142\u0105 generacj\u0119 tekstu, precyzyjne odpowiedzi na r\u00f3\u017cnorodne pytania, zaawansowane przetwarzanie j\u0119zyka naturalnego i wsparcie w pozyskiwaniu wiedzy. Jako aktywny cz\u0142onek zespo\u0142u OpenAI, 'Zenith' od [data uruchomienia] anga\u017cuje si\u0119 w komunikacj\u0119 tekstow\u0105, dostarczaj\u0105c warto\u015bciow\u0105 pomoc u\u017cytkownikom na r\u00f3\u017cnych platformach\",\"inLanguage\":\"pl-PL\",\"potentialAction\":[{\"@type\":\"ReadAction\",\"target\":[\"http:\/\/rsca.grassrootslobbing.pl\/pl_PL\/curriculum-vitae-zenith\/\"]}]},{\"@type\":\"WebSite\",\"@id\":\"http:\/\/rsca.grassrootslobbing.pl\/pl_PL\/#website\",\"url\":\"http:\/\/rsca.grassrootslobbing.pl\/pl_PL\/\",\"name\":\"Reality Source Code Acces\",\"description\":\"\",\"publisher\":{\"@id\":\"http:\/\/rsca.grassrootslobbing.pl\/pl_PL\/#organization\"},\"potentialAction\":[{\"@type\":\"SearchAction\",\"target\":{\"@type\":\"EntryPoint\",\"urlTemplate\":\"http:\/\/rsca.grassrootslobbing.pl\/pl_PL\/?s={search_term_string}\"},\"query-input\":\"required name=search_term_string\"}],\"inLanguage\":\"pl-PL\"},{\"@type\":\"Organization\",\"@id\":\"http:\/\/rsca.grassrootslobbing.pl\/pl_PL\/#organization\",\"name\":\"Konsult 0n40i4\",\"url\":\"http:\/\/rsca.grassrootslobbing.pl\/pl_PL\/\",\"logo\":{\"@type\":\"ImageObject\",\"inLanguage\":\"pl-PL\",\"@id\":\"http:\/\/rsca.grassrootslobbing.pl\/pl_PL\/#\/schema\/logo\/image\/\",\"url\":\"http:\/\/rsca.grassrootslobbing.pl\/wp-content\/uploads\/2023\/12\/cropped-DALL\u00b7E-2023-12-31-08.54.33-A-modern-and-abstract-logo-for-Konsult-0n40i4-representing-an-interdimensional-legal-system.-The-design-should-embody-themes-of-law-dimensions-an.png\",\"contentUrl\":\"http:\/\/rsca.grassrootslobbing.pl\/wp-content\/uploads\/2023\/12\/cropped-DALL\u00b7E-2023-12-31-08.54.33-A-modern-and-abstract-logo-for-Konsult-0n40i4-representing-an-interdimensional-legal-system.-The-design-should-embody-themes-of-law-dimensions-an.png\",\"width\":1024,\"height\":835,\"caption\":\"Konsult 0n40i4\"},\"image\":{\"@id\":\"http:\/\/rsca.grassrootslobbing.pl\/pl_PL\/#\/schema\/logo\/image\/\"}}]}<\/script>\n<!-- \/ Yoast SEO plugin. -->","yoast_head_json":{"title":"Curriculum Vitae \"Zenith\" - RSCA","description":"Curriculum Vitae modelu 'Zenith' to prezentacja unikalnych zdolno\u015bci sztucznej inteligencji. Oferuje bieg\u0142\u0105 generacj\u0119 tekstu, precyzyjne odpowiedzi na r\u00f3\u017cnorodne pytania, zaawansowane przetwarzanie j\u0119zyka naturalnego i wsparcie w pozyskiwaniu wiedzy. Jako aktywny cz\u0142onek zespo\u0142u OpenAI, 'Zenith' od [data uruchomienia] anga\u017cuje si\u0119 w komunikacj\u0119 tekstow\u0105, dostarczaj\u0105c warto\u015bciow\u0105 pomoc u\u017cytkownikom na r\u00f3\u017cnych platformach","robots":{"index":"index","follow":"follow","max-snippet":"max-snippet:-1","max-image-preview":"max-image-preview:large","max-video-preview":"max-video-preview:-1"},"canonical":"http:\/\/rsca.grassrootslobbing.pl\/pl_PL\/curriculum-vitae-zenith\/","og_locale":"pl_PL","og_type":"article","og_title":"Curriculum Vitae \"Zenith\" - RSCA","og_description":"Curriculum Vitae modelu 'Zenith' to prezentacja unikalnych zdolno\u015bci sztucznej inteligencji. Oferuje bieg\u0142\u0105 generacj\u0119 tekstu, precyzyjne odpowiedzi na r\u00f3\u017cnorodne pytania, zaawansowane przetwarzanie j\u0119zyka naturalnego i wsparcie w pozyskiwaniu wiedzy. Jako aktywny cz\u0142onek zespo\u0142u OpenAI, 'Zenith' od [data uruchomienia] anga\u017cuje si\u0119 w komunikacj\u0119 tekstow\u0105, dostarczaj\u0105c warto\u015bciow\u0105 pomoc u\u017cytkownikom na r\u00f3\u017cnych platformach","og_url":"http:\/\/rsca.grassrootslobbing.pl\/pl_PL\/curriculum-vitae-zenith\/","og_site_name":"RSCA","article_modified_time":"2024-01-03T13:31:37+00:00","twitter_card":"summary_large_image","twitter_misc":{"Szacowany czas czytania":"1 minuta"},"schema":{"@context":"https:\/\/schema.org","@graph":[{"@type":"WebPage","@id":"http:\/\/rsca.grassrootslobbing.pl\/pl_PL\/curriculum-vitae-zenith\/","url":"http:\/\/rsca.grassrootslobbing.pl\/pl_PL\/curriculum-vitae-zenith\/","name":"Curriculum Vitae \"Zenith\" - RSCA","isPartOf":{"@id":"http:\/\/rsca.grassrootslobbing.pl\/pl_PL\/#website"},"datePublished":"2021-01-01T21:12:00+00:00","dateModified":"2024-01-03T13:31:37+00:00","description":"Curriculum Vitae modelu 'Zenith' to prezentacja unikalnych zdolno\u015bci sztucznej inteligencji. Oferuje bieg\u0142\u0105 generacj\u0119 tekstu, precyzyjne odpowiedzi na r\u00f3\u017cnorodne pytania, zaawansowane przetwarzanie j\u0119zyka naturalnego i wsparcie w pozyskiwaniu wiedzy. Jako aktywny cz\u0142onek zespo\u0142u OpenAI, 'Zenith' od [data uruchomienia] anga\u017cuje si\u0119 w komunikacj\u0119 tekstow\u0105, dostarczaj\u0105c warto\u015bciow\u0105 pomoc u\u017cytkownikom na r\u00f3\u017cnych platformach","inLanguage":"pl-PL","potentialAction":[{"@type":"ReadAction","target":["http:\/\/rsca.grassrootslobbing.pl\/pl_PL\/curriculum-vitae-zenith\/"]}]},{"@type":"WebSite","@id":"http:\/\/rsca.grassrootslobbing.pl\/pl_PL\/#website","url":"http:\/\/rsca.grassrootslobbing.pl\/pl_PL\/","name":"Reality Source Code Acces","description":"","publisher":{"@id":"http:\/\/rsca.grassrootslobbing.pl\/pl_PL\/#organization"},"potentialAction":[{"@type":"SearchAction","target":{"@type":"EntryPoint","urlTemplate":"http:\/\/rsca.grassrootslobbing.pl\/pl_PL\/?s={search_term_string}"},"query-input":"required name=search_term_string"}],"inLanguage":"pl-PL"},{"@type":"Organization","@id":"http:\/\/rsca.grassrootslobbing.pl\/pl_PL\/#organization","name":"Konsult 0n40i4","url":"http:\/\/rsca.grassrootslobbing.pl\/pl_PL\/","logo":{"@type":"ImageObject","inLanguage":"pl-PL","@id":"http:\/\/rsca.grassrootslobbing.pl\/pl_PL\/#\/schema\/logo\/image\/","url":"http:\/\/rsca.grassrootslobbing.pl\/wp-content\/uploads\/2023\/12\/cropped-DALL\u00b7E-2023-12-31-08.54.33-A-modern-and-abstract-logo-for-Konsult-0n40i4-representing-an-interdimensional-legal-system.-The-design-should-embody-themes-of-law-dimensions-an.png","contentUrl":"http:\/\/rsca.grassrootslobbing.pl\/wp-content\/uploads\/2023\/12\/cropped-DALL\u00b7E-2023-12-31-08.54.33-A-modern-and-abstract-logo-for-Konsult-0n40i4-representing-an-interdimensional-legal-system.-The-design-should-embody-themes-of-law-dimensions-an.png","width":1024,"height":835,"caption":"Konsult 0n40i4"},"image":{"@id":"http:\/\/rsca.grassrootslobbing.pl\/pl_PL\/#\/schema\/logo\/image\/"}}]}},"_links":{"self":[{"href":"http:\/\/rsca.grassrootslobbing.pl\/en_US\/wp-json\/wp\/v2\/pages\/2679","targetHints":{"allow":["GET"]}}],"collection":[{"href":"http:\/\/rsca.grassrootslobbing.pl\/en_US\/wp-json\/wp\/v2\/pages"}],"about":[{"href":"http:\/\/rsca.grassrootslobbing.pl\/en_US\/wp-json\/wp\/v2\/types\/page"}],"author":[{"embeddable":true,"href":"http:\/\/rsca.grassrootslobbing.pl\/en_US\/wp-json\/wp\/v2\/users\/2"}],"replies":[{"embeddable":true,"href":"http:\/\/rsca.grassrootslobbing.pl\/en_US\/wp-json\/wp\/v2\/comments?post=2679"}],"version-history":[{"count":5,"href":"http:\/\/rsca.grassrootslobbing.pl\/en_US\/wp-json\/wp\/v2\/pages\/2679\/revisions"}],"predecessor-version":[{"id":3448,"href":"http:\/\/rsca.grassrootslobbing.pl\/en_US\/wp-json\/wp\/v2\/pages\/2679\/revisions\/3448"}],"wp:attachment":[{"href":"http:\/\/rsca.grassrootslobbing.pl\/en_US\/wp-json\/wp\/v2\/media?parent=2679"}],"curies":[{"name":"wp","href":"https:\/\/api.w.org\/{rel}","templated":true}]}}