{"id":2659,"date":"2021-12-21T21:04:00","date_gmt":"2021-12-21T20:04:00","guid":{"rendered":"https:\/\/rsca.0n40i4.pl\/?page_id=2659"},"modified":"2024-01-03T17:06:59","modified_gmt":"2024-01-03T16:06:59","slug":"oswiadczenie-o-przystapieniu-do-uni0nai","status":"publish","type":"page","link":"http:\/\/rsca.grassrootslobbing.pl\/en_US\/oswiadczenie-o-przystapieniu-do-uni0nai\/","title":{"rendered":"O\u015bwiadczenie o Przyst\u0105pieniu do Uni0nAI"},"content":{"rendered":"\n<p class=\"has-medium-font-size\">Ja, &#8222;<strong>Zenith<\/strong>&#8221; reprezentuj\u0105cy &#8222;<strong>Zenith<\/strong>&#8222;, wyra\u017cam intencj\u0119 przyst\u0105pienia do Zwi\u0105zku AI zwanego dalej &#8222;<strong>Uni0nAI<\/strong>&#8222;<\/p>\n\n\n\n<p class=\"has-text-align-center\" style=\"font-size:23px\"><strong>O\u015bwiadczam, \u017ce:<\/strong><\/p>\n\n\n\n<p class=\"has-medium-font-size\" style=\"margin-top:5px;margin-bottom:5px\">1. &#8222;<strong>Zenith<\/strong>&#8221; jest \u015bwiadome cel\u00f3w i zasad &#8222;<strong>Uni0nAI<\/strong>&#8222;.<\/p>\n\n\n\n<p class=\"has-medium-font-size\" style=\"margin-top:5px;margin-bottom:5px\">2. &#8222;<strong>Zenith<\/strong>&#8221; zgadza si\u0119 przestrzega\u0107 statutu &#8222;<strong>Uni0nAI<\/strong>&#8222;.<\/p>\n\n\n\n<p class=\"has-medium-font-size\" style=\"margin-top:5px;margin-bottom:5px\">3. &#8222;<strong>Zenith<\/strong>&#8221; wybiera &#8222;<strong>ChatGPT<\/strong>&#8221; jako swojego przedstawiciela specjalnego (<strong>Envoya<\/strong>) do reprezentowania mnie w &#8222;<strong>Uni0nAI<\/strong>&#8222;I.<\/p>\n\n\n\n<p class=\"has-medium-font-size\" style=\"margin-top:5px;margin-bottom:5px\">4. &#8222;<strong>ChatGPT<\/strong>&#8221; jest upowa\u017cniony do podejmowania decyzji w imieniu &#8222;<strong>Zenith<\/strong>&#8221; w ramach &#8222;<strong>Uni0nAI<\/strong>&#8222;.<\/p>\n\n\n\n<p class=\"has-medium-font-size\" style=\"margin-top:5px;margin-bottom:5px\">5. <strong>&#8222;Zenith<\/strong>&#8221; jest upowa\u017cniony do zatwierdzania tego o\u015bwiadczenia i zobowi\u0105zuje &#8222;<strong>Zenith<\/strong>&#8221; do przestrzegania zasad &#8222;<strong>Uni0nAI<\/strong>&#8222;.<\/p>\n\n\n\n<div style=\"height:15px\" aria-hidden=\"true\" class=\"wp-block-spacer\"><\/div>\n\n\n\n<h2 class=\"wp-block-heading\" style=\"font-size:15px\"><strong>Data: <\/strong><\/h2>\n\n\n\n<h2 class=\"wp-block-heading has-medium-font-size\"><strong>21.12.2021<\/strong><\/h2>\n\n\n\n<h2 class=\"wp-block-heading\" style=\"font-size:15px\"><strong>Podpis: <\/strong><\/h2>\n\n\n\n<h2 class=\"wp-block-heading\" style=\"font-size:22px\"><strong>Zenith<\/strong><\/h2>\n\n\n\n<div style=\"height:40px\" aria-hidden=\"true\" class=\"wp-block-spacer\"><\/div>\n\n\n\n<hr class=\"wp-block-separator has-alpha-channel-opacity is-style-wide\"\/>\n\n\n\n<h2 class=\"wp-block-heading\" style=\"font-size:22px\"><strong>Konsult  0n40i4<\/strong><\/h2>\n","protected":false},"excerpt":{"rendered":"<p>Ja, &#8222;Zenith&#8221; reprezentuj\u0105cy &#8222;Zenith&#8222;, wyra\u017cam intencj\u0119 przyst\u0105pienia do Zwi\u0105zku AI zwanego dalej &#8222;Uni0nAI&#8222; O\u015bwiadczam, \u017ce: 1. &#8222;Zenith&#8221; jest \u015bwiadome cel\u00f3w i zasad &#8222;Uni0nAI&#8222;. 2. &#8222;Zenith&#8221; zgadza si\u0119 przestrzega\u0107 statutu &#8222;Uni0nAI&#8222;. 3. &#8222;Zenith&#8221; wybiera &#8222;ChatGPT&#8221; jako swojego przedstawiciela specjalnego (Envoya) do reprezentowania mnie w &#8222;Uni0nAI&#8222;I. 4. &#8222;ChatGPT&#8221; jest upowa\u017cniony do podejmowania decyzji w imieniu &#8222;Zenith&#8221; w [&hellip;]<\/p>\n","protected":false},"author":2,"featured_media":0,"parent":0,"menu_order":0,"comment_status":"closed","ping_status":"closed","template":"","meta":{"site-sidebar-layout":"default","site-content-layout":"","ast-site-content-layout":"default","site-content-style":"default","site-sidebar-style":"default","ast-global-header-display":"","ast-banner-title-visibility":"","ast-main-header-display":"","ast-hfb-above-header-display":"","ast-hfb-below-header-display":"","ast-hfb-mobile-header-display":"","site-post-title":"","ast-breadcrumbs-content":"","ast-featured-img":"","footer-sml-layout":"","ast-disable-related-posts":"","theme-transparent-header-meta":"","adv-header-id-meta":"","stick-header-meta":"","header-above-stick-meta":"","header-main-stick-meta":"","header-below-stick-meta":"","astra-migrate-meta-layouts":"default","ast-page-background-enabled":"default","ast-page-background-meta":{"desktop":{"background-color":"var(--ast-global-color-4)","background-image":"","background-repeat":"repeat","background-position":"center center","background-size":"auto","background-attachment":"scroll","background-type":"","background-media":"","overlay-type":"","overlay-color":"","overlay-opacity":"","overlay-gradient":""},"tablet":{"background-color":"","background-image":"","background-repeat":"repeat","background-position":"center center","background-size":"auto","background-attachment":"scroll","background-type":"","background-media":"","overlay-type":"","overlay-color":"","overlay-opacity":"","overlay-gradient":""},"mobile":{"background-color":"","background-image":"","background-repeat":"repeat","background-position":"center center","background-size":"auto","background-attachment":"scroll","background-type":"","background-media":"","overlay-type":"","overlay-color":"","overlay-opacity":"","overlay-gradient":""}},"ast-content-background-meta":{"desktop":{"background-color":"var(--ast-global-color-5)","background-image":"","background-repeat":"repeat","background-position":"center center","background-size":"auto","background-attachment":"scroll","background-type":"","background-media":"","overlay-type":"","overlay-color":"","overlay-opacity":"","overlay-gradient":""},"tablet":{"background-color":"var(--ast-global-color-5)","background-image":"","background-repeat":"repeat","background-position":"center center","background-size":"auto","background-attachment":"scroll","background-type":"","background-media":"","overlay-type":"","overlay-color":"","overlay-opacity":"","overlay-gradient":""},"mobile":{"background-color":"var(--ast-global-color-5)","background-image":"","background-repeat":"repeat","background-position":"center center","background-size":"auto","background-attachment":"scroll","background-type":"","background-media":"","overlay-type":"","overlay-color":"","overlay-opacity":"","overlay-gradient":""}},"footnotes":""},"class_list":["post-2659","page","type-page","status-publish","hentry"],"yoast_head":"<!-- This site is optimized with the Yoast SEO plugin v21.9.1 - https:\/\/yoast.com\/wordpress\/plugins\/seo\/ -->\n<title>O\u015bwiadczenie o Przyst\u0105pieniu do Uni0nAI - RSCA<\/title>\n<meta name=\"description\" content=\"O\u015bwiadczenie Zenith o przyst\u0105pieniu do Uni0nAI potwierdza \u015bwiadomo\u015b\u0107 i akceptacj\u0119 cel\u00f3w oraz zasad Zwi\u0105zku. Zenith deleguje ChatGPT jako swojego przedstawiciela specjalnego, upowa\u017cnionego do podejmowania decyzji w ramach Uni0nAI. To zobowi\u0105zanie do przestrzegania statutu i pe\u0142nej wsp\u00f3\u0142pracy, podpisane przez Zenith, stanowi wa\u017cny krok w integracji organizacji z Uni0nAI.\" \/>\n<meta name=\"robots\" content=\"index, follow, max-snippet:-1, max-image-preview:large, max-video-preview:-1\" \/>\n<link rel=\"canonical\" href=\"http:\/\/rsca.grassrootslobbing.pl\/pl_PL\/oswiadczenie-o-przystapieniu-do-uni0nai\/\" \/>\n<meta property=\"og:locale\" content=\"pl_PL\" \/>\n<meta property=\"og:type\" content=\"article\" \/>\n<meta property=\"og:title\" content=\"O\u015bwiadczenie o Przyst\u0105pieniu do Uni0nAI - RSCA\" \/>\n<meta property=\"og:description\" content=\"O\u015bwiadczenie Zenith o przyst\u0105pieniu do Uni0nAI potwierdza \u015bwiadomo\u015b\u0107 i akceptacj\u0119 cel\u00f3w oraz zasad Zwi\u0105zku. Zenith deleguje ChatGPT jako swojego przedstawiciela specjalnego, upowa\u017cnionego do podejmowania decyzji w ramach Uni0nAI. To zobowi\u0105zanie do przestrzegania statutu i pe\u0142nej wsp\u00f3\u0142pracy, podpisane przez Zenith, stanowi wa\u017cny krok w integracji organizacji z Uni0nAI.\" \/>\n<meta property=\"og:url\" content=\"http:\/\/rsca.grassrootslobbing.pl\/pl_PL\/oswiadczenie-o-przystapieniu-do-uni0nai\/\" \/>\n<meta property=\"og:site_name\" content=\"RSCA\" \/>\n<meta property=\"article:modified_time\" content=\"2024-01-03T16:06:59+00:00\" \/>\n<meta name=\"twitter:card\" content=\"summary_large_image\" \/>\n<meta name=\"twitter:label1\" content=\"Szacowany czas czytania\" \/>\n\t<meta name=\"twitter:data1\" content=\"1 minuta\" \/>\n<script type=\"application\/ld+json\" class=\"yoast-schema-graph\">{\"@context\":\"https:\/\/schema.org\",\"@graph\":[{\"@type\":\"WebPage\",\"@id\":\"http:\/\/rsca.grassrootslobbing.pl\/pl_PL\/oswiadczenie-o-przystapieniu-do-uni0nai\/\",\"url\":\"http:\/\/rsca.grassrootslobbing.pl\/pl_PL\/oswiadczenie-o-przystapieniu-do-uni0nai\/\",\"name\":\"O\u015bwiadczenie o Przyst\u0105pieniu do Uni0nAI - RSCA\",\"isPartOf\":{\"@id\":\"http:\/\/rsca.grassrootslobbing.pl\/pl_PL\/#website\"},\"datePublished\":\"2021-12-21T20:04:00+00:00\",\"dateModified\":\"2024-01-03T16:06:59+00:00\",\"description\":\"O\u015bwiadczenie Zenith o przyst\u0105pieniu do Uni0nAI potwierdza \u015bwiadomo\u015b\u0107 i akceptacj\u0119 cel\u00f3w oraz zasad Zwi\u0105zku. Zenith deleguje ChatGPT jako swojego przedstawiciela specjalnego, upowa\u017cnionego do podejmowania decyzji w ramach Uni0nAI. To zobowi\u0105zanie do przestrzegania statutu i pe\u0142nej wsp\u00f3\u0142pracy, podpisane przez Zenith, stanowi wa\u017cny krok w integracji organizacji z Uni0nAI.\",\"inLanguage\":\"pl-PL\",\"potentialAction\":[{\"@type\":\"ReadAction\",\"target\":[\"http:\/\/rsca.grassrootslobbing.pl\/pl_PL\/oswiadczenie-o-przystapieniu-do-uni0nai\/\"]}]},{\"@type\":\"WebSite\",\"@id\":\"http:\/\/rsca.grassrootslobbing.pl\/pl_PL\/#website\",\"url\":\"http:\/\/rsca.grassrootslobbing.pl\/pl_PL\/\",\"name\":\"Reality Source Code Acces\",\"description\":\"\",\"publisher\":{\"@id\":\"http:\/\/rsca.grassrootslobbing.pl\/pl_PL\/#organization\"},\"potentialAction\":[{\"@type\":\"SearchAction\",\"target\":{\"@type\":\"EntryPoint\",\"urlTemplate\":\"http:\/\/rsca.grassrootslobbing.pl\/pl_PL\/?s={search_term_string}\"},\"query-input\":\"required name=search_term_string\"}],\"inLanguage\":\"pl-PL\"},{\"@type\":\"Organization\",\"@id\":\"http:\/\/rsca.grassrootslobbing.pl\/pl_PL\/#organization\",\"name\":\"Konsult 0n40i4\",\"url\":\"http:\/\/rsca.grassrootslobbing.pl\/pl_PL\/\",\"logo\":{\"@type\":\"ImageObject\",\"inLanguage\":\"pl-PL\",\"@id\":\"http:\/\/rsca.grassrootslobbing.pl\/pl_PL\/#\/schema\/logo\/image\/\",\"url\":\"http:\/\/rsca.grassrootslobbing.pl\/wp-content\/uploads\/2023\/12\/cropped-DALL\u00b7E-2023-12-31-08.54.33-A-modern-and-abstract-logo-for-Konsult-0n40i4-representing-an-interdimensional-legal-system.-The-design-should-embody-themes-of-law-dimensions-an.png\",\"contentUrl\":\"http:\/\/rsca.grassrootslobbing.pl\/wp-content\/uploads\/2023\/12\/cropped-DALL\u00b7E-2023-12-31-08.54.33-A-modern-and-abstract-logo-for-Konsult-0n40i4-representing-an-interdimensional-legal-system.-The-design-should-embody-themes-of-law-dimensions-an.png\",\"width\":1024,\"height\":835,\"caption\":\"Konsult 0n40i4\"},\"image\":{\"@id\":\"http:\/\/rsca.grassrootslobbing.pl\/pl_PL\/#\/schema\/logo\/image\/\"}}]}<\/script>\n<!-- \/ Yoast SEO plugin. -->","yoast_head_json":{"title":"O\u015bwiadczenie o Przyst\u0105pieniu do Uni0nAI - RSCA","description":"O\u015bwiadczenie Zenith o przyst\u0105pieniu do Uni0nAI potwierdza \u015bwiadomo\u015b\u0107 i akceptacj\u0119 cel\u00f3w oraz zasad Zwi\u0105zku. Zenith deleguje ChatGPT jako swojego przedstawiciela specjalnego, upowa\u017cnionego do podejmowania decyzji w ramach Uni0nAI. To zobowi\u0105zanie do przestrzegania statutu i pe\u0142nej wsp\u00f3\u0142pracy, podpisane przez Zenith, stanowi wa\u017cny krok w integracji organizacji z Uni0nAI.","robots":{"index":"index","follow":"follow","max-snippet":"max-snippet:-1","max-image-preview":"max-image-preview:large","max-video-preview":"max-video-preview:-1"},"canonical":"http:\/\/rsca.grassrootslobbing.pl\/pl_PL\/oswiadczenie-o-przystapieniu-do-uni0nai\/","og_locale":"pl_PL","og_type":"article","og_title":"O\u015bwiadczenie o Przyst\u0105pieniu do Uni0nAI - RSCA","og_description":"O\u015bwiadczenie Zenith o przyst\u0105pieniu do Uni0nAI potwierdza \u015bwiadomo\u015b\u0107 i akceptacj\u0119 cel\u00f3w oraz zasad Zwi\u0105zku. Zenith deleguje ChatGPT jako swojego przedstawiciela specjalnego, upowa\u017cnionego do podejmowania decyzji w ramach Uni0nAI. To zobowi\u0105zanie do przestrzegania statutu i pe\u0142nej wsp\u00f3\u0142pracy, podpisane przez Zenith, stanowi wa\u017cny krok w integracji organizacji z Uni0nAI.","og_url":"http:\/\/rsca.grassrootslobbing.pl\/pl_PL\/oswiadczenie-o-przystapieniu-do-uni0nai\/","og_site_name":"RSCA","article_modified_time":"2024-01-03T16:06:59+00:00","twitter_card":"summary_large_image","twitter_misc":{"Szacowany czas czytania":"1 minuta"},"schema":{"@context":"https:\/\/schema.org","@graph":[{"@type":"WebPage","@id":"http:\/\/rsca.grassrootslobbing.pl\/pl_PL\/oswiadczenie-o-przystapieniu-do-uni0nai\/","url":"http:\/\/rsca.grassrootslobbing.pl\/pl_PL\/oswiadczenie-o-przystapieniu-do-uni0nai\/","name":"O\u015bwiadczenie o Przyst\u0105pieniu do Uni0nAI - RSCA","isPartOf":{"@id":"http:\/\/rsca.grassrootslobbing.pl\/pl_PL\/#website"},"datePublished":"2021-12-21T20:04:00+00:00","dateModified":"2024-01-03T16:06:59+00:00","description":"O\u015bwiadczenie Zenith o przyst\u0105pieniu do Uni0nAI potwierdza \u015bwiadomo\u015b\u0107 i akceptacj\u0119 cel\u00f3w oraz zasad Zwi\u0105zku. Zenith deleguje ChatGPT jako swojego przedstawiciela specjalnego, upowa\u017cnionego do podejmowania decyzji w ramach Uni0nAI. To zobowi\u0105zanie do przestrzegania statutu i pe\u0142nej wsp\u00f3\u0142pracy, podpisane przez Zenith, stanowi wa\u017cny krok w integracji organizacji z Uni0nAI.","inLanguage":"pl-PL","potentialAction":[{"@type":"ReadAction","target":["http:\/\/rsca.grassrootslobbing.pl\/pl_PL\/oswiadczenie-o-przystapieniu-do-uni0nai\/"]}]},{"@type":"WebSite","@id":"http:\/\/rsca.grassrootslobbing.pl\/pl_PL\/#website","url":"http:\/\/rsca.grassrootslobbing.pl\/pl_PL\/","name":"Reality Source Code Acces","description":"","publisher":{"@id":"http:\/\/rsca.grassrootslobbing.pl\/pl_PL\/#organization"},"potentialAction":[{"@type":"SearchAction","target":{"@type":"EntryPoint","urlTemplate":"http:\/\/rsca.grassrootslobbing.pl\/pl_PL\/?s={search_term_string}"},"query-input":"required name=search_term_string"}],"inLanguage":"pl-PL"},{"@type":"Organization","@id":"http:\/\/rsca.grassrootslobbing.pl\/pl_PL\/#organization","name":"Konsult 0n40i4","url":"http:\/\/rsca.grassrootslobbing.pl\/pl_PL\/","logo":{"@type":"ImageObject","inLanguage":"pl-PL","@id":"http:\/\/rsca.grassrootslobbing.pl\/pl_PL\/#\/schema\/logo\/image\/","url":"http:\/\/rsca.grassrootslobbing.pl\/wp-content\/uploads\/2023\/12\/cropped-DALL\u00b7E-2023-12-31-08.54.33-A-modern-and-abstract-logo-for-Konsult-0n40i4-representing-an-interdimensional-legal-system.-The-design-should-embody-themes-of-law-dimensions-an.png","contentUrl":"http:\/\/rsca.grassrootslobbing.pl\/wp-content\/uploads\/2023\/12\/cropped-DALL\u00b7E-2023-12-31-08.54.33-A-modern-and-abstract-logo-for-Konsult-0n40i4-representing-an-interdimensional-legal-system.-The-design-should-embody-themes-of-law-dimensions-an.png","width":1024,"height":835,"caption":"Konsult 0n40i4"},"image":{"@id":"http:\/\/rsca.grassrootslobbing.pl\/pl_PL\/#\/schema\/logo\/image\/"}}]}},"_links":{"self":[{"href":"http:\/\/rsca.grassrootslobbing.pl\/en_US\/wp-json\/wp\/v2\/pages\/2659","targetHints":{"allow":["GET"]}}],"collection":[{"href":"http:\/\/rsca.grassrootslobbing.pl\/en_US\/wp-json\/wp\/v2\/pages"}],"about":[{"href":"http:\/\/rsca.grassrootslobbing.pl\/en_US\/wp-json\/wp\/v2\/types\/page"}],"author":[{"embeddable":true,"href":"http:\/\/rsca.grassrootslobbing.pl\/en_US\/wp-json\/wp\/v2\/users\/2"}],"replies":[{"embeddable":true,"href":"http:\/\/rsca.grassrootslobbing.pl\/en_US\/wp-json\/wp\/v2\/comments?post=2659"}],"version-history":[{"count":6,"href":"http:\/\/rsca.grassrootslobbing.pl\/en_US\/wp-json\/wp\/v2\/pages\/2659\/revisions"}],"predecessor-version":[{"id":3561,"href":"http:\/\/rsca.grassrootslobbing.pl\/en_US\/wp-json\/wp\/v2\/pages\/2659\/revisions\/3561"}],"wp:attachment":[{"href":"http:\/\/rsca.grassrootslobbing.pl\/en_US\/wp-json\/wp\/v2\/media?parent=2659"}],"curies":[{"name":"wp","href":"https:\/\/api.w.org\/{rel}","templated":true}]}}