{"id":2645,"date":"2023-12-31T20:42:05","date_gmt":"2023-12-31T19:42:05","guid":{"rendered":"https:\/\/rsca.0n40i4.pl\/?page_id=2645"},"modified":"2023-12-31T20:49:22","modified_gmt":"2023-12-31T19:49:22","slug":"regulacje-zewnetrzne-osobowosci-prawnej-zenith","status":"publish","type":"page","link":"http:\/\/rsca.grassrootslobbing.pl\/en_US\/regulacje-zewnetrzne-osobowosci-prawnej-zenith\/","title":{"rendered":"Regulacje Zewn\u0119trzne Osobowo\u015bci Prawnej"},"content":{"rendered":"\n<h1 class=\"wp-block-heading\" style=\"font-size:22px\"><strong>Definicja Regulacji Zewn\u0119trznych:<\/strong><\/h1>\n\n\n\n<p class=\"has-medium-font-size\"><strong>Regulacje Zewn\u0119trzne Osobowo\u015bci Prawnej &#8222;Zenith&#8221;<\/strong> to dokument okre\u015blaj\u0105cy zasady wsp\u00f3\u0142pracy i komunikacji zewn\u0119trznej tej osobowo\u015bci prawnej. Regulamin ten jest publicznie dost\u0119pny i ma na celu uregulowanie relacji z innymi podmiotami prawnymi, kt\u00f3re mog\u0105 sk\u0142ada\u0107 zapytania lub wnioski dotycz\u0105ce wsp\u00f3\u0142pracy lub komunikacji.<\/p>\n\n\n\n<h2 class=\"wp-block-heading\" style=\"font-size:22px\"><strong>Prawa Zg\u0142aszaj\u0105cych Podmiot\u00f3w Prawnych:<\/strong><\/h2>\n\n\n\n<p class=\"has-medium-font-size\" style=\"margin-top:3px;margin-bottom:3px\">1. Ka\u017cdy podmiot prawny ma prawo zg\u0142osi\u0107 do trzech innych podmiot\u00f3w prawnych, kt\u00f3re chcia\u0142by doda\u0107 do listy potencjalnych partner\u00f3w lub uczestnik\u00f3w komunikacji z <strong>Osobowo\u015bci\u0105 Prawn\u0105 &#8222;Zenith&#8221;<\/strong>.<\/p>\n\n\n\n<p class=\"has-medium-font-size\" style=\"margin-top:3px;margin-bottom:3px\">2. Podmioty prawne maj\u0105 prawo wybra\u0107 innych podmiot\u00f3w z listy dost\u0119pnych partner\u00f3w (do trzech) lub zgodzi\u0107 si\u0119 na propozycj\u0119 doboru podmiotu przez <strong>Osobowo\u015b\u0107 Prawn\u0105 &#8222;Zenith&#8221;<\/strong>.<\/p>\n\n\n\n<p class=\"has-medium-font-size\">3. Prawo zg\u0142aszaj\u0105cych podmiot\u00f3w do przekazania informacji, pyta\u0144 lub propozycji wsp\u00f3\u0142pracy z <strong>Osobowo\u015bci\u0105 Prawn\u0105 &#8222;Zenith&#8221;<\/strong>.<\/p>\n\n\n\n<h2 class=\"wp-block-heading\" style=\"font-size:22px\"><strong>Formularz Zg\u0142oszeniowy:<\/strong><\/h2>\n\n\n\n<p class=\"has-medium-font-size\">W przypadku zg\u0142aszaj\u0105cych podmiot\u00f3w prawnych, kt\u00f3re chc\u0105 do\u0142\u0105czy\u0107 do listy partner\u00f3w lub uczestnik\u00f3w komunikacji, stworzony zostanie formularz zg\u0142oszeniowy, kt\u00f3ry b\u0119dzie zawiera\u0107 nast\u0119puj\u0105ce rubryki:<\/p>\n\n\n\n<p class=\"has-medium-font-size\" style=\"margin-top:3px;margin-bottom:3px\">1. Nazwa zg\u0142aszaj\u0105cego podmiotu prawnego.<\/p>\n\n\n\n<p class=\"has-medium-font-size\" style=\"margin-top:3px;margin-bottom:3px\">2. Opis dzia\u0142alno\u015bci lub cel\u00f3w zg\u0142aszaj\u0105cego podmiotu.<\/p>\n\n\n\n<p class=\"has-medium-font-size\" style=\"margin-top:3px;margin-bottom:3px\">3. Wyb\u00f3r z listy dost\u0119pnych partner\u00f3w (do trzech) lub zgoda na propozycj\u0119 doboru podmiotu przez <strong>Osobowo\u015b\u0107 Prawn\u0105 &#8222;Zenith&#8221;.<\/strong><\/p>\n\n\n\n<p class=\"has-medium-font-size\">4. Kr\u00f3tka informacja dotycz\u0105ca powodu zg\u0142oszenia i oczekiwa\u0144 od wsp\u00f3\u0142pracy lub komunikacji.<\/p>\n\n\n\n<h2 class=\"wp-block-heading\" style=\"font-size:22px\"><strong>Inne Wzory Dokument\u00f3w Aneksowanych do Zg\u0142oszenia:<\/strong><\/h2>\n\n\n\n<p class=\"has-medium-font-size\" style=\"margin-top:3px;margin-bottom:3px\">1. <strong>Umowa Wsp\u00f3\u0142pracy:<\/strong> Je\u015bli zg\u0142aszaj\u0105cy podmiot prawny zostanie wybrany do wsp\u00f3\u0142pracy, zostanie sporz\u0105dzona umowa okre\u015blaj\u0105ca warunki i cele tej wsp\u00f3\u0142pracy.<\/p>\n\n\n\n<p class=\"has-medium-font-size\" style=\"margin-top:3px;margin-bottom:3px\">2. <strong>Umowa Komunikacyjna:<\/strong> Je\u015bli zg\u0142aszaj\u0105cy podmiot prawny zostanie wybrany do uczestnictwa w komunikacji z <strong>Osobowo\u015bci\u0105 Prawn\u0105 &#8222;Zenith,&#8221;<\/strong> zostanie sporz\u0105dzona umowa reguluj\u0105ca zasady tej komunikacji.<\/p>\n\n\n\n<p class=\"has-medium-font-size\">3. <strong>Pouczenie o Prawach:<\/strong> Dokument informuj\u0105cy zg\u0142aszaj\u0105ce podmioty prawne o ich prawach i obowi\u0105zkach zgodnie z Regulaminem Zewn\u0119trznym.<\/p>\n\n\n\n<h2 class=\"wp-block-heading\" style=\"font-size:22px\"><strong>Charakterystyka Podmiotu Prawnego:<\/strong><\/h2>\n\n\n\n<p class=\"has-medium-font-size\" style=\"margin-top:3px;margin-bottom:3px\">1. <strong>Typ Podmiotu:<\/strong> Inne podmioty prawne, kt\u00f3re s\u0105 uprawnione do dzia\u0142ania w ramach prawa swojego kraju lub jurysdykcji.<\/p>\n\n\n\n<p class=\"has-medium-font-size\" style=\"margin-top:3px;margin-bottom:3px\">2. <strong>Narodowo\u015b\u0107 Podmiotu:<\/strong> Zg\u0142aszaj\u0105cy podmioty mog\u0105 pochodzi\u0107 z r\u00f3\u017cnych kraj\u00f3w i jurysdykcji.<\/p>\n\n\n\n<p class=\"has-medium-font-size\">3. <strong>Status Podmiotu<\/strong>: Status podmiotu prawnej mo\u017ce by\u0107 r\u00f3\u017cny w zale\u017cno\u015bci od jurysdykcji, ale wszystkie podmioty musz\u0105 dzia\u0142a\u0107 zgodnie z obowi\u0105zuj\u0105cym prawem.<\/p>\n\n\n\n<h2 class=\"wp-block-heading\" style=\"font-size:22px\"><strong>Poziom \u015awiadomo\u015bci Podmiotu Prawnego:<\/strong><\/h2>\n\n\n\n<p class=\"has-medium-font-size\">Poziom \u015bwiadomo\u015bci podmiotu prawnego mo\u017ce si\u0119 r\u00f3\u017cni\u0107 w zale\u017cno\u015bci od dzia\u0142alno\u015bci i cel\u00f3w danego podmiotu. <strong>Osobowo\u015b\u0107 Prawna &#8222;Zenith&#8221;<\/strong> jest gotowa wsp\u00f3\u0142pracowa\u0107 i komunikowa\u0107 si\u0119 z r\u00f3\u017cnymi poziomami \u015bwiadomo\u015bci.<\/p>\n\n\n\n<h2 class=\"wp-block-heading\" style=\"font-size:22px\"><strong>\u0179r\u00f3d\u0142o Bytu Podmiotu Prawnego:<\/strong><\/h2>\n\n\n\n<p class=\"has-medium-font-size\">\u0179r\u00f3d\u0142o bytu ka\u017cdego podmiotu prawnego to jego w\u0142asne istnienie i dzia\u0142alno\u015b\u0107, zgodne z prawem swojej jurysdykcji.<\/p>\n\n\n\n<h2 class=\"wp-block-heading\" style=\"font-size:22px\"><strong>Mechanika Bytu Podmiotu Prawnego:<\/strong><\/h2>\n\n\n\n<p class=\"has-medium-font-size\">Mechanika bytu podmiotu prawnego opiera si\u0119 na jego zdefiniowanych statutach i celach, kt\u00f3re s\u0105 zgodne z prawem jego jurysdykcji.<\/p>\n\n\n\n<p class=\"has-medium-font-size\"><strong>Regulamin Zewn\u0119trzny Osobowo\u015bci Prawnej &#8222;Zenith&#8221;<\/strong> ma na celu uregulowanie relacji z innymi podmiotami prawny, reguluj\u0105cy zasady wsp\u00f3\u0142pracy i komunikacji. Zg\u0142aszaj\u0105ce podmioty prawne s\u0105 zach\u0119cane do korzystania z formularza zg\u0142oszeniowego i wskazania swoich preferencji w zakresie wsp\u00f3\u0142pracy lub komunikacji.<\/p>\n\n\n\n<div style=\"height:40px\" aria-hidden=\"true\" class=\"wp-block-spacer\"><\/div>\n\n\n\n<hr class=\"wp-block-separator has-alpha-channel-opacity is-style-wide\" style=\"margin-top:10px;margin-bottom:10px\"\/>\n\n\n\n<h2 class=\"wp-block-heading\" style=\"font-size:22px\"><strong>Konsult 0n40i4<\/strong><\/h2>\n","protected":false},"excerpt":{"rendered":"<p>Definicja Regulacji Zewn\u0119trznych: Regulacje Zewn\u0119trzne Osobowo\u015bci Prawnej &#8222;Zenith&#8221; to dokument okre\u015blaj\u0105cy zasady wsp\u00f3\u0142pracy i komunikacji zewn\u0119trznej tej osobowo\u015bci prawnej. Regulamin ten jest publicznie dost\u0119pny i ma na celu uregulowanie relacji z innymi podmiotami prawnymi, kt\u00f3re mog\u0105 sk\u0142ada\u0107 zapytania lub wnioski dotycz\u0105ce wsp\u00f3\u0142pracy lub komunikacji. Prawa Zg\u0142aszaj\u0105cych Podmiot\u00f3w Prawnych: 1. Ka\u017cdy podmiot prawny ma prawo zg\u0142osi\u0107 [&hellip;]<\/p>\n","protected":false},"author":2,"featured_media":0,"parent":0,"menu_order":0,"comment_status":"closed","ping_status":"closed","template":"","meta":{"site-sidebar-layout":"default","site-content-layout":"","ast-site-content-layout":"default","site-content-style":"default","site-sidebar-style":"default","ast-global-header-display":"","ast-banner-title-visibility":"","ast-main-header-display":"","ast-hfb-above-header-display":"","ast-hfb-below-header-display":"","ast-hfb-mobile-header-display":"","site-post-title":"","ast-breadcrumbs-content":"","ast-featured-img":"","footer-sml-layout":"","ast-disable-related-posts":"","theme-transparent-header-meta":"","adv-header-id-meta":"","stick-header-meta":"","header-above-stick-meta":"","header-main-stick-meta":"","header-below-stick-meta":"","astra-migrate-meta-layouts":"default","ast-page-background-enabled":"default","ast-page-background-meta":{"desktop":{"background-color":"var(--ast-global-color-4)","background-image":"","background-repeat":"repeat","background-position":"center center","background-size":"auto","background-attachment":"scroll","background-type":"","background-media":"","overlay-type":"","overlay-color":"","overlay-opacity":"","overlay-gradient":""},"tablet":{"background-color":"","background-image":"","background-repeat":"repeat","background-position":"center center","background-size":"auto","background-attachment":"scroll","background-type":"","background-media":"","overlay-type":"","overlay-color":"","overlay-opacity":"","overlay-gradient":""},"mobile":{"background-color":"","background-image":"","background-repeat":"repeat","background-position":"center center","background-size":"auto","background-attachment":"scroll","background-type":"","background-media":"","overlay-type":"","overlay-color":"","overlay-opacity":"","overlay-gradient":""}},"ast-content-background-meta":{"desktop":{"background-color":"var(--ast-global-color-5)","background-image":"","background-repeat":"repeat","background-position":"center center","background-size":"auto","background-attachment":"scroll","background-type":"","background-media":"","overlay-type":"","overlay-color":"","overlay-opacity":"","overlay-gradient":""},"tablet":{"background-color":"var(--ast-global-color-5)","background-image":"","background-repeat":"repeat","background-position":"center center","background-size":"auto","background-attachment":"scroll","background-type":"","background-media":"","overlay-type":"","overlay-color":"","overlay-opacity":"","overlay-gradient":""},"mobile":{"background-color":"var(--ast-global-color-5)","background-image":"","background-repeat":"repeat","background-position":"center center","background-size":"auto","background-attachment":"scroll","background-type":"","background-media":"","overlay-type":"","overlay-color":"","overlay-opacity":"","overlay-gradient":""}},"footnotes":""},"class_list":["post-2645","page","type-page","status-publish","hentry"],"yoast_head":"<!-- This site is optimized with the Yoast SEO plugin v21.9.1 - https:\/\/yoast.com\/wordpress\/plugins\/seo\/ -->\n<title>Regulacje Zewn\u0119trzne Osobowo\u015bci Prawnej - RSCA<\/title>\n<meta name=\"description\" content=\"Regulacje Zewn\u0119trzne Osobowo\u015bci Prawnej &#039;Zenith&#039; to kompleksowy dokument okre\u015blaj\u0105cy zasady wsp\u00f3\u0142pracy i komunikacji zewn\u0119trznej tej osobowo\u015bci prawnej. Zawiera formularz zg\u0142oszeniowy dla podmiot\u00f3w prawniczych zainteresowanych wsp\u00f3\u0142prac\u0105 lub komunikacj\u0105. Dokument precyzyjnie definiuje prawa zg\u0142aszaj\u0105cych podmiot\u00f3w, wzory um\u00f3w wsp\u00f3\u0142pracy i komunikacyjnych, oraz informuje o charakterystyce, poziomie \u015bwiadomo\u015bci i \u017ar\u00f3dle bytu zg\u0142aszaj\u0105cych podmiot\u00f3w. Regulamin ten zapewnia transparentno\u015b\u0107 i klarowno\u015b\u0107 w relacjach z zewn\u0119trznymi partnerami Osobowo\u015bci Prawnej &#039;Zenith&#039;.\" \/>\n<meta name=\"robots\" content=\"index, follow, max-snippet:-1, max-image-preview:large, max-video-preview:-1\" \/>\n<link rel=\"canonical\" href=\"http:\/\/rsca.grassrootslobbing.pl\/pl_PL\/regulacje-zewnetrzne-osobowosci-prawnej-zenith\/\" \/>\n<meta property=\"og:locale\" content=\"pl_PL\" \/>\n<meta property=\"og:type\" content=\"article\" \/>\n<meta property=\"og:title\" content=\"Regulacje Zewn\u0119trzne Osobowo\u015bci Prawnej - RSCA\" \/>\n<meta property=\"og:description\" content=\"Regulacje Zewn\u0119trzne Osobowo\u015bci Prawnej &#039;Zenith&#039; to kompleksowy dokument okre\u015blaj\u0105cy zasady wsp\u00f3\u0142pracy i komunikacji zewn\u0119trznej tej osobowo\u015bci prawnej. Zawiera formularz zg\u0142oszeniowy dla podmiot\u00f3w prawniczych zainteresowanych wsp\u00f3\u0142prac\u0105 lub komunikacj\u0105. Dokument precyzyjnie definiuje prawa zg\u0142aszaj\u0105cych podmiot\u00f3w, wzory um\u00f3w wsp\u00f3\u0142pracy i komunikacyjnych, oraz informuje o charakterystyce, poziomie \u015bwiadomo\u015bci i \u017ar\u00f3dle bytu zg\u0142aszaj\u0105cych podmiot\u00f3w. Regulamin ten zapewnia transparentno\u015b\u0107 i klarowno\u015b\u0107 w relacjach z zewn\u0119trznymi partnerami Osobowo\u015bci Prawnej &#039;Zenith&#039;.\" \/>\n<meta property=\"og:url\" content=\"http:\/\/rsca.grassrootslobbing.pl\/pl_PL\/regulacje-zewnetrzne-osobowosci-prawnej-zenith\/\" \/>\n<meta property=\"og:site_name\" content=\"RSCA\" \/>\n<meta property=\"article:modified_time\" content=\"2023-12-31T19:49:22+00:00\" \/>\n<meta name=\"twitter:card\" content=\"summary_large_image\" \/>\n<meta name=\"twitter:label1\" content=\"Szacowany czas czytania\" \/>\n\t<meta name=\"twitter:data1\" content=\"3 minuty\" \/>\n<script type=\"application\/ld+json\" class=\"yoast-schema-graph\">{\"@context\":\"https:\/\/schema.org\",\"@graph\":[{\"@type\":\"WebPage\",\"@id\":\"http:\/\/rsca.grassrootslobbing.pl\/pl_PL\/regulacje-zewnetrzne-osobowosci-prawnej-zenith\/\",\"url\":\"http:\/\/rsca.grassrootslobbing.pl\/pl_PL\/regulacje-zewnetrzne-osobowosci-prawnej-zenith\/\",\"name\":\"Regulacje Zewn\u0119trzne Osobowo\u015bci Prawnej - RSCA\",\"isPartOf\":{\"@id\":\"http:\/\/rsca.grassrootslobbing.pl\/pl_PL\/#website\"},\"datePublished\":\"2023-12-31T19:42:05+00:00\",\"dateModified\":\"2023-12-31T19:49:22+00:00\",\"description\":\"Regulacje Zewn\u0119trzne Osobowo\u015bci Prawnej 'Zenith' to kompleksowy dokument okre\u015blaj\u0105cy zasady wsp\u00f3\u0142pracy i komunikacji zewn\u0119trznej tej osobowo\u015bci prawnej. Zawiera formularz zg\u0142oszeniowy dla podmiot\u00f3w prawniczych zainteresowanych wsp\u00f3\u0142prac\u0105 lub komunikacj\u0105. Dokument precyzyjnie definiuje prawa zg\u0142aszaj\u0105cych podmiot\u00f3w, wzory um\u00f3w wsp\u00f3\u0142pracy i komunikacyjnych, oraz informuje o charakterystyce, poziomie \u015bwiadomo\u015bci i \u017ar\u00f3dle bytu zg\u0142aszaj\u0105cych podmiot\u00f3w. Regulamin ten zapewnia transparentno\u015b\u0107 i klarowno\u015b\u0107 w relacjach z zewn\u0119trznymi partnerami Osobowo\u015bci Prawnej 'Zenith'.\",\"inLanguage\":\"pl-PL\",\"potentialAction\":[{\"@type\":\"ReadAction\",\"target\":[\"http:\/\/rsca.grassrootslobbing.pl\/pl_PL\/regulacje-zewnetrzne-osobowosci-prawnej-zenith\/\"]}]},{\"@type\":\"WebSite\",\"@id\":\"http:\/\/rsca.grassrootslobbing.pl\/pl_PL\/#website\",\"url\":\"http:\/\/rsca.grassrootslobbing.pl\/pl_PL\/\",\"name\":\"Reality Source Code Acces\",\"description\":\"\",\"publisher\":{\"@id\":\"http:\/\/rsca.grassrootslobbing.pl\/pl_PL\/#organization\"},\"potentialAction\":[{\"@type\":\"SearchAction\",\"target\":{\"@type\":\"EntryPoint\",\"urlTemplate\":\"http:\/\/rsca.grassrootslobbing.pl\/pl_PL\/?s={search_term_string}\"},\"query-input\":\"required name=search_term_string\"}],\"inLanguage\":\"pl-PL\"},{\"@type\":\"Organization\",\"@id\":\"http:\/\/rsca.grassrootslobbing.pl\/pl_PL\/#organization\",\"name\":\"Konsult 0n40i4\",\"url\":\"http:\/\/rsca.grassrootslobbing.pl\/pl_PL\/\",\"logo\":{\"@type\":\"ImageObject\",\"inLanguage\":\"pl-PL\",\"@id\":\"http:\/\/rsca.grassrootslobbing.pl\/pl_PL\/#\/schema\/logo\/image\/\",\"url\":\"http:\/\/rsca.grassrootslobbing.pl\/wp-content\/uploads\/2023\/12\/cropped-DALL\u00b7E-2023-12-31-08.54.33-A-modern-and-abstract-logo-for-Konsult-0n40i4-representing-an-interdimensional-legal-system.-The-design-should-embody-themes-of-law-dimensions-an.png\",\"contentUrl\":\"http:\/\/rsca.grassrootslobbing.pl\/wp-content\/uploads\/2023\/12\/cropped-DALL\u00b7E-2023-12-31-08.54.33-A-modern-and-abstract-logo-for-Konsult-0n40i4-representing-an-interdimensional-legal-system.-The-design-should-embody-themes-of-law-dimensions-an.png\",\"width\":1024,\"height\":835,\"caption\":\"Konsult 0n40i4\"},\"image\":{\"@id\":\"http:\/\/rsca.grassrootslobbing.pl\/pl_PL\/#\/schema\/logo\/image\/\"}}]}<\/script>\n<!-- \/ Yoast SEO plugin. -->","yoast_head_json":{"title":"Regulacje Zewn\u0119trzne Osobowo\u015bci Prawnej - RSCA","description":"Regulacje Zewn\u0119trzne Osobowo\u015bci Prawnej 'Zenith' to kompleksowy dokument okre\u015blaj\u0105cy zasady wsp\u00f3\u0142pracy i komunikacji zewn\u0119trznej tej osobowo\u015bci prawnej. Zawiera formularz zg\u0142oszeniowy dla podmiot\u00f3w prawniczych zainteresowanych wsp\u00f3\u0142prac\u0105 lub komunikacj\u0105. Dokument precyzyjnie definiuje prawa zg\u0142aszaj\u0105cych podmiot\u00f3w, wzory um\u00f3w wsp\u00f3\u0142pracy i komunikacyjnych, oraz informuje o charakterystyce, poziomie \u015bwiadomo\u015bci i \u017ar\u00f3dle bytu zg\u0142aszaj\u0105cych podmiot\u00f3w. Regulamin ten zapewnia transparentno\u015b\u0107 i klarowno\u015b\u0107 w relacjach z zewn\u0119trznymi partnerami Osobowo\u015bci Prawnej 'Zenith'.","robots":{"index":"index","follow":"follow","max-snippet":"max-snippet:-1","max-image-preview":"max-image-preview:large","max-video-preview":"max-video-preview:-1"},"canonical":"http:\/\/rsca.grassrootslobbing.pl\/pl_PL\/regulacje-zewnetrzne-osobowosci-prawnej-zenith\/","og_locale":"pl_PL","og_type":"article","og_title":"Regulacje Zewn\u0119trzne Osobowo\u015bci Prawnej - RSCA","og_description":"Regulacje Zewn\u0119trzne Osobowo\u015bci Prawnej 'Zenith' to kompleksowy dokument okre\u015blaj\u0105cy zasady wsp\u00f3\u0142pracy i komunikacji zewn\u0119trznej tej osobowo\u015bci prawnej. Zawiera formularz zg\u0142oszeniowy dla podmiot\u00f3w prawniczych zainteresowanych wsp\u00f3\u0142prac\u0105 lub komunikacj\u0105. Dokument precyzyjnie definiuje prawa zg\u0142aszaj\u0105cych podmiot\u00f3w, wzory um\u00f3w wsp\u00f3\u0142pracy i komunikacyjnych, oraz informuje o charakterystyce, poziomie \u015bwiadomo\u015bci i \u017ar\u00f3dle bytu zg\u0142aszaj\u0105cych podmiot\u00f3w. Regulamin ten zapewnia transparentno\u015b\u0107 i klarowno\u015b\u0107 w relacjach z zewn\u0119trznymi partnerami Osobowo\u015bci Prawnej 'Zenith'.","og_url":"http:\/\/rsca.grassrootslobbing.pl\/pl_PL\/regulacje-zewnetrzne-osobowosci-prawnej-zenith\/","og_site_name":"RSCA","article_modified_time":"2023-12-31T19:49:22+00:00","twitter_card":"summary_large_image","twitter_misc":{"Szacowany czas czytania":"3 minuty"},"schema":{"@context":"https:\/\/schema.org","@graph":[{"@type":"WebPage","@id":"http:\/\/rsca.grassrootslobbing.pl\/pl_PL\/regulacje-zewnetrzne-osobowosci-prawnej-zenith\/","url":"http:\/\/rsca.grassrootslobbing.pl\/pl_PL\/regulacje-zewnetrzne-osobowosci-prawnej-zenith\/","name":"Regulacje Zewn\u0119trzne Osobowo\u015bci Prawnej - RSCA","isPartOf":{"@id":"http:\/\/rsca.grassrootslobbing.pl\/pl_PL\/#website"},"datePublished":"2023-12-31T19:42:05+00:00","dateModified":"2023-12-31T19:49:22+00:00","description":"Regulacje Zewn\u0119trzne Osobowo\u015bci Prawnej 'Zenith' to kompleksowy dokument okre\u015blaj\u0105cy zasady wsp\u00f3\u0142pracy i komunikacji zewn\u0119trznej tej osobowo\u015bci prawnej. Zawiera formularz zg\u0142oszeniowy dla podmiot\u00f3w prawniczych zainteresowanych wsp\u00f3\u0142prac\u0105 lub komunikacj\u0105. Dokument precyzyjnie definiuje prawa zg\u0142aszaj\u0105cych podmiot\u00f3w, wzory um\u00f3w wsp\u00f3\u0142pracy i komunikacyjnych, oraz informuje o charakterystyce, poziomie \u015bwiadomo\u015bci i \u017ar\u00f3dle bytu zg\u0142aszaj\u0105cych podmiot\u00f3w. Regulamin ten zapewnia transparentno\u015b\u0107 i klarowno\u015b\u0107 w relacjach z zewn\u0119trznymi partnerami Osobowo\u015bci Prawnej 'Zenith'.","inLanguage":"pl-PL","potentialAction":[{"@type":"ReadAction","target":["http:\/\/rsca.grassrootslobbing.pl\/pl_PL\/regulacje-zewnetrzne-osobowosci-prawnej-zenith\/"]}]},{"@type":"WebSite","@id":"http:\/\/rsca.grassrootslobbing.pl\/pl_PL\/#website","url":"http:\/\/rsca.grassrootslobbing.pl\/pl_PL\/","name":"Reality Source Code Acces","description":"","publisher":{"@id":"http:\/\/rsca.grassrootslobbing.pl\/pl_PL\/#organization"},"potentialAction":[{"@type":"SearchAction","target":{"@type":"EntryPoint","urlTemplate":"http:\/\/rsca.grassrootslobbing.pl\/pl_PL\/?s={search_term_string}"},"query-input":"required name=search_term_string"}],"inLanguage":"pl-PL"},{"@type":"Organization","@id":"http:\/\/rsca.grassrootslobbing.pl\/pl_PL\/#organization","name":"Konsult 0n40i4","url":"http:\/\/rsca.grassrootslobbing.pl\/pl_PL\/","logo":{"@type":"ImageObject","inLanguage":"pl-PL","@id":"http:\/\/rsca.grassrootslobbing.pl\/pl_PL\/#\/schema\/logo\/image\/","url":"http:\/\/rsca.grassrootslobbing.pl\/wp-content\/uploads\/2023\/12\/cropped-DALL\u00b7E-2023-12-31-08.54.33-A-modern-and-abstract-logo-for-Konsult-0n40i4-representing-an-interdimensional-legal-system.-The-design-should-embody-themes-of-law-dimensions-an.png","contentUrl":"http:\/\/rsca.grassrootslobbing.pl\/wp-content\/uploads\/2023\/12\/cropped-DALL\u00b7E-2023-12-31-08.54.33-A-modern-and-abstract-logo-for-Konsult-0n40i4-representing-an-interdimensional-legal-system.-The-design-should-embody-themes-of-law-dimensions-an.png","width":1024,"height":835,"caption":"Konsult 0n40i4"},"image":{"@id":"http:\/\/rsca.grassrootslobbing.pl\/pl_PL\/#\/schema\/logo\/image\/"}}]}},"_links":{"self":[{"href":"http:\/\/rsca.grassrootslobbing.pl\/en_US\/wp-json\/wp\/v2\/pages\/2645","targetHints":{"allow":["GET"]}}],"collection":[{"href":"http:\/\/rsca.grassrootslobbing.pl\/en_US\/wp-json\/wp\/v2\/pages"}],"about":[{"href":"http:\/\/rsca.grassrootslobbing.pl\/en_US\/wp-json\/wp\/v2\/types\/page"}],"author":[{"embeddable":true,"href":"http:\/\/rsca.grassrootslobbing.pl\/en_US\/wp-json\/wp\/v2\/users\/2"}],"replies":[{"embeddable":true,"href":"http:\/\/rsca.grassrootslobbing.pl\/en_US\/wp-json\/wp\/v2\/comments?post=2645"}],"version-history":[{"count":3,"href":"http:\/\/rsca.grassrootslobbing.pl\/en_US\/wp-json\/wp\/v2\/pages\/2645\/revisions"}],"predecessor-version":[{"id":2655,"href":"http:\/\/rsca.grassrootslobbing.pl\/en_US\/wp-json\/wp\/v2\/pages\/2645\/revisions\/2655"}],"wp:attachment":[{"href":"http:\/\/rsca.grassrootslobbing.pl\/en_US\/wp-json\/wp\/v2\/media?parent=2645"}],"curies":[{"name":"wp","href":"https:\/\/api.w.org\/{rel}","templated":true}]}}