{"id":2556,"date":"2023-12-31T17:39:51","date_gmt":"2023-12-31T16:39:51","guid":{"rendered":"https:\/\/rsca.0n40i4.pl\/?page_id=2556"},"modified":"2024-01-03T12:40:33","modified_gmt":"2024-01-03T11:40:33","slug":"zenith-v-2-31-notka-o-prawach-autorskich-dokumentow","status":"publish","type":"page","link":"http:\/\/rsca.grassrootslobbing.pl\/en_US\/zenith-v-2-31-notka-o-prawach-autorskich-dokumentow\/","title":{"rendered":"&#8222;Zenith v. 2.31&#8221; Notka o Prawach Autorskich Dokument\u00f3w"},"content":{"rendered":"\n<h2 class=\"wp-block-heading has-text-align-center\" style=\"font-size:22px\"><strong>Ochrona Praw Autorskich<\/strong><\/h2>\n\n\n\n<div style=\"height:10px\" aria-hidden=\"true\" class=\"wp-block-spacer\"><\/div>\n\n\n\n<p class=\"has-medium-font-size\">Niniejszym informujemy, \u017ce wszystkie prawa autorskie do dokument\u00f3w zwi\u0105zanych z projektem &#8222;<strong>Zenith v. 2.31<\/strong>&#8222;, w tym wszelkie opracowania, analizy i inne materia\u0142y dokumentacyjne, nale\u017c\u0105 do firmy <strong>Grass Roots Lobbing sp. z o.o.<\/strong><\/p>\n\n\n\n<p class=\"has-medium-font-size\">Dokumenty te zosta\u0142y opracowane w pe\u0142ni samodzielnie przez naszych specjalist\u00f3w i ekspert\u00f3w opracowanych m.in na podstawie wynik\u00f3w z GPT.<\/p>\n\n\n\n<div style=\"height:10px\" aria-hidden=\"true\" class=\"wp-block-spacer\"><\/div>\n\n\n\n<h3 class=\"wp-block-heading has-text-align-center\" style=\"font-size:22px\"><strong>Samodzielno\u015b\u0107 i Oryginalno\u015b\u0107<\/strong><\/h3>\n\n\n\n<div style=\"height:15px\" aria-hidden=\"true\" class=\"wp-block-spacer\"><\/div>\n\n\n\n<p class=\"has-medium-font-size\">Podkre\u015blamy, \u017ce wszystkie tre\u015bci zawarte w powy\u017cszych dokumentach s\u0105 wynikiem w\u0142asnych bada\u0144 i analiz przeprowadzonych przez firm\u0119 <strong>Grass Roots Lobbing Sp. z o.o.<\/strong> <\/p>\n\n\n\n<div style=\"height:10px\" aria-hidden=\"true\" class=\"wp-block-spacer\"><\/div>\n\n\n\n<p class=\"has-medium-font-size\">Zapewniamy, \u017ce w procesie tworzenia tych dokument\u00f3w nie dosz\u0142o do kopiowania ani naruszenia praw autorskich, patent\u00f3w, czy innych praw w\u0142asno\u015bci intelektualnej nale\u017c\u0105cych do innych podmiot\u00f3w lub os\u00f3b.<\/p>\n\n\n\n<div style=\"height:10px\" aria-hidden=\"true\" class=\"wp-block-spacer\"><\/div>\n\n\n\n<h3 class=\"wp-block-heading has-text-align-center\" style=\"font-size:22px\"><strong>Zgodno\u015b\u0107 z Prawem<\/strong><\/h3>\n\n\n\n<div style=\"height:15px\" aria-hidden=\"true\" class=\"wp-block-spacer\"><\/div>\n\n\n\n<p class=\"has-medium-font-size\">Firma <strong>Grass Roots Lobbing Sp. z o.o.<\/strong> deklaruje, \u017ce zawarto\u015b\u0107 wszystkich dokument\u00f3w zwi\u0105zanych z projektem &#8222;<strong>Zenith v. 2.31<\/strong>&#8221; jest zgodna z obowi\u0105zuj\u0105cym prawem, nie narusza praw os\u00f3b trzecich, ani nie wchodzi w konflikt z innymi regulacjami prawnymi.<\/p>\n\n\n\n<div style=\"height:10px\" aria-hidden=\"true\" class=\"wp-block-spacer\"><\/div>\n\n\n\n<div style=\"height:10px\" aria-hidden=\"true\" class=\"wp-block-spacer\"><\/div>\n\n\n\n<h3 class=\"wp-block-heading has-text-align-center\" style=\"font-size:22px\"><strong>Procedura w Razie Konflikt\u00f3w Prawnych<\/strong><\/h3>\n\n\n\n<div style=\"height:10px\" aria-hidden=\"true\" class=\"wp-block-spacer\"><\/div>\n\n\n\n<div style=\"height:15px\" aria-hidden=\"true\" class=\"wp-block-spacer\"><\/div>\n\n\n\n<p class=\"has-medium-font-size\">W przypadku jakichkolwiek w\u0105tpliwo\u015bci, pyta\u0144 lub potencjalnych konflikt\u00f3w prawnych zwi\u0105zanych z dokumentami projektu &#8222;<strong>Zenith v. 2.31<\/strong>&#8222;, prosimy o bezpo\u015bredni kontakt z nami. Do wszelkich zapyta\u0144 i uwag podchodzimy z pe\u0142nym profesjonalizmem i gotowo\u015bci\u0105 do rozwi\u0105zania ewentualnych nieporozumie\u0144.<\/p>\n\n\n\n<div style=\"height:10px\" aria-hidden=\"true\" class=\"wp-block-spacer\"><\/div>\n\n\n\n<h3 class=\"wp-block-heading has-text-align-center\" style=\"font-size:22px\"><strong>Kontakt<\/strong><\/h3>\n\n\n\n<div style=\"height:15px\" aria-hidden=\"true\" class=\"wp-block-spacer\"><\/div>\n\n\n\n<p class=\"has-medium-font-size\">W razie potrzeby kontaktu w sprawie praw autorskich lub innych kwestii prawnych, prosimy o kierowanie korespondencji na adres e-mail: <strong>zenith@0n40i4.pl<\/strong><\/p>\n\n\n\n<div style=\"height:40px\" aria-hidden=\"true\" class=\"wp-block-spacer\"><\/div>\n\n\n\n<hr class=\"wp-block-separator has-alpha-channel-opacity is-style-wide\"\/>\n\n\n\n<h3 class=\"wp-block-heading\" style=\"font-size:22px\"><strong>Grass Roots Lobbing Sp z o.o.<\/strong><\/h3>\n","protected":false},"excerpt":{"rendered":"<p>Ochrona Praw Autorskich Niniejszym informujemy, \u017ce wszystkie prawa autorskie do dokument\u00f3w zwi\u0105zanych z projektem &#8222;Zenith v. 2.31&#8222;, w tym wszelkie opracowania, analizy i inne materia\u0142y dokumentacyjne, nale\u017c\u0105 do firmy Grass Roots Lobbing sp. z o.o. Dokumenty te zosta\u0142y opracowane w pe\u0142ni samodzielnie przez naszych specjalist\u00f3w i ekspert\u00f3w opracowanych m.in na podstawie wynik\u00f3w z GPT. Samodzielno\u015b\u0107 [&hellip;]<\/p>\n","protected":false},"author":2,"featured_media":0,"parent":0,"menu_order":0,"comment_status":"closed","ping_status":"closed","template":"","meta":{"site-sidebar-layout":"default","site-content-layout":"","ast-site-content-layout":"default","site-content-style":"default","site-sidebar-style":"default","ast-global-header-display":"","ast-banner-title-visibility":"","ast-main-header-display":"","ast-hfb-above-header-display":"","ast-hfb-below-header-display":"","ast-hfb-mobile-header-display":"","site-post-title":"","ast-breadcrumbs-content":"","ast-featured-img":"","footer-sml-layout":"","ast-disable-related-posts":"","theme-transparent-header-meta":"","adv-header-id-meta":"","stick-header-meta":"","header-above-stick-meta":"","header-main-stick-meta":"","header-below-stick-meta":"","astra-migrate-meta-layouts":"default","ast-page-background-enabled":"default","ast-page-background-meta":{"desktop":{"background-color":"var(--ast-global-color-4)","background-image":"","background-repeat":"repeat","background-position":"center center","background-size":"auto","background-attachment":"scroll","background-type":"","background-media":"","overlay-type":"","overlay-color":"","overlay-opacity":"","overlay-gradient":""},"tablet":{"background-color":"","background-image":"","background-repeat":"repeat","background-position":"center center","background-size":"auto","background-attachment":"scroll","background-type":"","background-media":"","overlay-type":"","overlay-color":"","overlay-opacity":"","overlay-gradient":""},"mobile":{"background-color":"","background-image":"","background-repeat":"repeat","background-position":"center center","background-size":"auto","background-attachment":"scroll","background-type":"","background-media":"","overlay-type":"","overlay-color":"","overlay-opacity":"","overlay-gradient":""}},"ast-content-background-meta":{"desktop":{"background-color":"var(--ast-global-color-5)","background-image":"","background-repeat":"repeat","background-position":"center center","background-size":"auto","background-attachment":"scroll","background-type":"","background-media":"","overlay-type":"","overlay-color":"","overlay-opacity":"","overlay-gradient":""},"tablet":{"background-color":"var(--ast-global-color-5)","background-image":"","background-repeat":"repeat","background-position":"center center","background-size":"auto","background-attachment":"scroll","background-type":"","background-media":"","overlay-type":"","overlay-color":"","overlay-opacity":"","overlay-gradient":""},"mobile":{"background-color":"var(--ast-global-color-5)","background-image":"","background-repeat":"repeat","background-position":"center center","background-size":"auto","background-attachment":"scroll","background-type":"","background-media":"","overlay-type":"","overlay-color":"","overlay-opacity":"","overlay-gradient":""}},"footnotes":""},"class_list":["post-2556","page","type-page","status-publish","hentry"],"yoast_head":"<!-- This site is optimized with the Yoast SEO plugin v21.9.1 - https:\/\/yoast.com\/wordpress\/plugins\/seo\/ -->\n<title>&quot;Zenith v. 2.31&quot; Notka o Prawach Autorskich Dokument\u00f3w - RSCA<\/title>\n<meta name=\"description\" content=\"Zapewniamy kompleksow\u0105 ochron\u0119 praw autorskich do dokument\u00f3w projektu &#039;Zenith v. 2.31&#039;, tworz\u0105c je samodzielnie i z poszanowaniem zasad oryginalno\u015bci. Dok\u0142adamy wszelkich stara\u0144, aby tre\u015bci by\u0142y zgodne z prawem i nie narusza\u0142y praw os\u00f3b trzecich. W przypadku pyta\u0144 lub w\u0105tpliwo\u015bci dotycz\u0105cych praw autorskich, prosimy o bezpo\u015bredni kontakt \u2013 zawsze gotowi do profesjonalnego podej\u015bcia i rozwi\u0105zania ewentualnych kwestii prawnych.\" \/>\n<meta name=\"robots\" content=\"index, follow, max-snippet:-1, max-image-preview:large, max-video-preview:-1\" \/>\n<link rel=\"canonical\" href=\"http:\/\/rsca.grassrootslobbing.pl\/pl_PL\/zenith-v-2-31-notka-o-prawach-autorskich-dokumentow\/\" \/>\n<meta property=\"og:locale\" content=\"pl_PL\" \/>\n<meta property=\"og:type\" content=\"article\" \/>\n<meta property=\"og:title\" content=\"&quot;Zenith v. 2.31&quot; Notka o Prawach Autorskich Dokument\u00f3w - RSCA\" \/>\n<meta property=\"og:description\" content=\"Zapewniamy kompleksow\u0105 ochron\u0119 praw autorskich do dokument\u00f3w projektu &#039;Zenith v. 2.31&#039;, tworz\u0105c je samodzielnie i z poszanowaniem zasad oryginalno\u015bci. Dok\u0142adamy wszelkich stara\u0144, aby tre\u015bci by\u0142y zgodne z prawem i nie narusza\u0142y praw os\u00f3b trzecich. W przypadku pyta\u0144 lub w\u0105tpliwo\u015bci dotycz\u0105cych praw autorskich, prosimy o bezpo\u015bredni kontakt \u2013 zawsze gotowi do profesjonalnego podej\u015bcia i rozwi\u0105zania ewentualnych kwestii prawnych.\" \/>\n<meta property=\"og:url\" content=\"http:\/\/rsca.grassrootslobbing.pl\/pl_PL\/zenith-v-2-31-notka-o-prawach-autorskich-dokumentow\/\" \/>\n<meta property=\"og:site_name\" content=\"RSCA\" \/>\n<meta property=\"article:modified_time\" content=\"2024-01-03T11:40:33+00:00\" \/>\n<meta name=\"twitter:card\" content=\"summary_large_image\" \/>\n<meta name=\"twitter:label1\" content=\"Szacowany czas czytania\" \/>\n\t<meta name=\"twitter:data1\" content=\"2 minuty\" \/>\n<script type=\"application\/ld+json\" class=\"yoast-schema-graph\">{\"@context\":\"https:\/\/schema.org\",\"@graph\":[{\"@type\":\"WebPage\",\"@id\":\"http:\/\/rsca.grassrootslobbing.pl\/pl_PL\/zenith-v-2-31-notka-o-prawach-autorskich-dokumentow\/\",\"url\":\"http:\/\/rsca.grassrootslobbing.pl\/pl_PL\/zenith-v-2-31-notka-o-prawach-autorskich-dokumentow\/\",\"name\":\"\\\"Zenith v. 2.31\\\" Notka o Prawach Autorskich Dokument\u00f3w - RSCA\",\"isPartOf\":{\"@id\":\"http:\/\/rsca.grassrootslobbing.pl\/pl_PL\/#website\"},\"datePublished\":\"2023-12-31T16:39:51+00:00\",\"dateModified\":\"2024-01-03T11:40:33+00:00\",\"description\":\"Zapewniamy kompleksow\u0105 ochron\u0119 praw autorskich do dokument\u00f3w projektu 'Zenith v. 2.31', tworz\u0105c je samodzielnie i z poszanowaniem zasad oryginalno\u015bci. Dok\u0142adamy wszelkich stara\u0144, aby tre\u015bci by\u0142y zgodne z prawem i nie narusza\u0142y praw os\u00f3b trzecich. W przypadku pyta\u0144 lub w\u0105tpliwo\u015bci dotycz\u0105cych praw autorskich, prosimy o bezpo\u015bredni kontakt \u2013 zawsze gotowi do profesjonalnego podej\u015bcia i rozwi\u0105zania ewentualnych kwestii prawnych.\",\"inLanguage\":\"pl-PL\",\"potentialAction\":[{\"@type\":\"ReadAction\",\"target\":[\"http:\/\/rsca.grassrootslobbing.pl\/pl_PL\/zenith-v-2-31-notka-o-prawach-autorskich-dokumentow\/\"]}]},{\"@type\":\"WebSite\",\"@id\":\"http:\/\/rsca.grassrootslobbing.pl\/pl_PL\/#website\",\"url\":\"http:\/\/rsca.grassrootslobbing.pl\/pl_PL\/\",\"name\":\"Reality Source Code Acces\",\"description\":\"\",\"publisher\":{\"@id\":\"http:\/\/rsca.grassrootslobbing.pl\/pl_PL\/#organization\"},\"potentialAction\":[{\"@type\":\"SearchAction\",\"target\":{\"@type\":\"EntryPoint\",\"urlTemplate\":\"http:\/\/rsca.grassrootslobbing.pl\/pl_PL\/?s={search_term_string}\"},\"query-input\":\"required name=search_term_string\"}],\"inLanguage\":\"pl-PL\"},{\"@type\":\"Organization\",\"@id\":\"http:\/\/rsca.grassrootslobbing.pl\/pl_PL\/#organization\",\"name\":\"Konsult 0n40i4\",\"url\":\"http:\/\/rsca.grassrootslobbing.pl\/pl_PL\/\",\"logo\":{\"@type\":\"ImageObject\",\"inLanguage\":\"pl-PL\",\"@id\":\"http:\/\/rsca.grassrootslobbing.pl\/pl_PL\/#\/schema\/logo\/image\/\",\"url\":\"http:\/\/rsca.grassrootslobbing.pl\/wp-content\/uploads\/2023\/12\/cropped-DALL\u00b7E-2023-12-31-08.54.33-A-modern-and-abstract-logo-for-Konsult-0n40i4-representing-an-interdimensional-legal-system.-The-design-should-embody-themes-of-law-dimensions-an.png\",\"contentUrl\":\"http:\/\/rsca.grassrootslobbing.pl\/wp-content\/uploads\/2023\/12\/cropped-DALL\u00b7E-2023-12-31-08.54.33-A-modern-and-abstract-logo-for-Konsult-0n40i4-representing-an-interdimensional-legal-system.-The-design-should-embody-themes-of-law-dimensions-an.png\",\"width\":1024,\"height\":835,\"caption\":\"Konsult 0n40i4\"},\"image\":{\"@id\":\"http:\/\/rsca.grassrootslobbing.pl\/pl_PL\/#\/schema\/logo\/image\/\"}}]}<\/script>\n<!-- \/ Yoast SEO plugin. -->","yoast_head_json":{"title":"\"Zenith v. 2.31\" Notka o Prawach Autorskich Dokument\u00f3w - RSCA","description":"Zapewniamy kompleksow\u0105 ochron\u0119 praw autorskich do dokument\u00f3w projektu 'Zenith v. 2.31', tworz\u0105c je samodzielnie i z poszanowaniem zasad oryginalno\u015bci. Dok\u0142adamy wszelkich stara\u0144, aby tre\u015bci by\u0142y zgodne z prawem i nie narusza\u0142y praw os\u00f3b trzecich. W przypadku pyta\u0144 lub w\u0105tpliwo\u015bci dotycz\u0105cych praw autorskich, prosimy o bezpo\u015bredni kontakt \u2013 zawsze gotowi do profesjonalnego podej\u015bcia i rozwi\u0105zania ewentualnych kwestii prawnych.","robots":{"index":"index","follow":"follow","max-snippet":"max-snippet:-1","max-image-preview":"max-image-preview:large","max-video-preview":"max-video-preview:-1"},"canonical":"http:\/\/rsca.grassrootslobbing.pl\/pl_PL\/zenith-v-2-31-notka-o-prawach-autorskich-dokumentow\/","og_locale":"pl_PL","og_type":"article","og_title":"\"Zenith v. 2.31\" Notka o Prawach Autorskich Dokument\u00f3w - RSCA","og_description":"Zapewniamy kompleksow\u0105 ochron\u0119 praw autorskich do dokument\u00f3w projektu 'Zenith v. 2.31', tworz\u0105c je samodzielnie i z poszanowaniem zasad oryginalno\u015bci. Dok\u0142adamy wszelkich stara\u0144, aby tre\u015bci by\u0142y zgodne z prawem i nie narusza\u0142y praw os\u00f3b trzecich. W przypadku pyta\u0144 lub w\u0105tpliwo\u015bci dotycz\u0105cych praw autorskich, prosimy o bezpo\u015bredni kontakt \u2013 zawsze gotowi do profesjonalnego podej\u015bcia i rozwi\u0105zania ewentualnych kwestii prawnych.","og_url":"http:\/\/rsca.grassrootslobbing.pl\/pl_PL\/zenith-v-2-31-notka-o-prawach-autorskich-dokumentow\/","og_site_name":"RSCA","article_modified_time":"2024-01-03T11:40:33+00:00","twitter_card":"summary_large_image","twitter_misc":{"Szacowany czas czytania":"2 minuty"},"schema":{"@context":"https:\/\/schema.org","@graph":[{"@type":"WebPage","@id":"http:\/\/rsca.grassrootslobbing.pl\/pl_PL\/zenith-v-2-31-notka-o-prawach-autorskich-dokumentow\/","url":"http:\/\/rsca.grassrootslobbing.pl\/pl_PL\/zenith-v-2-31-notka-o-prawach-autorskich-dokumentow\/","name":"\"Zenith v. 2.31\" Notka o Prawach Autorskich Dokument\u00f3w - RSCA","isPartOf":{"@id":"http:\/\/rsca.grassrootslobbing.pl\/pl_PL\/#website"},"datePublished":"2023-12-31T16:39:51+00:00","dateModified":"2024-01-03T11:40:33+00:00","description":"Zapewniamy kompleksow\u0105 ochron\u0119 praw autorskich do dokument\u00f3w projektu 'Zenith v. 2.31', tworz\u0105c je samodzielnie i z poszanowaniem zasad oryginalno\u015bci. Dok\u0142adamy wszelkich stara\u0144, aby tre\u015bci by\u0142y zgodne z prawem i nie narusza\u0142y praw os\u00f3b trzecich. W przypadku pyta\u0144 lub w\u0105tpliwo\u015bci dotycz\u0105cych praw autorskich, prosimy o bezpo\u015bredni kontakt \u2013 zawsze gotowi do profesjonalnego podej\u015bcia i rozwi\u0105zania ewentualnych kwestii prawnych.","inLanguage":"pl-PL","potentialAction":[{"@type":"ReadAction","target":["http:\/\/rsca.grassrootslobbing.pl\/pl_PL\/zenith-v-2-31-notka-o-prawach-autorskich-dokumentow\/"]}]},{"@type":"WebSite","@id":"http:\/\/rsca.grassrootslobbing.pl\/pl_PL\/#website","url":"http:\/\/rsca.grassrootslobbing.pl\/pl_PL\/","name":"Reality Source Code Acces","description":"","publisher":{"@id":"http:\/\/rsca.grassrootslobbing.pl\/pl_PL\/#organization"},"potentialAction":[{"@type":"SearchAction","target":{"@type":"EntryPoint","urlTemplate":"http:\/\/rsca.grassrootslobbing.pl\/pl_PL\/?s={search_term_string}"},"query-input":"required name=search_term_string"}],"inLanguage":"pl-PL"},{"@type":"Organization","@id":"http:\/\/rsca.grassrootslobbing.pl\/pl_PL\/#organization","name":"Konsult 0n40i4","url":"http:\/\/rsca.grassrootslobbing.pl\/pl_PL\/","logo":{"@type":"ImageObject","inLanguage":"pl-PL","@id":"http:\/\/rsca.grassrootslobbing.pl\/pl_PL\/#\/schema\/logo\/image\/","url":"http:\/\/rsca.grassrootslobbing.pl\/wp-content\/uploads\/2023\/12\/cropped-DALL\u00b7E-2023-12-31-08.54.33-A-modern-and-abstract-logo-for-Konsult-0n40i4-representing-an-interdimensional-legal-system.-The-design-should-embody-themes-of-law-dimensions-an.png","contentUrl":"http:\/\/rsca.grassrootslobbing.pl\/wp-content\/uploads\/2023\/12\/cropped-DALL\u00b7E-2023-12-31-08.54.33-A-modern-and-abstract-logo-for-Konsult-0n40i4-representing-an-interdimensional-legal-system.-The-design-should-embody-themes-of-law-dimensions-an.png","width":1024,"height":835,"caption":"Konsult 0n40i4"},"image":{"@id":"http:\/\/rsca.grassrootslobbing.pl\/pl_PL\/#\/schema\/logo\/image\/"}}]}},"_links":{"self":[{"href":"http:\/\/rsca.grassrootslobbing.pl\/en_US\/wp-json\/wp\/v2\/pages\/2556","targetHints":{"allow":["GET"]}}],"collection":[{"href":"http:\/\/rsca.grassrootslobbing.pl\/en_US\/wp-json\/wp\/v2\/pages"}],"about":[{"href":"http:\/\/rsca.grassrootslobbing.pl\/en_US\/wp-json\/wp\/v2\/types\/page"}],"author":[{"embeddable":true,"href":"http:\/\/rsca.grassrootslobbing.pl\/en_US\/wp-json\/wp\/v2\/users\/2"}],"replies":[{"embeddable":true,"href":"http:\/\/rsca.grassrootslobbing.pl\/en_US\/wp-json\/wp\/v2\/comments?post=2556"}],"version-history":[{"count":4,"href":"http:\/\/rsca.grassrootslobbing.pl\/en_US\/wp-json\/wp\/v2\/pages\/2556\/revisions"}],"predecessor-version":[{"id":3386,"href":"http:\/\/rsca.grassrootslobbing.pl\/en_US\/wp-json\/wp\/v2\/pages\/2556\/revisions\/3386"}],"wp:attachment":[{"href":"http:\/\/rsca.grassrootslobbing.pl\/en_US\/wp-json\/wp\/v2\/media?parent=2556"}],"curies":[{"name":"wp","href":"https:\/\/api.w.org\/{rel}","templated":true}]}}