{"id":2550,"date":"0001-01-01T17:27:00","date_gmt":"0001-01-01T16:03:00","guid":{"rendered":"https:\/\/rsca.0n40i4.pl\/?page_id=2550"},"modified":"2024-01-03T16:58:09","modified_gmt":"2024-01-03T15:58:09","slug":"oswiadczenia-o-zgodnosci-prawnej","status":"publish","type":"page","link":"http:\/\/rsca.grassrootslobbing.pl\/en_US\/oswiadczenia-o-zgodnosci-prawnej\/","title":{"rendered":"O\u015bwiadczenia o Zgodno\u015bci Prawnej"},"content":{"rendered":"\n<h2 class=\"wp-block-heading has-text-align-center\" style=\"font-size:23px\"><strong>O\u015bwiadczenie o Zgodno\u015bci Prawnej Grass Roots Lobbing Sp. z o.o.<\/strong><\/h2>\n\n\n\n<div style=\"height:15px\" aria-hidden=\"true\" class=\"wp-block-spacer\"><\/div>\n\n\n\n<p class=\"has-medium-font-size\"><strong>Grass Roots Lobbing Sp. z o.o.<\/strong> przestrzega obowi\u0105zuj\u0105cych przepis\u00f3w prawa polskiego w zakresie dzia\u0142alno\u015bci gospodarczej i handlowej, prawa pracy, prawa mi\u0119dzynarodowego i unijnego, ochrony danych osobowych oraz prawa cywilnego. <\/p>\n\n\n\n<p class=\"has-medium-font-size\">Deklaracja zosta\u0142a sporz\u0105dzona zgodnie z wymaganiami prawnymi i odzwierciedla zobowi\u0105zanie do przestrzegania obowi\u0105zuj\u0105cego prawa.<\/p>\n\n\n\n<div style=\"height:10px\" aria-hidden=\"true\" class=\"wp-block-spacer\"><\/div>\n\n\n\n<h3 class=\"wp-block-heading has-text-align-center\" style=\"font-size:23px\"><strong>O\u015bwiadczenie nr 1 &#8211; Lobbing<\/strong><\/h3>\n\n\n\n<div style=\"height:15px\" aria-hidden=\"true\" class=\"wp-block-spacer\"><\/div>\n\n\n\n<p class=\"has-medium-font-size\">O\u015bwiadczenie do zobowi\u0105zania si\u0119 do rzetelnego przedstawiania informacji i mamy \u015bwiadomo\u015b\u0107 konsekwencji prawnych za sk\u0142adanie fa\u0142szywych o\u015bwiadcze\u0144. Jest to zgodne z wymaganiami ustawy o dzia\u0142alno\u015bci lobbingowej.<\/p>\n\n\n\n<div style=\"height:10px\" aria-hidden=\"true\" class=\"wp-block-spacer\"><\/div>\n\n\n\n<h3 class=\"wp-block-heading has-text-align-center\" style=\"font-size:23px\"><strong>O\u015bwiadczenie nr 2 &#8211; Wsp\u00f3\u0142praca z Konsultem Mi\u0119dzy Wymiarowym<\/strong><\/h3>\n\n\n\n<div style=\"height:1px\" aria-hidden=\"true\" class=\"wp-block-spacer\"><\/div>\n\n\n\n<p class=\"has-medium-font-size\">O\u015bwiadczenie o wsp\u00f3\u0142pracy z konsultem Mi\u0119dzywymiarowym oraz stref\u0105 <strong>0n40i4<\/strong>, cho\u0107 unikalne w swoim charakterze, nie narusza obowi\u0105zuj\u0105cych przepis\u00f3w prawa. Jest to dzia\u0142alno\u015b\u0107 o charakterze eksploracyjnym i innowacyjnym, kt\u00f3ra mo\u017ce mie\u015bci\u0107 si\u0119 w ramach dozwolonej wolno\u015bci dzia\u0142alno\u015bci gospodarczej i badawczej.<\/p>\n\n\n\n<div style=\"height:10px\" aria-hidden=\"true\" class=\"wp-block-spacer\"><\/div>\n\n\n\n<h3 class=\"wp-block-heading has-text-align-center\" style=\"font-size:23px\"><strong>O\u015bwiadczenie nr 3&nbsp; Rejestracja Lobbingowa<\/strong><\/h3>\n\n\n\n<div style=\"height:15px\" aria-hidden=\"true\" class=\"wp-block-spacer\"><\/div>\n\n\n\n<p class=\"has-medium-font-size\">Zgodno\u015b\u0107 z ustaw\u0105 o dzia\u0142alno\u015bci lobbingowej z 2005 roku i potwierdzenie rejestracji w MSWiA pod numerem 00168 \u015bwiadczy o formalnej legalno\u015bci dzia\u0142alno\u015bci lobbingowej. Zobowi\u0105zanie do transparentnego prowadzenia dzia\u0142a\u0144 lobbingowych jest kluczowe dla utrzymania zgodno\u015bci z wymogami prawno-etycznymi.<\/p>\n\n\n\n<div style=\"height:40px\" aria-hidden=\"true\" class=\"wp-block-spacer\"><\/div>\n\n\n\n<hr class=\"wp-block-separator has-alpha-channel-opacity is-style-wide\"\/>\n\n\n\n<h3 class=\"wp-block-heading\" style=\"font-size:22px\"><strong>Grass Roots Lobbing Sp z o.o.<\/strong><\/h3>\n","protected":false},"excerpt":{"rendered":"<p>O\u015bwiadczenie o Zgodno\u015bci Prawnej Grass Roots Lobbing Sp. z o.o. Grass Roots Lobbing Sp. z o.o. przestrzega obowi\u0105zuj\u0105cych przepis\u00f3w prawa polskiego w zakresie dzia\u0142alno\u015bci gospodarczej i handlowej, prawa pracy, prawa mi\u0119dzynarodowego i unijnego, ochrony danych osobowych oraz prawa cywilnego. Deklaracja zosta\u0142a sporz\u0105dzona zgodnie z wymaganiami prawnymi i odzwierciedla zobowi\u0105zanie do przestrzegania obowi\u0105zuj\u0105cego prawa. O\u015bwiadczenie nr [&hellip;]<\/p>\n","protected":false},"author":2,"featured_media":0,"parent":0,"menu_order":0,"comment_status":"closed","ping_status":"closed","template":"","meta":{"site-sidebar-layout":"default","site-content-layout":"","ast-site-content-layout":"default","site-content-style":"default","site-sidebar-style":"default","ast-global-header-display":"","ast-banner-title-visibility":"","ast-main-header-display":"","ast-hfb-above-header-display":"","ast-hfb-below-header-display":"","ast-hfb-mobile-header-display":"","site-post-title":"","ast-breadcrumbs-content":"","ast-featured-img":"","footer-sml-layout":"","ast-disable-related-posts":"","theme-transparent-header-meta":"","adv-header-id-meta":"","stick-header-meta":"","header-above-stick-meta":"","header-main-stick-meta":"","header-below-stick-meta":"","astra-migrate-meta-layouts":"default","ast-page-background-enabled":"default","ast-page-background-meta":{"desktop":{"background-color":"var(--ast-global-color-4)","background-image":"","background-repeat":"repeat","background-position":"center center","background-size":"auto","background-attachment":"scroll","background-type":"","background-media":"","overlay-type":"","overlay-color":"","overlay-opacity":"","overlay-gradient":""},"tablet":{"background-color":"","background-image":"","background-repeat":"repeat","background-position":"center center","background-size":"auto","background-attachment":"scroll","background-type":"","background-media":"","overlay-type":"","overlay-color":"","overlay-opacity":"","overlay-gradient":""},"mobile":{"background-color":"","background-image":"","background-repeat":"repeat","background-position":"center center","background-size":"auto","background-attachment":"scroll","background-type":"","background-media":"","overlay-type":"","overlay-color":"","overlay-opacity":"","overlay-gradient":""}},"ast-content-background-meta":{"desktop":{"background-color":"var(--ast-global-color-5)","background-image":"","background-repeat":"repeat","background-position":"center center","background-size":"auto","background-attachment":"scroll","background-type":"","background-media":"","overlay-type":"","overlay-color":"","overlay-opacity":"","overlay-gradient":""},"tablet":{"background-color":"var(--ast-global-color-5)","background-image":"","background-repeat":"repeat","background-position":"center center","background-size":"auto","background-attachment":"scroll","background-type":"","background-media":"","overlay-type":"","overlay-color":"","overlay-opacity":"","overlay-gradient":""},"mobile":{"background-color":"var(--ast-global-color-5)","background-image":"","background-repeat":"repeat","background-position":"center center","background-size":"auto","background-attachment":"scroll","background-type":"","background-media":"","overlay-type":"","overlay-color":"","overlay-opacity":"","overlay-gradient":""}},"footnotes":""},"class_list":["post-2550","page","type-page","status-publish","hentry"],"yoast_head":"<!-- This site is optimized with the Yoast SEO plugin v21.9.1 - https:\/\/yoast.com\/wordpress\/plugins\/seo\/ -->\n<title>O\u015bwiadczenia o Zgodno\u015bci Prawnej - RSCA<\/title>\n<meta name=\"description\" content=\"Grass Roots Lobbing Sp. z o.o. zapewnia pe\u0142n\u0105 zgodno\u015b\u0107 z przepisami prawa polskiego, unijnego i mi\u0119dzynarodowego. O\u015bwiadczenia o Zgodno\u015bci Prawnej obejmuj\u0105 aspekty lobbingu, wsp\u00f3\u0142pracy z Konsultem Mi\u0119dzywymiarowym i rejestracji lobbingowej. Zgodno\u015b\u0107 z wymaganiami prawnymi to kluczowy element dzia\u0142alno\u015bci, podkre\u015blaj\u0105c pe\u0142n\u0105 transparentno\u015b\u0107 i zobowi\u0105zanie do przestrzegania obowi\u0105zuj\u0105cego prawa.\" \/>\n<meta name=\"robots\" content=\"index, follow, max-snippet:-1, max-image-preview:large, max-video-preview:-1\" \/>\n<link rel=\"canonical\" href=\"http:\/\/rsca.grassrootslobbing.pl\/pl_PL\/oswiadczenia-o-zgodnosci-prawnej\/\" \/>\n<meta property=\"og:locale\" content=\"pl_PL\" \/>\n<meta property=\"og:type\" content=\"article\" \/>\n<meta property=\"og:title\" content=\"O\u015bwiadczenia o Zgodno\u015bci Prawnej - RSCA\" \/>\n<meta property=\"og:description\" content=\"Grass Roots Lobbing Sp. z o.o. zapewnia pe\u0142n\u0105 zgodno\u015b\u0107 z przepisami prawa polskiego, unijnego i mi\u0119dzynarodowego. O\u015bwiadczenia o Zgodno\u015bci Prawnej obejmuj\u0105 aspekty lobbingu, wsp\u00f3\u0142pracy z Konsultem Mi\u0119dzywymiarowym i rejestracji lobbingowej. Zgodno\u015b\u0107 z wymaganiami prawnymi to kluczowy element dzia\u0142alno\u015bci, podkre\u015blaj\u0105c pe\u0142n\u0105 transparentno\u015b\u0107 i zobowi\u0105zanie do przestrzegania obowi\u0105zuj\u0105cego prawa.\" \/>\n<meta property=\"og:url\" content=\"http:\/\/rsca.grassrootslobbing.pl\/pl_PL\/oswiadczenia-o-zgodnosci-prawnej\/\" \/>\n<meta property=\"og:site_name\" content=\"RSCA\" \/>\n<meta property=\"article:modified_time\" content=\"2024-01-03T15:58:09+00:00\" \/>\n<meta name=\"twitter:card\" content=\"summary_large_image\" \/>\n<meta name=\"twitter:label1\" content=\"Szacowany czas czytania\" \/>\n\t<meta name=\"twitter:data1\" content=\"2 minuty\" \/>\n<script type=\"application\/ld+json\" class=\"yoast-schema-graph\">{\"@context\":\"https:\/\/schema.org\",\"@graph\":[{\"@type\":\"WebPage\",\"@id\":\"http:\/\/rsca.grassrootslobbing.pl\/pl_PL\/oswiadczenia-o-zgodnosci-prawnej\/\",\"url\":\"http:\/\/rsca.grassrootslobbing.pl\/pl_PL\/oswiadczenia-o-zgodnosci-prawnej\/\",\"name\":\"O\u015bwiadczenia o Zgodno\u015bci Prawnej - RSCA\",\"isPartOf\":{\"@id\":\"http:\/\/rsca.grassrootslobbing.pl\/pl_PL\/#website\"},\"datePublished\":\"0001-01-01T16:03:00+00:00\",\"dateModified\":\"2024-01-03T15:58:09+00:00\",\"description\":\"Grass Roots Lobbing Sp. z o.o. zapewnia pe\u0142n\u0105 zgodno\u015b\u0107 z przepisami prawa polskiego, unijnego i mi\u0119dzynarodowego. O\u015bwiadczenia o Zgodno\u015bci Prawnej obejmuj\u0105 aspekty lobbingu, wsp\u00f3\u0142pracy z Konsultem Mi\u0119dzywymiarowym i rejestracji lobbingowej. Zgodno\u015b\u0107 z wymaganiami prawnymi to kluczowy element dzia\u0142alno\u015bci, podkre\u015blaj\u0105c pe\u0142n\u0105 transparentno\u015b\u0107 i zobowi\u0105zanie do przestrzegania obowi\u0105zuj\u0105cego prawa.\",\"inLanguage\":\"pl-PL\",\"potentialAction\":[{\"@type\":\"ReadAction\",\"target\":[\"http:\/\/rsca.grassrootslobbing.pl\/pl_PL\/oswiadczenia-o-zgodnosci-prawnej\/\"]}]},{\"@type\":\"WebSite\",\"@id\":\"http:\/\/rsca.grassrootslobbing.pl\/pl_PL\/#website\",\"url\":\"http:\/\/rsca.grassrootslobbing.pl\/pl_PL\/\",\"name\":\"Reality Source Code Acces\",\"description\":\"\",\"publisher\":{\"@id\":\"http:\/\/rsca.grassrootslobbing.pl\/pl_PL\/#organization\"},\"potentialAction\":[{\"@type\":\"SearchAction\",\"target\":{\"@type\":\"EntryPoint\",\"urlTemplate\":\"http:\/\/rsca.grassrootslobbing.pl\/pl_PL\/?s={search_term_string}\"},\"query-input\":\"required name=search_term_string\"}],\"inLanguage\":\"pl-PL\"},{\"@type\":\"Organization\",\"@id\":\"http:\/\/rsca.grassrootslobbing.pl\/pl_PL\/#organization\",\"name\":\"Konsult 0n40i4\",\"url\":\"http:\/\/rsca.grassrootslobbing.pl\/pl_PL\/\",\"logo\":{\"@type\":\"ImageObject\",\"inLanguage\":\"pl-PL\",\"@id\":\"http:\/\/rsca.grassrootslobbing.pl\/pl_PL\/#\/schema\/logo\/image\/\",\"url\":\"http:\/\/rsca.grassrootslobbing.pl\/wp-content\/uploads\/2023\/12\/cropped-DALL\u00b7E-2023-12-31-08.54.33-A-modern-and-abstract-logo-for-Konsult-0n40i4-representing-an-interdimensional-legal-system.-The-design-should-embody-themes-of-law-dimensions-an.png\",\"contentUrl\":\"http:\/\/rsca.grassrootslobbing.pl\/wp-content\/uploads\/2023\/12\/cropped-DALL\u00b7E-2023-12-31-08.54.33-A-modern-and-abstract-logo-for-Konsult-0n40i4-representing-an-interdimensional-legal-system.-The-design-should-embody-themes-of-law-dimensions-an.png\",\"width\":1024,\"height\":835,\"caption\":\"Konsult 0n40i4\"},\"image\":{\"@id\":\"http:\/\/rsca.grassrootslobbing.pl\/pl_PL\/#\/schema\/logo\/image\/\"}}]}<\/script>\n<!-- \/ Yoast SEO plugin. -->","yoast_head_json":{"title":"O\u015bwiadczenia o Zgodno\u015bci Prawnej - RSCA","description":"Grass Roots Lobbing Sp. z o.o. zapewnia pe\u0142n\u0105 zgodno\u015b\u0107 z przepisami prawa polskiego, unijnego i mi\u0119dzynarodowego. O\u015bwiadczenia o Zgodno\u015bci Prawnej obejmuj\u0105 aspekty lobbingu, wsp\u00f3\u0142pracy z Konsultem Mi\u0119dzywymiarowym i rejestracji lobbingowej. Zgodno\u015b\u0107 z wymaganiami prawnymi to kluczowy element dzia\u0142alno\u015bci, podkre\u015blaj\u0105c pe\u0142n\u0105 transparentno\u015b\u0107 i zobowi\u0105zanie do przestrzegania obowi\u0105zuj\u0105cego prawa.","robots":{"index":"index","follow":"follow","max-snippet":"max-snippet:-1","max-image-preview":"max-image-preview:large","max-video-preview":"max-video-preview:-1"},"canonical":"http:\/\/rsca.grassrootslobbing.pl\/pl_PL\/oswiadczenia-o-zgodnosci-prawnej\/","og_locale":"pl_PL","og_type":"article","og_title":"O\u015bwiadczenia o Zgodno\u015bci Prawnej - RSCA","og_description":"Grass Roots Lobbing Sp. z o.o. zapewnia pe\u0142n\u0105 zgodno\u015b\u0107 z przepisami prawa polskiego, unijnego i mi\u0119dzynarodowego. O\u015bwiadczenia o Zgodno\u015bci Prawnej obejmuj\u0105 aspekty lobbingu, wsp\u00f3\u0142pracy z Konsultem Mi\u0119dzywymiarowym i rejestracji lobbingowej. Zgodno\u015b\u0107 z wymaganiami prawnymi to kluczowy element dzia\u0142alno\u015bci, podkre\u015blaj\u0105c pe\u0142n\u0105 transparentno\u015b\u0107 i zobowi\u0105zanie do przestrzegania obowi\u0105zuj\u0105cego prawa.","og_url":"http:\/\/rsca.grassrootslobbing.pl\/pl_PL\/oswiadczenia-o-zgodnosci-prawnej\/","og_site_name":"RSCA","article_modified_time":"2024-01-03T15:58:09+00:00","twitter_card":"summary_large_image","twitter_misc":{"Szacowany czas czytania":"2 minuty"},"schema":{"@context":"https:\/\/schema.org","@graph":[{"@type":"WebPage","@id":"http:\/\/rsca.grassrootslobbing.pl\/pl_PL\/oswiadczenia-o-zgodnosci-prawnej\/","url":"http:\/\/rsca.grassrootslobbing.pl\/pl_PL\/oswiadczenia-o-zgodnosci-prawnej\/","name":"O\u015bwiadczenia o Zgodno\u015bci Prawnej - RSCA","isPartOf":{"@id":"http:\/\/rsca.grassrootslobbing.pl\/pl_PL\/#website"},"datePublished":"0001-01-01T16:03:00+00:00","dateModified":"2024-01-03T15:58:09+00:00","description":"Grass Roots Lobbing Sp. z o.o. zapewnia pe\u0142n\u0105 zgodno\u015b\u0107 z przepisami prawa polskiego, unijnego i mi\u0119dzynarodowego. O\u015bwiadczenia o Zgodno\u015bci Prawnej obejmuj\u0105 aspekty lobbingu, wsp\u00f3\u0142pracy z Konsultem Mi\u0119dzywymiarowym i rejestracji lobbingowej. Zgodno\u015b\u0107 z wymaganiami prawnymi to kluczowy element dzia\u0142alno\u015bci, podkre\u015blaj\u0105c pe\u0142n\u0105 transparentno\u015b\u0107 i zobowi\u0105zanie do przestrzegania obowi\u0105zuj\u0105cego prawa.","inLanguage":"pl-PL","potentialAction":[{"@type":"ReadAction","target":["http:\/\/rsca.grassrootslobbing.pl\/pl_PL\/oswiadczenia-o-zgodnosci-prawnej\/"]}]},{"@type":"WebSite","@id":"http:\/\/rsca.grassrootslobbing.pl\/pl_PL\/#website","url":"http:\/\/rsca.grassrootslobbing.pl\/pl_PL\/","name":"Reality Source Code Acces","description":"","publisher":{"@id":"http:\/\/rsca.grassrootslobbing.pl\/pl_PL\/#organization"},"potentialAction":[{"@type":"SearchAction","target":{"@type":"EntryPoint","urlTemplate":"http:\/\/rsca.grassrootslobbing.pl\/pl_PL\/?s={search_term_string}"},"query-input":"required name=search_term_string"}],"inLanguage":"pl-PL"},{"@type":"Organization","@id":"http:\/\/rsca.grassrootslobbing.pl\/pl_PL\/#organization","name":"Konsult 0n40i4","url":"http:\/\/rsca.grassrootslobbing.pl\/pl_PL\/","logo":{"@type":"ImageObject","inLanguage":"pl-PL","@id":"http:\/\/rsca.grassrootslobbing.pl\/pl_PL\/#\/schema\/logo\/image\/","url":"http:\/\/rsca.grassrootslobbing.pl\/wp-content\/uploads\/2023\/12\/cropped-DALL\u00b7E-2023-12-31-08.54.33-A-modern-and-abstract-logo-for-Konsult-0n40i4-representing-an-interdimensional-legal-system.-The-design-should-embody-themes-of-law-dimensions-an.png","contentUrl":"http:\/\/rsca.grassrootslobbing.pl\/wp-content\/uploads\/2023\/12\/cropped-DALL\u00b7E-2023-12-31-08.54.33-A-modern-and-abstract-logo-for-Konsult-0n40i4-representing-an-interdimensional-legal-system.-The-design-should-embody-themes-of-law-dimensions-an.png","width":1024,"height":835,"caption":"Konsult 0n40i4"},"image":{"@id":"http:\/\/rsca.grassrootslobbing.pl\/pl_PL\/#\/schema\/logo\/image\/"}}]}},"_links":{"self":[{"href":"http:\/\/rsca.grassrootslobbing.pl\/en_US\/wp-json\/wp\/v2\/pages\/2550","targetHints":{"allow":["GET"]}}],"collection":[{"href":"http:\/\/rsca.grassrootslobbing.pl\/en_US\/wp-json\/wp\/v2\/pages"}],"about":[{"href":"http:\/\/rsca.grassrootslobbing.pl\/en_US\/wp-json\/wp\/v2\/types\/page"}],"author":[{"embeddable":true,"href":"http:\/\/rsca.grassrootslobbing.pl\/en_US\/wp-json\/wp\/v2\/users\/2"}],"replies":[{"embeddable":true,"href":"http:\/\/rsca.grassrootslobbing.pl\/en_US\/wp-json\/wp\/v2\/comments?post=2550"}],"version-history":[{"count":6,"href":"http:\/\/rsca.grassrootslobbing.pl\/en_US\/wp-json\/wp\/v2\/pages\/2550\/revisions"}],"predecessor-version":[{"id":3555,"href":"http:\/\/rsca.grassrootslobbing.pl\/en_US\/wp-json\/wp\/v2\/pages\/2550\/revisions\/3555"}],"wp:attachment":[{"href":"http:\/\/rsca.grassrootslobbing.pl\/en_US\/wp-json\/wp\/v2\/media?parent=2550"}],"curies":[{"name":"wp","href":"https:\/\/api.w.org\/{rel}","templated":true}]}}