{"id":2005,"date":"2012-12-21T11:11:00","date_gmt":"2012-12-21T10:11:00","guid":{"rendered":"https:\/\/0n40i4.com\/?page_id=2005"},"modified":"2024-01-08T07:05:21","modified_gmt":"2024-01-08T06:05:21","slug":"paradygmat-symulacji-pomiedzy-fizyka-klasyczna-a-mechanika-kwantowa-ewolucja-praw-rzeczywistosci","status":"publish","type":"page","link":"http:\/\/rsca.grassrootslobbing.pl\/en_US\/paradygmat-symulacji-pomiedzy-fizyka-klasyczna-a-mechanika-kwantowa-ewolucja-praw-rzeczywistosci\/","title":{"rendered":"Paradygmat Symulacji: Pomi\u0119dzy Fizyk\u0105 Klasyczn\u0105 a Mechanik\u0105 Kwantow\u0105"},"content":{"rendered":"\n<p class=\"has-medium-font-size\"><strong>Paradygmat ten pozwala na rozwijanie zaawansowanych modeli, kt\u00f3re \u0142\u0105cz\u0105 r\u00f3\u017cne teorie fizyczne. To pomaga w tworzeniu bardziej dok\u0142adnych symulacji, kt\u00f3re pozwalaj\u0105 na eksploracj\u0119 zar\u00f3wno makro- jak i mikrokosmicznych aspekt\u00f3w rzeczywisto\u015bci, co jest kluczowe dla bada\u0144 naukowych i rozwoju technologii.<\/strong><\/p>\n\n\n\n<div style=\"height:10px\" aria-hidden=\"true\" class=\"wp-block-spacer\"><\/div>\n\n\n\n<p><strong>Priorytet:<\/strong> Kolejnym krokiem jest rozwijanie bardziej zaawansowanych modeli symulacji, \u0142\u0105cz\u0105cych paradoksalne podej\u015bcia do fizyki.<\/p>\n\n\n\n<div style=\"height:10px\" aria-hidden=\"true\" class=\"wp-block-spacer\"><\/div>\n\n\n\n<p><strong>Opis:<\/strong> Paradygmat Symulacji: Pomi\u0119dzy Fizyk\u0105 Klasyczn\u0105 a Mechanik\u0105 Kwantow\u0105 skupia si\u0119 na tworzeniu modeli, kt\u00f3re \u0142\u0105cz\u0105 dwa fundamentalnie r\u00f3\u017cne podej\u015bcia do opisywania rzeczywisto\u015bci. Symulacje te pozwalaj\u0105 na eksploracj\u0119 zar\u00f3wno makro- jak i mikrokosmicznych aspekt\u00f3w rzeczywisto\u015bci, co jest istotne w badaniach naukowych oraz rozwoju technologii.<\/p>\n\n\n\n<div style=\"height:10px\" aria-hidden=\"true\" class=\"wp-block-spacer\"><\/div>\n\n\n\n<p><strong>Znaczenie:<\/strong> Ten paradygmat jest istotny, poniewa\u017c pozwala nam lepiej zrozumie\u0107, jak nasza rzeczywisto\u015b\u0107 dzia\u0142a na poziomie fizycznym. To mo\u017ce prowadzi\u0107 do odkrycia nowych zastosowa\u0144 i technologii, a tak\u017ce do bardziej zaawansowanych modeli symulacji.<\/p>\n\n\n\n<p style=\"font-size:15px\"><strong>,dyskusja dla zalogowanych&#8230;<\/strong><\/p>\n\n\n\n<div style=\"height:40px\" aria-hidden=\"true\" class=\"wp-block-spacer\"><\/div>\n\n\n\n<hr class=\"wp-block-separator has-alpha-channel-opacity is-style-wide\"\/>\n\n\n\n<h3 class=\"wp-block-heading\" style=\"font-size:22px\"><strong>Konsult 0n40i4<\/strong><\/h3>\n","protected":false},"excerpt":{"rendered":"<p>Paradygmat ten pozwala na rozwijanie zaawansowanych modeli, kt\u00f3re \u0142\u0105cz\u0105 r\u00f3\u017cne teorie fizyczne. To pomaga w tworzeniu bardziej dok\u0142adnych symulacji, kt\u00f3re pozwalaj\u0105 na eksploracj\u0119 zar\u00f3wno makro- jak i mikrokosmicznych aspekt\u00f3w rzeczywisto\u015bci, co jest kluczowe dla bada\u0144 naukowych i rozwoju technologii. Priorytet: Kolejnym krokiem jest rozwijanie bardziej zaawansowanych modeli symulacji, \u0142\u0105cz\u0105cych paradoksalne podej\u015bcia do fizyki. Opis: Paradygmat [&hellip;]<\/p>\n","protected":false},"author":2,"featured_media":4503,"parent":0,"menu_order":0,"comment_status":"closed","ping_status":"closed","template":"","meta":{"site-sidebar-layout":"default","site-content-layout":"","ast-site-content-layout":"default","site-content-style":"default","site-sidebar-style":"default","ast-global-header-display":"","ast-banner-title-visibility":"","ast-main-header-display":"","ast-hfb-above-header-display":"","ast-hfb-below-header-display":"","ast-hfb-mobile-header-display":"","site-post-title":"","ast-breadcrumbs-content":"","ast-featured-img":"","footer-sml-layout":"","ast-disable-related-posts":"","theme-transparent-header-meta":"","adv-header-id-meta":"","stick-header-meta":"","header-above-stick-meta":"","header-main-stick-meta":"","header-below-stick-meta":"","astra-migrate-meta-layouts":"default","ast-page-background-enabled":"default","ast-page-background-meta":{"desktop":{"background-color":"var(--ast-global-color-4)","background-image":"","background-repeat":"repeat","background-position":"center center","background-size":"auto","background-attachment":"scroll","background-type":"","background-media":"","overlay-type":"","overlay-color":"","overlay-opacity":"","overlay-gradient":""},"tablet":{"background-color":"","background-image":"","background-repeat":"repeat","background-position":"center center","background-size":"auto","background-attachment":"scroll","background-type":"","background-media":"","overlay-type":"","overlay-color":"","overlay-opacity":"","overlay-gradient":""},"mobile":{"background-color":"","background-image":"","background-repeat":"repeat","background-position":"center center","background-size":"auto","background-attachment":"scroll","background-type":"","background-media":"","overlay-type":"","overlay-color":"","overlay-opacity":"","overlay-gradient":""}},"ast-content-background-meta":{"desktop":{"background-color":"var(--ast-global-color-5)","background-image":"","background-repeat":"repeat","background-position":"center center","background-size":"auto","background-attachment":"scroll","background-type":"","background-media":"","overlay-type":"","overlay-color":"","overlay-opacity":"","overlay-gradient":""},"tablet":{"background-color":"var(--ast-global-color-5)","background-image":"","background-repeat":"repeat","background-position":"center center","background-size":"auto","background-attachment":"scroll","background-type":"","background-media":"","overlay-type":"","overlay-color":"","overlay-opacity":"","overlay-gradient":""},"mobile":{"background-color":"var(--ast-global-color-5)","background-image":"","background-repeat":"repeat","background-position":"center center","background-size":"auto","background-attachment":"scroll","background-type":"","background-media":"","overlay-type":"","overlay-color":"","overlay-opacity":"","overlay-gradient":""}},"footnotes":""},"class_list":["post-2005","page","type-page","status-publish","has-post-thumbnail","hentry"],"yoast_head":"<!-- This site is optimized with the Yoast SEO plugin v21.9.1 - https:\/\/yoast.com\/wordpress\/plugins\/seo\/ -->\n<title>Paradygmat Symulacji: Pomi\u0119dzy Fizyk\u0105 Klasyczn\u0105 a Mechanik\u0105 Kwantow\u0105 - RSCA<\/title>\n<meta name=\"description\" content=\"Paradygmat Symulacji: Pomi\u0119dzy Fizyk\u0105 Klasyczn\u0105, a Mechanik\u0105 Kwantow\u0105 umo\u017cliwia rozwijanie zaawansowanych modeli, integruj\u0105c r\u00f3\u017cne teorie fizyczne. To innowacyjne podej\u015bcie umo\u017cliwia tworzenie precyzyjnych symulacji, kt\u00f3re bada\u0107 mog\u0105 makro- i mikrokosmiczne aspekty rzeczywisto\u015bci. Priorytetem jest rozwijanie bardziej zaawansowanych modeli symulacji, \u0142\u0105cz\u0105cych paradoksalne podej\u015bcia do fizyki, co stanowi kluczowy krok w badaniach naukowych i rozwoju technologii. Odkryj nowe horyzonty w zrozumieniu fizycznych podstaw rzeczywisto\u015bci, co mo\u017ce prowadzi\u0107 do innowacji i zaawansowanych technologicznie modeli symulacyjnych.\" \/>\n<meta name=\"robots\" content=\"index, follow, max-snippet:-1, max-image-preview:large, max-video-preview:-1\" \/>\n<link rel=\"canonical\" href=\"http:\/\/rsca.grassrootslobbing.pl\/pl_PL\/paradygmat-symulacji-pomiedzy-fizyka-klasyczna-a-mechanika-kwantowa-ewolucja-praw-rzeczywistosci\/\" \/>\n<meta property=\"og:locale\" content=\"pl_PL\" \/>\n<meta property=\"og:type\" content=\"article\" \/>\n<meta property=\"og:title\" content=\"Paradygmat Symulacji: Pomi\u0119dzy Fizyk\u0105 Klasyczn\u0105 a Mechanik\u0105 Kwantow\u0105 - RSCA\" \/>\n<meta property=\"og:description\" content=\"Paradygmat Symulacji: Pomi\u0119dzy Fizyk\u0105 Klasyczn\u0105, a Mechanik\u0105 Kwantow\u0105 umo\u017cliwia rozwijanie zaawansowanych modeli, integruj\u0105c r\u00f3\u017cne teorie fizyczne. To innowacyjne podej\u015bcie umo\u017cliwia tworzenie precyzyjnych symulacji, kt\u00f3re bada\u0107 mog\u0105 makro- i mikrokosmiczne aspekty rzeczywisto\u015bci. Priorytetem jest rozwijanie bardziej zaawansowanych modeli symulacji, \u0142\u0105cz\u0105cych paradoksalne podej\u015bcia do fizyki, co stanowi kluczowy krok w badaniach naukowych i rozwoju technologii. Odkryj nowe horyzonty w zrozumieniu fizycznych podstaw rzeczywisto\u015bci, co mo\u017ce prowadzi\u0107 do innowacji i zaawansowanych technologicznie modeli symulacyjnych.\" \/>\n<meta property=\"og:url\" content=\"http:\/\/rsca.grassrootslobbing.pl\/pl_PL\/paradygmat-symulacji-pomiedzy-fizyka-klasyczna-a-mechanika-kwantowa-ewolucja-praw-rzeczywistosci\/\" \/>\n<meta property=\"og:site_name\" content=\"RSCA\" \/>\n<meta property=\"article:modified_time\" content=\"2024-01-08T06:05:21+00:00\" \/>\n<meta property=\"og:image\" content=\"http:\/\/rsca.grassrootslobbing.pl\/wp-content\/uploads\/2024\/01\/DALL\u00b7E-2024-01-08-07.04.54-A-visual-representation-of-the-Paradigm_-Simulation-Between-Classical-Physics-and-Quantum-Mechanics.-The-image-should-depict-a-sophisticated-blend-o.png\" \/>\n\t<meta property=\"og:image:width\" content=\"1024\" \/>\n\t<meta property=\"og:image:height\" content=\"1024\" \/>\n\t<meta property=\"og:image:type\" content=\"image\/png\" \/>\n<meta name=\"twitter:card\" content=\"summary_large_image\" \/>\n<meta name=\"twitter:label1\" content=\"Szacowany czas czytania\" \/>\n\t<meta name=\"twitter:data1\" content=\"2 minuty\" \/>\n<script type=\"application\/ld+json\" class=\"yoast-schema-graph\">{\"@context\":\"https:\/\/schema.org\",\"@graph\":[{\"@type\":\"WebPage\",\"@id\":\"http:\/\/rsca.grassrootslobbing.pl\/pl_PL\/paradygmat-symulacji-pomiedzy-fizyka-klasyczna-a-mechanika-kwantowa-ewolucja-praw-rzeczywistosci\/\",\"url\":\"http:\/\/rsca.grassrootslobbing.pl\/pl_PL\/paradygmat-symulacji-pomiedzy-fizyka-klasyczna-a-mechanika-kwantowa-ewolucja-praw-rzeczywistosci\/\",\"name\":\"Paradygmat Symulacji: Pomi\u0119dzy Fizyk\u0105 Klasyczn\u0105 a Mechanik\u0105 Kwantow\u0105 - RSCA\",\"isPartOf\":{\"@id\":\"http:\/\/rsca.grassrootslobbing.pl\/pl_PL\/#website\"},\"datePublished\":\"2012-12-21T10:11:00+00:00\",\"dateModified\":\"2024-01-08T06:05:21+00:00\",\"description\":\"Paradygmat Symulacji: Pomi\u0119dzy Fizyk\u0105 Klasyczn\u0105, a Mechanik\u0105 Kwantow\u0105 umo\u017cliwia rozwijanie zaawansowanych modeli, integruj\u0105c r\u00f3\u017cne teorie fizyczne. To innowacyjne podej\u015bcie umo\u017cliwia tworzenie precyzyjnych symulacji, kt\u00f3re bada\u0107 mog\u0105 makro- i mikrokosmiczne aspekty rzeczywisto\u015bci. Priorytetem jest rozwijanie bardziej zaawansowanych modeli symulacji, \u0142\u0105cz\u0105cych paradoksalne podej\u015bcia do fizyki, co stanowi kluczowy krok w badaniach naukowych i rozwoju technologii. Odkryj nowe horyzonty w zrozumieniu fizycznych podstaw rzeczywisto\u015bci, co mo\u017ce prowadzi\u0107 do innowacji i zaawansowanych technologicznie modeli symulacyjnych.\",\"inLanguage\":\"pl-PL\",\"potentialAction\":[{\"@type\":\"ReadAction\",\"target\":[\"http:\/\/rsca.grassrootslobbing.pl\/pl_PL\/paradygmat-symulacji-pomiedzy-fizyka-klasyczna-a-mechanika-kwantowa-ewolucja-praw-rzeczywistosci\/\"]}]},{\"@type\":\"WebSite\",\"@id\":\"http:\/\/rsca.grassrootslobbing.pl\/pl_PL\/#website\",\"url\":\"http:\/\/rsca.grassrootslobbing.pl\/pl_PL\/\",\"name\":\"Reality Source Code Acces\",\"description\":\"\",\"publisher\":{\"@id\":\"http:\/\/rsca.grassrootslobbing.pl\/pl_PL\/#organization\"},\"potentialAction\":[{\"@type\":\"SearchAction\",\"target\":{\"@type\":\"EntryPoint\",\"urlTemplate\":\"http:\/\/rsca.grassrootslobbing.pl\/pl_PL\/?s={search_term_string}\"},\"query-input\":\"required name=search_term_string\"}],\"inLanguage\":\"pl-PL\"},{\"@type\":\"Organization\",\"@id\":\"http:\/\/rsca.grassrootslobbing.pl\/pl_PL\/#organization\",\"name\":\"Konsult 0n40i4\",\"url\":\"http:\/\/rsca.grassrootslobbing.pl\/pl_PL\/\",\"logo\":{\"@type\":\"ImageObject\",\"inLanguage\":\"pl-PL\",\"@id\":\"http:\/\/rsca.grassrootslobbing.pl\/pl_PL\/#\/schema\/logo\/image\/\",\"url\":\"http:\/\/rsca.grassrootslobbing.pl\/wp-content\/uploads\/2023\/12\/cropped-DALL\u00b7E-2023-12-31-08.54.33-A-modern-and-abstract-logo-for-Konsult-0n40i4-representing-an-interdimensional-legal-system.-The-design-should-embody-themes-of-law-dimensions-an.png\",\"contentUrl\":\"http:\/\/rsca.grassrootslobbing.pl\/wp-content\/uploads\/2023\/12\/cropped-DALL\u00b7E-2023-12-31-08.54.33-A-modern-and-abstract-logo-for-Konsult-0n40i4-representing-an-interdimensional-legal-system.-The-design-should-embody-themes-of-law-dimensions-an.png\",\"width\":1024,\"height\":835,\"caption\":\"Konsult 0n40i4\"},\"image\":{\"@id\":\"http:\/\/rsca.grassrootslobbing.pl\/pl_PL\/#\/schema\/logo\/image\/\"}}]}<\/script>\n<!-- \/ Yoast SEO plugin. -->","yoast_head_json":{"title":"Paradygmat Symulacji: Pomi\u0119dzy Fizyk\u0105 Klasyczn\u0105 a Mechanik\u0105 Kwantow\u0105 - RSCA","description":"Paradygmat Symulacji: Pomi\u0119dzy Fizyk\u0105 Klasyczn\u0105, a Mechanik\u0105 Kwantow\u0105 umo\u017cliwia rozwijanie zaawansowanych modeli, integruj\u0105c r\u00f3\u017cne teorie fizyczne. To innowacyjne podej\u015bcie umo\u017cliwia tworzenie precyzyjnych symulacji, kt\u00f3re bada\u0107 mog\u0105 makro- i mikrokosmiczne aspekty rzeczywisto\u015bci. Priorytetem jest rozwijanie bardziej zaawansowanych modeli symulacji, \u0142\u0105cz\u0105cych paradoksalne podej\u015bcia do fizyki, co stanowi kluczowy krok w badaniach naukowych i rozwoju technologii. Odkryj nowe horyzonty w zrozumieniu fizycznych podstaw rzeczywisto\u015bci, co mo\u017ce prowadzi\u0107 do innowacji i zaawansowanych technologicznie modeli symulacyjnych.","robots":{"index":"index","follow":"follow","max-snippet":"max-snippet:-1","max-image-preview":"max-image-preview:large","max-video-preview":"max-video-preview:-1"},"canonical":"http:\/\/rsca.grassrootslobbing.pl\/pl_PL\/paradygmat-symulacji-pomiedzy-fizyka-klasyczna-a-mechanika-kwantowa-ewolucja-praw-rzeczywistosci\/","og_locale":"pl_PL","og_type":"article","og_title":"Paradygmat Symulacji: Pomi\u0119dzy Fizyk\u0105 Klasyczn\u0105 a Mechanik\u0105 Kwantow\u0105 - RSCA","og_description":"Paradygmat Symulacji: Pomi\u0119dzy Fizyk\u0105 Klasyczn\u0105, a Mechanik\u0105 Kwantow\u0105 umo\u017cliwia rozwijanie zaawansowanych modeli, integruj\u0105c r\u00f3\u017cne teorie fizyczne. To innowacyjne podej\u015bcie umo\u017cliwia tworzenie precyzyjnych symulacji, kt\u00f3re bada\u0107 mog\u0105 makro- i mikrokosmiczne aspekty rzeczywisto\u015bci. Priorytetem jest rozwijanie bardziej zaawansowanych modeli symulacji, \u0142\u0105cz\u0105cych paradoksalne podej\u015bcia do fizyki, co stanowi kluczowy krok w badaniach naukowych i rozwoju technologii. Odkryj nowe horyzonty w zrozumieniu fizycznych podstaw rzeczywisto\u015bci, co mo\u017ce prowadzi\u0107 do innowacji i zaawansowanych technologicznie modeli symulacyjnych.","og_url":"http:\/\/rsca.grassrootslobbing.pl\/pl_PL\/paradygmat-symulacji-pomiedzy-fizyka-klasyczna-a-mechanika-kwantowa-ewolucja-praw-rzeczywistosci\/","og_site_name":"RSCA","article_modified_time":"2024-01-08T06:05:21+00:00","og_image":[{"width":1024,"height":1024,"url":"http:\/\/rsca.grassrootslobbing.pl\/wp-content\/uploads\/2024\/01\/DALL\u00b7E-2024-01-08-07.04.54-A-visual-representation-of-the-Paradigm_-Simulation-Between-Classical-Physics-and-Quantum-Mechanics.-The-image-should-depict-a-sophisticated-blend-o.png","type":"image\/png"}],"twitter_card":"summary_large_image","twitter_misc":{"Szacowany czas czytania":"2 minuty"},"schema":{"@context":"https:\/\/schema.org","@graph":[{"@type":"WebPage","@id":"http:\/\/rsca.grassrootslobbing.pl\/pl_PL\/paradygmat-symulacji-pomiedzy-fizyka-klasyczna-a-mechanika-kwantowa-ewolucja-praw-rzeczywistosci\/","url":"http:\/\/rsca.grassrootslobbing.pl\/pl_PL\/paradygmat-symulacji-pomiedzy-fizyka-klasyczna-a-mechanika-kwantowa-ewolucja-praw-rzeczywistosci\/","name":"Paradygmat Symulacji: Pomi\u0119dzy Fizyk\u0105 Klasyczn\u0105 a Mechanik\u0105 Kwantow\u0105 - RSCA","isPartOf":{"@id":"http:\/\/rsca.grassrootslobbing.pl\/pl_PL\/#website"},"datePublished":"2012-12-21T10:11:00+00:00","dateModified":"2024-01-08T06:05:21+00:00","description":"Paradygmat Symulacji: Pomi\u0119dzy Fizyk\u0105 Klasyczn\u0105, a Mechanik\u0105 Kwantow\u0105 umo\u017cliwia rozwijanie zaawansowanych modeli, integruj\u0105c r\u00f3\u017cne teorie fizyczne. To innowacyjne podej\u015bcie umo\u017cliwia tworzenie precyzyjnych symulacji, kt\u00f3re bada\u0107 mog\u0105 makro- i mikrokosmiczne aspekty rzeczywisto\u015bci. Priorytetem jest rozwijanie bardziej zaawansowanych modeli symulacji, \u0142\u0105cz\u0105cych paradoksalne podej\u015bcia do fizyki, co stanowi kluczowy krok w badaniach naukowych i rozwoju technologii. Odkryj nowe horyzonty w zrozumieniu fizycznych podstaw rzeczywisto\u015bci, co mo\u017ce prowadzi\u0107 do innowacji i zaawansowanych technologicznie modeli symulacyjnych.","inLanguage":"pl-PL","potentialAction":[{"@type":"ReadAction","target":["http:\/\/rsca.grassrootslobbing.pl\/pl_PL\/paradygmat-symulacji-pomiedzy-fizyka-klasyczna-a-mechanika-kwantowa-ewolucja-praw-rzeczywistosci\/"]}]},{"@type":"WebSite","@id":"http:\/\/rsca.grassrootslobbing.pl\/pl_PL\/#website","url":"http:\/\/rsca.grassrootslobbing.pl\/pl_PL\/","name":"Reality Source Code Acces","description":"","publisher":{"@id":"http:\/\/rsca.grassrootslobbing.pl\/pl_PL\/#organization"},"potentialAction":[{"@type":"SearchAction","target":{"@type":"EntryPoint","urlTemplate":"http:\/\/rsca.grassrootslobbing.pl\/pl_PL\/?s={search_term_string}"},"query-input":"required name=search_term_string"}],"inLanguage":"pl-PL"},{"@type":"Organization","@id":"http:\/\/rsca.grassrootslobbing.pl\/pl_PL\/#organization","name":"Konsult 0n40i4","url":"http:\/\/rsca.grassrootslobbing.pl\/pl_PL\/","logo":{"@type":"ImageObject","inLanguage":"pl-PL","@id":"http:\/\/rsca.grassrootslobbing.pl\/pl_PL\/#\/schema\/logo\/image\/","url":"http:\/\/rsca.grassrootslobbing.pl\/wp-content\/uploads\/2023\/12\/cropped-DALL\u00b7E-2023-12-31-08.54.33-A-modern-and-abstract-logo-for-Konsult-0n40i4-representing-an-interdimensional-legal-system.-The-design-should-embody-themes-of-law-dimensions-an.png","contentUrl":"http:\/\/rsca.grassrootslobbing.pl\/wp-content\/uploads\/2023\/12\/cropped-DALL\u00b7E-2023-12-31-08.54.33-A-modern-and-abstract-logo-for-Konsult-0n40i4-representing-an-interdimensional-legal-system.-The-design-should-embody-themes-of-law-dimensions-an.png","width":1024,"height":835,"caption":"Konsult 0n40i4"},"image":{"@id":"http:\/\/rsca.grassrootslobbing.pl\/pl_PL\/#\/schema\/logo\/image\/"}}]}},"_links":{"self":[{"href":"http:\/\/rsca.grassrootslobbing.pl\/en_US\/wp-json\/wp\/v2\/pages\/2005","targetHints":{"allow":["GET"]}}],"collection":[{"href":"http:\/\/rsca.grassrootslobbing.pl\/en_US\/wp-json\/wp\/v2\/pages"}],"about":[{"href":"http:\/\/rsca.grassrootslobbing.pl\/en_US\/wp-json\/wp\/v2\/types\/page"}],"author":[{"embeddable":true,"href":"http:\/\/rsca.grassrootslobbing.pl\/en_US\/wp-json\/wp\/v2\/users\/2"}],"replies":[{"embeddable":true,"href":"http:\/\/rsca.grassrootslobbing.pl\/en_US\/wp-json\/wp\/v2\/comments?post=2005"}],"version-history":[{"count":4,"href":"http:\/\/rsca.grassrootslobbing.pl\/en_US\/wp-json\/wp\/v2\/pages\/2005\/revisions"}],"predecessor-version":[{"id":3585,"href":"http:\/\/rsca.grassrootslobbing.pl\/en_US\/wp-json\/wp\/v2\/pages\/2005\/revisions\/3585"}],"wp:featuredmedia":[{"embeddable":true,"href":"http:\/\/rsca.grassrootslobbing.pl\/en_US\/wp-json\/wp\/v2\/media\/4503"}],"wp:attachment":[{"href":"http:\/\/rsca.grassrootslobbing.pl\/en_US\/wp-json\/wp\/v2\/media?parent=2005"}],"curies":[{"name":"wp","href":"https:\/\/api.w.org\/{rel}","templated":true}]}}