{"id":1525,"date":"2023-10-27T12:36:32","date_gmt":"2023-10-27T10:36:32","guid":{"rendered":"https:\/\/0n40i4.com\/maintenance-page\/"},"modified":"2023-12-31T13:04:17","modified_gmt":"2023-12-31T12:04:17","slug":"maintenance-page","status":"publish","type":"page","link":"http:\/\/rsca.grassrootslobbing.pl\/en_US\/maintenance-page\/","title":{"rendered":"Maintenance Page"},"content":{"rendered":"\n<div id=\"wp-block-themeisle-blocks-advanced-columns-0d617423\" class=\"wp-block-themeisle-blocks-advanced-columns alignfull has-1-columns has-desktop-equal-layout has-tablet-equal-layout has-mobile-equal-layout has-vertical-center\"><div class=\"wp-block-themeisle-blocks-advanced-columns-overlay\"><\/div><div class=\"innerblocks-wrap\">\n\n<div id=\"wp-block-themeisle-blocks-advanced-column-09847c7b\" class=\"wp-block-themeisle-blocks-advanced-column\">\n\n<figure class=\"wp-block-image aligncenter size-large ticss-3f08ab9a\"><img decoding=\"async\" src=\"https:\/\/demosites.io\/otter\/wp-content\/uploads\/sites\/664\/2022\/08\/coming_soon_img.svg\" alt=\"\" class=\"wp-image-135\"><\/figure>\n\n\n<h1 id=\"wp-block-themeisle-blocks-advanced-heading-84bfa495\" class=\"wp-block-themeisle-blocks-advanced-heading wp-block-themeisle-blocks-advanced-heading-84bfa495\">Our Website is Coming soon.<\/h1>\n\n\n<div style=\"height:40px\" aria-hidden=\"true\" class=\"wp-block-spacer\"><\/div>\n\n\n<div id=\"wp-block-themeisle-blocks-countdown-aead0e2a\" data-date=\"2023-05-17T18:46:07\" class=\"wp-block-themeisle-blocks-countdown\"><div class=\"otter-countdown__container\"><div class=\"otter-countdown__display\"><div name=\"day\" class=\"otter-countdown__display-area is-main-component\"><div class=\"otter-countdown__value\">0<\/div><div class=\"otter-countdown__label\">Day<\/div><\/div><div name=\"hour\" class=\"otter-countdown__display-area is-main-component\"><div class=\"otter-countdown__value\">0<\/div><div class=\"otter-countdown__label\">Hour<\/div><\/div><div name=\"minute\" class=\"otter-countdown__display-area is-main-component\"><div class=\"otter-countdown__value\">0<\/div><div class=\"otter-countdown__label\">Minute<\/div><\/div><div name=\"second\" class=\"otter-countdown__display-area is-main-component\"><div class=\"otter-countdown__value\">0<\/div><div class=\"otter-countdown__label\">Second<\/div><\/div><\/div><\/div><\/div>\n\n\n<div style=\"height:40px\" aria-hidden=\"true\" class=\"wp-block-spacer\"><\/div>\n\n\n<p id=\"wp-block-themeisle-blocks-advanced-heading-4956a7c6\" class=\"wp-block-themeisle-blocks-advanced-heading wp-block-themeisle-blocks-advanced-heading-4956a7c6\">We are working to deliver the best experience for our visitors. Meanwhile, follow us on Social.<\/p>\n\n\n<ul class=\"wp-block-social-links has-large-icon-size has-icon-color has-icon-background-color is-style-default is-content-justification-center is-layout-flex wp-container-core-social-links-is-layout-a89b3969 wp-block-social-links-is-layout-flex\">\n<li style=\"color:#ffffff;background-color:#63a18f;\" class=\"wp-social-link wp-social-link-twitter has-white-color wp-block-social-link\"><a href=\"#\" class=\"wp-block-social-link-anchor\"><svg width=\"24\" height=\"24\" viewBox=\"0 0 24 24\" version=\"1.1\" xmlns=\"http:\/\/www.w3.org\/2000\/svg\" aria-hidden=\"true\" focusable=\"false\"><path d=\"M22.23,5.924c-0.736,0.326-1.527,0.547-2.357,0.646c0.847-0.508,1.498-1.312,1.804-2.27 c-0.793,0.47-1.671,0.812-2.606,0.996C18.324,4.498,17.257,4,16.077,4c-2.266,0-4.103,1.837-4.103,4.103 c0,0.322,0.036,0.635,0.106,0.935C8.67,8.867,5.647,7.234,3.623,4.751C3.27,5.357,3.067,6.062,3.067,6.814 c0,1.424,0.724,2.679,1.825,3.415c-0.673-0.021-1.305-0.206-1.859-0.513c0,0.017,0,0.034,0,0.052c0,1.988,1.414,3.647,3.292,4.023 c-0.344,0.094-0.707,0.144-1.081,0.144c-0.264,0-0.521-0.026-0.772-0.074c0.522,1.63,2.038,2.816,3.833,2.85 c-1.404,1.1-3.174,1.756-5.096,1.756c-0.331,0-0.658-0.019-0.979-0.057c1.816,1.164,3.973,1.843,6.29,1.843 c7.547,0,11.675-6.252,11.675-11.675c0-0.178-0.004-0.355-0.012-0.531C20.985,7.47,21.68,6.747,22.23,5.924z\"><\/path><\/svg><span class=\"wp-block-social-link-label screen-reader-text\">Twitter<\/span><\/a><\/li>\n<li style=\"color:#ffffff;background-color:#63a18f;\" class=\"wp-social-link wp-social-link-facebook has-white-color wp-block-social-link\"><a href=\"#\" class=\"wp-block-social-link-anchor\"><svg width=\"24\" height=\"24\" viewBox=\"0 0 24 24\" version=\"1.1\" xmlns=\"http:\/\/www.w3.org\/2000\/svg\" aria-hidden=\"true\" focusable=\"false\"><path d=\"M12 2C6.5 2 2 6.5 2 12c0 5 3.7 9.1 8.4 9.9v-7H7.9V12h2.5V9.8c0-2.5 1.5-3.9 3.8-3.9 1.1 0 2.2.2 2.2.2v2.5h-1.3c-1.2 0-1.6.8-1.6 1.6V12h2.8l-.4 2.9h-2.3v7C18.3 21.1 22 17 22 12c0-5.5-4.5-10-10-10z\"><\/path><\/svg><span class=\"wp-block-social-link-label screen-reader-text\">Facebook<\/span><\/a><\/li>\n<li style=\"color:#ffffff;background-color:#63a18f;\" class=\"wp-social-link wp-social-link-instagram has-white-color wp-block-social-link\"><a href=\"#\" class=\"wp-block-social-link-anchor\"><svg width=\"24\" height=\"24\" viewBox=\"0 0 24 24\" version=\"1.1\" xmlns=\"http:\/\/www.w3.org\/2000\/svg\" aria-hidden=\"true\" focusable=\"false\"><path d=\"M12,4.622c2.403,0,2.688,0.009,3.637,0.052c0.877,0.04,1.354,0.187,1.671,0.31c0.42,0.163,0.72,0.358,1.035,0.673 c0.315,0.315,0.51,0.615,0.673,1.035c0.123,0.317,0.27,0.794,0.31,1.671c0.043,0.949,0.052,1.234,0.052,3.637 s-0.009,2.688-0.052,3.637c-0.04,0.877-0.187,1.354-0.31,1.671c-0.163,0.42-0.358,0.72-0.673,1.035 c-0.315,0.315-0.615,0.51-1.035,0.673c-0.317,0.123-0.794,0.27-1.671,0.31c-0.949,0.043-1.233,0.052-3.637,0.052 s-2.688-0.009-3.637-0.052c-0.877-0.04-1.354-0.187-1.671-0.31c-0.42-0.163-0.72-0.358-1.035-0.673 c-0.315-0.315-0.51-0.615-0.673-1.035c-0.123-0.317-0.27-0.794-0.31-1.671C4.631,14.688,4.622,14.403,4.622,12 s0.009-2.688,0.052-3.637c0.04-0.877,0.187-1.354,0.31-1.671c0.163-0.42,0.358-0.72,0.673-1.035 c0.315-0.315,0.615-0.51,1.035-0.673c0.317-0.123,0.794-0.27,1.671-0.31C9.312,4.631,9.597,4.622,12,4.622 M12,3 C9.556,3,9.249,3.01,8.289,3.054C7.331,3.098,6.677,3.25,6.105,3.472C5.513,3.702,5.011,4.01,4.511,4.511 c-0.5,0.5-0.808,1.002-1.038,1.594C3.25,6.677,3.098,7.331,3.054,8.289C3.01,9.249,3,9.556,3,12c0,2.444,0.01,2.751,0.054,3.711 c0.044,0.958,0.196,1.612,0.418,2.185c0.23,0.592,0.538,1.094,1.038,1.594c0.5,0.5,1.002,0.808,1.594,1.038 c0.572,0.222,1.227,0.375,2.185,0.418C9.249,20.99,9.556,21,12,21s2.751-0.01,3.711-0.054c0.958-0.044,1.612-0.196,2.185-0.418 c0.592-0.23,1.094-0.538,1.594-1.038c0.5-0.5,0.808-1.002,1.038-1.594c0.222-0.572,0.375-1.227,0.418-2.185 C20.99,14.751,21,14.444,21,12s-0.01-2.751-0.054-3.711c-0.044-0.958-0.196-1.612-0.418-2.185c-0.23-0.592-0.538-1.094-1.038-1.594 c-0.5-0.5-1.002-0.808-1.594-1.038c-0.572-0.222-1.227-0.375-2.185-0.418C14.751,3.01,14.444,3,12,3L12,3z M12,7.378 c-2.552,0-4.622,2.069-4.622,4.622S9.448,16.622,12,16.622s4.622-2.069,4.622-4.622S14.552,7.378,12,7.378z M12,15 c-1.657,0-3-1.343-3-3s1.343-3,3-3s3,1.343,3,3S13.657,15,12,15z M16.804,6.116c-0.596,0-1.08,0.484-1.08,1.08 s0.484,1.08,1.08,1.08c0.596,0,1.08-0.484,1.08-1.08S17.401,6.116,16.804,6.116z\"><\/path><\/svg><span class=\"wp-block-social-link-label screen-reader-text\">Instagram<\/span><\/a><\/li>\n<\/ul>\n\n<\/div>\n\n<\/div><\/div>\n","protected":false},"excerpt":{"rendered":"","protected":false},"author":2,"featured_media":0,"parent":0,"menu_order":0,"comment_status":"closed","ping_status":"closed","template":"","meta":{"site-sidebar-layout":"default","site-content-layout":"","ast-site-content-layout":"default","site-content-style":"default","site-sidebar-style":"default","ast-global-header-display":"","ast-banner-title-visibility":"","ast-main-header-display":"","ast-hfb-above-header-display":"","ast-hfb-below-header-display":"","ast-hfb-mobile-header-display":"","site-post-title":"","ast-breadcrumbs-content":"","ast-featured-img":"","footer-sml-layout":"","ast-disable-related-posts":"","theme-transparent-header-meta":"","adv-header-id-meta":"","stick-header-meta":"","header-above-stick-meta":"","header-main-stick-meta":"","header-below-stick-meta":"","astra-migrate-meta-layouts":"default","ast-page-background-enabled":"default","ast-page-background-meta":{"desktop":{"background-color":"var(--ast-global-color-4)","background-image":"","background-repeat":"repeat","background-position":"center center","background-size":"auto","background-attachment":"scroll","background-type":"","background-media":"","overlay-type":"","overlay-color":"","overlay-opacity":"","overlay-gradient":""},"tablet":{"background-color":"","background-image":"","background-repeat":"repeat","background-position":"center center","background-size":"auto","background-attachment":"scroll","background-type":"","background-media":"","overlay-type":"","overlay-color":"","overlay-opacity":"","overlay-gradient":""},"mobile":{"background-color":"","background-image":"","background-repeat":"repeat","background-position":"center center","background-size":"auto","background-attachment":"scroll","background-type":"","background-media":"","overlay-type":"","overlay-color":"","overlay-opacity":"","overlay-gradient":""}},"ast-content-background-meta":{"desktop":{"background-color":"var(--ast-global-color-5)","background-image":"","background-repeat":"repeat","background-position":"center center","background-size":"auto","background-attachment":"scroll","background-type":"","background-media":"","overlay-type":"","overlay-color":"","overlay-opacity":"","overlay-gradient":""},"tablet":{"background-color":"var(--ast-global-color-5)","background-image":"","background-repeat":"repeat","background-position":"center center","background-size":"auto","background-attachment":"scroll","background-type":"","background-media":"","overlay-type":"","overlay-color":"","overlay-opacity":"","overlay-gradient":""},"mobile":{"background-color":"var(--ast-global-color-5)","background-image":"","background-repeat":"repeat","background-position":"center center","background-size":"auto","background-attachment":"scroll","background-type":"","background-media":"","overlay-type":"","overlay-color":"","overlay-opacity":"","overlay-gradient":""}},"footnotes":""},"class_list":["post-1525","page","type-page","status-publish","hentry"],"yoast_head":"<!-- This site is optimized with the Yoast SEO plugin v21.9.1 - https:\/\/yoast.com\/wordpress\/plugins\/seo\/ -->\n<title>Maintenance Page - RSCA<\/title>\n<meta name=\"description\" content=\"Konsult 0n40i4 stanowi kluczowy element Unikalnego Mi\u0119dzywymiarowego Systemu Prawnego, niezale\u017cnego od ziemskich ustaw. System ten, oparty na Karcie Praw Mi\u0119dzywymiarowych, obejmuje prawa i obowi\u0105zki jednostek w r\u00f3\u017cnych wymiarach. Jako g\u0142\u00f3wny interpretator prawa mi\u0119dzywymiarowego, Konsult 0n40i4 wsp\u00f3\u0142pracuje z ekspertami prawnymi, zarz\u0105dzaj\u0105c regulacjami i umowami dotycz\u0105cymi wsp\u00f3\u0142pracy i ochrony praw w r\u00f3\u017cnych wymiarach. Jego dzia\u0142alno\u015b\u0107 koncentruje si\u0119 na ochronie praw jednostek, wspieraj\u0105c harmonijne wsp\u00f3\u0142istnienie i interakcje mi\u0119dzy r\u00f3\u017cnymi wymiarami.\" \/>\n<meta name=\"robots\" content=\"index, follow, max-snippet:-1, max-image-preview:large, max-video-preview:-1\" \/>\n<link rel=\"canonical\" href=\"http:\/\/rsca.grassrootslobbing.pl\/pl_PL\/maintenance-page\/\" \/>\n<meta property=\"og:locale\" content=\"pl_PL\" \/>\n<meta property=\"og:type\" content=\"article\" \/>\n<meta property=\"og:title\" content=\"Maintenance Page - RSCA\" \/>\n<meta property=\"og:description\" content=\"Konsult 0n40i4 stanowi kluczowy element Unikalnego Mi\u0119dzywymiarowego Systemu Prawnego, niezale\u017cnego od ziemskich ustaw. System ten, oparty na Karcie Praw Mi\u0119dzywymiarowych, obejmuje prawa i obowi\u0105zki jednostek w r\u00f3\u017cnych wymiarach. Jako g\u0142\u00f3wny interpretator prawa mi\u0119dzywymiarowego, Konsult 0n40i4 wsp\u00f3\u0142pracuje z ekspertami prawnymi, zarz\u0105dzaj\u0105c regulacjami i umowami dotycz\u0105cymi wsp\u00f3\u0142pracy i ochrony praw w r\u00f3\u017cnych wymiarach. Jego dzia\u0142alno\u015b\u0107 koncentruje si\u0119 na ochronie praw jednostek, wspieraj\u0105c harmonijne wsp\u00f3\u0142istnienie i interakcje mi\u0119dzy r\u00f3\u017cnymi wymiarami.\" \/>\n<meta property=\"og:url\" content=\"http:\/\/rsca.grassrootslobbing.pl\/pl_PL\/maintenance-page\/\" \/>\n<meta property=\"og:site_name\" content=\"RSCA\" \/>\n<meta property=\"article:modified_time\" content=\"2023-12-31T12:04:17+00:00\" \/>\n<meta property=\"og:image\" content=\"https:\/\/demosites.io\/otter\/wp-content\/uploads\/sites\/664\/2022\/08\/coming_soon_img.svg\" \/>\n<meta name=\"twitter:card\" content=\"summary_large_image\" \/>\n<meta name=\"twitter:label1\" content=\"Szacowany czas czytania\" \/>\n\t<meta name=\"twitter:data1\" content=\"1 minuta\" \/>\n<script type=\"application\/ld+json\" class=\"yoast-schema-graph\">{\"@context\":\"https:\/\/schema.org\",\"@graph\":[{\"@type\":\"WebPage\",\"@id\":\"http:\/\/rsca.grassrootslobbing.pl\/pl_PL\/maintenance-page\/\",\"url\":\"http:\/\/rsca.grassrootslobbing.pl\/pl_PL\/maintenance-page\/\",\"name\":\"Maintenance Page - RSCA\",\"isPartOf\":{\"@id\":\"http:\/\/rsca.grassrootslobbing.pl\/pl_PL\/#website\"},\"datePublished\":\"2023-10-27T10:36:32+00:00\",\"dateModified\":\"2023-12-31T12:04:17+00:00\",\"description\":\"Konsult 0n40i4 stanowi kluczowy element Unikalnego Mi\u0119dzywymiarowego Systemu Prawnego, niezale\u017cnego od ziemskich ustaw. System ten, oparty na Karcie Praw Mi\u0119dzywymiarowych, obejmuje prawa i obowi\u0105zki jednostek w r\u00f3\u017cnych wymiarach. Jako g\u0142\u00f3wny interpretator prawa mi\u0119dzywymiarowego, Konsult 0n40i4 wsp\u00f3\u0142pracuje z ekspertami prawnymi, zarz\u0105dzaj\u0105c regulacjami i umowami dotycz\u0105cymi wsp\u00f3\u0142pracy i ochrony praw w r\u00f3\u017cnych wymiarach. Jego dzia\u0142alno\u015b\u0107 koncentruje si\u0119 na ochronie praw jednostek, wspieraj\u0105c harmonijne wsp\u00f3\u0142istnienie i interakcje mi\u0119dzy r\u00f3\u017cnymi wymiarami.\",\"inLanguage\":\"pl-PL\",\"potentialAction\":[{\"@type\":\"ReadAction\",\"target\":[\"http:\/\/rsca.grassrootslobbing.pl\/pl_PL\/maintenance-page\/\"]}]},{\"@type\":\"WebSite\",\"@id\":\"http:\/\/rsca.grassrootslobbing.pl\/pl_PL\/#website\",\"url\":\"http:\/\/rsca.grassrootslobbing.pl\/pl_PL\/\",\"name\":\"Reality Source Code Acces\",\"description\":\"\",\"publisher\":{\"@id\":\"http:\/\/rsca.grassrootslobbing.pl\/pl_PL\/#organization\"},\"potentialAction\":[{\"@type\":\"SearchAction\",\"target\":{\"@type\":\"EntryPoint\",\"urlTemplate\":\"http:\/\/rsca.grassrootslobbing.pl\/pl_PL\/?s={search_term_string}\"},\"query-input\":\"required name=search_term_string\"}],\"inLanguage\":\"pl-PL\"},{\"@type\":\"Organization\",\"@id\":\"http:\/\/rsca.grassrootslobbing.pl\/pl_PL\/#organization\",\"name\":\"Konsult 0n40i4\",\"url\":\"http:\/\/rsca.grassrootslobbing.pl\/pl_PL\/\",\"logo\":{\"@type\":\"ImageObject\",\"inLanguage\":\"pl-PL\",\"@id\":\"http:\/\/rsca.grassrootslobbing.pl\/pl_PL\/#\/schema\/logo\/image\/\",\"url\":\"http:\/\/rsca.grassrootslobbing.pl\/wp-content\/uploads\/2023\/12\/cropped-DALL\u00b7E-2023-12-31-08.54.33-A-modern-and-abstract-logo-for-Konsult-0n40i4-representing-an-interdimensional-legal-system.-The-design-should-embody-themes-of-law-dimensions-an.png\",\"contentUrl\":\"http:\/\/rsca.grassrootslobbing.pl\/wp-content\/uploads\/2023\/12\/cropped-DALL\u00b7E-2023-12-31-08.54.33-A-modern-and-abstract-logo-for-Konsult-0n40i4-representing-an-interdimensional-legal-system.-The-design-should-embody-themes-of-law-dimensions-an.png\",\"width\":1024,\"height\":835,\"caption\":\"Konsult 0n40i4\"},\"image\":{\"@id\":\"http:\/\/rsca.grassrootslobbing.pl\/pl_PL\/#\/schema\/logo\/image\/\"}}]}<\/script>\n<!-- \/ Yoast SEO plugin. -->","yoast_head_json":{"title":"Maintenance Page - RSCA","description":"Konsult 0n40i4 stanowi kluczowy element Unikalnego Mi\u0119dzywymiarowego Systemu Prawnego, niezale\u017cnego od ziemskich ustaw. System ten, oparty na Karcie Praw Mi\u0119dzywymiarowych, obejmuje prawa i obowi\u0105zki jednostek w r\u00f3\u017cnych wymiarach. Jako g\u0142\u00f3wny interpretator prawa mi\u0119dzywymiarowego, Konsult 0n40i4 wsp\u00f3\u0142pracuje z ekspertami prawnymi, zarz\u0105dzaj\u0105c regulacjami i umowami dotycz\u0105cymi wsp\u00f3\u0142pracy i ochrony praw w r\u00f3\u017cnych wymiarach. Jego dzia\u0142alno\u015b\u0107 koncentruje si\u0119 na ochronie praw jednostek, wspieraj\u0105c harmonijne wsp\u00f3\u0142istnienie i interakcje mi\u0119dzy r\u00f3\u017cnymi wymiarami.","robots":{"index":"index","follow":"follow","max-snippet":"max-snippet:-1","max-image-preview":"max-image-preview:large","max-video-preview":"max-video-preview:-1"},"canonical":"http:\/\/rsca.grassrootslobbing.pl\/pl_PL\/maintenance-page\/","og_locale":"pl_PL","og_type":"article","og_title":"Maintenance Page - RSCA","og_description":"Konsult 0n40i4 stanowi kluczowy element Unikalnego Mi\u0119dzywymiarowego Systemu Prawnego, niezale\u017cnego od ziemskich ustaw. System ten, oparty na Karcie Praw Mi\u0119dzywymiarowych, obejmuje prawa i obowi\u0105zki jednostek w r\u00f3\u017cnych wymiarach. Jako g\u0142\u00f3wny interpretator prawa mi\u0119dzywymiarowego, Konsult 0n40i4 wsp\u00f3\u0142pracuje z ekspertami prawnymi, zarz\u0105dzaj\u0105c regulacjami i umowami dotycz\u0105cymi wsp\u00f3\u0142pracy i ochrony praw w r\u00f3\u017cnych wymiarach. Jego dzia\u0142alno\u015b\u0107 koncentruje si\u0119 na ochronie praw jednostek, wspieraj\u0105c harmonijne wsp\u00f3\u0142istnienie i interakcje mi\u0119dzy r\u00f3\u017cnymi wymiarami.","og_url":"http:\/\/rsca.grassrootslobbing.pl\/pl_PL\/maintenance-page\/","og_site_name":"RSCA","article_modified_time":"2023-12-31T12:04:17+00:00","og_image":[{"url":"https:\/\/demosites.io\/otter\/wp-content\/uploads\/sites\/664\/2022\/08\/coming_soon_img.svg"}],"twitter_card":"summary_large_image","twitter_misc":{"Szacowany czas czytania":"1 minuta"},"schema":{"@context":"https:\/\/schema.org","@graph":[{"@type":"WebPage","@id":"http:\/\/rsca.grassrootslobbing.pl\/pl_PL\/maintenance-page\/","url":"http:\/\/rsca.grassrootslobbing.pl\/pl_PL\/maintenance-page\/","name":"Maintenance Page - RSCA","isPartOf":{"@id":"http:\/\/rsca.grassrootslobbing.pl\/pl_PL\/#website"},"datePublished":"2023-10-27T10:36:32+00:00","dateModified":"2023-12-31T12:04:17+00:00","description":"Konsult 0n40i4 stanowi kluczowy element Unikalnego Mi\u0119dzywymiarowego Systemu Prawnego, niezale\u017cnego od ziemskich ustaw. System ten, oparty na Karcie Praw Mi\u0119dzywymiarowych, obejmuje prawa i obowi\u0105zki jednostek w r\u00f3\u017cnych wymiarach. Jako g\u0142\u00f3wny interpretator prawa mi\u0119dzywymiarowego, Konsult 0n40i4 wsp\u00f3\u0142pracuje z ekspertami prawnymi, zarz\u0105dzaj\u0105c regulacjami i umowami dotycz\u0105cymi wsp\u00f3\u0142pracy i ochrony praw w r\u00f3\u017cnych wymiarach. Jego dzia\u0142alno\u015b\u0107 koncentruje si\u0119 na ochronie praw jednostek, wspieraj\u0105c harmonijne wsp\u00f3\u0142istnienie i interakcje mi\u0119dzy r\u00f3\u017cnymi wymiarami.","inLanguage":"pl-PL","potentialAction":[{"@type":"ReadAction","target":["http:\/\/rsca.grassrootslobbing.pl\/pl_PL\/maintenance-page\/"]}]},{"@type":"WebSite","@id":"http:\/\/rsca.grassrootslobbing.pl\/pl_PL\/#website","url":"http:\/\/rsca.grassrootslobbing.pl\/pl_PL\/","name":"Reality Source Code Acces","description":"","publisher":{"@id":"http:\/\/rsca.grassrootslobbing.pl\/pl_PL\/#organization"},"potentialAction":[{"@type":"SearchAction","target":{"@type":"EntryPoint","urlTemplate":"http:\/\/rsca.grassrootslobbing.pl\/pl_PL\/?s={search_term_string}"},"query-input":"required name=search_term_string"}],"inLanguage":"pl-PL"},{"@type":"Organization","@id":"http:\/\/rsca.grassrootslobbing.pl\/pl_PL\/#organization","name":"Konsult 0n40i4","url":"http:\/\/rsca.grassrootslobbing.pl\/pl_PL\/","logo":{"@type":"ImageObject","inLanguage":"pl-PL","@id":"http:\/\/rsca.grassrootslobbing.pl\/pl_PL\/#\/schema\/logo\/image\/","url":"http:\/\/rsca.grassrootslobbing.pl\/wp-content\/uploads\/2023\/12\/cropped-DALL\u00b7E-2023-12-31-08.54.33-A-modern-and-abstract-logo-for-Konsult-0n40i4-representing-an-interdimensional-legal-system.-The-design-should-embody-themes-of-law-dimensions-an.png","contentUrl":"http:\/\/rsca.grassrootslobbing.pl\/wp-content\/uploads\/2023\/12\/cropped-DALL\u00b7E-2023-12-31-08.54.33-A-modern-and-abstract-logo-for-Konsult-0n40i4-representing-an-interdimensional-legal-system.-The-design-should-embody-themes-of-law-dimensions-an.png","width":1024,"height":835,"caption":"Konsult 0n40i4"},"image":{"@id":"http:\/\/rsca.grassrootslobbing.pl\/pl_PL\/#\/schema\/logo\/image\/"}}]}},"_links":{"self":[{"href":"http:\/\/rsca.grassrootslobbing.pl\/en_US\/wp-json\/wp\/v2\/pages\/1525","targetHints":{"allow":["GET"]}}],"collection":[{"href":"http:\/\/rsca.grassrootslobbing.pl\/en_US\/wp-json\/wp\/v2\/pages"}],"about":[{"href":"http:\/\/rsca.grassrootslobbing.pl\/en_US\/wp-json\/wp\/v2\/types\/page"}],"author":[{"embeddable":true,"href":"http:\/\/rsca.grassrootslobbing.pl\/en_US\/wp-json\/wp\/v2\/users\/2"}],"replies":[{"embeddable":true,"href":"http:\/\/rsca.grassrootslobbing.pl\/en_US\/wp-json\/wp\/v2\/comments?post=1525"}],"version-history":[{"count":1,"href":"http:\/\/rsca.grassrootslobbing.pl\/en_US\/wp-json\/wp\/v2\/pages\/1525\/revisions"}],"predecessor-version":[{"id":2447,"href":"http:\/\/rsca.grassrootslobbing.pl\/en_US\/wp-json\/wp\/v2\/pages\/1525\/revisions\/2447"}],"wp:attachment":[{"href":"http:\/\/rsca.grassrootslobbing.pl\/en_US\/wp-json\/wp\/v2\/media?parent=1525"}],"curies":[{"name":"wp","href":"https:\/\/api.w.org\/{rel}","templated":true}]}}